{"id":220834,"date":"2021-04-06T11:54:02","date_gmt":"2021-04-06T18:54:02","guid":{"rendered":"http:\/\/www.carewellseiu503.org\/resultados-sobre-la-hca-medicare\/"},"modified":"2026-04-15T11:41:26","modified_gmt":"2026-04-15T18:41:26","slug":"results-hca-medicare","status":"publish","type":"page","link":"https:\/\/www.carewellseiu503.org\/es\/results-hca-medicare\/","title":{"rendered":"Resultados sobre la HCA: Medicare"},"content":{"rendered":"<p>[et_pb_section fb_built=\u00bb1&#8243; custom_padding_last_edited=\u00bbon|phone\u00bb _builder_version=\u00bb4.16&#8243; background_color=\u00bb#f3f3f3&#8243; background_enable_image=\u00bboff\u00bb background_position=\u00bbbottom_left\u00bb min_height_tablet=\u00bb100px\u00bb min_height_phone=\u00bb\u00bb min_height_last_edited=\u00bbon|phone\u00bb custom_margin=\u00bb||0px||false|false\u00bb custom_padding=\u00bb50px||0px||false|false\u00bb custom_padding_tablet=\u00bb\u00bb custom_padding_phone=\u00bb0px||||false|false\u00bb bottom_divider_flip=\u00bbvertical\u00bb background_last_edited=\u00bbon|phone\u00bb use_background_color_gradient_phone=\u00bboff\u00bb background_enable_image_phone=\u00bboff\u00bb border_color_bottom=\u00bb#ffa89f\u00bb locked=\u00bboff\u00bb global_colors_info=\u00bb{}\u00bb][et_pb_row custom_padding_last_edited=\u00bbon|phone\u00bb _builder_version=\u00bb4.16&#8243; custom_padding=\u00bb100px||50px||false|false\u00bb custom_padding_tablet=\u00bb\u00bb custom_padding_phone=\u00bb\u00bb global_colors_info=\u00bb{}\u00bb][et_pb_column type=\u00bb4_4&#8243; _builder_version=\u00bb4.16&#8243; global_colors_info=\u00bb{}\u00bb][et_pb_text module_class=\u00bbaddLine\u00bb _builder_version=\u00bb4.16&#8243; text_text_color_tablet=\u00bb\u00bb text_text_color_phone=\u00bb\u00bb text_text_color_last_edited=\u00bbon|phone\u00bb header_text_color_tablet=\u00bb\u00bb header_text_color_phone=\u00bb\u00bb header_text_color_last_edited=\u00bbon|desktop\u00bb background_layout_tablet=\u00bb\u00bb background_layout_phone=\u00bb\u00bb background_layout_last_edited=\u00bbon|phone\u00bb locked=\u00bboff\u00bb global_colors_info=\u00bb{}\u00bb]<\/p>\n<h3>Resultados sobre la elegibilidad<\/h3>\n<p>[\/et_pb_text][\/et_pb_column][\/et_pb_row][\/et_pb_section][et_pb_section fb_built=\u00bb1&#8243; _builder_version=\u00bb4.16&#8243; custom_margin=\u00bb50px||||false|false\u00bb custom_padding=\u00bb0px||||false|false\u00bb locked=\u00bboff\u00bb global_colors_info=\u00bb{}\u00bb][et_pb_row _builder_version=\u00bb4.16&#8243; custom_margin=\u00bb0px||0px||false|false\u00bb custom_padding=\u00bb0px||0px||false|false\u00bb global_colors_info=\u00bb{}\u00bb][et_pb_column type=\u00bb4_4&#8243; _builder_version=\u00bb4.16&#8243; global_colors_info=\u00bb{}\u00bb][et_pb_blurb title=\u00bb\u00a1Puede que sea elegible!\u00bb use_icon=\u00bbon\u00bb font_icon=\u00bb&#x72;||divi||400&#8243; image_icon_width=\u00bb50px\u00bb content_max_width=\u00bb100%\u00bb _builder_version=\u00bb4.23.1&#8243; text_orientation=\u00bbcenter\u00bb custom_margin=\u00bb||-40px|||\u00bb custom_padding=\u00bb||50px|||\u00bb icon_font_size=\u00bb50px\u00bb global_colors_info=\u00bb{}\u00bb]<\/p>\n<p><span>\u00a1Tenemos buenas noticias! Con base en sus respuestas, puede que usted sea elegible para recibir este beneficio si est\u00e1 inscrito(a) y tiene pagos de la prima para el Plan Complementario, Medicare Advantage o Plan de Medicamentos Recetados de Medicare Parte\u00a0D y\/o Parte\u00a0B.<\/span><\/p>\n<p>[\/et_pb_blurb][\/et_pb_column][\/et_pb_row][et_pb_row column_structure=\u00bb1_3,2_3&#8243; _builder_version=\u00bb4.16&#8243; custom_margin=\u00bb25px||25px||true|false\u00bb custom_padding=\u00bb25px||0px||false|false\u00bb border_width_top=\u00bb1px\u00bb border_color_top=\u00bbrgba(128,130,133,0.38)\u00bb global_colors_info=\u00bb{}\u00bb][et_pb_column type=\u00bb1_3&#8243; _builder_version=\u00bb4.16&#8243; global_colors_info=\u00bb{}\u00bb][et_pb_text _builder_version=\u00bb4.23.1&#8243; global_colors_info=\u00bb{}\u00bb]<\/p>\n<h2>Estos son los pasos que debe seguir<\/h2>\n<p>[\/et_pb_text][\/et_pb_column][et_pb_column type=\u00bb2_3&#8243; _builder_version=\u00bb4.16&#8243; global_colors_info=\u00bb{}\u00bb][et_pb_text disabled_on=\u00bboff|off|off\u00bb _builder_version=\u00bb4.27.4&#8243; hover_enabled=\u00bb0&#8243; global_colors_info=\u00bb{}\u00bb sticky_enabled=\u00bb0&#8243;]<\/p>\n<p><strong>Cada a\u00f1o, debe solicitar los beneficios de asistencia con los costos de atenci\u00f3n m\u00e9dica para Medicare al presentar los siguientes documentos requeridos:<\/strong><\/p>\n<ul>\n<li><strong>Para la Parte\u00a0B:<\/strong><span>\u00a0<\/span>su Social Security Award Letter (Carta de Aprobaci\u00f3n del Seguro Social) o la factura de la prima de Medicare<\/li>\n<li><strong>Para la<span>\u00a0<\/span><\/strong><strong>Parte\u00a0D, un Plan\u00a0Complementario y\/o un Plan Medicare Advantage:<\/strong><span>\u00a0<\/span>su factura de la prima<\/li>\n<\/ul>\n<p><span>Vea ejemplos de las facturas de las primas de Medicare\u00a0<\/span><a href=\"https:\/\/www.carewellseiu503.org\/es\/medicare-documentation-samples\/?et_fb=1&#038;PageSpeed=off\" target=\"_blank\" rel=\"noopener\">aqu\u00ed<\/a><span>.<\/span><\/p>\n<p><strong>Puede hacerlo de dos formas:<\/strong><\/p>\n<p><strong>1. Enviar un <a href=\"https:\/\/risepartnership.jotform.com\/212294892979071?language=es\" target=\"_blank\" rel=\"noopener\">Healthcare Cost Assistance Benefit Request Form (Formulario de Solicitud de Beneficios de Asistencia con los Costos de Atenci\u00f3n M\u00e9dica) de Medicare<\/a>.<\/strong> Este formulario se utiliza para enviar la documentaci\u00f3n requerida para solicitar reintegros para una parte de las primas de Medicare y recibir fondos para los gastos m\u00e9dicos por cuenta propia.<\/p>\n<p><strong>2. Iniciar sesi\u00f3n de forma segura en <a href=\"https:\/\/carewellseiu503.org\/mycarewell503\" target=\"_blank\" rel=\"noopener\">MyCarewell503.org<\/a> (actualmente est\u00e1 disponible en ingl\u00e9s):<\/strong><\/p>\n<ul style=\"list-style-type: disc;\">\n<li>Haga clic en \u201cView or Update health Info\u201d (Ver o actualizar la informaci\u00f3n del seguro m\u00e9dico) o en \u201cPolicy\u201d (P\u00f3liza) en \u201cMedical Insurance Info\u201d (Informaci\u00f3n del seguro m\u00e9dico) en la p\u00e1gina \u201cDashboard\u201d (Panel de control)<\/li>\n<li>Haga clic en \u201cAdd health insurance\u201d (Agregar seguro m\u00e9dico) o en \u201cAdd another policy\u201d (Agregar otra p\u00f3liza)<\/li>\n<li>Si ya tiene una p\u00f3liza, debe seleccionar la opci\u00f3n \u201cTerminate this policy\u201d (Finalizar esta p\u00f3liza) en una fecha anterior al inicio de su Medicare o en el \u00faltimo d\u00eda del mes en curso y hacer clic en \u201cSave\u201d (Guardar) antes de hacer clic en \u201cAdd another policy\u201d (A\u00f1adir otra p\u00f3liza)<\/li>\n<li>En el men\u00fa desplegable \u201cPolicy Type\u201d (Tipo de p\u00f3liza), elija lo que debe actualizar:\n<ul>\n<li>\u201cMedicare B\u201d (Parte\u00a0B de Medicare);<span>\u00a0<\/span><strong>o<\/strong><\/li>\n<li>\u201cMedicare Part D, Advantage, or Supplement plan\u201d (Parte\u00a0D de Medicare, Plan Medicare Advantage o Plan\u00a0Complementario)<\/li>\n<li>Ingrese la fecha y el monto de la prima<\/li>\n<\/ul>\n<\/li>\n<\/ul>\n<p>Si necesita ayuda de nuestros(as) socios(as) agentes de seguros de Valley Insurance Professionals (VIP) con su Plan Complementario o Medicare Advantage, complete la <a href=\"https:\/\/risepartnership.jotform.com\/212365814640049?language=es\" target=\"_blank\" rel=\"noopener\">documentaci\u00f3n de VIP requerida por Medicare<\/a>. Estos formularios autorizan legalmente a Valley Insurance Professionals para ayudarlo(a) a buscar, inscribirse y conservar su Parte\u00a0D de Medicare, Plan\u00a0Complementario o Plan Medicare Advantage. Para programar una cita, ll\u00e1menos al 1-844-503-7348, de lunes a viernes, de 8\u00a0a.\u00a0m. a 6\u00a0p.\u00a0m. (PST).<\/p>\n<p>[\/et_pb_text][\/et_pb_column][\/et_pb_row][et_pb_row column_structure=\u00bb1_3,2_3&#8243; _builder_version=\u00bb4.16&#8243; custom_margin=\u00bb25px||25px||true|false\u00bb custom_padding=\u00bb25px||0px||false|false\u00bb border_width_top=\u00bb1px\u00bb border_color_top=\u00bbrgba(128,130,133,0.38)\u00bb global_colors_info=\u00bb{}\u00bb][et_pb_column type=\u00bb1_3&#8243; _builder_version=\u00bb4.16&#8243; global_colors_info=\u00bb{}\u00bb][et_pb_text _builder_version=\u00bb4.23.1&#8243; global_colors_info=\u00bb{}\u00bb]<\/p>\n<h2>Avisos<\/h2>\n<p>[\/et_pb_text][\/et_pb_column][et_pb_column type=\u00bb2_3&#8243; _builder_version=\u00bb4.16&#8243; global_colors_info=\u00bb{}\u00bb][et_pb_text disabled_on=\u00bboff|off|off\u00bb _builder_version=\u00bb4.27.4&#8243; global_colors_info=\u00bb{}\u00bb]<\/p>\n<ul>\n<li>Despu\u00e9s de trabajar al mes 40\u00a0horas cubiertas o m\u00e1s durante 2\u00a0meses consecutivos\u00a0<strong>y<\/strong>\u00a0presentar sus planillas, tiene un per\u00edodo de espera de 1\u00a0mes antes de que pueda hacer uso de los beneficios. Durante este tiempo, el estado informa de sus horas ante Carewell SEIU\u00a0503.<\/li>\n<li>Pierde la elegibilidad para recibir los beneficios si informa menos de 40\u00a0horas durante 2\u00a0meses consecutivos.<\/li>\n<li>Con el fin de ser elegible para recibir estos beneficios, Carewell\u00a0SEIU\u00a0503 debe tener su informaci\u00f3n en sus registros, como su nombre, g\u00e9nero, n\u00famero de seguridad social, fecha de nacimiento y direcci\u00f3n actual.<\/li>\n<\/ul>\n<p>[\/et_pb_text][et_pb_text disabled_on=\u00bboff|off|off\u00bb _builder_version=\u00bb4.23.1&#8243; global_colors_info=\u00bb{}\u00bb]<\/p>\n<p>Mantenga su informaci\u00f3n actualizada.<br \/><span>[et_pb_section global_module=\"274042\"][\/et_pb_section]<\/span><\/p>\n<p>[\/et_pb_text][et_pb_text _builder_version=\u00bb4.27.6&#8243; hover_enabled=\u00bb0&#8243; global_colors_info=\u00bb{}\u00bb sticky_enabled=\u00bb0&#8243;]<\/p>\n<p>\u00bfTiene preguntas? Ll\u00e1menos al 1-844-503-7348, de lunes a viernes, de 8\u00a0a.\u00a0m. a 6\u00a0p.\u00a0m., PST.<\/p>\n<p>[\/et_pb_text][\/et_pb_column][\/et_pb_row][\/et_pb_section][et_pb_section fb_built=\u00bb1&#8243; _builder_version=\u00bb4.16&#8243; background_color=\u00bb#f3f3f3&#8243; global_colors_info=\u00bb{}\u00bb][et_pb_row column_structure=\u00bb1_2,1_2&#8243; make_equal=\u00bbon\u00bb disabled_on=\u00bboff|off|off\u00bb _builder_version=\u00bb4.23.1&#8243; _module_preset=\u00bbdefault\u00bb background_color=\u00bbRGBA(255,255,255,0)\u00bb locked=\u00bboff\u00bb global_colors_info=\u00bb{}\u00bb][et_pb_column type=\u00bb1_2&#8243; _builder_version=\u00bb4.18.1&#8243; _module_preset=\u00bbdefault\u00bb global_colors_info=\u00bb{}\u00bb][et_pb_cta title=\u00bb\u00bfEs elegible para recibir los beneficios de asistencia con los costos de atenci\u00f3n m\u00e9dica?\u00bb button_url=\u00bbhttps:\/\/risepartnership.jotform.com\/240637019410044?language=es\u00bb url_new_window=\u00bbon\u00bb button_text=\u00bbIr al cuestionario\u00bb _builder_version=\u00bb4.23.1&#8243; _module_preset=\u00bbdefault\u00bb header_text_color=\u00bb#FFFFFF\u00bb background_color=\u00bb#582C82&#8243; background_image=\u00bbhttps:\/\/www.carewellseiu503.org\/wp-content\/uploads\/HCA-CTA-Button.png\u00bb background_size=\u00bbcontain\u00bb background_position=\u00bbbottom_left\u00bb background_horizontal_offset=\u00bb-5%\u00bb background_vertical_offset=\u00bb-15%\u00bb height=\u00bb100%\u00bb custom_margin=\u00bb||||false|false\u00bb custom_padding=\u00bb||||false|false\u00bb link_option_url_new_window=\u00bbon\u00bb global_colors_info=\u00bb{}\u00bb][\/et_pb_cta][\/et_pb_column][et_pb_column type=\u00bb1_2&#8243; _builder_version=\u00bb4.23.1&#8243; _module_preset=\u00bbdefault\u00bb global_colors_info=\u00bb{}\u00bb][et_pb_cta title=\u00bb\u00bfEs elegible para recibir los beneficios dentales, visuales, auditivos y del EAP?\u00bb button_url=\u00bbhttps:\/\/risepartnership.jotform.com\/240597872612060?language=es\u00bb url_new_window=\u00bbon\u00bb button_text=\u00bbIr al cuestionario\u00bb _builder_version=\u00bb4.23.1&#8243; _module_preset=\u00bbdefault\u00bb header_text_color=\u00bb#FFFFFF\u00bb background_color=\u00bb#582C82&#8243; background_image=\u00bbhttps:\/\/www.carewellseiu503.org\/wp-content\/uploads\/Dental-CTA-Button-3.png\u00bb background_size=\u00bbcontain\u00bb background_position=\u00bbbottom_left\u00bb background_horizontal_offset=\u00bb-5%\u00bb background_vertical_offset=\u00bb-15%\u00bb height=\u00bb100%\u00bb custom_margin=\u00bb||||false|false\u00bb custom_padding=\u00bb||||false|false\u00bb link_option_url_new_window=\u00bbon\u00bb global_colors_info=\u00bb{}\u00bb][\/et_pb_cta][\/et_pb_column][\/et_pb_row][\/et_pb_section]<\/p>\n","protected":false},"excerpt":{"rendered":"<p>Resultados sobre la elegibilidad\u00a1Tenemos buenas noticias! Con base en sus respuestas, puede que usted sea elegible para recibir este beneficio si est\u00e1 inscrito(a) y tiene pagos de la prima para el Plan Complementario, Medicare Advantage o Plan de Medicamentos Recetados de Medicare Parte\u00a0D y\/o Parte\u00a0B.Estos son los pasos que debe seguirCada a\u00f1o, debe solicitar los&#8230;<\/p>\n","protected":false},"author":8,"featured_media":0,"parent":0,"menu_order":0,"comment_status":"closed","ping_status":"closed","template":"","meta":{"_acf_changed":false,"_et_pb_use_builder":"on","_et_pb_old_content":"","_et_gb_content_width":"","footnotes":"","_links_to":"","_links_to_target":""},"class_list":["post-220834","page","type-page","status-publish","hentry"],"acf":[],"yoast_head":"<!-- This site is optimized with the Yoast SEO plugin v27.4 - https:\/\/yoast.com\/product\/yoast-seo-wordpress\/ -->\n<title>Resultados sobre la HCA: Medicare - Carewell SEIU 503<\/title>\n<meta name=\"robots\" content=\"index, follow, max-snippet:-1, max-image-preview:large, max-video-preview:-1\" \/>\n<link rel=\"canonical\" href=\"https:\/\/www.carewellseiu503.org\/es\/results-hca-medicare\/\" \/>\n<meta property=\"og:locale\" content=\"es_ES\" \/>\n<meta property=\"og:type\" content=\"article\" \/>\n<meta property=\"og:title\" content=\"Resultados sobre la HCA: Medicare - Carewell SEIU 503\" \/>\n<meta property=\"og:description\" content=\"Resultados sobre la elegibilidad\u00a1Tenemos buenas noticias! Con base en sus respuestas, puede que usted sea elegible para recibir este beneficio si est\u00e1 inscrito(a) y tiene pagos de la prima para el Plan Complementario, Medicare Advantage o Plan de Medicamentos Recetados de Medicare Parte\u00a0D y\/o Parte\u00a0B.Estos son los pasos que debe seguirCada a\u00f1o, debe solicitar los...\" \/>\n<meta property=\"og:site_name\" content=\"Carewell SEIU 503\" \/>\n<meta property=\"article:modified_time\" content=\"2026-04-15T18:41:26+00:00\" \/>\n<meta property=\"og:image\" content=\"https:\/\/www.carewellseiu503.org\/wp-content\/uploads\/FB-Alt-1.jpg\" \/>\n\t<meta property=\"og:image:width\" content=\"2398\" \/>\n\t<meta property=\"og:image:height\" content=\"1256\" \/>\n\t<meta property=\"og:image:type\" content=\"image\/jpeg\" \/>\n<meta name=\"twitter:card\" content=\"summary_large_image\" \/>\n<meta name=\"twitter:label1\" content=\"Tiempo de lectura\" \/>\n\t<meta name=\"twitter:data1\" content=\"3 minutos\" \/>\n<script type=\"application\/ld+json\" class=\"yoast-schema-graph\">{\"@context\":\"https:\\\/\\\/schema.org\",\"@graph\":[{\"@type\":\"WebPage\",\"@id\":\"https:\\\/\\\/www.carewellseiu503.org\\\/es\\\/results-hca-medicare\\\/\",\"url\":\"https:\\\/\\\/www.carewellseiu503.org\\\/es\\\/results-hca-medicare\\\/\",\"name\":\"Resultados sobre la HCA: Medicare - Carewell SEIU 503\",\"isPartOf\":{\"@id\":\"https:\\\/\\\/www.carewellseiu503.org\\\/es\\\/#website\"},\"datePublished\":\"2021-04-06T18:54:02+00:00\",\"dateModified\":\"2026-04-15T18:41:26+00:00\",\"breadcrumb\":{\"@id\":\"https:\\\/\\\/www.carewellseiu503.org\\\/es\\\/results-hca-medicare\\\/#breadcrumb\"},\"inLanguage\":\"es\",\"potentialAction\":[{\"@type\":\"ReadAction\",\"target\":[\"https:\\\/\\\/www.carewellseiu503.org\\\/es\\\/results-hca-medicare\\\/\"]}]},{\"@type\":\"BreadcrumbList\",\"@id\":\"https:\\\/\\\/www.carewellseiu503.org\\\/es\\\/results-hca-medicare\\\/#breadcrumb\",\"itemListElement\":[{\"@type\":\"ListItem\",\"position\":1,\"name\":\"Home\",\"item\":\"https:\\\/\\\/www.carewellseiu503.org\\\/es\\\/\"},{\"@type\":\"ListItem\",\"position\":2,\"name\":\"Resultados sobre la HCA: Medicare\"}]},{\"@type\":\"WebSite\",\"@id\":\"https:\\\/\\\/www.carewellseiu503.org\\\/es\\\/#website\",\"url\":\"https:\\\/\\\/www.carewellseiu503.org\\\/es\\\/\",\"name\":\"Carewell SEIU 503\",\"description\":\"Health. Support. Training.\",\"publisher\":{\"@id\":\"https:\\\/\\\/www.carewellseiu503.org\\\/es\\\/#organization\"},\"potentialAction\":[{\"@type\":\"SearchAction\",\"target\":{\"@type\":\"EntryPoint\",\"urlTemplate\":\"https:\\\/\\\/www.carewellseiu503.org\\\/es\\\/?s={search_term_string}\"},\"query-input\":{\"@type\":\"PropertyValueSpecification\",\"valueRequired\":true,\"valueName\":\"search_term_string\"}}],\"inLanguage\":\"es\"},{\"@type\":\"Organization\",\"@id\":\"https:\\\/\\\/www.carewellseiu503.org\\\/es\\\/#organization\",\"name\":\"Carewell SEIU 503\",\"url\":\"https:\\\/\\\/www.carewellseiu503.org\\\/es\\\/\",\"logo\":{\"@type\":\"ImageObject\",\"inLanguage\":\"es\",\"@id\":\"https:\\\/\\\/www.carewellseiu503.org\\\/es\\\/#\\\/schema\\\/logo\\\/image\\\/\",\"url\":\"https:\\\/\\\/www.carewellseiu503.org\\\/wp-content\\\/uploads\\\/FB-Alt-1.jpg\",\"contentUrl\":\"https:\\\/\\\/www.carewellseiu503.org\\\/wp-content\\\/uploads\\\/FB-Alt-1.jpg\",\"width\":2398,\"height\":1256,\"caption\":\"Carewell SEIU 503\"},\"image\":{\"@id\":\"https:\\\/\\\/www.carewellseiu503.org\\\/es\\\/#\\\/schema\\\/logo\\\/image\\\/\"}}]}<\/script>\n<!-- \/ Yoast SEO plugin. -->","yoast_head_json":{"title":"Resultados sobre la HCA: Medicare - Carewell SEIU 503","robots":{"index":"index","follow":"follow","max-snippet":"max-snippet:-1","max-image-preview":"max-image-preview:large","max-video-preview":"max-video-preview:-1"},"canonical":"https:\/\/www.carewellseiu503.org\/es\/results-hca-medicare\/","og_locale":"es_ES","og_type":"article","og_title":"Resultados sobre la HCA: Medicare - Carewell SEIU 503","og_description":"Resultados sobre la elegibilidad\u00a1Tenemos buenas noticias! Con base en sus respuestas, puede que usted sea elegible para recibir este beneficio si est\u00e1 inscrito(a) y tiene pagos de la prima para el Plan Complementario, Medicare Advantage o Plan de Medicamentos Recetados de Medicare Parte\u00a0D y\/o Parte\u00a0B.Estos son los pasos que debe seguirCada a\u00f1o, debe solicitar los...","og_site_name":"Carewell SEIU 503","article_modified_time":"2026-04-15T18:41:26+00:00","og_image":[{"width":2398,"height":1256,"url":"https:\/\/www.carewellseiu503.org\/wp-content\/uploads\/FB-Alt-1.jpg","type":"image\/jpeg"}],"twitter_card":"summary_large_image","twitter_misc":{"Tiempo de lectura":"3 minutos"},"schema":{"@context":"https:\/\/schema.org","@graph":[{"@type":"WebPage","@id":"https:\/\/www.carewellseiu503.org\/es\/results-hca-medicare\/","url":"https:\/\/www.carewellseiu503.org\/es\/results-hca-medicare\/","name":"Resultados sobre la HCA: Medicare - Carewell SEIU 503","isPartOf":{"@id":"https:\/\/www.carewellseiu503.org\/es\/#website"},"datePublished":"2021-04-06T18:54:02+00:00","dateModified":"2026-04-15T18:41:26+00:00","breadcrumb":{"@id":"https:\/\/www.carewellseiu503.org\/es\/results-hca-medicare\/#breadcrumb"},"inLanguage":"es","potentialAction":[{"@type":"ReadAction","target":["https:\/\/www.carewellseiu503.org\/es\/results-hca-medicare\/"]}]},{"@type":"BreadcrumbList","@id":"https:\/\/www.carewellseiu503.org\/es\/results-hca-medicare\/#breadcrumb","itemListElement":[{"@type":"ListItem","position":1,"name":"Home","item":"https:\/\/www.carewellseiu503.org\/es\/"},{"@type":"ListItem","position":2,"name":"Resultados sobre la HCA: Medicare"}]},{"@type":"WebSite","@id":"https:\/\/www.carewellseiu503.org\/es\/#website","url":"https:\/\/www.carewellseiu503.org\/es\/","name":"Carewell SEIU 503","description":"Health. Support. Training.","publisher":{"@id":"https:\/\/www.carewellseiu503.org\/es\/#organization"},"potentialAction":[{"@type":"SearchAction","target":{"@type":"EntryPoint","urlTemplate":"https:\/\/www.carewellseiu503.org\/es\/?s={search_term_string}"},"query-input":{"@type":"PropertyValueSpecification","valueRequired":true,"valueName":"search_term_string"}}],"inLanguage":"es"},{"@type":"Organization","@id":"https:\/\/www.carewellseiu503.org\/es\/#organization","name":"Carewell SEIU 503","url":"https:\/\/www.carewellseiu503.org\/es\/","logo":{"@type":"ImageObject","inLanguage":"es","@id":"https:\/\/www.carewellseiu503.org\/es\/#\/schema\/logo\/image\/","url":"https:\/\/www.carewellseiu503.org\/wp-content\/uploads\/FB-Alt-1.jpg","contentUrl":"https:\/\/www.carewellseiu503.org\/wp-content\/uploads\/FB-Alt-1.jpg","width":2398,"height":1256,"caption":"Carewell SEIU 503"},"image":{"@id":"https:\/\/www.carewellseiu503.org\/es\/#\/schema\/logo\/image\/"}}]}},"_links":{"self":[{"href":"https:\/\/www.carewellseiu503.org\/es\/wp-json\/wp\/v2\/pages\/220834","targetHints":{"allow":["GET"]}}],"collection":[{"href":"https:\/\/www.carewellseiu503.org\/es\/wp-json\/wp\/v2\/pages"}],"about":[{"href":"https:\/\/www.carewellseiu503.org\/es\/wp-json\/wp\/v2\/types\/page"}],"author":[{"embeddable":true,"href":"https:\/\/www.carewellseiu503.org\/es\/wp-json\/wp\/v2\/users\/8"}],"replies":[{"embeddable":true,"href":"https:\/\/www.carewellseiu503.org\/es\/wp-json\/wp\/v2\/comments?post=220834"}],"version-history":[{"count":1,"href":"https:\/\/www.carewellseiu503.org\/es\/wp-json\/wp\/v2\/pages\/220834\/revisions"}],"predecessor-version":[{"id":301993,"href":"https:\/\/www.carewellseiu503.org\/es\/wp-json\/wp\/v2\/pages\/220834\/revisions\/301993"}],"wp:attachment":[{"href":"https:\/\/www.carewellseiu503.org\/es\/wp-json\/wp\/v2\/media?parent=220834"}],"curies":[{"name":"wp","href":"https:\/\/api.w.org\/{rel}","templated":true}]}}