{"id":220930,"date":"2021-04-06T11:55:17","date_gmt":"2021-04-06T18:55:17","guid":{"rendered":"http:\/\/www.carewellseiu503.org\/acerca-de\/noticias-novedades\/"},"modified":"2025-11-03T09:08:34","modified_gmt":"2025-11-03T17:08:34","slug":"news-updates","status":"publish","type":"page","link":"https:\/\/www.carewellseiu503.org\/es\/about-us\/news-updates\/","title":{"rendered":"Noticias y novedades de Carewell"},"content":{"rendered":"<p>[et_pb_section fb_built=\u00bb1&#8243; custom_padding_last_edited=\u00bbon|desktop\u00bb _builder_version=\u00bb4.16&#8243; background_color=\u00bb#ffffff\u00bb background_enable_image=\u00bboff\u00bb background_position=\u00bbbottom_left\u00bb custom_padding=\u00bb100px||0px||false|false\u00bb custom_padding_tablet=\u00bb\u00bb custom_padding_phone=\u00bb100px||||false|false\u00bb bottom_divider_flip=\u00bbvertical\u00bb background_color_phone=\u00bb#ffffff\u00bb background_last_edited=\u00bbon|phone\u00bb background_enable_color_phone=\u00bbon\u00bb use_background_color_gradient_phone=\u00bboff\u00bb background_enable_image_phone=\u00bboff\u00bb locked=\u00bboff\u00bb global_colors_info=\u00bb{}\u00bb][et_pb_row custom_padding_last_edited=\u00bbon|desktop\u00bb _builder_version=\u00bb4.16&#8243; custom_padding=\u00bb50px||15px||false|false\u00bb custom_padding_tablet=\u00bb\u00bb custom_padding_phone=\u00bb\u00bb global_colors_info=\u00bb{}\u00bb][et_pb_column type=\u00bb4_4&#8243; _builder_version=\u00bb4.16&#8243; global_colors_info=\u00bb{}\u00bb][et_pb_text module_class=\u00bbaddLine\u00bb _builder_version=\u00bb4.16&#8243; text_text_color=\u00bb#582c82&#8243; custom_padding=\u00bb||2px|||\u00bb text_text_color_last_edited=\u00bboff|desktop\u00bb header_text_color_tablet=\u00bb\u00bb header_text_color_phone=\u00bb#582c82&#8243; header_text_color_last_edited=\u00bbon|desktop\u00bb background_layout_tablet=\u00bb\u00bb background_layout_phone=\u00bblight\u00bb background_layout_last_edited=\u00bbon|phone\u00bb locked=\u00bboff\u00bb global_colors_info=\u00bb{}\u00bb]<\/p>\n<h1>Noticias y novedades<\/h1>\n<p>[\/et_pb_text][\/et_pb_column][\/et_pb_row][\/et_pb_section][et_pb_section fb_built=\u00bb1&#8243; custom_padding_last_edited=\u00bboff|tablet\u00bb admin_label=\u00bbSection &#8211; Single Focus Content\u00bb _builder_version=\u00bb4.16&#8243; background_color=\u00bb#fafafa\u00bb use_background_color_gradient=\u00bbon\u00bb background_color_gradient_direction=\u00bb1deg\u00bb background_color_gradient_stops=\u00bb#f3f3f3 0%|#f2f2f2 100%\u00bb background_color_gradient_start=\u00bb#f3f3f3&#8243; background_color_gradient_end=\u00bb#f2f2f2&#8243; custom_margin=\u00bb50px||0px||false|false\u00bb custom_margin_tablet=\u00bb0px||0px|\u00bb custom_margin_phone=\u00bb\u00bb custom_margin_last_edited=\u00bbon|tablet\u00bb custom_padding=\u00bb0px||50px||false|false\u00bb custom_padding_tablet=\u00bb|||0px\u00bb box_shadow_style=\u00bbpreset7&#8243; box_shadow_horizontal=\u00bb0px\u00bb box_shadow_vertical=\u00bb50px\u00bb box_shadow_color=\u00bb#ffffff\u00bb global_colors_info=\u00bb{}\u00bb][et_pb_row _builder_version=\u00bb4.16&#8243; background_color=\u00bb#ffffff\u00bb background_color_gradient_direction=\u00bb188deg\u00bb custom_margin=\u00bb||0px||false|false\u00bb custom_padding=\u00bb10px||10px|25px|true|false\u00bb border_radii=\u00bbon|0px|0px|0px|0px\u00bb border_width_bottom=\u00bb6px\u00bb border_color_bottom=\u00bb#ffa89f\u00bb box_shadow_style=\u00bbpreset3&#8243; global_colors_info=\u00bb{}\u00bb][et_pb_column type=\u00bb4_4&#8243; _builder_version=\u00bb4.16&#8243; global_colors_info=\u00bb{}\u00bb][et_pb_text admin_label=\u00bbTITLE &#8211; Recent News and Articles\u00bb _builder_version=\u00bb4.16&#8243; header_text_color=\u00bb#ffffff\u00bb header_2_text_color=\u00bb#ffffff\u00bb background_color=\u00bbrgba(0,0,0,0)\u00bb text_orientation=\u00bbcenter\u00bb custom_margin=\u00bb0px||0px||false|false\u00bb custom_padding=\u00bb||0px||false|false\u00bb global_colors_info=\u00bb{}\u00bb]<\/p>\n<h3 style=\"text-align: left;\">Art\u00edculo destacado<\/h3>\n<p>[\/et_pb_text][\/et_pb_column][\/et_pb_row][et_pb_row custom_padding_last_edited=\u00bbon|phone\u00bb disabled_on=\u00bboff|off|off\u00bb admin_label=\u00bbRow &#8211; Single Focus Content\u00bb module_class=\u00bbfeaturedPost\u00bb _builder_version=\u00bb4.16&#8243; background_color=\u00bb#ffffff\u00bb custom_margin=\u00bb0px||0px||true|false\u00bb custom_padding=\u00bb0px|25px|0px|0px|false|false\u00bb custom_padding_tablet=\u00bb10px||10px|\u00bb custom_padding_phone=\u00bb|25px||25px|false|true\u00bb border_radii=\u00bboff|||6px|6px\u00bb use_custom_width=\u00bbon\u00bb custom_width_px=\u00bb1172px\u00bb locked=\u00bboff\u00bb global_colors_info=\u00bb{}\u00bb][et_pb_column type=\u00bb4_4&#8243; _builder_version=\u00bb4.16&#8243; _dynamic_attributes=\u00bblink_option_url\u00bb custom_padding=\u00bb0px||0px|0px|false|false\u00bb link_option_url=\u00bb@ET-DC@eyJkeW5hbWljIjp0cnVlLCJjb250ZW50IjoicG9zdF9saW5rX3VybF9hdHRhY2htZW50Iiwic2V0dGluZ3MiOnsicG9zdF9pZCI6IjIxOTMyOCJ9fQ==@\u00bb global_colors_info=\u00bb{}\u00bb custom_padding__hover=\u00bb|||\u00bb][et_pb_blog posts_number=\u00bb1&#8243; include_categories=\u00bball\u00bb use_manual_excerpt=\u00bboff\u00bb show_author=\u00bboff\u00bb show_date=\u00bboff\u00bb show_categories=\u00bboff\u00bb show_excerpt=\u00bboff\u00bb show_pagination=\u00bboff\u00bb admin_label=\u00bbFeatured Post Image\u00bb module_class=\u00bbfeaturedImage\u00bb _builder_version=\u00bb4.16&#8243; custom_margin=\u00bb0px||0px|0px|false|false\u00bb custom_padding=\u00bb0px||0px|0px|false|false\u00bb custom_css_title=\u00bbdisplay: none !important;\u00bb global_colors_info=\u00bb{}\u00bb][\/et_pb_blog][et_pb_blog posts_number=\u00bb1&#8243; include_categories=\u00bball\u00bb show_thumbnail=\u00bboff\u00bb use_manual_excerpt=\u00bboff\u00bb show_more=\u00bbon\u00bb show_author=\u00bboff\u00bb show_categories=\u00bboff\u00bb show_pagination=\u00bboff\u00bb admin_label=\u00bbFeatured Post Info\u00bb module_class=\u00bbfeaturedInfo\u00bb _builder_version=\u00bb4.27.4&#8243; header_level=\u00bbh3&#8243; module_alignment=\u00bbcenter\u00bb hover_enabled=\u00bb0&#8243; global_colors_info=\u00bb{}\u00bb custom_margin=\u00bb|||0px|false|false\u00bb sticky_enabled=\u00bb0&#8243; custom_padding=\u00bb30px|||30px|false|false\u00bb][\/et_pb_blog][\/et_pb_column][\/et_pb_row][et_pb_row column_structure=\u00bb3_5,2_5&#8243; custom_padding_last_edited=\u00bbon|phone\u00bb disabled_on=\u00bbon|on|on\u00bb admin_label=\u00bbRow &#8211; Single Focus Content\u00bb module_class=\u00bbfeaturedPost\u00bb _builder_version=\u00bb4.16&#8243; background_color=\u00bb#ffffff\u00bb custom_margin=\u00bb0px||0px||true|false\u00bb custom_padding=\u00bb0px|25px|0px|0px|false|false\u00bb custom_padding_tablet=\u00bb10px||10px|\u00bb custom_padding_phone=\u00bb|25px||25px|false|true\u00bb border_radii=\u00bboff|||6px|6px\u00bb use_custom_width=\u00bbon\u00bb custom_width_px=\u00bb1172px\u00bb disabled=\u00bbon\u00bb locked=\u00bboff\u00bb global_colors_info=\u00bb{}\u00bb][et_pb_column type=\u00bb3_5&#8243; _builder_version=\u00bb4.16&#8243; _dynamic_attributes=\u00bblink_option_url\u00bb custom_padding=\u00bb0px||0px|0px|false|false\u00bb link_option_url=\u00bb@ET-DC@eyJkeW5hbWljIjp0cnVlLCJjb250ZW50IjoicG9zdF9saW5rX3VybF9hdHRhY2htZW50Iiwic2V0dGluZ3MiOnsicG9zdF9pZCI6IjIxOTMyOCJ9fQ==@\u00bb global_colors_info=\u00bb{}\u00bb custom_padding__hover=\u00bb|||\u00bb][et_pb_blog posts_number=&quot;1&quot; include_categories=&quot;all&quot; use_manual_excerpt=&quot;off&quot; show_author=&quot;off&quot; show_date=&quot;off&quot; show_categories=&quot;off&quot; show_excerpt=&quot;off&quot; show_pagination=&quot;off&quot; admin_label=&quot;Featured Post Image&quot; module_class=&quot;featuredImage&quot; _builder_version=&quot;4.16&quot; custom_margin=&quot;0px||0px|0px|false|false&quot; custom_padding=&quot;0px||0px|0px|false|false&quot; custom_css_title=&quot;display: none !important;&quot; global_colors_info=&quot;{}&quot;][\/et_pb_blog][\/et_pb_column][et_pb_column type=\u00bb2_5&#8243; _builder_version=\u00bb4.16&#8243; _dynamic_attributes=\u00bblink_option_url\u00bb custom_padding=\u00bb0px||0px|0px|false|false\u00bb link_option_url=\u00bb@ET-DC@eyJkeW5hbWljIjp0cnVlLCJjb250ZW50IjoicG9zdF9saW5rX3VybF9hdHRhY2htZW50Iiwic2V0dGluZ3MiOnsicG9zdF9pZCI6IjIxOTMyOCJ9fQ==@\u00bb global_colors_info=\u00bb{}\u00bb custom_padding__hover=\u00bb|||\u00bb][et_pb_blog posts_number=\u00bb1&#8243; include_categories=\u00bball\u00bb show_thumbnail=\u00bboff\u00bb use_manual_excerpt=\u00bboff\u00bb show_more=\u00bbon\u00bb show_author=\u00bboff\u00bb show_categories=\u00bboff\u00bb show_pagination=\u00bboff\u00bb admin_label=\u00bbFeatured Post Info\u00bb module_class=\u00bbfeaturedInfo\u00bb _builder_version=\u00bb4.17.3&#8243; header_level=\u00bbh3&#8243; global_colors_info=\u00bb{}\u00bb][\/et_pb_blog][\/et_pb_column][\/et_pb_row][\/et_pb_section][et_pb_section fb_built=\u00bb1&#8243; admin_label=\u00bbSection &#8211; Image Blurb\u00bb module_class=\u00bbsideIcon small\u00bb _builder_version=\u00bb4.16&#8243; background_color=\u00bb#f3f3f3&#8243; custom_margin=\u00bb0px||||false|false\u00bb custom_padding=\u00bb0px||||false|false\u00bb locked=\u00bboff\u00bb collapsed=\u00bboff\u00bb global_colors_info=\u00bb{}\u00bb][et_pb_row _builder_version=\u00bb4.16&#8243; custom_padding=\u00bb2px||4px||false|false\u00bb global_colors_info=\u00bb{}\u00bb][et_pb_column type=\u00bb4_4&#8243; _builder_version=\u00bb4.16&#8243; global_colors_info=\u00bb{}\u00bb][et_pb_text admin_label=\u00bbTITLE &#8211; Recent News and Articles\u00bb _builder_version=\u00bb4.16&#8243; text_orientation=\u00bbcenter\u00bb global_colors_info=\u00bb{}\u00bb]<\/p>\n<h2 style=\"text-align: left;\">Noticias y art\u00edculos recientes<\/h2>\n<p>[\/et_pb_text][\/et_pb_column][\/et_pb_row][et_pb_row use_custom_gutter=\u00bbon\u00bb gutter_width=\u00bb2&#8243; make_equal=\u00bbon\u00bb custom_padding_last_edited=\u00bbon|tablet\u00bb admin_label=\u00bbRow &#8211; Good Old Blurb\u00bb module_class=\u00bbxo-blurb-image\u00bb _builder_version=\u00bb4.16&#8243; background_enable_color=\u00bboff\u00bb custom_margin_tablet=\u00bb\u00bb custom_margin_phone=\u00bb60px||||false|false\u00bb custom_margin_last_edited=\u00bbon|phone\u00bb custom_padding=\u00bb||4.5vw|\u00bb custom_padding_tablet=\u00bb10px||4.5vw|\u00bb custom_padding_phone=\u00bb\u00bb use_custom_width=\u00bbon\u00bb custom_width_px=\u00bb1172px\u00bb global_colors_info=\u00bb{}\u00bb][et_pb_column type=\u00bb4_4&#8243; _builder_version=\u00bb4.16&#8243; custom_padding=\u00bb|||\u00bb custom_padding_tablet=\u00bb\u00bb custom_padding_phone=\u00bb||45px||false|false\u00bb custom_padding_last_edited=\u00bbon|phone\u00bb global_colors_info=\u00bb{}\u00bb custom_padding__hover=\u00bb|||\u00bb][et_pb_blog posts_number=\u00bb9&#8243; include_categories=\u00bball\u00bb show_thumbnail=\u00bboff\u00bb excerpt_length=\u00bb200&#8243; show_more=\u00bbon\u00bb show_author=\u00bboff\u00bb show_date=\u00bboff\u00bb show_categories=\u00bboff\u00bb show_pagination=\u00bboff\u00bb admin_label=\u00bbMain Posts\u00bb module_class=\u00bbpostClean\u00bb _builder_version=\u00bb4.16&#8243; header_level=\u00bbh4&#8243; background_color=\u00bbrgba(0,0,0,0)\u00bb custom_padding=\u00bb0px|0px|0px|0px|true|true\u00bb global_colors_info=\u00bb{}\u00bb][\/et_pb_blog][et_pb_code admin_label=\u00bbCode: Blog Style\u00bb _builder_version=\u00bb4.16&#8243; _module_preset=\u00bbdefault\u00bb global_colors_info=\u00bb{}\u00bb]<\/p>\n<style><!-- [et_pb_line_break_holder] -->@media screen and (min-width: 981px) {<!-- [et_pb_line_break_holder] --> .postClean .et_pb_ajax_pagination_container {<!-- [et_pb_line_break_holder] --> display: flex;<!-- [et_pb_line_break_holder] --> flex-direction: row;<!-- [et_pb_line_break_holder] --> flex-wrap: wrap;<!-- [et_pb_line_break_holder] --> justify-content: space-between;<!-- [et_pb_line_break_holder] --> }<!-- [et_pb_line_break_holder] --> .postClean article {<!-- [et_pb_line_break_holder] --> width: 47%;<!-- [et_pb_line_break_holder] --> }<!-- [et_pb_line_break_holder] -->} \/* end responsive *\/<!-- [et_pb_line_break_holder] -->@media screen and (min-width: 1200px) {<!-- [et_pb_line_break_holder] --> .postClean .et_pb_ajax_pagination_container:after {<!-- [et_pb_line_break_holder] --> content: \"\";<!-- [et_pb_line_break_holder] --> width: 31%;<!-- [et_pb_line_break_holder] --> }<!-- [et_pb_line_break_holder] --> .postClean article {<!-- [et_pb_line_break_holder] --> width: 31%;<!-- [et_pb_line_break_holder] --> }<!-- [et_pb_line_break_holder] -->}\/* end responsive *\/<!-- [et_pb_line_break_holder] -->.postClean article {<!-- [et_pb_line_break_holder] --> display: flex;<!-- [et_pb_line_break_holder] --> flex-direction: column;<!-- [et_pb_line_break_holder] -->}<!-- [et_pb_line_break_holder] -->.postClean article {<!-- [et_pb_line_break_holder] --> background: #fff;<!-- [et_pb_line_break_holder] --> border-radius: 4px;<!-- [et_pb_line_break_holder] --> padding: 35px;<!-- [et_pb_line_break_holder] --> transition: box-shadow .3s;<!-- [et_pb_line_break_holder] -->}<!-- [et_pb_line_break_holder] -->.postClean article:hover {<!-- [et_pb_line_break_holder] --> box-shadow: 0px 2px 18px 0px rgba(0,0,0,0.3);<!-- [et_pb_line_break_holder] -->}<!-- [et_pb_line_break_holder] -->.postClean .post-content {<!-- [et_pb_line_break_holder] --> flex: 1;<!-- [et_pb_line_break_holder] --> display: flex;<!-- [et_pb_line_break_holder] --> flex-direction: column;<!-- [et_pb_line_break_holder] --> justify-content: space-between;<!-- [et_pb_line_break_holder] --> <!-- [et_pb_line_break_holder] -->}<!-- [et_pb_line_break_holder] -->.postClean .post-content-inner {<!-- [et_pb_line_break_holder] --> padding-bottom: 20px;<!-- [et_pb_line_break_holder] -->}<!-- [et_pb_line_break_holder] -->.postClean a.more-link {<!-- [et_pb_line_break_holder] --> position: relative;<!-- [et_pb_line_break_holder] --> width: 210px;<!-- [et_pb_line_break_holder] --> max-width: 210px;<!-- [et_pb_line_break_holder] --> text-align: center;<!-- [et_pb_line_break_holder] --> }<!-- [et_pb_line_break_holder] -->.postClean .et_pb_ajax_pagination_container > div:last-child {<!-- [et_pb_line_break_holder] --> width: 100%;<!-- [et_pb_line_break_holder] --> }<!-- [et_pb_line_break_holder] --> .postClean .et_pb_ajax_pagination_container > article:first-child {<!-- [et_pb_line_break_holder] --> display: none !important;<!-- [et_pb_line_break_holder] --> }<!-- [et_pb_line_break_holder] --><\/style>\n<p>[\/et_pb_code][\/et_pb_column][\/et_pb_row][\/et_pb_section]<\/p>\n","protected":false},"excerpt":{"rendered":"<p>Conozca las noticias y la informaci\u00f3n m\u00e1s reciente relacionada con Carewell SEIU 503 Training y Benefits aqu\u00ed.<\/p>\n","protected":false},"author":7,"featured_media":0,"parent":220917,"menu_order":0,"comment_status":"closed","ping_status":"closed","template":"","meta":{"_acf_changed":false,"_et_pb_use_builder":"on","_et_pb_old_content":"","_et_gb_content_width":"","footnotes":"","_links_to":"","_links_to_target":""},"class_list":["post-220930","page","type-page","status-publish","hentry"],"acf":[],"yoast_head":"<!-- This site is optimized with the Yoast SEO plugin v27.4 - https:\/\/yoast.com\/product\/yoast-seo-wordpress\/ -->\n<title>Noticias y novedades de Carewell - Carewell SEIU 503<\/title>\n<meta name=\"description\" content=\"Conozca las noticias y la informaci\u00f3n m\u00e1s reciente relacionada con Carewell SEIU 503 Training y Benefits aqu\u00ed.\" \/>\n<meta name=\"robots\" content=\"index, follow, max-snippet:-1, max-image-preview:large, max-video-preview:-1\" \/>\n<link rel=\"canonical\" href=\"https:\/\/www.carewellseiu503.org\/es\/about-us\/news-updates\/\" \/>\n<meta property=\"og:locale\" content=\"es_ES\" \/>\n<meta property=\"og:type\" content=\"article\" \/>\n<meta property=\"og:title\" content=\"Noticias y novedades de Carewell\" \/>\n<meta property=\"og:description\" content=\"Conozca las noticias y la informaci\u00f3n m\u00e1s reciente relacionada con Carewell SEIU 503 Training y Benefits aqu\u00ed.\" \/>\n<meta property=\"og:site_name\" content=\"Carewell SEIU 503\" \/>\n<meta property=\"article:modified_time\" content=\"2025-11-03T17:08:34+00:00\" \/>\n<meta property=\"og:image\" content=\"https:\/\/www.carewellseiu503.org\/wp-content\/uploads\/FB-Alt-1.jpg\" \/>\n\t<meta property=\"og:image:width\" content=\"2398\" \/>\n\t<meta property=\"og:image:height\" content=\"1256\" \/>\n\t<meta property=\"og:image:type\" content=\"image\/jpeg\" \/>\n<meta name=\"twitter:card\" content=\"summary_large_image\" \/>\n<meta name=\"twitter:title\" content=\"Noticias y novedades de Carewell\" \/>\n<meta name=\"twitter:description\" content=\"Conozca las noticias y la informaci\u00f3n m\u00e1s reciente relacionada con Carewell SEIU 503 Training y Benefits aqu\u00ed.\" \/>\n<meta name=\"twitter:label1\" content=\"Tiempo de lectura\" \/>\n\t<meta name=\"twitter:data1\" content=\"6 minutos\" \/>\n<script type=\"application\/ld+json\" class=\"yoast-schema-graph\">{\"@context\":\"https:\\\/\\\/schema.org\",\"@graph\":[{\"@type\":\"WebPage\",\"@id\":\"https:\\\/\\\/www.carewellseiu503.org\\\/es\\\/about-us\\\/news-updates\\\/\",\"url\":\"https:\\\/\\\/www.carewellseiu503.org\\\/es\\\/about-us\\\/news-updates\\\/\",\"name\":\"Noticias y novedades de Carewell - Carewell SEIU 503\",\"isPartOf\":{\"@id\":\"https:\\\/\\\/www.carewellseiu503.org\\\/es\\\/#website\"},\"datePublished\":\"2021-04-06T18:55:17+00:00\",\"dateModified\":\"2025-11-03T17:08:34+00:00\",\"description\":\"Conozca las noticias y la informaci\u00f3n m\u00e1s reciente relacionada con Carewell SEIU 503 Training y Benefits aqu\u00ed.\",\"breadcrumb\":{\"@id\":\"https:\\\/\\\/www.carewellseiu503.org\\\/es\\\/about-us\\\/news-updates\\\/#breadcrumb\"},\"inLanguage\":\"es\",\"potentialAction\":[{\"@type\":\"ReadAction\",\"target\":[\"https:\\\/\\\/www.carewellseiu503.org\\\/es\\\/about-us\\\/news-updates\\\/\"]}]},{\"@type\":\"BreadcrumbList\",\"@id\":\"https:\\\/\\\/www.carewellseiu503.org\\\/es\\\/about-us\\\/news-updates\\\/#breadcrumb\",\"itemListElement\":[{\"@type\":\"ListItem\",\"position\":1,\"name\":\"Home\",\"item\":\"https:\\\/\\\/www.carewellseiu503.org\\\/es\\\/\"},{\"@type\":\"ListItem\",\"position\":2,\"name\":\"Acerca de Carewell\",\"item\":\"https:\\\/\\\/www.carewellseiu503.org\\\/es\\\/about\\\/\"},{\"@type\":\"ListItem\",\"position\":3,\"name\":\"Noticias y novedades de Carewell\"}]},{\"@type\":\"WebSite\",\"@id\":\"https:\\\/\\\/www.carewellseiu503.org\\\/es\\\/#website\",\"url\":\"https:\\\/\\\/www.carewellseiu503.org\\\/es\\\/\",\"name\":\"Carewell SEIU 503\",\"description\":\"Health. Support. Training.\",\"publisher\":{\"@id\":\"https:\\\/\\\/www.carewellseiu503.org\\\/es\\\/#organization\"},\"potentialAction\":[{\"@type\":\"SearchAction\",\"target\":{\"@type\":\"EntryPoint\",\"urlTemplate\":\"https:\\\/\\\/www.carewellseiu503.org\\\/es\\\/?s={search_term_string}\"},\"query-input\":{\"@type\":\"PropertyValueSpecification\",\"valueRequired\":true,\"valueName\":\"search_term_string\"}}],\"inLanguage\":\"es\"},{\"@type\":\"Organization\",\"@id\":\"https:\\\/\\\/www.carewellseiu503.org\\\/es\\\/#organization\",\"name\":\"Carewell SEIU 503\",\"url\":\"https:\\\/\\\/www.carewellseiu503.org\\\/es\\\/\",\"logo\":{\"@type\":\"ImageObject\",\"inLanguage\":\"es\",\"@id\":\"https:\\\/\\\/www.carewellseiu503.org\\\/es\\\/#\\\/schema\\\/logo\\\/image\\\/\",\"url\":\"https:\\\/\\\/www.carewellseiu503.org\\\/wp-content\\\/uploads\\\/FB-Alt-1.jpg\",\"contentUrl\":\"https:\\\/\\\/www.carewellseiu503.org\\\/wp-content\\\/uploads\\\/FB-Alt-1.jpg\",\"width\":2398,\"height\":1256,\"caption\":\"Carewell SEIU 503\"},\"image\":{\"@id\":\"https:\\\/\\\/www.carewellseiu503.org\\\/es\\\/#\\\/schema\\\/logo\\\/image\\\/\"}}]}<\/script>\n<!-- \/ Yoast SEO plugin. -->","yoast_head_json":{"title":"Noticias y novedades de Carewell - Carewell SEIU 503","description":"Conozca las noticias y la informaci\u00f3n m\u00e1s reciente relacionada con Carewell SEIU 503 Training y Benefits aqu\u00ed.","robots":{"index":"index","follow":"follow","max-snippet":"max-snippet:-1","max-image-preview":"max-image-preview:large","max-video-preview":"max-video-preview:-1"},"canonical":"https:\/\/www.carewellseiu503.org\/es\/about-us\/news-updates\/","og_locale":"es_ES","og_type":"article","og_title":"Noticias y novedades de Carewell","og_description":"Conozca las noticias y la informaci\u00f3n m\u00e1s reciente relacionada con Carewell SEIU 503 Training y Benefits aqu\u00ed.","og_site_name":"Carewell SEIU 503","article_modified_time":"2025-11-03T17:08:34+00:00","og_image":[{"width":2398,"height":1256,"url":"https:\/\/www.carewellseiu503.org\/wp-content\/uploads\/FB-Alt-1.jpg","type":"image\/jpeg"}],"twitter_card":"summary_large_image","twitter_title":"Noticias y novedades de Carewell","twitter_description":"Conozca las noticias y la informaci\u00f3n m\u00e1s reciente relacionada con Carewell SEIU 503 Training y Benefits aqu\u00ed.","twitter_misc":{"Tiempo de lectura":"6 minutos"},"schema":{"@context":"https:\/\/schema.org","@graph":[{"@type":"WebPage","@id":"https:\/\/www.carewellseiu503.org\/es\/about-us\/news-updates\/","url":"https:\/\/www.carewellseiu503.org\/es\/about-us\/news-updates\/","name":"Noticias y novedades de Carewell - Carewell SEIU 503","isPartOf":{"@id":"https:\/\/www.carewellseiu503.org\/es\/#website"},"datePublished":"2021-04-06T18:55:17+00:00","dateModified":"2025-11-03T17:08:34+00:00","description":"Conozca las noticias y la informaci\u00f3n m\u00e1s reciente relacionada con Carewell SEIU 503 Training y Benefits aqu\u00ed.","breadcrumb":{"@id":"https:\/\/www.carewellseiu503.org\/es\/about-us\/news-updates\/#breadcrumb"},"inLanguage":"es","potentialAction":[{"@type":"ReadAction","target":["https:\/\/www.carewellseiu503.org\/es\/about-us\/news-updates\/"]}]},{"@type":"BreadcrumbList","@id":"https:\/\/www.carewellseiu503.org\/es\/about-us\/news-updates\/#breadcrumb","itemListElement":[{"@type":"ListItem","position":1,"name":"Home","item":"https:\/\/www.carewellseiu503.org\/es\/"},{"@type":"ListItem","position":2,"name":"Acerca de Carewell","item":"https:\/\/www.carewellseiu503.org\/es\/about\/"},{"@type":"ListItem","position":3,"name":"Noticias y novedades de Carewell"}]},{"@type":"WebSite","@id":"https:\/\/www.carewellseiu503.org\/es\/#website","url":"https:\/\/www.carewellseiu503.org\/es\/","name":"Carewell SEIU 503","description":"Health. Support. Training.","publisher":{"@id":"https:\/\/www.carewellseiu503.org\/es\/#organization"},"potentialAction":[{"@type":"SearchAction","target":{"@type":"EntryPoint","urlTemplate":"https:\/\/www.carewellseiu503.org\/es\/?s={search_term_string}"},"query-input":{"@type":"PropertyValueSpecification","valueRequired":true,"valueName":"search_term_string"}}],"inLanguage":"es"},{"@type":"Organization","@id":"https:\/\/www.carewellseiu503.org\/es\/#organization","name":"Carewell SEIU 503","url":"https:\/\/www.carewellseiu503.org\/es\/","logo":{"@type":"ImageObject","inLanguage":"es","@id":"https:\/\/www.carewellseiu503.org\/es\/#\/schema\/logo\/image\/","url":"https:\/\/www.carewellseiu503.org\/wp-content\/uploads\/FB-Alt-1.jpg","contentUrl":"https:\/\/www.carewellseiu503.org\/wp-content\/uploads\/FB-Alt-1.jpg","width":2398,"height":1256,"caption":"Carewell SEIU 503"},"image":{"@id":"https:\/\/www.carewellseiu503.org\/es\/#\/schema\/logo\/image\/"}}]}},"_links":{"self":[{"href":"https:\/\/www.carewellseiu503.org\/es\/wp-json\/wp\/v2\/pages\/220930","targetHints":{"allow":["GET"]}}],"collection":[{"href":"https:\/\/www.carewellseiu503.org\/es\/wp-json\/wp\/v2\/pages"}],"about":[{"href":"https:\/\/www.carewellseiu503.org\/es\/wp-json\/wp\/v2\/types\/page"}],"author":[{"embeddable":true,"href":"https:\/\/www.carewellseiu503.org\/es\/wp-json\/wp\/v2\/users\/7"}],"replies":[{"embeddable":true,"href":"https:\/\/www.carewellseiu503.org\/es\/wp-json\/wp\/v2\/comments?post=220930"}],"version-history":[{"count":0,"href":"https:\/\/www.carewellseiu503.org\/es\/wp-json\/wp\/v2\/pages\/220930\/revisions"}],"up":[{"embeddable":true,"href":"https:\/\/www.carewellseiu503.org\/es\/wp-json\/wp\/v2\/pages\/220917"}],"wp:attachment":[{"href":"https:\/\/www.carewellseiu503.org\/es\/wp-json\/wp\/v2\/media?parent=220930"}],"curies":[{"name":"wp","href":"https:\/\/api.w.org\/{rel}","templated":true}]}}