{"id":220970,"date":"2021-04-06T11:56:44","date_gmt":"2021-04-06T18:56:44","guid":{"rendered":"http:\/\/www.carewellseiu503.org\/capacitacin\/cdigo-de-conducta\/"},"modified":"2025-10-03T09:53:05","modified_gmt":"2025-10-03T16:53:05","slug":"code-of-conduct","status":"publish","type":"page","link":"https:\/\/www.carewellseiu503.org\/es\/training\/code-of-conduct\/","title":{"rendered":"C\u00f3digo de Conducta de Training"},"content":{"rendered":"<p>[et_pb_section fb_built=\u00bb1&#8243; custom_padding_last_edited=\u00bbon|phone\u00bb _builder_version=\u00bb4.16&#8243; background_color=\u00bb#ffffff\u00bb background_enable_image=\u00bboff\u00bb background_position=\u00bbbottom_left\u00bb min_height=\u00bb350px\u00bb min_height_tablet=\u00bb100px\u00bb min_height_phone=\u00bb\u00bb min_height_last_edited=\u00bbon|phone\u00bb custom_margin=\u00bb||0px||false|false\u00bb custom_padding=\u00bb50px||0px||false|false\u00bb custom_padding_tablet=\u00bb\u00bb custom_padding_phone=\u00bb0px||||false|false\u00bb bottom_divider_flip=\u00bbvertical\u00bb background_last_edited=\u00bbon|phone\u00bb use_background_color_gradient_phone=\u00bboff\u00bb background_enable_image_phone=\u00bboff\u00bb border_color_bottom=\u00bb#ffa89f\u00bb locked=\u00bboff\u00bb global_colors_info=\u00bb{}\u00bb][et_pb_row custom_padding_last_edited=\u00bbon|phone\u00bb _builder_version=\u00bb4.16&#8243; custom_padding=\u00bb100px||3px||false|false\u00bb custom_padding_tablet=\u00bb\u00bb custom_padding_phone=\u00bb\u00bb global_colors_info=\u00bb{}\u00bb][et_pb_column type=\u00bb4_4&#8243; _builder_version=\u00bb4.16&#8243; global_colors_info=\u00bb{}\u00bb][et_pb_text module_class=\u00bbaddLine\u00bb _builder_version=\u00bb4.16&#8243; text_text_color_tablet=\u00bb\u00bb text_text_color_phone=\u00bb\u00bb text_text_color_last_edited=\u00bbon|phone\u00bb header_text_color_tablet=\u00bb\u00bb header_text_color_phone=\u00bb\u00bb header_text_color_last_edited=\u00bbon|desktop\u00bb background_layout_tablet=\u00bb\u00bb background_layout_phone=\u00bb\u00bb background_layout_last_edited=\u00bbon|phone\u00bb locked=\u00bboff\u00bb global_colors_info=\u00bb{}\u00bb]<\/p>\n<h1>C\u00f3digo de Conducta<\/h1>\n<p>[\/et_pb_text][\/et_pb_column][\/et_pb_row][\/et_pb_section][et_pb_section fb_built=\u00bb1&#8243; _builder_version=\u00bb4.16&#8243; background_color=\u00bb#ffffff\u00bb z_index=\u00bb4&#8243; custom_margin=\u00bb||0px||false|false\u00bb custom_padding=\u00bb1px||0px||false|false\u00bb border_color_bottom=\u00bb#f3f3f3&#8243; global_colors_info=\u00bb{}\u00bb][et_pb_row _builder_version=\u00bb4.16&#8243; background_color=\u00bb#ffffff\u00bb background_enable_image=\u00bboff\u00bb custom_padding=\u00bb3px||2px|||\u00bb global_colors_info=\u00bb{}\u00bb][et_pb_column type=\u00bb4_4&#8243; _builder_version=\u00bb4.16&#8243; global_colors_info=\u00bb{}\u00bb][et_pb_text _builder_version=\u00bb4.27.4&#8243; max_width=\u00bb900px\u00bb module_alignment=\u00bbcenter\u00bb custom_margin=\u00bb||0px|||\u00bb custom_padding=\u00bb||40px|||\u00bb hover_enabled=\u00bb0&#8243; global_colors_info=\u00bb{}\u00bb sticky_enabled=\u00bb0&#8243;]<\/p>\n<p><strong style=\"font-size: 19px;\">Disposici\u00f3n para la clase.<\/strong> <span style=\"font-size: 19px;\">Usted y los (las) dem\u00e1s participantes son bienvenidos(as) y respaldados(as); adem\u00e1s, le pedimos que asista con una actitud tranquila y receptiva al aprendizaje. En una parte del curso, tendr\u00e1 que utilizar un dispositivo m\u00f3vil, por ejemplo, un tel\u00e9fono celular, tableta o computadora port\u00e1til. Lleve su dispositivo m\u00f3vil y d\u00e9jelo en modo silencioso cuando llegue. En caso de que no cuente con un dispositivo m\u00f3vil, Carewell puede prestarle uno; sin embargo, las cantidades son limitadas. Tendr\u00e1 un tiempo de descanso; sin embargo, no se ofrecer\u00e1 almuerzo durante esta sesi\u00f3n de capacitaci\u00f3n.<\/span><\/p>\n<p class=\"p1\"><strong>Asistencia y llegadas tarde.\u00a0<span style=\"font-weight: 400;\">Planee llegar 10\u00a0minutos antes de que empiece la clase. Si llega 10\u00a0minutos despu\u00e9s de que haya empezado la sesi\u00f3n, no podr\u00e1 participar y tendr\u00e1 que reprogramarla.<\/span><\/strong><\/p>\n<p class=\"p1\"><strong><span style=\"font-weight: 400;\"><strong>Asistentes autorizados(as).<\/strong> La capacitaci\u00f3n de Carewell solo se puede ajustar a proveedores(as) de atenci\u00f3n. No puede llevar invitados(as), entre ellos(as), clientes, ni\u00f1os o familiares. <\/span><\/strong><\/p>\n<p class=\"p1\"><strong>Comportamiento en el sal\u00f3n de clase.\u00a0<\/strong><span style=\"font-size: 19px;\">Para garantizar que el entorno de aprendizaje sea c\u00f3modo para todos(as) los (las) asistentes, no utilice perfumes penetrantes. Sea consciente del impacto que puede tener su higiene personal en la experiencia de los (las) otros(as) participantes. Participe activamente y sea respetuoso(a) con los dem\u00e1s. Se proh\u00edbe fumar, consumir drogas o beber alcohol dentro de las instalaciones o en sus alrededores. No toleramos ning\u00fan caso de vandalismo, hurto ni abuso f\u00edsico\/verbal de parte del personal o de los (las) participantes. Se le pedir\u00e1 que salga del recinto si adopta un comportamiento disruptivo que afecte negativamente la seguridad de los dem\u00e1s o su disposici\u00f3n para aprender.\u00a0<\/span><\/p>\n<p class=\"p1\"><strong>Comportamiento en l\u00ednea.<\/strong> <span style=\"font-weight: 400;\">Durante la capacitaci\u00f3n en l\u00ednea,<\/span><span style=\"font-weight: 400;\"> participar\u00e1 con otros(as) asistentes e instructores(as) de Carewell en un foro de debate en l\u00ednea y\/o en un debate en un sal\u00f3n de clase virtual. Le pedimos que asuma una actitud profesional en todos los entornos en l\u00ednea y haga un uso adecuado de estos, de modo que el entorno de aprendizaje sea c\u00f3modo para todos(as). Eliminaremos todos los comentarios que violen este C\u00f3digo de Conducta o revelen informaci\u00f3n confidencial de los (las) clientes. Es posible que expulsemos a los (las) aprendices que sean conflictivos(as), insensibles, amenazantes, problem\u00e1ticos(as), groseros(as) o que impacten de cualquier otra manera negativa al entorno de aprendizaje. <\/span><\/p>\n<p class=\"p1\"><strong>Diversidad, equidad e inclusi\u00f3n.<\/strong> <span style=\"font-weight: 400;\">Carewell\u00a0SEIU\u00a0503 cree que un entorno seguro, diverso e incluyente es un lugar donde todo el personal y los (las) participantes se sienten bienvenidos(as). Respetamos y valoramos las diversas experiencias de vida y queremos garantizar que todas las opiniones sean valoradas. No permitiremos casos de acoso e intimidaci\u00f3n por parte del personal o los (las) participantes. <\/span><\/p>\n<p class=\"p1\"><i><span style=\"font-weight: 400;\">SEIU Local 503 Training Partnership le garantiza a los (las) estudiantes de cualquier raza, color, nacionalidad u origen \u00e9tnico todos los derechos, privilegios, programas y actividades generalmente acordados o puestos a disposici\u00f3n de los (las) estudiantes de los programas de capacitaci\u00f3n de Partnership. No discrimina por motivos de raza, color, nacionalidad u origen \u00e9tnico en lo referente a la administraci\u00f3n de sus pol\u00edticas educativas, pol\u00edticas de admisi\u00f3n y otros programas administrados por la escuela.\u00a0<\/span><\/i><\/p>\n<p class=\"p1\"><i><span style=\"font-weight: 400;\">Al participar en Carewell SEIU 503 Training, se compromete a garantizar la justicia y seguridad de todos los (las) participantes. Acepta acatar el C\u00f3digo de Conducta mencionado anteriormente en todos los aspectos relacionados con Carewell SEIU 503 Training, tanto de manera presencial como en l\u00ednea. Si usted no cumple con estos requisitos razonables, el personal de Carewell tomar\u00e1 las medidas necesarias para enmendar cualquier incumplimiento de este C\u00f3digo de Conducta. Si tiene alg\u00fan problema o alguna pregunta con respecto a este C\u00f3digo de Conducta, env\u00edenos un correo electr\u00f3nico a: <\/span><\/i><a href=\"mailto:carewellSEIU503Training@RISEpartnership.com\">carewellSEIU503Training@RISEpartnership.com<\/a><\/p>\n<p>[\/et_pb_text][\/et_pb_column][\/et_pb_row][\/et_pb_section]<\/p>\n","protected":false},"excerpt":{"rendered":"<p>El C\u00f3digo de Conducta de Carewell\u00a0SEIU\u00a0503\u00a0Training define la forma en la que los (las) participantes de las capacitaciones se deben comportar durante dichas actividades, ya sean presenciales o en l\u00ednea.<\/p>\n","protected":false},"author":9,"featured_media":0,"parent":220949,"menu_order":4,"comment_status":"closed","ping_status":"closed","template":"","meta":{"_acf_changed":false,"_et_pb_use_builder":"on","_et_pb_old_content":"","_et_gb_content_width":"","footnotes":"","_links_to":"","_links_to_target":""},"class_list":["post-220970","page","type-page","status-publish","hentry"],"acf":[],"yoast_head":"<!-- This site is optimized with the Yoast SEO plugin v27.3 - https:\/\/yoast.com\/product\/yoast-seo-wordpress\/ -->\n<title>C\u00f3digo de Conducta de Training - Carewell SEIU 503<\/title>\n<meta name=\"description\" content=\"El C\u00f3digo de Conducta de Carewell\u00a0SEIU\u00a0503\u00a0Training define la forma en la que los (las) participantes de las capacitaciones se deben comportar durante dichas actividades, ya sean presenciales o en l\u00ednea.\" \/>\n<meta name=\"robots\" content=\"index, follow, max-snippet:-1, max-image-preview:large, max-video-preview:-1\" \/>\n<link rel=\"canonical\" href=\"https:\/\/www.carewellseiu503.org\/es\/training\/code-of-conduct\/\" \/>\n<meta property=\"og:locale\" content=\"es_ES\" \/>\n<meta property=\"og:type\" content=\"article\" \/>\n<meta property=\"og:title\" content=\"C\u00f3digo de Conducta de Training - Carewell SEIU 503\" \/>\n<meta property=\"og:description\" content=\"El C\u00f3digo de Conducta de Carewell\u00a0SEIU\u00a0503\u00a0Training define la forma en la que los (las) participantes de las capacitaciones se deben comportar durante dichas actividades, ya sean presenciales o en l\u00ednea.\" \/>\n<meta property=\"og:site_name\" content=\"Carewell SEIU 503\" \/>\n<meta property=\"article:modified_time\" content=\"2025-10-03T16:53:05+00:00\" \/>\n<meta property=\"og:image\" content=\"https:\/\/www.carewellseiu503.org\/wp-content\/uploads\/FB-Alt-1.jpg\" \/>\n\t<meta property=\"og:image:width\" content=\"2398\" \/>\n\t<meta property=\"og:image:height\" content=\"1256\" \/>\n\t<meta property=\"og:image:type\" content=\"image\/jpeg\" \/>\n<meta name=\"twitter:card\" content=\"summary_large_image\" \/>\n<meta name=\"twitter:label1\" content=\"Tiempo de lectura\" \/>\n\t<meta name=\"twitter:data1\" content=\"5 minutos\" \/>\n<script type=\"application\/ld+json\" class=\"yoast-schema-graph\">{\"@context\":\"https:\\\/\\\/schema.org\",\"@graph\":[{\"@type\":\"WebPage\",\"@id\":\"https:\\\/\\\/www.carewellseiu503.org\\\/es\\\/training\\\/code-of-conduct\\\/\",\"url\":\"https:\\\/\\\/www.carewellseiu503.org\\\/es\\\/training\\\/code-of-conduct\\\/\",\"name\":\"C\u00f3digo de Conducta de Training - Carewell SEIU 503\",\"isPartOf\":{\"@id\":\"https:\\\/\\\/www.carewellseiu503.org\\\/es\\\/#website\"},\"datePublished\":\"2021-04-06T18:56:44+00:00\",\"dateModified\":\"2025-10-03T16:53:05+00:00\",\"description\":\"El C\u00f3digo de Conducta de Carewell\u00a0SEIU\u00a0503\u00a0Training define la forma en la que los (las) participantes de las capacitaciones se deben comportar durante dichas actividades, ya sean presenciales o en l\u00ednea.\",\"breadcrumb\":{\"@id\":\"https:\\\/\\\/www.carewellseiu503.org\\\/es\\\/training\\\/code-of-conduct\\\/#breadcrumb\"},\"inLanguage\":\"es\",\"potentialAction\":[{\"@type\":\"ReadAction\",\"target\":[\"https:\\\/\\\/www.carewellseiu503.org\\\/es\\\/training\\\/code-of-conduct\\\/\"]}]},{\"@type\":\"BreadcrumbList\",\"@id\":\"https:\\\/\\\/www.carewellseiu503.org\\\/es\\\/training\\\/code-of-conduct\\\/#breadcrumb\",\"itemListElement\":[{\"@type\":\"ListItem\",\"position\":1,\"name\":\"Home\",\"item\":\"https:\\\/\\\/www.carewellseiu503.org\\\/es\\\/\"},{\"@type\":\"ListItem\",\"position\":2,\"name\":\"Descripci\u00f3n general de las capacitaciones de Carewell\",\"item\":\"https:\\\/\\\/www.carewellseiu503.org\\\/es\\\/training\\\/\"},{\"@type\":\"ListItem\",\"position\":3,\"name\":\"C\u00f3digo de Conducta de Training\"}]},{\"@type\":\"WebSite\",\"@id\":\"https:\\\/\\\/www.carewellseiu503.org\\\/es\\\/#website\",\"url\":\"https:\\\/\\\/www.carewellseiu503.org\\\/es\\\/\",\"name\":\"Carewell SEIU 503\",\"description\":\"Health. Support. Training.\",\"publisher\":{\"@id\":\"https:\\\/\\\/www.carewellseiu503.org\\\/es\\\/#organization\"},\"potentialAction\":[{\"@type\":\"SearchAction\",\"target\":{\"@type\":\"EntryPoint\",\"urlTemplate\":\"https:\\\/\\\/www.carewellseiu503.org\\\/es\\\/?s={search_term_string}\"},\"query-input\":{\"@type\":\"PropertyValueSpecification\",\"valueRequired\":true,\"valueName\":\"search_term_string\"}}],\"inLanguage\":\"es\"},{\"@type\":\"Organization\",\"@id\":\"https:\\\/\\\/www.carewellseiu503.org\\\/es\\\/#organization\",\"name\":\"Carewell SEIU 503\",\"url\":\"https:\\\/\\\/www.carewellseiu503.org\\\/es\\\/\",\"logo\":{\"@type\":\"ImageObject\",\"inLanguage\":\"es\",\"@id\":\"https:\\\/\\\/www.carewellseiu503.org\\\/es\\\/#\\\/schema\\\/logo\\\/image\\\/\",\"url\":\"https:\\\/\\\/www.carewellseiu503.org\\\/wp-content\\\/uploads\\\/FB-Alt-1.jpg\",\"contentUrl\":\"https:\\\/\\\/www.carewellseiu503.org\\\/wp-content\\\/uploads\\\/FB-Alt-1.jpg\",\"width\":2398,\"height\":1256,\"caption\":\"Carewell SEIU 503\"},\"image\":{\"@id\":\"https:\\\/\\\/www.carewellseiu503.org\\\/es\\\/#\\\/schema\\\/logo\\\/image\\\/\"}}]}<\/script>\n<!-- \/ Yoast SEO plugin. -->","yoast_head_json":{"title":"C\u00f3digo de Conducta de Training - Carewell SEIU 503","description":"El C\u00f3digo de Conducta de Carewell\u00a0SEIU\u00a0503\u00a0Training define la forma en la que los (las) participantes de las capacitaciones se deben comportar durante dichas actividades, ya sean presenciales o en l\u00ednea.","robots":{"index":"index","follow":"follow","max-snippet":"max-snippet:-1","max-image-preview":"max-image-preview:large","max-video-preview":"max-video-preview:-1"},"canonical":"https:\/\/www.carewellseiu503.org\/es\/training\/code-of-conduct\/","og_locale":"es_ES","og_type":"article","og_title":"C\u00f3digo de Conducta de Training - Carewell SEIU 503","og_description":"El C\u00f3digo de Conducta de Carewell\u00a0SEIU\u00a0503\u00a0Training define la forma en la que los (las) participantes de las capacitaciones se deben comportar durante dichas actividades, ya sean presenciales o en l\u00ednea.","og_site_name":"Carewell SEIU 503","article_modified_time":"2025-10-03T16:53:05+00:00","og_image":[{"width":2398,"height":1256,"url":"https:\/\/www.carewellseiu503.org\/wp-content\/uploads\/FB-Alt-1.jpg","type":"image\/jpeg"}],"twitter_card":"summary_large_image","twitter_misc":{"Tiempo de lectura":"5 minutos"},"schema":{"@context":"https:\/\/schema.org","@graph":[{"@type":"WebPage","@id":"https:\/\/www.carewellseiu503.org\/es\/training\/code-of-conduct\/","url":"https:\/\/www.carewellseiu503.org\/es\/training\/code-of-conduct\/","name":"C\u00f3digo de Conducta de Training - Carewell SEIU 503","isPartOf":{"@id":"https:\/\/www.carewellseiu503.org\/es\/#website"},"datePublished":"2021-04-06T18:56:44+00:00","dateModified":"2025-10-03T16:53:05+00:00","description":"El C\u00f3digo de Conducta de Carewell\u00a0SEIU\u00a0503\u00a0Training define la forma en la que los (las) participantes de las capacitaciones se deben comportar durante dichas actividades, ya sean presenciales o en l\u00ednea.","breadcrumb":{"@id":"https:\/\/www.carewellseiu503.org\/es\/training\/code-of-conduct\/#breadcrumb"},"inLanguage":"es","potentialAction":[{"@type":"ReadAction","target":["https:\/\/www.carewellseiu503.org\/es\/training\/code-of-conduct\/"]}]},{"@type":"BreadcrumbList","@id":"https:\/\/www.carewellseiu503.org\/es\/training\/code-of-conduct\/#breadcrumb","itemListElement":[{"@type":"ListItem","position":1,"name":"Home","item":"https:\/\/www.carewellseiu503.org\/es\/"},{"@type":"ListItem","position":2,"name":"Descripci\u00f3n general de las capacitaciones de Carewell","item":"https:\/\/www.carewellseiu503.org\/es\/training\/"},{"@type":"ListItem","position":3,"name":"C\u00f3digo de Conducta de Training"}]},{"@type":"WebSite","@id":"https:\/\/www.carewellseiu503.org\/es\/#website","url":"https:\/\/www.carewellseiu503.org\/es\/","name":"Carewell SEIU 503","description":"Health. Support. Training.","publisher":{"@id":"https:\/\/www.carewellseiu503.org\/es\/#organization"},"potentialAction":[{"@type":"SearchAction","target":{"@type":"EntryPoint","urlTemplate":"https:\/\/www.carewellseiu503.org\/es\/?s={search_term_string}"},"query-input":{"@type":"PropertyValueSpecification","valueRequired":true,"valueName":"search_term_string"}}],"inLanguage":"es"},{"@type":"Organization","@id":"https:\/\/www.carewellseiu503.org\/es\/#organization","name":"Carewell SEIU 503","url":"https:\/\/www.carewellseiu503.org\/es\/","logo":{"@type":"ImageObject","inLanguage":"es","@id":"https:\/\/www.carewellseiu503.org\/es\/#\/schema\/logo\/image\/","url":"https:\/\/www.carewellseiu503.org\/wp-content\/uploads\/FB-Alt-1.jpg","contentUrl":"https:\/\/www.carewellseiu503.org\/wp-content\/uploads\/FB-Alt-1.jpg","width":2398,"height":1256,"caption":"Carewell SEIU 503"},"image":{"@id":"https:\/\/www.carewellseiu503.org\/es\/#\/schema\/logo\/image\/"}}]}},"_links":{"self":[{"href":"https:\/\/www.carewellseiu503.org\/es\/wp-json\/wp\/v2\/pages\/220970","targetHints":{"allow":["GET"]}}],"collection":[{"href":"https:\/\/www.carewellseiu503.org\/es\/wp-json\/wp\/v2\/pages"}],"about":[{"href":"https:\/\/www.carewellseiu503.org\/es\/wp-json\/wp\/v2\/types\/page"}],"author":[{"embeddable":true,"href":"https:\/\/www.carewellseiu503.org\/es\/wp-json\/wp\/v2\/users\/9"}],"replies":[{"embeddable":true,"href":"https:\/\/www.carewellseiu503.org\/es\/wp-json\/wp\/v2\/comments?post=220970"}],"version-history":[{"count":0,"href":"https:\/\/www.carewellseiu503.org\/es\/wp-json\/wp\/v2\/pages\/220970\/revisions"}],"up":[{"embeddable":true,"href":"https:\/\/www.carewellseiu503.org\/es\/wp-json\/wp\/v2\/pages\/220949"}],"wp:attachment":[{"href":"https:\/\/www.carewellseiu503.org\/es\/wp-json\/wp\/v2\/media?parent=220970"}],"curies":[{"name":"wp","href":"https:\/\/api.w.org\/{rel}","templated":true}]}}