{"id":221170,"date":"2021-04-06T12:02:47","date_gmt":"2021-04-06T19:02:47","guid":{"rendered":"http:\/\/www.carewellseiu503.org\/acerca-de\/fideicomisos\/"},"modified":"2021-04-19T09:17:59","modified_gmt":"2021-04-19T16:17:59","slug":"trusts","status":"publish","type":"page","link":"https:\/\/www.carewellseiu503.org\/es\/about-us\/trusts\/","title":{"rendered":"Acerca de los fideicomisos"},"content":{"rendered":"<p>[et_pb_section fb_built=\u00bb1&#8243; custom_padding_last_edited=\u00bbon|phone\u00bb _builder_version=\u00bb4.4.3&#8243; background_color=\u00bb#ffffff\u00bb background_enable_image=\u00bboff\u00bb background_position=\u00bbbottom_left\u00bb min_height=\u00bb350px\u00bb min_height_tablet=\u00bb100px\u00bb min_height_phone=\u00bb\u00bb min_height_last_edited=\u00bbon|phone\u00bb custom_margin=\u00bb||0px||false|false\u00bb custom_padding=\u00bb50px||0px||false|false\u00bb custom_padding_tablet=\u00bb\u00bb custom_padding_phone=\u00bb0px||||false|false\u00bb bottom_divider_flip=\u00bbvertical\u00bb background_last_edited=\u00bbon|phone\u00bb use_background_color_gradient_phone=\u00bboff\u00bb background_enable_image_phone=\u00bboff\u00bb border_color_bottom=\u00bb#ffa89f\u00bb locked=\u00bboff\u00bb][et_pb_row custom_padding_last_edited=\u00bbon|phone\u00bb _builder_version=\u00bb4.4.3&#8243; custom_padding=\u00bb100px||2px||false|false\u00bb custom_padding_tablet=\u00bb\u00bb custom_padding_phone=\u00bb\u00bb][et_pb_column type=\u00bb4_4&#8243; _builder_version=\u00bb4.4.3&#8243;][et_pb_text module_class=\u00bbaddLine\u00bb _builder_version=\u00bb4.4.3&#8243; text_text_color_tablet=\u00bb\u00bb text_text_color_phone=\u00bb\u00bb text_text_color_last_edited=\u00bbon|phone\u00bb header_text_color_tablet=\u00bb\u00bb header_text_color_phone=\u00bb\u00bb header_text_color_last_edited=\u00bbon|desktop\u00bb background_layout_tablet=\u00bb\u00bb background_layout_phone=\u00bb\u00bb background_layout_last_edited=\u00bbon|phone\u00bb locked=\u00bboff\u00bb]<\/p>\n<h1>Acerca de los fideicomisos<\/h1>\n<p>[\/et_pb_text][\/et_pb_column][\/et_pb_row][\/et_pb_section][et_pb_section fb_built=\u00bb1&#8243; _builder_version=\u00bb4.4.3&#8243; background_color=\u00bbrgba(0,0,0,0)\u00bb z_index=\u00bb4&#8243; custom_margin=\u00bb||0px||false|false\u00bb custom_padding=\u00bb1px||0px||false|false\u00bb border_color_bottom=\u00bb#f3f3f3&#8243; locked=\u00bboff\u00bb][et_pb_row _builder_version=\u00bb4.4.3&#8243; background_color=\u00bb#ffffff\u00bb background_enable_image=\u00bboff\u00bb custom_padding=\u00bb3px||2px|||\u00bb][et_pb_column type=\u00bb4_4&#8243; _builder_version=\u00bb4.4.3&#8243;][et_pb_text _builder_version=\u00bb4.4.3&#8243; max_width=\u00bb900px\u00bb custom_margin=\u00bb||0px|||\u00bb custom_padding=\u00bb||40px|||\u00bb]<\/p>\n<p class=\"p1\">Carewell SEIU 503 es el grupo de capacitaciones y beneficios que los proveedores de asistencia personal y atenci&oacute;n domiciliaria de SEIU&nbsp;503 han conseguido con esfuerzo para mejorar sus vidas. Lea m&aacute;s sobre la historia de Carewell y los fideicomisos que hacen todo esto posible.<\/p>\n<p>[\/et_pb_text][\/et_pb_column][\/et_pb_row][\/et_pb_section][et_pb_section fb_built=\u00bb1&#8243; disabled_on=\u00bbon|on|on\u00bb _builder_version=\u00bb4.6.0&#8243; _module_preset=\u00bbdefault\u00bb background_color=\u00bb#a45cff\u00bb min_height=\u00bb30px\u00bb custom_margin=\u00bb0px||0px||true|false\u00bb custom_padding=\u00bb3px||3px||true|false\u00bb disabled=\u00bbon\u00bb locked=\u00bboff\u00bb][et_pb_row _builder_version=\u00bb4.6.0&#8243; _module_preset=\u00bbdefault\u00bb custom_margin=\u00bb0px||0px||true|false\u00bb custom_padding=\u00bb0px||0px||true|false\u00bb][et_pb_column type=\u00bb4_4&#8243; _builder_version=\u00bb4.6.0&#8243; _module_preset=\u00bbdefault\u00bb][et_pb_text _builder_version=\u00bb4.6.0&#8243; _module_preset=\u00bbdefault\u00bb text_text_color=\u00bb#ffffff\u00bb text_orientation=\u00bbcenter\u00bb]<\/p>\n<p><span>Carewell SEIU 503 Benefits y Training<\/span><\/p>\n<p>[\/et_pb_text][\/et_pb_column][\/et_pb_row][\/et_pb_section][et_pb_section fb_built=\u00bb1&#8243; _builder_version=\u00bb4.4.3&#8243; background_color=\u00bb#f3f3f3&#8243; custom_padding=\u00bb50px||2px|||\u00bb border_color_top=\u00bb#ffa89f\u00bb locked=\u00bboff\u00bb][et_pb_row column_structure=\u00bb1_3,2_3&#8243; _builder_version=\u00bb4.4.3&#8243; custom_padding=\u00bb2px||50px|||\u00bb][et_pb_column type=\u00bb1_3&#8243; _builder_version=\u00bb4.4.3&#8243;][et_pb_text _builder_version=\u00bb4.9.2&#8243; custom_margin=\u00bb||0px|||\u00bb hover_enabled=\u00bb0&#8243; sticky_enabled=\u00bb0&#8243;]<\/p>\n<h3>Carewell&nbsp;SEIU&nbsp;503<\/h3>\n<h2>Benefits<\/h2>\n<p>[\/et_pb_text][\/et_pb_column][et_pb_column type=\u00bb2_3&#8243; _builder_version=\u00bb4.4.3&#8243;][et_pb_text _builder_version=\u00bb4.6.0&#8243; custom_margin=\u00bb||-2px|||\u00bb custom_padding=\u00bb||0px|||\u00bb]<\/p>\n<p>En el 2013, uno de cada cuatro trabajadores de asistencia personal y atenci&oacute;n domiciliaria de Oreg&oacute;n no contaba con cobertura de atenci&oacute;n m&eacute;dica. Es por eso que los miembros de SEIU&nbsp;503 lucharon arduamente para formalizar el contrato de atenci&oacute;n domiciliaria 2013-2015 con el Estado de Oreg&oacute;n, el cual implement&oacute; un nuevo modelo de atenci&oacute;n m&eacute;dica que les permite a los trabajadores de asistencia personal y atenci&oacute;n domiciliaria elegibles de Oreg&oacute;n acceder a una cobertura de atenci&oacute;n m&eacute;dica asequible.<\/p>\n<p>Ese a&ntilde;o, la uni&oacute;n cre&oacute; el acta constitutiva de dos labor-management trusts (fideicomisos de relaciones entre el empleador y los empleados): El Fidecomiso Complementario para Trabajadores de Atenci&oacute;n Domiciliaria de Oreg&oacute;n, que brinda los beneficios de asistencia con los costos de atenci&oacute;n m&eacute;dica de Carewell SEIU 503; y el Fideicomiso de Beneficios para Trabajadores de Atenci&oacute;n Domiciliaria de Oreg&oacute;n, que brinda los beneficios dentales, visuales, auditivos, del Programa de Asistencia al Empleado y de tiempo libre remunerado de Carewell SEIU 503.<\/p>\n<p>[\/et_pb_text][\/et_pb_column][\/et_pb_row][et_pb_row column_structure=\u00bb1_3,2_3&#8243; _builder_version=\u00bb4.4.3&#8243; custom_padding=\u00bb2px||50px|||\u00bb][et_pb_column type=\u00bb1_3&#8243; _builder_version=\u00bb4.4.3&#8243;][et_pb_text _builder_version=\u00bb4.4.3&#8243; custom_margin=\u00bb||0px|||\u00bb]<\/p>\n<h3>Carewell&nbsp;SEIU&nbsp;503<\/h3>\n<h2>Training<\/h2>\n<p>[\/et_pb_text][\/et_pb_column][et_pb_column type=\u00bb2_3&#8243; _builder_version=\u00bb4.4.3&#8243;][et_pb_text _builder_version=\u00bb4.4.3&#8243; custom_margin=\u00bb||-2px|||\u00bb custom_padding=\u00bb||0px|||\u00bb]<\/p>\n<p>Durante a&ntilde;os, los proveedores de atenci&oacute;n domiciliaria sab&iacute;an que la mejor forma para garantizar una atenci&oacute;n segura y de alta calidad a todos los clientes, y un desarrollo profesional a todos los proveedores, era equipar a los trabajadores de asistencia personal y atenci&oacute;n domiciliaria con capacitaci&oacute;n universal.<\/p>\n<p>En el 2018, los trabajadores de asistencia personal y atenci&oacute;n domiciliaria de Oreg&oacute;n se unieron con aliados comunitarios para ayudar a aprobar el proyecto de ley del Senado 1534. Este estatuto fij&oacute; est&aacute;ndares para asegurarse de que todos los trabajadores de asistencia personal y atenci&oacute;n domiciliaria de Oreg&oacute;n tuvieran las habilidades, los conocimientos y las capacidades para brindar atenci&oacute;n y asistencia de calidad. En el 2019, los trabajadores de asistencia personal y atenci&oacute;n domiciliaria establecieron SEIU 503 Training Partnership, el labor-management trust (fideicomiso de relaciones entre el empleador y los empleadores) que ofrece las capacitaciones de Carewell.<\/p>\n<p>[\/et_pb_text][\/et_pb_column][\/et_pb_row][\/et_pb_section]<\/p>\n","protected":false},"excerpt":{"rendered":"<p>Los trabajadores dise&ntilde;aron Carewell SEIU 503 Training y Benefits a trav&eacute;s de sus Labor-Management Trusts (Fideicomisos de Relaciones entre el Empleador y sus Empleados). Conozca m&aacute;s sobre estos fideicomisos.<\/p>\n","protected":false},"author":9,"featured_media":0,"parent":220917,"menu_order":1,"comment_status":"closed","ping_status":"closed","template":"","meta":{"_acf_changed":false,"_et_pb_use_builder":"on","_et_pb_old_content":"","_et_gb_content_width":"","footnotes":"","_links_to":"","_links_to_target":""},"class_list":["post-221170","page","type-page","status-publish","hentry"],"acf":[],"yoast_head":"<!-- This site is optimized with the Yoast SEO plugin v27.4 - https:\/\/yoast.com\/product\/yoast-seo-wordpress\/ -->\n<title>Acerca de los fideicomisos - Carewell SEIU 503<\/title>\n<meta name=\"description\" content=\"Los trabajadores dise\u00f1aron Carewell SEIU 503 Training y Benefits a trav\u00e9s de sus Labor-Management Trusts (Fideicomisos de Relaciones entre el Empleador y sus Empleados). Conozca m\u00e1s sobre estos fideicomisos.\" \/>\n<meta name=\"robots\" content=\"index, follow, max-snippet:-1, max-image-preview:large, max-video-preview:-1\" \/>\n<link rel=\"canonical\" href=\"https:\/\/www.carewellseiu503.org\/es\/about-us\/trusts\/\" \/>\n<meta property=\"og:locale\" content=\"es_ES\" \/>\n<meta property=\"og:type\" content=\"article\" \/>\n<meta property=\"og:title\" content=\"Acerca de los fideicomisos\" \/>\n<meta property=\"og:description\" content=\"Los trabajadores dise\u00f1aron Carewell SEIU 503 Training y Benefits a trav\u00e9s de sus Labor-Management Trusts (Fideicomisos de Relaciones entre el Empleador y sus Empleados). Conozca m\u00e1s sobre estos fideicomisos.\" \/>\n<meta property=\"og:site_name\" content=\"Carewell SEIU 503\" \/>\n<meta property=\"article:modified_time\" content=\"2021-04-19T16:17:59+00:00\" \/>\n<meta property=\"og:image\" content=\"https:\/\/www.carewellseiu503.org\/wp-content\/uploads\/FB-Alt-1.jpg\" \/>\n\t<meta property=\"og:image:width\" content=\"2398\" \/>\n\t<meta property=\"og:image:height\" content=\"1256\" \/>\n\t<meta property=\"og:image:type\" content=\"image\/jpeg\" \/>\n<meta name=\"twitter:card\" content=\"summary_large_image\" \/>\n<meta name=\"twitter:title\" content=\"Acerca de los fideicomisos\" \/>\n<meta name=\"twitter:description\" content=\"Los trabajadores dise\u00f1aron Carewell SEIU 503 Training y Benefits a trav\u00e9s de sus Labor-Management Trusts (Fideicomisos de Relaciones entre el Empleador y sus Empleados). Conozca m\u00e1s sobre estos fideicomisos.\" \/>\n<meta name=\"twitter:label1\" content=\"Tiempo de lectura\" \/>\n\t<meta name=\"twitter:data1\" content=\"5 minutos\" \/>\n<script type=\"application\/ld+json\" class=\"yoast-schema-graph\">{\"@context\":\"https:\\\/\\\/schema.org\",\"@graph\":[{\"@type\":\"WebPage\",\"@id\":\"https:\\\/\\\/www.carewellseiu503.org\\\/es\\\/about-us\\\/trusts\\\/\",\"url\":\"https:\\\/\\\/www.carewellseiu503.org\\\/es\\\/about-us\\\/trusts\\\/\",\"name\":\"Acerca de los fideicomisos - Carewell SEIU 503\",\"isPartOf\":{\"@id\":\"https:\\\/\\\/www.carewellseiu503.org\\\/es\\\/#website\"},\"datePublished\":\"2021-04-06T19:02:47+00:00\",\"dateModified\":\"2021-04-19T16:17:59+00:00\",\"description\":\"Los trabajadores dise\u00f1aron Carewell SEIU 503 Training y Benefits a trav\u00e9s de sus Labor-Management Trusts (Fideicomisos de Relaciones entre el Empleador y sus Empleados). Conozca m\u00e1s sobre estos fideicomisos.\",\"breadcrumb\":{\"@id\":\"https:\\\/\\\/www.carewellseiu503.org\\\/es\\\/about-us\\\/trusts\\\/#breadcrumb\"},\"inLanguage\":\"es\",\"potentialAction\":[{\"@type\":\"ReadAction\",\"target\":[\"https:\\\/\\\/www.carewellseiu503.org\\\/es\\\/about-us\\\/trusts\\\/\"]}]},{\"@type\":\"BreadcrumbList\",\"@id\":\"https:\\\/\\\/www.carewellseiu503.org\\\/es\\\/about-us\\\/trusts\\\/#breadcrumb\",\"itemListElement\":[{\"@type\":\"ListItem\",\"position\":1,\"name\":\"Home\",\"item\":\"https:\\\/\\\/www.carewellseiu503.org\\\/es\\\/\"},{\"@type\":\"ListItem\",\"position\":2,\"name\":\"Acerca de Carewell\",\"item\":\"https:\\\/\\\/www.carewellseiu503.org\\\/es\\\/about\\\/\"},{\"@type\":\"ListItem\",\"position\":3,\"name\":\"Acerca de los fideicomisos\"}]},{\"@type\":\"WebSite\",\"@id\":\"https:\\\/\\\/www.carewellseiu503.org\\\/es\\\/#website\",\"url\":\"https:\\\/\\\/www.carewellseiu503.org\\\/es\\\/\",\"name\":\"Carewell SEIU 503\",\"description\":\"Health. Support. Training.\",\"publisher\":{\"@id\":\"https:\\\/\\\/www.carewellseiu503.org\\\/es\\\/#organization\"},\"potentialAction\":[{\"@type\":\"SearchAction\",\"target\":{\"@type\":\"EntryPoint\",\"urlTemplate\":\"https:\\\/\\\/www.carewellseiu503.org\\\/es\\\/?s={search_term_string}\"},\"query-input\":{\"@type\":\"PropertyValueSpecification\",\"valueRequired\":true,\"valueName\":\"search_term_string\"}}],\"inLanguage\":\"es\"},{\"@type\":\"Organization\",\"@id\":\"https:\\\/\\\/www.carewellseiu503.org\\\/es\\\/#organization\",\"name\":\"Carewell SEIU 503\",\"url\":\"https:\\\/\\\/www.carewellseiu503.org\\\/es\\\/\",\"logo\":{\"@type\":\"ImageObject\",\"inLanguage\":\"es\",\"@id\":\"https:\\\/\\\/www.carewellseiu503.org\\\/es\\\/#\\\/schema\\\/logo\\\/image\\\/\",\"url\":\"https:\\\/\\\/www.carewellseiu503.org\\\/wp-content\\\/uploads\\\/FB-Alt-1.jpg\",\"contentUrl\":\"https:\\\/\\\/www.carewellseiu503.org\\\/wp-content\\\/uploads\\\/FB-Alt-1.jpg\",\"width\":2398,\"height\":1256,\"caption\":\"Carewell SEIU 503\"},\"image\":{\"@id\":\"https:\\\/\\\/www.carewellseiu503.org\\\/es\\\/#\\\/schema\\\/logo\\\/image\\\/\"}}]}<\/script>\n<!-- \/ Yoast SEO plugin. -->","yoast_head_json":{"title":"Acerca de los fideicomisos - Carewell SEIU 503","description":"Los trabajadores dise\u00f1aron Carewell SEIU 503 Training y Benefits a trav\u00e9s de sus Labor-Management Trusts (Fideicomisos de Relaciones entre el Empleador y sus Empleados). Conozca m\u00e1s sobre estos fideicomisos.","robots":{"index":"index","follow":"follow","max-snippet":"max-snippet:-1","max-image-preview":"max-image-preview:large","max-video-preview":"max-video-preview:-1"},"canonical":"https:\/\/www.carewellseiu503.org\/es\/about-us\/trusts\/","og_locale":"es_ES","og_type":"article","og_title":"Acerca de los fideicomisos","og_description":"Los trabajadores dise\u00f1aron Carewell SEIU 503 Training y Benefits a trav\u00e9s de sus Labor-Management Trusts (Fideicomisos de Relaciones entre el Empleador y sus Empleados). Conozca m\u00e1s sobre estos fideicomisos.","og_site_name":"Carewell SEIU 503","article_modified_time":"2021-04-19T16:17:59+00:00","og_image":[{"width":2398,"height":1256,"url":"https:\/\/www.carewellseiu503.org\/wp-content\/uploads\/FB-Alt-1.jpg","type":"image\/jpeg"}],"twitter_card":"summary_large_image","twitter_title":"Acerca de los fideicomisos","twitter_description":"Los trabajadores dise\u00f1aron Carewell SEIU 503 Training y Benefits a trav\u00e9s de sus Labor-Management Trusts (Fideicomisos de Relaciones entre el Empleador y sus Empleados). Conozca m\u00e1s sobre estos fideicomisos.","twitter_misc":{"Tiempo de lectura":"5 minutos"},"schema":{"@context":"https:\/\/schema.org","@graph":[{"@type":"WebPage","@id":"https:\/\/www.carewellseiu503.org\/es\/about-us\/trusts\/","url":"https:\/\/www.carewellseiu503.org\/es\/about-us\/trusts\/","name":"Acerca de los fideicomisos - Carewell SEIU 503","isPartOf":{"@id":"https:\/\/www.carewellseiu503.org\/es\/#website"},"datePublished":"2021-04-06T19:02:47+00:00","dateModified":"2021-04-19T16:17:59+00:00","description":"Los trabajadores dise\u00f1aron Carewell SEIU 503 Training y Benefits a trav\u00e9s de sus Labor-Management Trusts (Fideicomisos de Relaciones entre el Empleador y sus Empleados). Conozca m\u00e1s sobre estos fideicomisos.","breadcrumb":{"@id":"https:\/\/www.carewellseiu503.org\/es\/about-us\/trusts\/#breadcrumb"},"inLanguage":"es","potentialAction":[{"@type":"ReadAction","target":["https:\/\/www.carewellseiu503.org\/es\/about-us\/trusts\/"]}]},{"@type":"BreadcrumbList","@id":"https:\/\/www.carewellseiu503.org\/es\/about-us\/trusts\/#breadcrumb","itemListElement":[{"@type":"ListItem","position":1,"name":"Home","item":"https:\/\/www.carewellseiu503.org\/es\/"},{"@type":"ListItem","position":2,"name":"Acerca de Carewell","item":"https:\/\/www.carewellseiu503.org\/es\/about\/"},{"@type":"ListItem","position":3,"name":"Acerca de los fideicomisos"}]},{"@type":"WebSite","@id":"https:\/\/www.carewellseiu503.org\/es\/#website","url":"https:\/\/www.carewellseiu503.org\/es\/","name":"Carewell SEIU 503","description":"Health. Support. Training.","publisher":{"@id":"https:\/\/www.carewellseiu503.org\/es\/#organization"},"potentialAction":[{"@type":"SearchAction","target":{"@type":"EntryPoint","urlTemplate":"https:\/\/www.carewellseiu503.org\/es\/?s={search_term_string}"},"query-input":{"@type":"PropertyValueSpecification","valueRequired":true,"valueName":"search_term_string"}}],"inLanguage":"es"},{"@type":"Organization","@id":"https:\/\/www.carewellseiu503.org\/es\/#organization","name":"Carewell SEIU 503","url":"https:\/\/www.carewellseiu503.org\/es\/","logo":{"@type":"ImageObject","inLanguage":"es","@id":"https:\/\/www.carewellseiu503.org\/es\/#\/schema\/logo\/image\/","url":"https:\/\/www.carewellseiu503.org\/wp-content\/uploads\/FB-Alt-1.jpg","contentUrl":"https:\/\/www.carewellseiu503.org\/wp-content\/uploads\/FB-Alt-1.jpg","width":2398,"height":1256,"caption":"Carewell SEIU 503"},"image":{"@id":"https:\/\/www.carewellseiu503.org\/es\/#\/schema\/logo\/image\/"}}]}},"_links":{"self":[{"href":"https:\/\/www.carewellseiu503.org\/es\/wp-json\/wp\/v2\/pages\/221170","targetHints":{"allow":["GET"]}}],"collection":[{"href":"https:\/\/www.carewellseiu503.org\/es\/wp-json\/wp\/v2\/pages"}],"about":[{"href":"https:\/\/www.carewellseiu503.org\/es\/wp-json\/wp\/v2\/types\/page"}],"author":[{"embeddable":true,"href":"https:\/\/www.carewellseiu503.org\/es\/wp-json\/wp\/v2\/users\/9"}],"replies":[{"embeddable":true,"href":"https:\/\/www.carewellseiu503.org\/es\/wp-json\/wp\/v2\/comments?post=221170"}],"version-history":[{"count":0,"href":"https:\/\/www.carewellseiu503.org\/es\/wp-json\/wp\/v2\/pages\/221170\/revisions"}],"up":[{"embeddable":true,"href":"https:\/\/www.carewellseiu503.org\/es\/wp-json\/wp\/v2\/pages\/220917"}],"wp:attachment":[{"href":"https:\/\/www.carewellseiu503.org\/es\/wp-json\/wp\/v2\/media?parent=221170"}],"curies":[{"name":"wp","href":"https:\/\/api.w.org\/{rel}","templated":true}]}}