{"id":230110,"date":"2021-09-13T06:47:51","date_gmt":"2021-09-13T13:47:51","guid":{"rendered":"https:\/\/www.carewellseiu503.org\/carewell-kp-dental-relay\/"},"modified":"2025-10-03T10:00:48","modified_gmt":"2025-10-03T17:00:48","slug":"kp-dental-relay","status":"publish","type":"page","link":"https:\/\/www.carewellseiu503.org\/es\/kp-dental-relay\/","title":{"rendered":"Carewell KP Dental Relay"},"content":{"rendered":"<p>[et_pb_section fb_built=\u00bb1&#8243; _builder_version=\u00bb4.16&#8243; _module_preset=\u00bbdefault\u00bb global_colors_info=\u00bb{}\u00bb][et_pb_row _builder_version=\u00bb4.16&#8243; _module_preset=\u00bbdefault\u00bb global_colors_info=\u00bb{}\u00bb][et_pb_column type=\u00bb4_4&#8243; _builder_version=\u00bb4.16&#8243; _module_preset=\u00bbdefault\u00bb global_colors_info=\u00bb{}\u00bb][et_pb_text _builder_version=\u00bb4.16&#8243; _module_preset=\u00bbdefault\u00bb global_colors_info=\u00bb{}\u00bb]<\/p>\n<h3><b>Plan dental de Kaiser Permanente ofrecido por Carewell SEIU 503: herramienta digital comunicativa<\/b><\/h3>\n<p>[\/et_pb_text][\/et_pb_column][\/et_pb_row][et_pb_row column_structure=\u00bb1_2,1_2&#8243; _builder_version=\u00bb4.16&#8243; _module_preset=\u00bbdefault\u00bb global_colors_info=\u00bb{}\u00bb][et_pb_column type=\u00bb1_2&#8243; _builder_version=\u00bb4.16&#8243; _module_preset=\u00bbdefault\u00bb global_colors_info=\u00bb{}\u00bb][et_pb_text _builder_version=\u00bb4.16&#8243; _module_preset=\u00bbdefault\u00bb global_colors_info=\u00bb{}\u00bb]<\/p>\n<p><span style=\"font-weight: 400;\">Puede que reciba un mensaje de texto en su dispositivo m\u00f3vil del plan dental de Kaiser Permanente ofrecido por Carewell, similar a este.<\/span><\/p>\n<p><span style=\"font-weight: 400;\">\u00a1No es un fraude! Queremos asegurarnos de que todos(as) conozcan sus beneficios dentales, \u00a1as\u00ed que estamos probando esta nueva forma de comunicaci\u00f3n v\u00eda mensaje de texto para que la informaci\u00f3n acerca del plan dental de Kaiser Permanente ofrecido por Carewell se encuentre al alcance de sus manos!<\/span><\/p>\n<p>[\/et_pb_text][\/et_pb_column][et_pb_column type=\u00bb1_2&#8243; _builder_version=\u00bb4.16&#8243; _module_preset=\u00bbdefault\u00bb global_colors_info=\u00bb{}\u00bb][et_pb_image src=\u00bbhttps:\/\/www.carewellseiu503.org\/wp-content\/uploads\/text-notification-example_es-1.png\u00bb title_text=\u00bbtext notification example\u00bb url=\u00bbhttps:\/\/www.carewellseiu503.org\/wp-content\/uploads\/text-notification-example_es.png\u00bb align=\u00bbcenter\u00bb _builder_version=\u00bb4.16&#8243; _module_preset=\u00bbdefault\u00bb width=\u00bb60%\u00bb global_colors_info=\u00bb{}\u00bb][\/et_pb_image][\/et_pb_column][\/et_pb_row][et_pb_row column_structure=\u00bb1_2,1_2&#8243; _builder_version=\u00bb4.16&#8243; _module_preset=\u00bbdefault\u00bb min_height=\u00bb388.2px\u00bb global_colors_info=\u00bb{}\u00bb][et_pb_column type=\u00bb1_2&#8243; _builder_version=\u00bb4.16&#8243; _module_preset=\u00bbdefault\u00bb global_colors_info=\u00bb{}\u00bb][et_pb_text _builder_version=\u00bb4.16&#8243; _module_preset=\u00bbdefault\u00bb global_colors_info=\u00bb{}\u00bb]<\/p>\n<h4>\u00bfEn qu\u00e9 consiste?<\/h4>\n<p>El mensaje le da la opci\u00f3n de recibir mensajes de texto continuos con informaci\u00f3n personalizada y espec\u00edfica relacionada con los beneficios.<\/p>\n<p>Cuando reciba el texto, al hacer clic en el enlace se abrir\u00e1 su propio <i>feed<\/i> personalizado con:<\/p>\n<ul>\n<li style=\"font-weight: 400;\" aria-level=\"1\"><span style=\"font-weight: 400;\">Actualizaciones y recordatorios.&nbsp;<\/span><\/li>\n<li style=\"font-weight: 400;\" aria-level=\"1\"><span style=\"font-weight: 400;\">Informaci\u00f3n acerca de c\u00f3mo encontrar proveedores(as) dentales de Kaiser Permanente dentro o fuera del \u00e1rea de servicios de Kaiser.&nbsp;<\/span><\/li>\n<li style=\"font-weight: 400;\" aria-level=\"1\"><span style=\"font-weight: 400;\">Informaci\u00f3n sobre c\u00f3mo programar citas.<\/span><\/li>\n<li style=\"font-weight: 400;\" aria-level=\"1\"><span style=\"font-weight: 400;\">Informaci\u00f3n sobre c\u00f3mo obtener reintegros.<\/span><\/li>\n<li style=\"font-weight: 400;\" aria-level=\"1\"><span style=\"font-weight: 400;\">Mensajes breves educativos sobre el cuidado dental.<\/span><\/li>\n<\/ul>\n<p><span style=\"font-weight: 400;\">No es necesario descargar una aplicaci\u00f3n, \u00a1as\u00ed que es muy f\u00e1cil aprender todo acerca de su beneficio dental!<\/span><\/p>\n<p>[\/et_pb_text][\/et_pb_column][et_pb_column type=\u00bb1_2&#8243; _builder_version=\u00bb4.16&#8243; _module_preset=\u00bbdefault\u00bb global_colors_info=\u00bb{}\u00bb][et_pb_image src=\u00bbhttps:\/\/www.carewellseiu503.org\/wp-content\/uploads\/relay-feed_es.png\u00bb title_text=\u00bbrelay feed\u00bb align=\u00bbcenter\u00bb _builder_version=\u00bb4.16&#8243; _module_preset=\u00bbdefault\u00bb width=\u00bb70%\u00bb global_colors_info=\u00bb{}\u00bb][\/et_pb_image][\/et_pb_column][\/et_pb_row][et_pb_row _builder_version=\u00bb4.16&#8243; _module_preset=\u00bbdefault\u00bb global_colors_info=\u00bb{}\u00bb][et_pb_column type=\u00bb4_4&#8243; _builder_version=\u00bb4.16&#8243; _module_preset=\u00bbdefault\u00bb global_colors_info=\u00bb{}\u00bb][et_pb_text _builder_version=\u00bb4.16&#8243; _module_preset=\u00bbdefault\u00bb global_colors_info=\u00bb{}\u00bb]<\/p>\n<h4>\u00bfQu\u00e9 puede esperar?<\/h4>\n<p><span style=\"font-weight: 400;\">Actualmente solo enviamos noticias y novedades acerca de sus beneficios dentales de Kaiser Permanente ofrecidos por Carewell SEIU 503, y no solo usamos este canal para publicar informaci\u00f3n sobre otros beneficios de Carewell SEIU 503 como PTO o asistencia con los costos de atenci\u00f3n m\u00e9dica. Para informaci\u00f3n acerca de todos los beneficios de Carewell, visite nuestro sitio web en <\/span><a href=\"https:\/\/www.carewellseiu503.org\/es\/\"><span style=\"font-weight: 400;\">CarewellSEIU503.org<\/span><\/a><span style=\"font-weight: 400;\">.<\/span> <span style=\"font-weight: 400;\">\u00a1Le prometemos que no le abrumaremos con mensajes de texto! Recibir\u00e1 de 2 a 3 mensajes de texto al mes. Y tampoco le vamos a solicitar informaci\u00f3n personal (como su n\u00famero de seguridad social) a trav\u00e9s de este canal.&nbsp;<\/span><\/p>\n<h4>\u00bfSon seguros los mensajes de texto y se puede desvincular en el futuro?<\/h4>\n<p><span style=\"font-weight: 400;\">S&iacute;. La herramienta digital comunicativa es segura y f\u00e1cil de usar, no necesita descargar o utilizar una aplicaci\u00f3n y puede desvincularse en cualquier momento. Para asegurarse de que su informaci\u00f3n est\u00e9 segura, los mensajes para obtener informaci\u00f3n espec\u00edfica relacionada con los beneficios requerir\u00e1n que cree e introduzca una contrase\u00f1a.&nbsp;<\/span><\/p>\n<h4><span style=\"font-weight: 400;\">  <\/span><b>\u00bfTiene preguntas?<\/b><\/h4>\n<p><span style=\"font-weight: 400;\">Si tiene dudas respecto a nuestra nueva herramienta digital comunicativa, ll\u00e1menos al 1-88-503-7348.<\/span><br \/>\n[\/et_pb_text][\/et_pb_column][\/et_pb_row][et_pb_row _builder_version=\u00bb4.16&#8243; _module_preset=\u00bbdefault\u00bb global_colors_info=\u00bb{}\u00bb][et_pb_column type=\u00bb4_4&#8243; _builder_version=\u00bb4.16&#8243; _module_preset=\u00bbdefault\u00bb global_colors_info=\u00bb{}\u00bb][et_pb_button button_url=\u00bbhttps:\/\/www.carewellseiu503.org\/es\/benefits\/dental\/\u00bb button_text=\u00bbHaga clic aqu\u00ed para obtener m\u00e1s informaci\u00f3n sobre los beneficios dentales de Carewell\u00bb button_alignment=\u00bbcenter\u00bb _builder_version=\u00bb4.16&#8243; _module_preset=\u00bbdefault\u00bb global_colors_info=\u00bb{}\u00bb][\/et_pb_button][\/et_pb_column][\/et_pb_row][\/et_pb_section]<\/p>\n","protected":false},"excerpt":{"rendered":"<p>Plan dental de Kaiser Permanente ofrecido por Carewell SEIU 503: herramienta digital comunicativa Puede que reciba un mensaje de texto en su dispositivo m\u00f3vil del plan dental de Kaiser Permanente ofrecido por Carewell, similar a este. \u00a1No es un fraude! Queremos asegurarnos de que todos(as) conozcan sus beneficios dentales, \u00a1as\u00ed que estamos probando esta nueva&#8230;<\/p>\n","protected":false},"author":30,"featured_media":0,"parent":0,"menu_order":0,"comment_status":"closed","ping_status":"closed","template":"","meta":{"_acf_changed":false,"_et_pb_use_builder":"on","_et_pb_old_content":"","_et_gb_content_width":"","footnotes":"","_links_to":"","_links_to_target":""},"class_list":["post-230110","page","type-page","status-publish","hentry"],"acf":[],"yoast_head":"<!-- This site is optimized with the Yoast SEO plugin v27.5 - https:\/\/yoast.com\/product\/yoast-seo-wordpress\/ -->\n<title>Carewell SEIU\u00a0503 | KP Dental Relay<\/title>\n<meta name=\"description\" content=\"Queremos asegurarnos de que todos(as) conozcan sus beneficios dentales, \u00a1as\u00ed que estamos probando esta nueva forma de comunicaci\u00f3n v\u00eda mensaje de texto para que la informaci\u00f3n acerca del plan dental de Kaiser Permanente ofrecido por Carewell se encuentre al alcance de sus manos!\" \/>\n<meta name=\"robots\" content=\"index, follow, max-snippet:-1, max-image-preview:large, max-video-preview:-1\" \/>\n<link rel=\"canonical\" href=\"https:\/\/www.carewellseiu503.org\/es\/kp-dental-relay\/\" \/>\n<meta property=\"og:locale\" content=\"es_ES\" \/>\n<meta property=\"og:type\" content=\"article\" \/>\n<meta property=\"og:title\" content=\"Carewell SEIU\u00a0503 | KP Dental Relay\" \/>\n<meta property=\"og:description\" content=\"Queremos asegurarnos de que todos(as) conozcan sus beneficios dentales, \u00a1as\u00ed que estamos probando esta nueva forma de comunicaci\u00f3n v\u00eda mensaje de texto para que la informaci\u00f3n acerca del plan dental de Kaiser Permanente ofrecido por Carewell se encuentre al alcance de sus manos!\" \/>\n<meta property=\"og:site_name\" content=\"Carewell SEIU 503\" \/>\n<meta property=\"article:modified_time\" content=\"2025-10-03T17:00:48+00:00\" \/>\n<meta property=\"og:image\" content=\"https:\/\/www.carewellseiu503.org\/wp-content\/uploads\/relay-photo-copy.png\" \/>\n<meta name=\"twitter:card\" content=\"summary_large_image\" \/>\n<meta name=\"twitter:label1\" content=\"Tiempo de lectura\" \/>\n\t<meta name=\"twitter:data1\" content=\"4 minutos\" \/>\n<script type=\"application\/ld+json\" class=\"yoast-schema-graph\">{\"@context\":\"https:\\\/\\\/schema.org\",\"@graph\":[{\"@type\":\"WebPage\",\"@id\":\"https:\\\/\\\/www.carewellseiu503.org\\\/es\\\/kp-dental-relay\\\/\",\"url\":\"https:\\\/\\\/www.carewellseiu503.org\\\/es\\\/kp-dental-relay\\\/\",\"name\":\"Carewell SEIU\u00a0503 | KP Dental Relay\",\"isPartOf\":{\"@id\":\"https:\\\/\\\/www.carewellseiu503.org\\\/es\\\/#website\"},\"datePublished\":\"2021-09-13T13:47:51+00:00\",\"dateModified\":\"2025-10-03T17:00:48+00:00\",\"description\":\"Queremos asegurarnos de que todos(as) conozcan sus beneficios dentales, \u00a1as\u00ed que estamos probando esta nueva forma de comunicaci\u00f3n v\u00eda mensaje de texto para que la informaci\u00f3n acerca del plan dental de Kaiser Permanente ofrecido por Carewell se encuentre al alcance de sus manos!\",\"breadcrumb\":{\"@id\":\"https:\\\/\\\/www.carewellseiu503.org\\\/es\\\/kp-dental-relay\\\/#breadcrumb\"},\"inLanguage\":\"es\",\"potentialAction\":[{\"@type\":\"ReadAction\",\"target\":[\"https:\\\/\\\/www.carewellseiu503.org\\\/es\\\/kp-dental-relay\\\/\"]}]},{\"@type\":\"BreadcrumbList\",\"@id\":\"https:\\\/\\\/www.carewellseiu503.org\\\/es\\\/kp-dental-relay\\\/#breadcrumb\",\"itemListElement\":[{\"@type\":\"ListItem\",\"position\":1,\"name\":\"Home\",\"item\":\"https:\\\/\\\/www.carewellseiu503.org\\\/es\\\/\"},{\"@type\":\"ListItem\",\"position\":2,\"name\":\"Carewell KP Dental Relay\"}]},{\"@type\":\"WebSite\",\"@id\":\"https:\\\/\\\/www.carewellseiu503.org\\\/es\\\/#website\",\"url\":\"https:\\\/\\\/www.carewellseiu503.org\\\/es\\\/\",\"name\":\"Carewell SEIU 503\",\"description\":\"Health. Support. Training.\",\"publisher\":{\"@id\":\"https:\\\/\\\/www.carewellseiu503.org\\\/es\\\/#organization\"},\"potentialAction\":[{\"@type\":\"SearchAction\",\"target\":{\"@type\":\"EntryPoint\",\"urlTemplate\":\"https:\\\/\\\/www.carewellseiu503.org\\\/es\\\/?s={search_term_string}\"},\"query-input\":{\"@type\":\"PropertyValueSpecification\",\"valueRequired\":true,\"valueName\":\"search_term_string\"}}],\"inLanguage\":\"es\"},{\"@type\":\"Organization\",\"@id\":\"https:\\\/\\\/www.carewellseiu503.org\\\/es\\\/#organization\",\"name\":\"Carewell SEIU 503\",\"url\":\"https:\\\/\\\/www.carewellseiu503.org\\\/es\\\/\",\"logo\":{\"@type\":\"ImageObject\",\"inLanguage\":\"es\",\"@id\":\"https:\\\/\\\/www.carewellseiu503.org\\\/es\\\/#\\\/schema\\\/logo\\\/image\\\/\",\"url\":\"https:\\\/\\\/www.carewellseiu503.org\\\/wp-content\\\/uploads\\\/FB-Alt-1.jpg\",\"contentUrl\":\"https:\\\/\\\/www.carewellseiu503.org\\\/wp-content\\\/uploads\\\/FB-Alt-1.jpg\",\"width\":2398,\"height\":1256,\"caption\":\"Carewell SEIU 503\"},\"image\":{\"@id\":\"https:\\\/\\\/www.carewellseiu503.org\\\/es\\\/#\\\/schema\\\/logo\\\/image\\\/\"}}]}<\/script>\n<!-- \/ Yoast SEO plugin. -->","yoast_head_json":{"title":"Carewell SEIU\u00a0503 | KP Dental Relay","description":"Queremos asegurarnos de que todos(as) conozcan sus beneficios dentales, \u00a1as\u00ed que estamos probando esta nueva forma de comunicaci\u00f3n v\u00eda mensaje de texto para que la informaci\u00f3n acerca del plan dental de Kaiser Permanente ofrecido por Carewell se encuentre al alcance de sus manos!","robots":{"index":"index","follow":"follow","max-snippet":"max-snippet:-1","max-image-preview":"max-image-preview:large","max-video-preview":"max-video-preview:-1"},"canonical":"https:\/\/www.carewellseiu503.org\/es\/kp-dental-relay\/","og_locale":"es_ES","og_type":"article","og_title":"Carewell SEIU\u00a0503 | KP Dental Relay","og_description":"Queremos asegurarnos de que todos(as) conozcan sus beneficios dentales, \u00a1as\u00ed que estamos probando esta nueva forma de comunicaci\u00f3n v\u00eda mensaje de texto para que la informaci\u00f3n acerca del plan dental de Kaiser Permanente ofrecido por Carewell se encuentre al alcance de sus manos!","og_site_name":"Carewell SEIU 503","article_modified_time":"2025-10-03T17:00:48+00:00","og_image":[{"url":"https:\/\/www.carewellseiu503.org\/wp-content\/uploads\/relay-photo-copy.png","type":"","width":"","height":""}],"twitter_card":"summary_large_image","twitter_misc":{"Tiempo de lectura":"4 minutos"},"schema":{"@context":"https:\/\/schema.org","@graph":[{"@type":"WebPage","@id":"https:\/\/www.carewellseiu503.org\/es\/kp-dental-relay\/","url":"https:\/\/www.carewellseiu503.org\/es\/kp-dental-relay\/","name":"Carewell SEIU\u00a0503 | KP Dental Relay","isPartOf":{"@id":"https:\/\/www.carewellseiu503.org\/es\/#website"},"datePublished":"2021-09-13T13:47:51+00:00","dateModified":"2025-10-03T17:00:48+00:00","description":"Queremos asegurarnos de que todos(as) conozcan sus beneficios dentales, \u00a1as\u00ed que estamos probando esta nueva forma de comunicaci\u00f3n v\u00eda mensaje de texto para que la informaci\u00f3n acerca del plan dental de Kaiser Permanente ofrecido por Carewell se encuentre al alcance de sus manos!","breadcrumb":{"@id":"https:\/\/www.carewellseiu503.org\/es\/kp-dental-relay\/#breadcrumb"},"inLanguage":"es","potentialAction":[{"@type":"ReadAction","target":["https:\/\/www.carewellseiu503.org\/es\/kp-dental-relay\/"]}]},{"@type":"BreadcrumbList","@id":"https:\/\/www.carewellseiu503.org\/es\/kp-dental-relay\/#breadcrumb","itemListElement":[{"@type":"ListItem","position":1,"name":"Home","item":"https:\/\/www.carewellseiu503.org\/es\/"},{"@type":"ListItem","position":2,"name":"Carewell KP Dental Relay"}]},{"@type":"WebSite","@id":"https:\/\/www.carewellseiu503.org\/es\/#website","url":"https:\/\/www.carewellseiu503.org\/es\/","name":"Carewell SEIU 503","description":"Health. Support. Training.","publisher":{"@id":"https:\/\/www.carewellseiu503.org\/es\/#organization"},"potentialAction":[{"@type":"SearchAction","target":{"@type":"EntryPoint","urlTemplate":"https:\/\/www.carewellseiu503.org\/es\/?s={search_term_string}"},"query-input":{"@type":"PropertyValueSpecification","valueRequired":true,"valueName":"search_term_string"}}],"inLanguage":"es"},{"@type":"Organization","@id":"https:\/\/www.carewellseiu503.org\/es\/#organization","name":"Carewell SEIU 503","url":"https:\/\/www.carewellseiu503.org\/es\/","logo":{"@type":"ImageObject","inLanguage":"es","@id":"https:\/\/www.carewellseiu503.org\/es\/#\/schema\/logo\/image\/","url":"https:\/\/www.carewellseiu503.org\/wp-content\/uploads\/FB-Alt-1.jpg","contentUrl":"https:\/\/www.carewellseiu503.org\/wp-content\/uploads\/FB-Alt-1.jpg","width":2398,"height":1256,"caption":"Carewell SEIU 503"},"image":{"@id":"https:\/\/www.carewellseiu503.org\/es\/#\/schema\/logo\/image\/"}}]}},"_links":{"self":[{"href":"https:\/\/www.carewellseiu503.org\/es\/wp-json\/wp\/v2\/pages\/230110","targetHints":{"allow":["GET"]}}],"collection":[{"href":"https:\/\/www.carewellseiu503.org\/es\/wp-json\/wp\/v2\/pages"}],"about":[{"href":"https:\/\/www.carewellseiu503.org\/es\/wp-json\/wp\/v2\/types\/page"}],"author":[{"embeddable":true,"href":"https:\/\/www.carewellseiu503.org\/es\/wp-json\/wp\/v2\/users\/30"}],"replies":[{"embeddable":true,"href":"https:\/\/www.carewellseiu503.org\/es\/wp-json\/wp\/v2\/comments?post=230110"}],"version-history":[{"count":0,"href":"https:\/\/www.carewellseiu503.org\/es\/wp-json\/wp\/v2\/pages\/230110\/revisions"}],"wp:attachment":[{"href":"https:\/\/www.carewellseiu503.org\/es\/wp-json\/wp\/v2\/media?parent=230110"}],"curies":[{"name":"wp","href":"https:\/\/api.w.org\/{rel}","templated":true}]}}