{"id":269600,"date":"2024-02-05T12:40:01","date_gmt":"2024-02-05T20:40:01","guid":{"rendered":"https:\/\/www.carewellseiu503.org\/como-acceder-a-su-form-1099-formulario-1099-en-linea\/"},"modified":"2024-02-07T16:58:41","modified_gmt":"2024-02-08T00:58:41","slug":"access1099","status":"publish","type":"page","link":"https:\/\/www.carewellseiu503.org\/es\/access1099\/","title":{"rendered":"C\u00f3mo acceder a su Form\u00a01099 (Formulario\u00a01099) en l\u00ednea"},"content":{"rendered":"<p>[et_pb_section fb_built=\u00bb1&#8243; custom_padding_last_edited=\u00bbon|phone\u00bb _builder_version=\u00bb4.16&#8243; background_color=\u00bb#f3f3f3&#8243; background_enable_image=\u00bboff\u00bb background_position=\u00bbbottom_left\u00bb min_height_tablet=\u00bb100px\u00bb min_height_phone=\u00bb\u00bb min_height_last_edited=\u00bbon|phone\u00bb custom_margin=\u00bb||0px||false|false\u00bb custom_padding=\u00bb50px||0px||false|false\u00bb custom_padding_tablet=\u00bb\u00bb custom_padding_phone=\u00bb0px||||false|false\u00bb bottom_divider_flip=\u00bbvertical\u00bb background_last_edited=\u00bbon|phone\u00bb use_background_color_gradient_phone=\u00bboff\u00bb background_enable_image_phone=\u00bboff\u00bb border_color_bottom=\u00bb#ffa89f\u00bb locked=\u00bboff\u00bb global_colors_info=\u00bb{}\u00bb][et_pb_row custom_padding_last_edited=\u00bbon|phone\u00bb _builder_version=\u00bb4.16&#8243; custom_padding=\u00bb100px||50px||false|false\u00bb custom_padding_tablet=\u00bb\u00bb custom_padding_phone=\u00bb\u00bb global_colors_info=\u00bb{}\u00bb][et_pb_column type=\u00bb4_4&#8243; _builder_version=\u00bb4.16&#8243; global_colors_info=\u00bb{}\u00bb][et_pb_text module_class=\u00bbaddLine\u00bb _builder_version=\u00bb4.23.1&#8243; hover_enabled=\u00bb0&#8243; text_text_color_tablet=\u00bb\u00bb text_text_color_phone=\u00bb\u00bb text_text_color_last_edited=\u00bbon|phone\u00bb header_text_color_tablet=\u00bb\u00bb header_text_color_phone=\u00bb\u00bb header_text_color_last_edited=\u00bbon|desktop\u00bb background_layout_tablet=\u00bb\u00bb background_layout_phone=\u00bb\u00bb background_layout_last_edited=\u00bbon|phone\u00bb locked=\u00bboff\u00bb global_colors_info=\u00bb{}\u00bb sticky_enabled=\u00bb0&#8243;]<\/p>\n<h1>C\u00f3mo acceder a su Form 1099 (Formulario 1099) en l\u00ednea<\/h1>\n<p>[\/et_pb_text][\/et_pb_column][\/et_pb_row][\/et_pb_section][et_pb_section fb_built=\u00bb1&#8243; _builder_version=\u00bb4.16&#8243; custom_margin=\u00bb50px||||false|false\u00bb custom_padding=\u00bb0px||||false|false\u00bb locked=\u00bboff\u00bb global_colors_info=\u00bb{}\u00bb][et_pb_row _builder_version=\u00bb4.16&#8243; custom_margin=\u00bb0px||0px||false|false\u00bb custom_padding=\u00bb0px||0px||false|false\u00bb locked=\u00bboff\u00bb global_colors_info=\u00bb{}\u00bb][et_pb_column type=\u00bb4_4&#8243; _builder_version=\u00bb4.16&#8243; global_colors_info=\u00bb{}\u00bb][et_pb_blurb image_icon_width=\u00bb50px\u00bb content_max_width=\u00bb100%\u00bb _builder_version=\u00bb4.23.1&#8243; text_orientation=\u00bbcenter\u00bb custom_padding=\u00bb||50px|||\u00bb hover_enabled=\u00bb0&#8243; icon_font_size=\u00bb50px\u00bb global_colors_info=\u00bb{}\u00bb sticky_enabled=\u00bb0&#8243;]<\/p>\n<p>Siga los pasos que se indican a continuaci\u00f3n para obtener su Form 1099 (Formulario 1099) en l\u00ednea.<\/p>\n<p>[\/et_pb_blurb][\/et_pb_column][\/et_pb_row][et_pb_row _builder_version=\u00bb4.23.1&#8243; custom_margin=\u00bb25px||25px||true|false\u00bb custom_padding=\u00bb25px||0px||false|false\u00bb border_width_top=\u00bb1px\u00bb border_color_top=\u00bbrgba(128,130,133,0.38)\u00bb locked=\u00bboff\u00bb global_colors_info=\u00bb{}\u00bb][et_pb_column type=\u00bb4_4&#8243; _builder_version=\u00bb4.23.1&#8243; global_colors_info=\u00bb{}\u00bb][et_pb_text _builder_version=\u00bb4.21.0&#8243; _module_preset=\u00bbdefault\u00bb global_colors_info=\u00bb{}\u00bb][\/et_pb_text][et_pb_blurb title=\u00bbInicie sesi\u00f3n en su cuenta MyCarewell503 \u00bb image=\u00bbhttps:\/\/www.carewellseiu503.org\/wp-content\/uploads\/\/number1.svg\u00bb icon_placement=\u00bbleft\u00bb image_icon_width=\u00bb90%\u00bb _builder_version=\u00bb4.23.1&#8243; _module_preset=\u00bbdefault\u00bb module_alignment=\u00bbleft\u00bb border_color_left_image=\u00bb#A45CFF\u00bb global_colors_info=\u00bb{}\u00bb]<\/p>\n<p><span>Enlace: <\/span><a href=\"https:\/\/www.carewellseiu503.org\/es\/access-your-benefits-on-demand-with-mycarewell503\/\" target=\"_blank\" rel=\"noreferrer noopener\">MyCarewell503<\/a><\/p>\n<p>[\/et_pb_blurb][et_pb_blurb title=\u00bbHaga clic en \u201cMain Menu (Men\u00fa principal)\u201d en la esquina superior izquierda \u00bb image=\u00bbhttps:\/\/www.carewellseiu503.org\/wp-content\/uploads\/\/number2.svg\u00bb icon_placement=\u00bbleft\u00bb image_icon_width=\u00bb90%\u00bb _builder_version=\u00bb4.23.1&#8243; _module_preset=\u00bbdefault\u00bb global_colors_info=\u00bb{}\u00bb][\/et_pb_blurb][et_pb_blurb title=\u00bbSeleccione \u201cForms and Documents (Formularios y documentos)\u201d \u00bb image=\u00bbhttps:\/\/www.carewellseiu503.org\/wp-content\/uploads\/\/number3.svg\u00bb icon_placement=\u00bbleft\u00bb image_icon_width=\u00bb90%\u00bb _builder_version=\u00bb4.23.1&#8243; _module_preset=\u00bbdefault\u00bb global_colors_info=\u00bb{}\u00bb][\/et_pb_blurb][et_pb_blurb title=\u00bbHaga clic en \u201cview\/download (visualizar\/descargar)\u201d junto a la l\u00ednea de los documentos del Form 1099 (Formulario 1099) \u00bb image=\u00bbhttps:\/\/www.carewellseiu503.org\/wp-content\/uploads\/\/number4.svg\u00bb icon_placement=\u00bbleft\u00bb image_icon_width=\u00bb90%\u00bb _builder_version=\u00bb4.23.1&#8243; _module_preset=\u00bbdefault\u00bb global_colors_info=\u00bb{}\u00bb]<\/p>\n<p><span><span class=\"EOP SCXW111498717 BCX0\" data-ccp-props=\"{}\">Se le redirigir\u00e1 a Zenwork, en donde podr\u00e1 visualizar\/descargar su documento.<\/span><\/span><\/p>\n<p>[\/et_pb_blurb][et_pb_blurb title=\u00bbIngrese su nombre de usuario(a) y contrase\u00f1a \u00bb image=\u00bbhttps:\/\/www.carewellseiu503.org\/wp-content\/uploads\/\/number5.svg\u00bb icon_placement=\u00bbleft\u00bb image_icon_width=\u00bb90%\u00bb _builder_version=\u00bb4.23.1&#8243; _module_preset=\u00bbdefault\u00bb global_colors_info=\u00bb{}\u00bb]<\/p>\n<p>Su nombre de usuario(a) ser\u00e1 la misma direcci\u00f3n de correo electr\u00f3nico que utiliza para iniciar sesi\u00f3n en MyCarewell503.<\/p>\n<p>Su contrase\u00f1a probablemente sea:<\/p>\n<ul>\n<li>Las primeras 4\u00a0letras de su <strong>nombre<\/strong> y los 4\u00a0\u00faltimos d\u00edgitos de su n\u00famero de seguridad social <strong>\u00a0O<\/strong><\/li>\n<li>Las primeras 4\u00a0letras de su <strong>apellido<\/strong> y los 4\u00a0\u00faltimos d\u00edgitos de su n\u00famero de seguridad social.<\/li>\n<\/ul>\n<p>[\/et_pb_blurb][\/et_pb_column][\/et_pb_row][\/et_pb_section][et_pb_section fb_built=\u00bb1&#8243; disabled_on=\u00bbon|on|on\u00bb _builder_version=\u00bb4.16&#8243; background_color=\u00bb#f3f3f3&#8243; disabled=\u00bbon\u00bb global_colors_info=\u00bb{}\u00bb][et_pb_row column_structure=\u00bb1_2,1_2&#8243; make_equal=\u00bbon\u00bb _builder_version=\u00bb4.18.1&#8243; custom_padding=\u00bb2px||6px|||\u00bb global_colors_info=\u00bb{}\u00bb][et_pb_column type=\u00bb1_2&#8243; _builder_version=\u00bb4.16&#8243; global_colors_info=\u00bb{}\u00bb][et_pb_blurb url=\u00bbhttps:\/\/www.carewellseiu503.org\/es\/eligibility\/#dveanchor\u00bb image=\u00bbhttps:\/\/www.carewellseiu503.org\/wp-content\/uploads\/\/icons-lv-3UP.svg\u00bb image_icon_width=\u00bb200px\u00bb image_last_edited=\u00bboff|desktop\u00bb module_class=\u00bbshadowHover\u00bb _builder_version=\u00bb4.18.1&#8243; background_color=\u00bb#ffffff\u00bb text_orientation=\u00bbcenter\u00bb module_alignment=\u00bbcenter\u00bb min_height=\u00bb100%\u00bb custom_padding=\u00bb25px|25px|25px|25px|true|true\u00bb link_option_url=\u00bbhttps:\/\/www.carewellseiu503.org\/es\/eligibility\/#dveanchor\u00bb border_width_top=\u00bb3px\u00bb border_color_top=\u00bb#a45cff\u00bb image_max_width=\u00bb200px\u00bb global_colors_info=\u00bb{}\u00bb image__hover_enabled=\u00bbon|hover\u00bb image__hover=\u00bbhttps:\/\/www.carewellseiu503.org\/wp-content\/uploads\/\/icons-co-3UP.svg\u00bb border_width_top__hover_enabled=\u00bboff|hover\u00bb border_color_top__hover_enabled=\u00bbon|desktop\u00bb border_color_top__hover=\u00bb#ffa89f\u00bb]<\/p>\n<p>Verifique si es elegible para recibir los beneficios dentales, visuales, auditivos y del Programa de Asistencia al Empleado<\/p>\n<p>[\/et_pb_blurb][\/et_pb_column][et_pb_column type=\u00bb1_2&#8243; _builder_version=\u00bb4.16&#8243; global_colors_info=\u00bb{}\u00bb][et_pb_blurb url=\u00bbhttps:\/\/www.carewellseiu503.org\/es\/eligibility\/#hcaanchor\u00bb image=\u00bbhttps:\/\/www.carewellseiu503.org\/wp-content\/uploads\/\/icons-lv-04.svg\u00bb image_icon_width=\u00bb70px\u00bb image_last_edited=\u00bboff|desktop\u00bb module_class=\u00bbshadowHover\u00bb _builder_version=\u00bb4.18.1&#8243; background_color=\u00bb#ffffff\u00bb text_orientation=\u00bbcenter\u00bb module_alignment=\u00bbcenter\u00bb min_height=\u00bb100%\u00bb custom_padding=\u00bb25px|25px|25px|25px|true|true\u00bb link_option_url=\u00bbhttps:\/\/www.carewellseiu503.org\/es\/eligibility\/#hcaanchor\u00bb border_width_top=\u00bb3px\u00bb border_color_top=\u00bb#a45cff\u00bb image_max_width=\u00bb70px\u00bb global_colors_info=\u00bb{}\u00bb image__hover_enabled=\u00bbon|hover\u00bb image__hover=\u00bbhttps:\/\/www.carewellseiu503.org\/wp-content\/uploads\/\/icons-coral-04.svg\u00bb border_width_top__hover_enabled=\u00bboff|hover\u00bb border_color_top__hover_enabled=\u00bbon|desktop\u00bb border_color_top__hover=\u00bb#a45cff\u00bb]<\/p>\n<p>Verifique si es elegible para recibir la asistencia con los costos de atenci\u00f3n m\u00e9dica<\/p>\n<p>[\/et_pb_blurb][\/et_pb_column][\/et_pb_row][\/et_pb_section]<\/p>\n","protected":false},"excerpt":{"rendered":"<p>C\u00f3mo acceder a su Form 1099 (Formulario 1099) en l\u00edneaSiga los pasos que se indican a continuaci\u00f3n para obtener su Form 1099 (Formulario 1099) en l\u00ednea.Enlace: MyCarewell503Se le redirigir\u00e1 a Zenwork, en donde podr\u00e1 visualizar\/descargar su documento.Su nombre de usuario(a) ser\u00e1 la misma direcci\u00f3n de correo electr\u00f3nico que utiliza para iniciar sesi\u00f3n en MyCarewell503. Su&#8230;<\/p>\n","protected":false},"author":30,"featured_media":0,"parent":0,"menu_order":0,"comment_status":"closed","ping_status":"closed","template":"","meta":{"_acf_changed":false,"_et_pb_use_builder":"on","_et_pb_old_content":"","_et_gb_content_width":"","footnotes":"","_links_to":"","_links_to_target":""},"class_list":["post-269600","page","type-page","status-publish","hentry"],"acf":[],"yoast_head":"<!-- This site is optimized with the Yoast SEO plugin v27.4 - https:\/\/yoast.com\/product\/yoast-seo-wordpress\/ -->\n<title>C\u00f3mo acceder a su Form\u00a01099 (Formulario\u00a01099) en l\u00ednea - Carewell SEIU 503<\/title>\n<meta name=\"robots\" content=\"noindex, follow\" \/>\n<meta property=\"og:locale\" content=\"es_ES\" \/>\n<meta property=\"og:type\" content=\"article\" \/>\n<meta property=\"og:title\" content=\"C\u00f3mo acceder a su Form\u00a01099 (Formulario\u00a01099) en l\u00ednea - Carewell SEIU 503\" \/>\n<meta property=\"og:description\" content=\"C\u00f3mo acceder a su Form 1099 (Formulario 1099) en l\u00edneaSiga los pasos que se indican a continuaci\u00f3n para obtener su Form 1099 (Formulario 1099) en l\u00ednea.Enlace: MyCarewell503Se le redirigir\u00e1 a Zenwork, en donde podr\u00e1 visualizar\/descargar su documento.Su nombre de usuario(a) ser\u00e1 la misma direcci\u00f3n de correo electr\u00f3nico que utiliza para iniciar sesi\u00f3n en MyCarewell503. Su...\" \/>\n<meta property=\"og:site_name\" content=\"Carewell SEIU 503\" \/>\n<meta property=\"article:modified_time\" content=\"2024-02-08T00:58:41+00:00\" \/>\n<meta property=\"og:image\" content=\"https:\/\/www.carewellseiu503.org\/wp-content\/uploads\/FB-Alt-1.jpg\" \/>\n\t<meta property=\"og:image:width\" content=\"2398\" \/>\n\t<meta property=\"og:image:height\" content=\"1256\" \/>\n\t<meta property=\"og:image:type\" content=\"image\/jpeg\" \/>\n<meta name=\"twitter:card\" content=\"summary_large_image\" \/>\n<meta name=\"twitter:label1\" content=\"Tiempo de lectura\" \/>\n\t<meta name=\"twitter:data1\" content=\"2 minutos\" \/>\n<script type=\"application\/ld+json\" class=\"yoast-schema-graph\">{\"@context\":\"https:\\\/\\\/schema.org\",\"@graph\":[{\"@type\":\"WebPage\",\"@id\":\"https:\\\/\\\/www.carewellseiu503.org\\\/es\\\/access1099\\\/\",\"url\":\"https:\\\/\\\/www.carewellseiu503.org\\\/es\\\/access1099\\\/\",\"name\":\"C\u00f3mo acceder a su Form\u00a01099 (Formulario\u00a01099) en l\u00ednea - Carewell SEIU 503\",\"isPartOf\":{\"@id\":\"https:\\\/\\\/www.carewellseiu503.org\\\/es\\\/#website\"},\"datePublished\":\"2024-02-05T20:40:01+00:00\",\"dateModified\":\"2024-02-08T00:58:41+00:00\",\"breadcrumb\":{\"@id\":\"https:\\\/\\\/www.carewellseiu503.org\\\/es\\\/access1099\\\/#breadcrumb\"},\"inLanguage\":\"es\",\"potentialAction\":[{\"@type\":\"ReadAction\",\"target\":[\"https:\\\/\\\/www.carewellseiu503.org\\\/es\\\/access1099\\\/\"]}]},{\"@type\":\"BreadcrumbList\",\"@id\":\"https:\\\/\\\/www.carewellseiu503.org\\\/es\\\/access1099\\\/#breadcrumb\",\"itemListElement\":[{\"@type\":\"ListItem\",\"position\":1,\"name\":\"Home\",\"item\":\"https:\\\/\\\/www.carewellseiu503.org\\\/es\\\/\"},{\"@type\":\"ListItem\",\"position\":2,\"name\":\"C\u00f3mo acceder a su Form\u00a01099 (Formulario\u00a01099) en l\u00ednea\"}]},{\"@type\":\"WebSite\",\"@id\":\"https:\\\/\\\/www.carewellseiu503.org\\\/es\\\/#website\",\"url\":\"https:\\\/\\\/www.carewellseiu503.org\\\/es\\\/\",\"name\":\"Carewell SEIU 503\",\"description\":\"Health. Support. Training.\",\"publisher\":{\"@id\":\"https:\\\/\\\/www.carewellseiu503.org\\\/es\\\/#organization\"},\"potentialAction\":[{\"@type\":\"SearchAction\",\"target\":{\"@type\":\"EntryPoint\",\"urlTemplate\":\"https:\\\/\\\/www.carewellseiu503.org\\\/es\\\/?s={search_term_string}\"},\"query-input\":{\"@type\":\"PropertyValueSpecification\",\"valueRequired\":true,\"valueName\":\"search_term_string\"}}],\"inLanguage\":\"es\"},{\"@type\":\"Organization\",\"@id\":\"https:\\\/\\\/www.carewellseiu503.org\\\/es\\\/#organization\",\"name\":\"Carewell SEIU 503\",\"url\":\"https:\\\/\\\/www.carewellseiu503.org\\\/es\\\/\",\"logo\":{\"@type\":\"ImageObject\",\"inLanguage\":\"es\",\"@id\":\"https:\\\/\\\/www.carewellseiu503.org\\\/es\\\/#\\\/schema\\\/logo\\\/image\\\/\",\"url\":\"https:\\\/\\\/www.carewellseiu503.org\\\/wp-content\\\/uploads\\\/FB-Alt-1.jpg\",\"contentUrl\":\"https:\\\/\\\/www.carewellseiu503.org\\\/wp-content\\\/uploads\\\/FB-Alt-1.jpg\",\"width\":2398,\"height\":1256,\"caption\":\"Carewell SEIU 503\"},\"image\":{\"@id\":\"https:\\\/\\\/www.carewellseiu503.org\\\/es\\\/#\\\/schema\\\/logo\\\/image\\\/\"}}]}<\/script>\n<!-- \/ Yoast SEO plugin. -->","yoast_head_json":{"title":"C\u00f3mo acceder a su Form\u00a01099 (Formulario\u00a01099) en l\u00ednea - Carewell SEIU 503","robots":{"index":"noindex","follow":"follow"},"og_locale":"es_ES","og_type":"article","og_title":"C\u00f3mo acceder a su Form\u00a01099 (Formulario\u00a01099) en l\u00ednea - Carewell SEIU 503","og_description":"C\u00f3mo acceder a su Form 1099 (Formulario 1099) en l\u00edneaSiga los pasos que se indican a continuaci\u00f3n para obtener su Form 1099 (Formulario 1099) en l\u00ednea.Enlace: MyCarewell503Se le redirigir\u00e1 a Zenwork, en donde podr\u00e1 visualizar\/descargar su documento.Su nombre de usuario(a) ser\u00e1 la misma direcci\u00f3n de correo electr\u00f3nico que utiliza para iniciar sesi\u00f3n en MyCarewell503. Su...","og_site_name":"Carewell SEIU 503","article_modified_time":"2024-02-08T00:58:41+00:00","og_image":[{"width":2398,"height":1256,"url":"https:\/\/www.carewellseiu503.org\/wp-content\/uploads\/FB-Alt-1.jpg","type":"image\/jpeg"}],"twitter_card":"summary_large_image","twitter_misc":{"Tiempo de lectura":"2 minutos"},"schema":{"@context":"https:\/\/schema.org","@graph":[{"@type":"WebPage","@id":"https:\/\/www.carewellseiu503.org\/es\/access1099\/","url":"https:\/\/www.carewellseiu503.org\/es\/access1099\/","name":"C\u00f3mo acceder a su Form\u00a01099 (Formulario\u00a01099) en l\u00ednea - Carewell SEIU 503","isPartOf":{"@id":"https:\/\/www.carewellseiu503.org\/es\/#website"},"datePublished":"2024-02-05T20:40:01+00:00","dateModified":"2024-02-08T00:58:41+00:00","breadcrumb":{"@id":"https:\/\/www.carewellseiu503.org\/es\/access1099\/#breadcrumb"},"inLanguage":"es","potentialAction":[{"@type":"ReadAction","target":["https:\/\/www.carewellseiu503.org\/es\/access1099\/"]}]},{"@type":"BreadcrumbList","@id":"https:\/\/www.carewellseiu503.org\/es\/access1099\/#breadcrumb","itemListElement":[{"@type":"ListItem","position":1,"name":"Home","item":"https:\/\/www.carewellseiu503.org\/es\/"},{"@type":"ListItem","position":2,"name":"C\u00f3mo acceder a su Form\u00a01099 (Formulario\u00a01099) en l\u00ednea"}]},{"@type":"WebSite","@id":"https:\/\/www.carewellseiu503.org\/es\/#website","url":"https:\/\/www.carewellseiu503.org\/es\/","name":"Carewell SEIU 503","description":"Health. Support. Training.","publisher":{"@id":"https:\/\/www.carewellseiu503.org\/es\/#organization"},"potentialAction":[{"@type":"SearchAction","target":{"@type":"EntryPoint","urlTemplate":"https:\/\/www.carewellseiu503.org\/es\/?s={search_term_string}"},"query-input":{"@type":"PropertyValueSpecification","valueRequired":true,"valueName":"search_term_string"}}],"inLanguage":"es"},{"@type":"Organization","@id":"https:\/\/www.carewellseiu503.org\/es\/#organization","name":"Carewell SEIU 503","url":"https:\/\/www.carewellseiu503.org\/es\/","logo":{"@type":"ImageObject","inLanguage":"es","@id":"https:\/\/www.carewellseiu503.org\/es\/#\/schema\/logo\/image\/","url":"https:\/\/www.carewellseiu503.org\/wp-content\/uploads\/FB-Alt-1.jpg","contentUrl":"https:\/\/www.carewellseiu503.org\/wp-content\/uploads\/FB-Alt-1.jpg","width":2398,"height":1256,"caption":"Carewell SEIU 503"},"image":{"@id":"https:\/\/www.carewellseiu503.org\/es\/#\/schema\/logo\/image\/"}}]}},"_links":{"self":[{"href":"https:\/\/www.carewellseiu503.org\/es\/wp-json\/wp\/v2\/pages\/269600","targetHints":{"allow":["GET"]}}],"collection":[{"href":"https:\/\/www.carewellseiu503.org\/es\/wp-json\/wp\/v2\/pages"}],"about":[{"href":"https:\/\/www.carewellseiu503.org\/es\/wp-json\/wp\/v2\/types\/page"}],"author":[{"embeddable":true,"href":"https:\/\/www.carewellseiu503.org\/es\/wp-json\/wp\/v2\/users\/30"}],"replies":[{"embeddable":true,"href":"https:\/\/www.carewellseiu503.org\/es\/wp-json\/wp\/v2\/comments?post=269600"}],"version-history":[{"count":0,"href":"https:\/\/www.carewellseiu503.org\/es\/wp-json\/wp\/v2\/pages\/269600\/revisions"}],"wp:attachment":[{"href":"https:\/\/www.carewellseiu503.org\/es\/wp-json\/wp\/v2\/media?parent=269600"}],"curies":[{"name":"wp","href":"https:\/\/api.w.org\/{rel}","templated":true}]}}