{"id":270204,"date":"2024-02-14T07:18:08","date_gmt":"2024-02-14T15:18:08","guid":{"rendered":"https:\/\/www.carewellseiu503.org\/carewell-kicks\/"},"modified":"2025-10-03T10:04:25","modified_gmt":"2025-10-03T17:04:25","slug":"carewellkicks","status":"publish","type":"page","link":"https:\/\/www.carewellseiu503.org\/es\/carewellkicks\/","title":{"rendered":"Carewell Kicks"},"content":{"rendered":"<p>[et_pb_section fb_built=\u00bb1&#8243; custom_padding_last_edited=\u00bbon|phone\u00bb _builder_version=\u00bb4.16&#8243; background_color=\u00bb#ffffff\u00bb background_enable_image=\u00bboff\u00bb background_position=\u00bbbottom_left\u00bb min_height=\u00bb350px\u00bb min_height_tablet=\u00bb100px\u00bb min_height_phone=\u00bb\u00bb min_height_last_edited=\u00bbon|phone\u00bb custom_margin=\u00bb||0px||false|false\u00bb custom_padding=\u00bb50px||0px||false|false\u00bb custom_padding_tablet=\u00bb\u00bb custom_padding_phone=\u00bb0px||||false|false\u00bb bottom_divider_flip=\u00bbvertical\u00bb background_last_edited=\u00bbon|phone\u00bb use_background_color_gradient_phone=\u00bboff\u00bb background_enable_image_phone=\u00bboff\u00bb border_color_bottom=\u00bb#ffa89f\u00bb locked=\u00bboff\u00bb global_colors_info=\u00bb{}\u00bb][et_pb_row custom_padding_last_edited=\u00bbon|phone\u00bb _builder_version=\u00bb4.16&#8243; custom_padding=\u00bb100px||3px||false|false\u00bb custom_padding_tablet=\u00bb\u00bb custom_padding_phone=\u00bb\u00bb global_colors_info=\u00bb{}\u00bb][et_pb_column type=\u00bb4_4&#8243; _builder_version=\u00bb4.16&#8243; global_colors_info=\u00bb{}\u00bb][et_pb_text module_class=\u00bbaddLine\u00bb _builder_version=\u00bb4.16&#8243; text_text_color_tablet=\u00bb\u00bb text_text_color_phone=\u00bb\u00bb text_text_color_last_edited=\u00bbon|phone\u00bb header_text_color_tablet=\u00bb\u00bb header_text_color_phone=\u00bb\u00bb header_text_color_last_edited=\u00bbon|desktop\u00bb background_layout_tablet=\u00bb\u00bb background_layout_phone=\u00bb\u00bb background_layout_last_edited=\u00bbon|phone\u00bb locked=\u00bboff\u00bb global_colors_info=\u00bb{}\u00bb]<\/p>\n<h1>Carewell Kicks<\/h1>\n<p>[\/et_pb_text][\/et_pb_column][\/et_pb_row][et_pb_row column_structure=\u00bb1_2,1_2&#8243; _builder_version=\u00bb4.23.1&#8243; _module_preset=\u00bbdefault\u00bb global_colors_info=\u00bb{}\u00bb][et_pb_column type=\u00bb1_2&#8243; _builder_version=\u00bb4.17.3&#8243; _module_preset=\u00bbdefault\u00bb global_colors_info=\u00bb{}\u00bb][et_pb_text _builder_version=\u00bb4.23.1&#8243; _module_preset=\u00bbdefault\u00bb custom_padding=\u00bb||0px|||\u00bb global_colors_info=\u00bb{}\u00bb]<\/p>\n<h2><span data-contrast=\"none\" xml:lang=\"es-AR\" lang=\"EN-US\" class=\"TextRun SCXW134100487 BCX0\"><span class=\"NormalTextRun SCXW134100487 BCX0\">Carewell Kicks: zapatos gratis para proveedores(as) de atenci\u00f3n<\/span><\/span><\/h2>\n<p><span data-contrast=\"none\" xml:lang=\"es-AR\" lang=\"EN-US\" class=\"TextRun SCXW134100487 BCX0\"><span class=\"NormalTextRun SCXW134100487 BCX0\">El trabajo que usted realiza es fundamental para nuestra comunidad, y usted merece tener seguridad y comodidad en el trabajo. El calzado apropiado es crucial para prevenir resbalones, tropezones y ca\u00eddas en el trabajo. Unos buenos zapatos tambi\u00e9n<\/span> <span class=\"NormalTextRun SCXW134100487 BCX0\">ofrecen<\/span> <span class=\"NormalTextRun SCXW134100487 BCX0\">comodidad y reducen la fatiga por permanecer de pie en el<\/span> <span class=\"NormalTextRun SCXW134100487 BCX0\">trabajo.<\/span><\/span><span class=\"EOP SCXW134100487 BCX0\" data-ccp-props=\"{\"201341983\":0,\"335551550\":1,\"335551620\":1,\"335559685\":720,\"335559739\":160,\"335559740\":259}\">\u00a0<\/span><\/p>\n<p style=\"text-align: left;\">Carewell Kicks es un nuevo beneficio que proporciona de <strong>forma gratuita un par de zapatos antideslizantes<\/strong> despu\u00e9s de que complete su requisito de capacitaci\u00f3n.<\/p>\n<p>[\/et_pb_text][\/et_pb_column][et_pb_column type=\u00bb1_2&#8243; _builder_version=\u00bb4.17.3&#8243; _module_preset=\u00bbdefault\u00bb global_colors_info=\u00bb{}\u00bb][et_pb_image src=\u00bbhttps:\/\/www.carewellseiu503.org\/wp-content\/uploads\/Carewell-Kicks-Image-1-scaled.jpeg\u00bb title_text=\u00bbPrimer plano de una persona caminando con zapatos deportivos de color gris\u00bb _builder_version=\u00bb4.23.1&#8243; _module_preset=\u00bbdefault\u00bb global_colors_info=\u00bb{}\u00bb][\/et_pb_image][\/et_pb_column][\/et_pb_row][et_pb_row _builder_version=\u00bb4.23.1&#8243; _module_preset=\u00bbdefault\u00bb global_colors_info=\u00bb{}\u00bb][et_pb_column type=\u00bb4_4&#8243; _builder_version=\u00bb4.23.1&#8243; _module_preset=\u00bbdefault\u00bb global_colors_info=\u00bb{}\u00bb][et_pb_text _builder_version=\u00bb4.27.4&#8243; _module_preset=\u00bbdefault\u00bb animation_style=\u00bbfade\u00bb global_colors_info=\u00bb{}\u00bb]<\/p>\n<h3><span data-contrast=\"none\">Carewell Kicks:<\/span><span data-ccp-props=\"{\"201341983\":0,\"335551550\":1,\"335551620\":1,\"335559685\":720,\"335559739\":160,\"335559740\":259}\">\u00a0<\/span><\/h3>\n<ul>\n<li data-leveltext=\"\uf0b7\" data-font=\"Symbol\" data-listid=\"7\" data-list-defn-props=\"{\"335552541\":1,\"335559684\":-2,\"335559685\":1440,\"335559991\":360,\"469769226\":\"Symbol\",\"469769242\":[8226],\"469777803\":\"left\",\"469777804\":\"\uf0b7\",\"469777815\":\"hybridMultilevel\"}\" aria-setsize=\"-1\" data-aria-posinset=\"1\" data-aria-level=\"2\"><span data-contrast=\"none\">Son 100\u00a0%<\/span>\u00a0<b><span data-contrast=\"none\">gratis<\/span><\/b><span data-contrast=\"none\"> para los (las) proveedores(as) de atenci\u00f3n que completen su capacitaci\u00f3n para trabajadores(as) nuevos(as) o el requisito de educaci\u00f3n continua (o tengan una certificaci\u00f3n activa).<\/span><span data-ccp-props=\"{\"201341983\":0,\"335551550\":1,\"335551620\":1,\"335559739\":160,\"335559740\":259}\">\u00a0<\/span><\/li>\n<li data-leveltext=\"\uf0b7\" data-font=\"Symbol\" data-listid=\"7\" data-list-defn-props=\"{\"335552541\":1,\"335559684\":-2,\"335559685\":1440,\"335559991\":360,\"469769226\":\"Symbol\",\"469769242\":[8226],\"469777803\":\"left\",\"469777804\":\"\uf0b7\",\"469777815\":\"hybridMultilevel\"}\" aria-setsize=\"-1\" data-aria-posinset=\"2\" data-aria-level=\"2\"><span data-contrast=\"none\">Lo (la) hacen sentir seguro(a) mientras trabaja, y son <\/span><b><span data-contrast=\"none\">c\u00f3modos<\/span><\/b><span data-contrast=\"none\"> y <\/span><b><span data-contrast=\"none\">antideslizantes<\/span><\/b>. <span data-ccp-props=\"{\"134233117\":false,\"134233118\":false,\"201341983\":0,\"335551550\":1,\"335551620\":1,\"335559685\":1440,\"335559737\":0,\"335559738\":0,\"335559739\":160,\"335559740\":259,\"335559991\":360}\">\u00a0<\/span><\/li>\n<li data-leveltext=\"\uf0b7\" data-font=\"Symbol\" data-listid=\"7\" data-list-defn-props=\"{\"335552541\":1,\"335559684\":-2,\"335559685\":1440,\"335559991\":360,\"469769226\":\"Symbol\",\"469769242\":[8226],\"469777803\":\"left\",\"469777804\":\"\uf0b7\",\"469777815\":\"hybridMultilevel\"}\" aria-setsize=\"-1\" data-aria-posinset=\"3\" data-aria-level=\"2\"><span data-contrast=\"none\">Lucen muy bien y est\u00e1n<\/span> <b><span data-contrast=\"none\">disponibles en m\u00e1s de 70\u00a0estilos<\/span><\/b> <span data-contrast=\"none\">de marcas populares como Reebok y Skechers.<\/span><span data-ccp-props=\"{\"201341983\":0,\"335551550\":1,\"335551620\":1,\"335559739\":160,\"335559740\":259}\">\u00a0<\/span><\/li>\n<\/ul>\n<p>[\/et_pb_text][\/et_pb_column][\/et_pb_row][et_pb_row column_structure=\u00bb1_3,2_3&#8243; _builder_version=\u00bb4.27.4&#8243; global_colors_info=\u00bb{}\u00bb][et_pb_column type=\u00bb1_3&#8243; _builder_version=\u00bb4.16&#8243; global_colors_info=\u00bb{}\u00bb][et_pb_text _builder_version=\u00bb4.23.1&#8243; custom_padding=\u00bb||0px|||\u00bb global_colors_info=\u00bb{}\u00bb]<\/p>\n<h2 style=\"text-align: left;\">Preguntas frecuentes sobre elegibilidad<\/h2>\n<p>[\/et_pb_text][\/et_pb_column][et_pb_column type=\u00bb2_3&#8243; _builder_version=\u00bb4.16&#8243; global_colors_info=\u00bb{}\u00bb][et_pb_accordion open_toggle_text_color=\u00bb#a45cff\u00bb icon_color=\u00bbrgba(0,0,0,0)\u00bb module_class=\u00bbspark-accordion closeFirst\u00bb _builder_version=\u00bb4.27.4&#8243; toggle_text_color=\u00bb#582c82&#8243; hover_enabled=\u00bb0&#8243; global_colors_info=\u00bb{}\u00bb sticky_enabled=\u00bb0&#8243;][et_pb_accordion_item title=\u00bb\u00bfC\u00f3mo puedo ser elegible para recibir Carewell Kicks?\u00bb open=\u00bbon\u00bb _builder_version=\u00bb4.27.4&#8243; global_colors_info=\u00bb{}\u00bb]<\/p>\n<p>Trabajadores(as) elegibles:<\/p>\n<ol start=\"1\" data-listchain=\"__List_Chain_60\" data-editing-info=\"{\"orderedStyleType\":1}\">\n<li>Completaron la capacitaci\u00f3n para trabajadores(as) nuevos(as) despu\u00e9s del 1.\u00ba de enero del 2024\u00a0<b>o<\/b><\/li>\n<li>Completaron la educaci\u00f3n continua*\u00a0<b>o<\/b><\/li>\n<li>Tienen una certificaci\u00f3n que cumple los requisitos para la exenci\u00f3n de la educaci\u00f3n continua, como una Certificaci\u00f3n de desarrollo profesional (Professional Development Certification, PDC).<\/li>\n<\/ol>\n<p>* Revise si ya complet\u00f3 su capacitaci\u00f3n en el <a href=\"https:\/\/carewellseiu503portal.org\/#\/login\" target=\"_blank\" rel=\"noopener\">Carewell Learning Portal<\/a> (Portal de aprendizaje de Carewell).<\/p>\n<p>Una vez que sea elegible, Carewell le enviar\u00e1 por correo electr\u00f3nico un enlace para que seleccione un par de zapatos.<\/p>\n<p>[\/et_pb_accordion_item][et_pb_accordion_item title=\u00bb\u00bfCu\u00e1les son las certificaciones que cumplen los requisitos de exenci\u00f3n?\u00bb _builder_version=\u00bb4.23.1&#8243; _module_preset=\u00bbdefault\u00bb global_colors_info=\u00bb{}\u00bb open=\u00bboff\u00bb]<\/p>\n<div>Las certificaciones que cumplen los requisitos para la exenci\u00f3n deben estar activas (no vencidas). Estas incluyen:<\/div>\n<ul data-editing-info=\"{\"orderedStyleType\":1,\"unorderedStyleType\":1}\">\n<li>Certificaci\u00f3n de desarrollo profesional (Professional Development Certification, PDC)\u00a0<\/li>\n<li>Trabajador de atenci\u00f3n domiciliaria mejorado (Enhanced Homecare Support Worker) o Trabajador de asistencia personal mejorado (Enhanced Personal Support Worker)\u00a0<\/li>\n<li>Trabajador de asistencia personal excepcional (Exceptional Personal Support Worker)\u00a0<\/li>\n<li>Cuadriplejia con dependencia a respirador (Ventilator Dependent Quadriplegia, VDQ)\u00a0<\/li>\n<li>\n<div>Trabajador de salud tradicional (Traditional Health Worker)<\/div>\n<\/li>\n<\/ul>\n<div>La reanimaci\u00f3n cardiopulmonar (por su sigla en ingl\u00e9s CPR) no es una certificaci\u00f3n que cumpla los requisitos de exenci\u00f3n.\u00a0<\/div>\n<p>[\/et_pb_accordion_item][et_pb_accordion_item title=\u00bb\u00bfDebo pagar por mis zapatos? \u00bb _builder_version=\u00bb4.23.1&#8243; _module_preset=\u00bbdefault\u00bb global_colors_info=\u00bb{}\u00bb open=\u00bboff\u00bb]<\/p>\n<p>No. Los Carewell Kicks est\u00e1n disponibles sin ning\u00fan costo para los (las) proveedores(as) de atenci\u00f3n que hayan completado los requisitos.<\/p>\n<p>[\/et_pb_accordion_item][et_pb_accordion_item title=\u00bb\u00bfCu\u00e1ndo puedo pedir mi pr\u00f3ximo par de zapatos?\u00bb _builder_version=\u00bb4.27.4&#8243; _module_preset=\u00bbdefault\u00bb hover_enabled=\u00bb0&#8243; global_colors_info=\u00bb{}\u00bb open=\u00bboff\u00bb sticky_enabled=\u00bb0&#8243;]<\/p>\n<p>Siempre que cumpla con los requisitos de capacitaci\u00f3n, podr\u00e1 pedir un nuevo par de zapatos a partir del primer d\u00eda del mes, una vez transcurrido un a\u00f1o desde la fecha de env\u00edo de su primer pedido. <a href=\"https:\/\/www.srmax.com\/carewell\/storelogin\" target=\"_blank\" rel=\"noopener\">Inicie sesi\u00f3n en SR Max<\/a> con su correo electr\u00f3nico y apellido para pedir su pr\u00f3ximo par.<\/p>\n<p><em><u>Ejemplo:<\/u><\/em>\u00a0Su primer par se envi\u00f3 el 15 de abril del 2024. Puede pedir su pr\u00f3ximo par el 1.\u00ba de abril del 2025 si cumple con los requisitos de capacitaci\u00f3n.<\/p>\n<p><em><u>Ejemplo:<\/u><\/em>\u00a0Su primer par de zapatos se envi\u00f3 el 6 de julio del 2025. Puede pedir su pr\u00f3ximo par el 1.\u00ba de julio del 2026 si cumple con los requisitos de capacitaci\u00f3n.<\/p>\n<p>[\/et_pb_accordion_item][\/et_pb_accordion][\/et_pb_column][\/et_pb_row][et_pb_row _builder_version=\u00bb4.23.1&#8243; _module_preset=\u00bbdefault\u00bb global_colors_info=\u00bb{}\u00bb][et_pb_column type=\u00bb4_4&#8243; _builder_version=\u00bb4.23.1&#8243; _module_preset=\u00bbdefault\u00bb global_colors_info=\u00bb{}\u00bb][et_pb_divider _builder_version=\u00bb4.23.1&#8243; _module_preset=\u00bbdefault\u00bb global_colors_info=\u00bb{}\u00bb][\/et_pb_divider][\/et_pb_column][\/et_pb_row][et_pb_row column_structure=\u00bb1_3,2_3&#8243; _builder_version=\u00bb4.16&#8243; global_colors_info=\u00bb{}\u00bb][et_pb_column type=\u00bb1_3&#8243; _builder_version=\u00bb4.16&#8243; global_colors_info=\u00bb{}\u00bb][et_pb_text _builder_version=\u00bb4.23.1&#8243; custom_padding=\u00bb||0px|||\u00bb global_colors_info=\u00bb{}\u00bb]<\/p>\n<h2 style=\"text-align: left;\">Preguntas frecuentes sobre c\u00f3mo realizar pedidos<\/h2>\n<p>[\/et_pb_text][\/et_pb_column][et_pb_column type=\u00bb2_3&#8243; _builder_version=\u00bb4.16&#8243; global_colors_info=\u00bb{}\u00bb][et_pb_accordion open_toggle_text_color=\u00bb#a45cff\u00bb icon_color=\u00bbrgba(0,0,0,0)\u00bb module_class=\u00bbspark-accordion closeFirst\u00bb _builder_version=\u00bb4.23.1&#8243; toggle_text_color=\u00bb#582c82&#8243; global_colors_info=\u00bb{}\u00bb][et_pb_accordion_item title=\u00bb\u00bfQu\u00e9 tipo de zapatos est\u00e1n disponibles?\u00bb open=\u00bbon\u00bb _builder_version=\u00bb4.23.1&#8243; global_colors_info=\u00bb{}\u00bb]<\/p>\n<p>Hay m\u00e1s de 70\u00a0estilos de zapatos disponibles para elegir, incluyendo marcas como Reebok y Skechers. Los estilos de zapatos incluyen zapatillas, botas, zuecos, sin cordones, entre otros.<\/p>\n<p>[\/et_pb_accordion_item][et_pb_accordion_item title=\u00bb\u00bfC\u00f3mo puedo pedir mis zapatos?\u00bb _builder_version=\u00bb4.23.1&#8243; global_colors_info=\u00bb{}\u00bb open=\u00bboff\u00bb]<\/p>\n<p>Recibir\u00e1 un correo electr\u00f3nico de Carewell cuando sea elegible para recibir sus Carewell Kicks. Siga las instrucciones del correo electr\u00f3nico para iniciar sesi\u00f3n y, despu\u00e9s, seleccione un par de zapatos del cat\u00e1logo en l\u00ednea para iniciar el proceso de pedido.<\/p>\n<p>[\/et_pb_accordion_item][et_pb_accordion_item title=\u00bb\u00bfPuedo elegir mis zapatos en una tienda presencial?\u00bb _builder_version=\u00bb4.23.1&#8243; _module_preset=\u00bbdefault\u00bb global_colors_info=\u00bb{}\u00bb open=\u00bboff\u00bb]<\/p>\n<p>No. El sistema de pedidos de Carewell Kicks es totalmente en l\u00ednea. Si tiene alg\u00fan problema con la talla o el ajuste, puede devolver los zapatos y elegir otro par sin ning\u00fan costo.\u00a0<\/p>\n<p>Sus zapatos llegar\u00e1n con una etiqueta de devoluci\u00f3n de FedEx que puede utilizar para enviar los zapatos de vuelta. Si pierde la etiqueta, puede comunicarse con SR Max y le enviar\u00e1n una nueva. Puede comunicarse llamando al 1-833-599-9621 o enviando un correo electr\u00f3nico a <a href=\"mailto:info@srmax.com\">info@srmax.com<\/a>.\u00a0<\/p>\n<p>[\/et_pb_accordion_item][et_pb_accordion_item title=\u00bb\u00bfC\u00f3mo se realizan las devoluciones y los cambios?\u00bb _builder_version=\u00bb4.23.1&#8243; _module_preset=\u00bbdefault\u00bb global_colors_info=\u00bb{}\u00bb open=\u00bboff\u00bb]<\/p>\n<p>Si por alguna raz\u00f3n los zapatos que pidi\u00f3 no son los adecuados, puede devolverlos de forma gratuita y elegir otro par.<\/p>\n<p>Sus zapatos llegar\u00e1n con una etiqueta de devoluci\u00f3n de FedEx que puede utilizar para enviar los zapatos de vuelta. Si pierde la etiqueta, puede comunicarse con SR Max y le enviar\u00e1n una nueva. Puede comunicarse llamando al 1-833-599-9621 o enviando un correo electr\u00f3nico a <a href=\"mailto:info@srmax.com\">info@srmax.com<\/a>.<\/p>\n<p>[\/et_pb_accordion_item][et_pb_accordion_item title=\u00bb\u00bfCon qui\u00e9n debo comunicarme para obtener ayuda con mi pedido?\u00bb _builder_version=\u00bb4.23.1&#8243; _module_preset=\u00bbdefault\u00bb global_colors_info=\u00bb{}\u00bb open=\u00bboff\u00bb]<\/p>\n<p>Si tiene preguntas respecto a la elegibilidad, llame a Carewell al 1-844-503-7348 o env\u00ede un correo electr\u00f3nico a <a href=\"mailto:CarewellSEIU503training@RISEpartnership.com\">CarewellSEIU503Training@RISEpartnership.com<\/a>.<\/p>\n<p>Si tiene preguntas sobre c\u00f3mo realizar pedidos o utilizar el sitio web de Carewell Kicks, comun\u00edquese con SR Max al 1-833-599-9621 o env\u00ede un correo electr\u00f3nico a <a href=\"mailto:info@srmax.com\">info@srmax.com<\/a>.<\/p>\n<p>[\/et_pb_accordion_item][\/et_pb_accordion][\/et_pb_column][\/et_pb_row][\/et_pb_section]<\/p>\n","protected":false},"excerpt":{"rendered":"<p>Carewell KicksCarewell Kicks: zapatos gratis para proveedores(as) de atenci\u00f3n El trabajo que usted realiza es fundamental para nuestra comunidad, y usted merece tener seguridad y comodidad en el trabajo. El calzado apropiado es crucial para prevenir resbalones, tropezones y ca\u00eddas en el trabajo. Unos buenos zapatos tambi\u00e9n ofrecen comodidad y reducen la fatiga por permanecer&#8230;<\/p>\n","protected":false},"author":18,"featured_media":268742,"parent":0,"menu_order":0,"comment_status":"closed","ping_status":"closed","template":"","meta":{"_acf_changed":false,"_et_pb_use_builder":"on","_et_pb_old_content":"","_et_gb_content_width":"","footnotes":"","_links_to":"","_links_to_target":""},"class_list":["post-270204","page","type-page","status-publish","has-post-thumbnail","hentry"],"acf":[],"yoast_head":"<!-- This site is optimized with the Yoast SEO plugin v27.4 - https:\/\/yoast.com\/product\/yoast-seo-wordpress\/ -->\n<title>Carewell Kicks - Carewell SEIU 503<\/title>\n<meta name=\"robots\" content=\"index, follow, max-snippet:-1, max-image-preview:large, max-video-preview:-1\" \/>\n<link rel=\"canonical\" href=\"https:\/\/www.carewellseiu503.org\/es\/carewellkicks\/\" \/>\n<meta property=\"og:locale\" content=\"es_ES\" \/>\n<meta property=\"og:type\" content=\"article\" \/>\n<meta property=\"og:title\" content=\"Carewell Kicks - Carewell SEIU 503\" \/>\n<meta property=\"og:description\" content=\"Carewell KicksCarewell Kicks: zapatos gratis para proveedores(as) de atenci\u00f3n El trabajo que usted realiza es fundamental para nuestra comunidad, y usted merece tener seguridad y comodidad en el trabajo. El calzado apropiado es crucial para prevenir resbalones, tropezones y ca\u00eddas en el trabajo. Unos buenos zapatos tambi\u00e9n ofrecen comodidad y reducen la fatiga por permanecer...\" \/>\n<meta property=\"og:site_name\" content=\"Carewell SEIU 503\" \/>\n<meta property=\"article:modified_time\" content=\"2025-10-03T17:04:25+00:00\" \/>\n<meta property=\"og:image\" content=\"https:\/\/www.carewellseiu503.org\/wp-content\/uploads\/Carewell-Kicks-Image-1-scaled.jpeg\" \/>\n\t<meta property=\"og:image:width\" content=\"2560\" \/>\n\t<meta property=\"og:image:height\" content=\"1707\" \/>\n\t<meta property=\"og:image:type\" content=\"image\/jpeg\" \/>\n<meta name=\"twitter:card\" content=\"summary_large_image\" \/>\n<meta name=\"twitter:label1\" content=\"Tiempo de lectura\" \/>\n\t<meta name=\"twitter:data1\" content=\"4 minutos\" \/>\n<script type=\"application\/ld+json\" class=\"yoast-schema-graph\">{\"@context\":\"https:\\\/\\\/schema.org\",\"@graph\":[{\"@type\":\"WebPage\",\"@id\":\"https:\\\/\\\/www.carewellseiu503.org\\\/es\\\/carewellkicks\\\/\",\"url\":\"https:\\\/\\\/www.carewellseiu503.org\\\/es\\\/carewellkicks\\\/\",\"name\":\"Carewell Kicks - Carewell SEIU 503\",\"isPartOf\":{\"@id\":\"https:\\\/\\\/www.carewellseiu503.org\\\/es\\\/#website\"},\"primaryImageOfPage\":{\"@id\":\"https:\\\/\\\/www.carewellseiu503.org\\\/es\\\/carewellkicks\\\/#primaryimage\"},\"image\":{\"@id\":\"https:\\\/\\\/www.carewellseiu503.org\\\/es\\\/carewellkicks\\\/#primaryimage\"},\"thumbnailUrl\":\"https:\\\/\\\/www.carewellseiu503.org\\\/wp-content\\\/uploads\\\/Carewell-Kicks-Image-1-scaled.jpeg\",\"datePublished\":\"2024-02-14T15:18:08+00:00\",\"dateModified\":\"2025-10-03T17:04:25+00:00\",\"breadcrumb\":{\"@id\":\"https:\\\/\\\/www.carewellseiu503.org\\\/es\\\/carewellkicks\\\/#breadcrumb\"},\"inLanguage\":\"es\",\"potentialAction\":[{\"@type\":\"ReadAction\",\"target\":[\"https:\\\/\\\/www.carewellseiu503.org\\\/es\\\/carewellkicks\\\/\"]}]},{\"@type\":\"ImageObject\",\"inLanguage\":\"es\",\"@id\":\"https:\\\/\\\/www.carewellseiu503.org\\\/es\\\/carewellkicks\\\/#primaryimage\",\"url\":\"https:\\\/\\\/www.carewellseiu503.org\\\/wp-content\\\/uploads\\\/Carewell-Kicks-Image-1-scaled.jpeg\",\"contentUrl\":\"https:\\\/\\\/www.carewellseiu503.org\\\/wp-content\\\/uploads\\\/Carewell-Kicks-Image-1-scaled.jpeg\",\"width\":2560,\"height\":1707,\"caption\":\"Person walking in nice gray comfortable running shoes in the green park in sunlight, closeup\"},{\"@type\":\"BreadcrumbList\",\"@id\":\"https:\\\/\\\/www.carewellseiu503.org\\\/es\\\/carewellkicks\\\/#breadcrumb\",\"itemListElement\":[{\"@type\":\"ListItem\",\"position\":1,\"name\":\"Home\",\"item\":\"https:\\\/\\\/www.carewellseiu503.org\\\/es\\\/\"},{\"@type\":\"ListItem\",\"position\":2,\"name\":\"Carewell Kicks\"}]},{\"@type\":\"WebSite\",\"@id\":\"https:\\\/\\\/www.carewellseiu503.org\\\/es\\\/#website\",\"url\":\"https:\\\/\\\/www.carewellseiu503.org\\\/es\\\/\",\"name\":\"Carewell SEIU 503\",\"description\":\"Health. Support. Training.\",\"publisher\":{\"@id\":\"https:\\\/\\\/www.carewellseiu503.org\\\/es\\\/#organization\"},\"potentialAction\":[{\"@type\":\"SearchAction\",\"target\":{\"@type\":\"EntryPoint\",\"urlTemplate\":\"https:\\\/\\\/www.carewellseiu503.org\\\/es\\\/?s={search_term_string}\"},\"query-input\":{\"@type\":\"PropertyValueSpecification\",\"valueRequired\":true,\"valueName\":\"search_term_string\"}}],\"inLanguage\":\"es\"},{\"@type\":\"Organization\",\"@id\":\"https:\\\/\\\/www.carewellseiu503.org\\\/es\\\/#organization\",\"name\":\"Carewell SEIU 503\",\"url\":\"https:\\\/\\\/www.carewellseiu503.org\\\/es\\\/\",\"logo\":{\"@type\":\"ImageObject\",\"inLanguage\":\"es\",\"@id\":\"https:\\\/\\\/www.carewellseiu503.org\\\/es\\\/#\\\/schema\\\/logo\\\/image\\\/\",\"url\":\"https:\\\/\\\/www.carewellseiu503.org\\\/wp-content\\\/uploads\\\/FB-Alt-1.jpg\",\"contentUrl\":\"https:\\\/\\\/www.carewellseiu503.org\\\/wp-content\\\/uploads\\\/FB-Alt-1.jpg\",\"width\":2398,\"height\":1256,\"caption\":\"Carewell SEIU 503\"},\"image\":{\"@id\":\"https:\\\/\\\/www.carewellseiu503.org\\\/es\\\/#\\\/schema\\\/logo\\\/image\\\/\"}}]}<\/script>\n<!-- \/ Yoast SEO plugin. -->","yoast_head_json":{"title":"Carewell Kicks - Carewell SEIU 503","robots":{"index":"index","follow":"follow","max-snippet":"max-snippet:-1","max-image-preview":"max-image-preview:large","max-video-preview":"max-video-preview:-1"},"canonical":"https:\/\/www.carewellseiu503.org\/es\/carewellkicks\/","og_locale":"es_ES","og_type":"article","og_title":"Carewell Kicks - Carewell SEIU 503","og_description":"Carewell KicksCarewell Kicks: zapatos gratis para proveedores(as) de atenci\u00f3n El trabajo que usted realiza es fundamental para nuestra comunidad, y usted merece tener seguridad y comodidad en el trabajo. El calzado apropiado es crucial para prevenir resbalones, tropezones y ca\u00eddas en el trabajo. Unos buenos zapatos tambi\u00e9n ofrecen comodidad y reducen la fatiga por permanecer...","og_site_name":"Carewell SEIU 503","article_modified_time":"2025-10-03T17:04:25+00:00","og_image":[{"width":2560,"height":1707,"url":"https:\/\/www.carewellseiu503.org\/wp-content\/uploads\/Carewell-Kicks-Image-1-scaled.jpeg","type":"image\/jpeg"}],"twitter_card":"summary_large_image","twitter_misc":{"Tiempo de lectura":"4 minutos"},"schema":{"@context":"https:\/\/schema.org","@graph":[{"@type":"WebPage","@id":"https:\/\/www.carewellseiu503.org\/es\/carewellkicks\/","url":"https:\/\/www.carewellseiu503.org\/es\/carewellkicks\/","name":"Carewell Kicks - Carewell SEIU 503","isPartOf":{"@id":"https:\/\/www.carewellseiu503.org\/es\/#website"},"primaryImageOfPage":{"@id":"https:\/\/www.carewellseiu503.org\/es\/carewellkicks\/#primaryimage"},"image":{"@id":"https:\/\/www.carewellseiu503.org\/es\/carewellkicks\/#primaryimage"},"thumbnailUrl":"https:\/\/www.carewellseiu503.org\/wp-content\/uploads\/Carewell-Kicks-Image-1-scaled.jpeg","datePublished":"2024-02-14T15:18:08+00:00","dateModified":"2025-10-03T17:04:25+00:00","breadcrumb":{"@id":"https:\/\/www.carewellseiu503.org\/es\/carewellkicks\/#breadcrumb"},"inLanguage":"es","potentialAction":[{"@type":"ReadAction","target":["https:\/\/www.carewellseiu503.org\/es\/carewellkicks\/"]}]},{"@type":"ImageObject","inLanguage":"es","@id":"https:\/\/www.carewellseiu503.org\/es\/carewellkicks\/#primaryimage","url":"https:\/\/www.carewellseiu503.org\/wp-content\/uploads\/Carewell-Kicks-Image-1-scaled.jpeg","contentUrl":"https:\/\/www.carewellseiu503.org\/wp-content\/uploads\/Carewell-Kicks-Image-1-scaled.jpeg","width":2560,"height":1707,"caption":"Person walking in nice gray comfortable running shoes in the green park in sunlight, closeup"},{"@type":"BreadcrumbList","@id":"https:\/\/www.carewellseiu503.org\/es\/carewellkicks\/#breadcrumb","itemListElement":[{"@type":"ListItem","position":1,"name":"Home","item":"https:\/\/www.carewellseiu503.org\/es\/"},{"@type":"ListItem","position":2,"name":"Carewell Kicks"}]},{"@type":"WebSite","@id":"https:\/\/www.carewellseiu503.org\/es\/#website","url":"https:\/\/www.carewellseiu503.org\/es\/","name":"Carewell SEIU 503","description":"Health. Support. Training.","publisher":{"@id":"https:\/\/www.carewellseiu503.org\/es\/#organization"},"potentialAction":[{"@type":"SearchAction","target":{"@type":"EntryPoint","urlTemplate":"https:\/\/www.carewellseiu503.org\/es\/?s={search_term_string}"},"query-input":{"@type":"PropertyValueSpecification","valueRequired":true,"valueName":"search_term_string"}}],"inLanguage":"es"},{"@type":"Organization","@id":"https:\/\/www.carewellseiu503.org\/es\/#organization","name":"Carewell SEIU 503","url":"https:\/\/www.carewellseiu503.org\/es\/","logo":{"@type":"ImageObject","inLanguage":"es","@id":"https:\/\/www.carewellseiu503.org\/es\/#\/schema\/logo\/image\/","url":"https:\/\/www.carewellseiu503.org\/wp-content\/uploads\/FB-Alt-1.jpg","contentUrl":"https:\/\/www.carewellseiu503.org\/wp-content\/uploads\/FB-Alt-1.jpg","width":2398,"height":1256,"caption":"Carewell SEIU 503"},"image":{"@id":"https:\/\/www.carewellseiu503.org\/es\/#\/schema\/logo\/image\/"}}]}},"_links":{"self":[{"href":"https:\/\/www.carewellseiu503.org\/es\/wp-json\/wp\/v2\/pages\/270204","targetHints":{"allow":["GET"]}}],"collection":[{"href":"https:\/\/www.carewellseiu503.org\/es\/wp-json\/wp\/v2\/pages"}],"about":[{"href":"https:\/\/www.carewellseiu503.org\/es\/wp-json\/wp\/v2\/types\/page"}],"author":[{"embeddable":true,"href":"https:\/\/www.carewellseiu503.org\/es\/wp-json\/wp\/v2\/users\/18"}],"replies":[{"embeddable":true,"href":"https:\/\/www.carewellseiu503.org\/es\/wp-json\/wp\/v2\/comments?post=270204"}],"version-history":[{"count":0,"href":"https:\/\/www.carewellseiu503.org\/es\/wp-json\/wp\/v2\/pages\/270204\/revisions"}],"wp:featuredmedia":[{"embeddable":true,"href":"https:\/\/www.carewellseiu503.org\/es\/wp-json\/wp\/v2\/media\/268742"}],"wp:attachment":[{"href":"https:\/\/www.carewellseiu503.org\/es\/wp-json\/wp\/v2\/media?parent=270204"}],"curies":[{"name":"wp","href":"https:\/\/api.w.org\/{rel}","templated":true}]}}