{"id":285814,"date":"2025-04-02T13:00:50","date_gmt":"2025-04-02T20:00:50","guid":{"rendered":"https:\/\/www.carewellseiu503.org\/ejemplos-de-la-documentacion-para-medicare\/"},"modified":"2025-04-09T15:18:01","modified_gmt":"2025-04-09T22:18:01","slug":"medicare-documentation-samples","status":"publish","type":"page","link":"https:\/\/www.carewellseiu503.org\/es\/medicare-documentation-samples\/","title":{"rendered":"Ejemplos de la documentaci\u00f3n para Medicare"},"content":{"rendered":"<p>[et_pb_section fb_built=\u00bb1&#8243; custom_padding_last_edited=\u00bbon|phone\u00bb _builder_version=\u00bb4.16&#8243; background_color=\u00bb#f3f3f3&#8243; background_enable_image=\u00bboff\u00bb background_position=\u00bbbottom_left\u00bb min_height_tablet=\u00bb100px\u00bb min_height_phone=\u00bb\u00bb min_height_last_edited=\u00bbon|phone\u00bb custom_margin=\u00bb||0px||false|false\u00bb custom_padding=\u00bb50px||0px||false|false\u00bb custom_padding_tablet=\u00bb\u00bb custom_padding_phone=\u00bb0px||||false|false\u00bb bottom_divider_flip=\u00bbvertical\u00bb background_last_edited=\u00bbon|phone\u00bb use_background_color_gradient_phone=\u00bboff\u00bb background_enable_image_phone=\u00bboff\u00bb border_color_bottom=\u00bb#ffa89f\u00bb locked=\u00bboff\u00bb global_colors_info=\u00bb{}\u00bb][et_pb_row custom_padding_last_edited=\u00bbon|phone\u00bb _builder_version=\u00bb4.16&#8243; custom_padding=\u00bb100px||50px||false|false\u00bb custom_padding_tablet=\u00bb\u00bb custom_padding_phone=\u00bb\u00bb global_colors_info=\u00bb{}\u00bb][et_pb_column type=\u00bb4_4&#8243; _builder_version=\u00bb4.16&#8243; global_colors_info=\u00bb{}\u00bb][et_pb_text module_class=\u00bbaddLine\u00bb _builder_version=\u00bb4.23.1&#8243; text_text_color_tablet=\u00bb\u00bb text_text_color_phone=\u00bb\u00bb text_text_color_last_edited=\u00bbon|phone\u00bb header_text_color_tablet=\u00bb\u00bb header_text_color_phone=\u00bb\u00bb header_text_color_last_edited=\u00bbon|desktop\u00bb background_layout_tablet=\u00bb\u00bb background_layout_phone=\u00bb\u00bb background_layout_last_edited=\u00bbon|phone\u00bb locked=\u00bboff\u00bb global_colors_info=\u00bb{}\u00bb]<\/p>\n<h1>Ejemplos de la documentaci\u00f3n requerida para HCA de Medicare<\/h1>\n<p>[\/et_pb_text][\/et_pb_column][\/et_pb_row][\/et_pb_section][et_pb_section fb_built=\u00bb1&#8243; _builder_version=\u00bb4.16&#8243; custom_margin=\u00bb50px||||false|false\u00bb custom_padding=\u00bb0px||||false|false\u00bb locked=\u00bboff\u00bb global_colors_info=\u00bb{}\u00bb][et_pb_row _builder_version=\u00bb4.16&#8243; custom_margin=\u00bb0px||0px||false|false\u00bb custom_padding=\u00bb0px||0px||false|false\u00bb locked=\u00bboff\u00bb global_colors_info=\u00bb{}\u00bb][et_pb_column type=\u00bb4_4&#8243; _builder_version=\u00bb4.23.1&#8243; _module_preset=\u00bbdefault\u00bb global_colors_info=\u00bb{}\u00bb][et_pb_blurb image_icon_width=\u00bb50px\u00bb content_max_width=\u00bb100%\u00bb _builder_version=\u00bb4.27.4&#8243; text_orientation=\u00bbcenter\u00bb custom_padding=\u00bb||50px|||\u00bb hover_enabled=\u00bb0&#8243; icon_font_size=\u00bb50px\u00bb global_colors_info=\u00bb{}\u00bb sticky_enabled=\u00bb0&#8243;]<\/p>\n<p><span data-teams=\"true\">A continuaci\u00f3n encontrar\u00e1 ejemplos de la documentaci\u00f3n que necesita para enviarnos las pruebas de su (sus) plan(es) de Medicare. Puede cargarlos completando el <a href=\"https:\/\/risepartnership.jotform.com\/212294892979071?language=es\" target=\"_blank\" rel=\"noopener\">Healthcare Cost Assistance Benefits Request Form<\/a> (Formulario de Solicitud de Beneficios de Asistencia con los Costos de Atenci\u00f3n M\u00e9dica) de Medicare o iniciando sesi\u00f3n en <a href=\"http:\/\/carewellseiu503.org\/es\/MyCarewell503\" target=\"_blank\" rel=\"noopener\">MyCarewell503.org<\/a>* (actualmente est\u00e1 disponible en ingl\u00e9s).<\/span><\/p>\n<p>[\/et_pb_blurb][\/et_pb_column][\/et_pb_row][et_pb_row column_structure=\u00bb1_4,1_4,1_4,1_4&#8243; _builder_version=\u00bb4.16&#8243; custom_margin=\u00bb25px||25px||true|false\u00bb custom_padding=\u00bb25px||0px||false|false\u00bb border_width_top=\u00bb1px\u00bb border_color_top=\u00bbrgba(128,130,133,0.38)\u00bb global_colors_info=\u00bb{}\u00bb][et_pb_column type=\u00bb1_4&#8243; _builder_version=\u00bb4.16&#8243; global_colors_info=\u00bb{}\u00bb][et_pb_text _builder_version=\u00bb4.27.4&#8243; header_3_font=\u00bb|600|||||||\u00bb header_3_font_size=\u00bb30px\u00bb global_colors_info=\u00bb{}\u00bb]<\/p>\n<h2>Ejemplos de la factura de la prima de Medicare<\/h2>\n<p>[\/et_pb_text][et_pb_text _builder_version=\u00bb4.21.0&#8243; _module_preset=\u00bbdefault\u00bb global_colors_info=\u00bb{}\u00bb][\/et_pb_text][\/et_pb_column][et_pb_column type=\u00bb1_4&#8243; _builder_version=\u00bb4.16&#8243; global_colors_info=\u00bb{}\u00bb][et_pb_blurb title=\u00bbEjemplos de la factura de la prima de Medicare CMS\u00bb url=\u00bbhttps:\/\/www.carewellseiu503.org\/wp-content\/uploads\/securepdfs\/CMS-Medicare-Premium-Bill-Sample.pdf\u00bb url_new_window=\u00bbon\u00bb image=\u00bbhttps:\/\/www.carewellseiu503.org\/wp-content\/uploads\/CMS-Medicare-Premium-Bill-Sample.png\u00bb image_icon_width=\u00bb150px\u00bb module_class=\u00bbshadowHover\u00bb _builder_version=\u00bb4.27.4&#8243; body_text_align=\u00bbcenter\u00bb background_color=\u00bb#ffffff\u00bb text_orientation=\u00bbcenter\u00bb custom_margin=\u00bb0px||0px||false|false\u00bb custom_padding=\u00bb15px|15px|15px|15px|true|true\u00bb link_option_url=\u00bbhttps:\/\/www.carewellseiu503.org\/wp-content\/uploads\/securepdfs\/CMS-Medicare-Premium-Bill-Sample.pdf\u00bb link_option_url_new_window=\u00bbon\u00bb border_width_top=\u00bb3px\u00bb border_color_top=\u00bb#a45cff\u00bb border_width_right=\u00bb1px\u00bb border_color_right=\u00bb#f3f3f3&#8243; border_width_bottom=\u00bb1px\u00bb border_color_bottom=\u00bb#f3f3f3&#8243; border_width_left=\u00bb1px\u00bb border_color_left=\u00bb#f3f3f3&#8243; border_width_all_image=\u00bb1px\u00bb icon_font_size=\u00bb30px\u00bb locked=\u00bboff\u00bb global_colors_info=\u00bb{}\u00bb][\/et_pb_blurb][et_pb_blurb title=\u00bbEjemplo de carta de ajuste por costo de vida (COLA) de la SSA)\u00bb url=\u00bbhttps:\/\/www.carewellseiu503.org\/wp-content\/uploads\/securepdfs\/SSA-Cost-of-Living-Adjustment-Letter.pdf\u00bb url_new_window=\u00bbon\u00bb image=\u00bbhttps:\/\/www.carewellseiu503.org\/wp-content\/uploads\/SSA-Cost-of-Living-Adjustment-Letter-Sample.png\u00bb image_icon_width=\u00bb150px\u00bb disabled_on=\u00bboff|off|off\u00bb module_class=\u00bbshadowHover\u00bb _builder_version=\u00bb4.27.4&#8243; body_text_align=\u00bbcenter\u00bb background_color=\u00bb#ffffff\u00bb text_orientation=\u00bbcenter\u00bb custom_margin=\u00bb94px||0px||false|false\u00bb custom_padding=\u00bb15px|15px|15px|15px|true|true\u00bb link_option_url=\u00bbhttps:\/\/www.carewellseiu503.org\/wp-content\/uploads\/securepdfs\/SSA-Cost-of-Living-Adjustment-Letter.pdf\u00bb link_option_url_new_window=\u00bbon\u00bb border_width_top=\u00bb3px\u00bb border_color_top=\u00bb#a45cff\u00bb border_width_right=\u00bb1px\u00bb border_color_right=\u00bb#f3f3f3&#8243; border_width_bottom=\u00bb1px\u00bb border_color_bottom=\u00bb#f3f3f3&#8243; border_width_left=\u00bb1px\u00bb border_color_left=\u00bb#f3f3f3&#8243; border_width_all_image=\u00bb1px\u00bb icon_font_size=\u00bb30px\u00bb locked=\u00bboff\u00bb global_colors_info=\u00bb{}\u00bb][\/et_pb_blurb][\/et_pb_column][et_pb_column type=\u00bb1_4&#8243; _builder_version=\u00bb4.21.0&#8243; _module_preset=\u00bbdefault\u00bb global_colors_info=\u00bb{}\u00bb][et_pb_blurb title=\u00bbEjemplo de carta de verificaci\u00f3n para recibir beneficios de la SSA\u00bb url=\u00bbhttps:\/\/www.carewellseiu503.org\/wp-content\/uploads\/securepdfs\/SSA-Benefit-Verification-Letter.pdf\u00bb url_new_window=\u00bbon\u00bb image=\u00bbhttps:\/\/www.carewellseiu503.org\/wp-content\/uploads\/SSA-Benefit-Verification-Letter.png\u00bb image_icon_width=\u00bb150px\u00bb module_class=\u00bbshadowHover\u00bb _builder_version=\u00bb4.27.4&#8243; body_text_align=\u00bbcenter\u00bb background_color=\u00bb#ffffff\u00bb text_orientation=\u00bbcenter\u00bb custom_padding=\u00bb15px|15px|0px|15px|false|true\u00bb link_option_url=\u00bbhttps:\/\/www.carewellseiu503.org\/wp-content\/uploads\/securepdfs\/SSA-Benefit-Verification-Letter.pdf\u00bb link_option_url_new_window=\u00bbon\u00bb border_width_top=\u00bb3px\u00bb border_color_top=\u00bb#a45cff\u00bb border_width_right=\u00bb1px\u00bb border_color_right=\u00bb#f3f3f3&#8243; border_width_bottom=\u00bb1px\u00bb border_color_bottom=\u00bb#f3f3f3&#8243; border_width_left=\u00bb1px\u00bb border_color_left=\u00bb#f3f3f3&#8243; border_width_all_image=\u00bb1px\u00bb icon_font_size=\u00bb30px\u00bb locked=\u00bboff\u00bb global_colors_info=\u00bb{}\u00bb][\/et_pb_blurb][et_pb_blurb title=\u00bbEjemplo del plan complementario G de Medicare\u00bb url=\u00bbhttps:\/\/www.carewellseiu503.org\/wp-content\/uploads\/securepdfs\/Medicare-Supplement-Plan-G.pdf\u00bb url_new_window=\u00bbon\u00bb image=\u00bbhttps:\/\/www.carewellseiu503.org\/wp-content\/uploads\/Medicare-Supplement-Plan-G.png\u00bb image_icon_width=\u00bb150px\u00bb module_class=\u00bbshadowHover\u00bb _builder_version=\u00bb4.27.4&#8243; body_text_align=\u00bbcenter\u00bb background_color=\u00bb#ffffff\u00bb text_orientation=\u00bbcenter\u00bb custom_margin=\u00bb92px||||false|false\u00bb custom_padding=\u00bb15px|15px|15px|15px|true|true\u00bb link_option_url=\u00bbhttps:\/\/www.carewellseiu503.org\/wp-content\/uploads\/securepdfs\/Medicare-Supplement-Plan-G.pdf\u00bb link_option_url_new_window=\u00bbon\u00bb border_width_top=\u00bb3px\u00bb border_color_top=\u00bb#a45cff\u00bb border_width_right=\u00bb1px\u00bb border_color_right=\u00bb#f3f3f3&#8243; border_width_bottom=\u00bb1px\u00bb border_color_bottom=\u00bb#f3f3f3&#8243; border_width_left=\u00bb1px\u00bb border_color_left=\u00bb#f3f3f3&#8243; border_width_all_image=\u00bb1px\u00bb icon_font_size=\u00bb30px\u00bb locked=\u00bboff\u00bb global_colors_info=\u00bb{}\u00bb][\/et_pb_blurb][\/et_pb_column][et_pb_column type=\u00bb1_4&#8243; _builder_version=\u00bb4.21.0&#8243; _module_preset=\u00bbdefault\u00bb global_colors_info=\u00bb{}\u00bb][et_pb_blurb title=\u00bbEjemplo de la parte B de Medicare de la SSA\u00bb url=\u00bbhttps:\/\/www.carewellseiu503.org\/wp-content\/uploads\/securepdfs\/SSA-B.pdf\u00bb url_new_window=\u00bbon\u00bb image=\u00bbhttps:\/\/www.carewellseiu503.org\/wp-content\/uploads\/SSA-B-sample.png\u00bb image_icon_width=\u00bb150px\u00bb module_class=\u00bbshadowHover\u00bb _builder_version=\u00bb4.27.4&#8243; body_text_align=\u00bbcenter\u00bb background_color=\u00bb#ffffff\u00bb text_orientation=\u00bbcenter\u00bb custom_padding=\u00bb15px|15px|15px|15px|true|true\u00bb link_option_url=\u00bbhttps:\/\/www.carewellseiu503.org\/wp-content\/uploads\/securepdfs\/SSA-B.pdf\u00bb link_option_url_new_window=\u00bbon\u00bb border_width_top=\u00bb3px\u00bb border_color_top=\u00bb#a45cff\u00bb border_width_right=\u00bb1px\u00bb border_color_right=\u00bb#f3f3f3&#8243; border_width_bottom=\u00bb1px\u00bb border_color_bottom=\u00bb#f3f3f3&#8243; border_width_left=\u00bb1px\u00bb border_color_left=\u00bb#f3f3f3&#8243; border_width_all_image=\u00bb1px\u00bb icon_font_size=\u00bb30px\u00bb locked=\u00bboff\u00bb global_colors_info=\u00bb{}\u00bb][\/et_pb_blurb][et_pb_blurb title=\u00bbEjemplo de la factura de la prima de Medicare Advantage\u00bb url=\u00bbhttps:\/\/www.carewellseiu503.org\/wp-content\/uploads\/securepdfs\/Medicare-Advantage-Premium-Bill.pdf\u00bb url_new_window=\u00bbon\u00bb image=\u00bbhttps:\/\/www.carewellseiu503.org\/wp-content\/uploads\/Medicare-Advantage-Premium-Bill.png\u00bb image_icon_width=\u00bb150px\u00bb disabled_on=\u00bboff|off|off\u00bb module_class=\u00bbshadowHover\u00bb _builder_version=\u00bb4.27.4&#8243; body_text_align=\u00bbcenter\u00bb background_color=\u00bb#ffffff\u00bb text_orientation=\u00bbcenter\u00bb custom_margin=\u00bb72px||72px||true|false\u00bb custom_padding=\u00bb15px|15px|15px|15px|true|true\u00bb link_option_url=\u00bbhttps:\/\/www.carewellseiu503.org\/wp-content\/uploads\/securepdfs\/Medicare-Advantage-Premium-Bill.pdf\u00bb link_option_url_new_window=\u00bbon\u00bb border_width_top=\u00bb3px\u00bb border_color_top=\u00bb#a45cff\u00bb border_width_right=\u00bb1px\u00bb border_color_right=\u00bb#f3f3f3&#8243; border_width_bottom=\u00bb1px\u00bb border_color_bottom=\u00bb#f3f3f3&#8243; border_width_left=\u00bb1px\u00bb border_color_left=\u00bb#f3f3f3&#8243; border_width_all_image=\u00bb1px\u00bb icon_font_size=\u00bb30px\u00bb locked=\u00bboff\u00bb global_colors_info=\u00bb{}\u00bb][\/et_pb_blurb][\/et_pb_column][\/et_pb_row][et_pb_row make_equal=\u00bbon\u00bb _builder_version=\u00bb4.16&#8243; global_colors_info=\u00bb{}\u00bb][et_pb_column type=\u00bb4_4&#8243; _builder_version=\u00bb4.16&#8243; global_colors_info=\u00bb{}\u00bb][et_pb_text disabled_on=\u00bboff|off|off\u00bb _builder_version=\u00bb4.27.4&#8243; min_height=\u00bb100%\u00bb custom_padding=\u00bb25px|25px|25px|25px|true|true\u00bb border_width_all=\u00bb1px\u00bb border_color_all=\u00bbRGBA(255,255,255,0)\u00bb global_colors_info=\u00bb{}\u00bb]<\/p>\n<h3>Para obtener m\u00e1s informaci\u00f3n<\/h3>\n<p>Visite estas p\u00e1ginas para conocer m\u00e1s sobre los beneficios y c\u00f3mo usarlos si es elegible:<br \/><i class=\"fas fa-arrow-right\"><\/i>*<a href=\"https:\/\/www.carewellseiu503.org\/es\/updatingmedicare\/\" target=\"_blank\" rel=\"noopener\">How to update your Medicare coverage on MyCarewell503<\/a> (C\u00f3mo actualizar su cobertura de Medicare en MyCarewell503)<br \/><i class=\"fas fa-arrow-right\"><\/i> <a href=\"https:\/\/www.carewellseiu503.org\/es\/resources\/forms\/#hcaanchor\" target=\"_blank\" rel=\"noopener\">P\u00e1gina web de los formularios<\/a><br \/><i class=\"fas fa-arrow-right\"><\/i> <a href=\"https:\/\/www.carewellseiu503.org\/es\/benefits\/healthcare-cost-assistance\/medicare\/\" target=\"_blank\" rel=\"noopener\">P\u00e1gina web de asistencia con los costos de atenci\u00f3n m\u00e9dica de Medicare<\/a><br \/><i class=\"fas fa-arrow-right\"><\/i> <a href=\"https:\/\/www.carewellseiu503.org\/es\/resources\/faqs\/#hcaanchor\" target=\"_blank\" rel=\"noopener\">P\u00e1gina web de las FAQ<\/a><br \/><i class=\"fas fa-arrow-right\"><\/i> <a href=\"https:\/\/www.carewellseiu503.org\/es\/mycarewell503\/\" target=\"_blank\" rel=\"noopener\">MyCarewell503<\/a><\/p>\n<p>[\/et_pb_text][\/et_pb_column][\/et_pb_row][\/et_pb_section]<\/p>\n","protected":false},"excerpt":{"rendered":"<p>Ejemplos de la documentaci\u00f3n requerida para HCA de MedicareA continuaci\u00f3n encontrar\u00e1 ejemplos de la documentaci\u00f3n que necesita para enviarnos las pruebas de su (sus) plan(es) de Medicare. Puede cargarlos completando el Healthcare Cost Assistance Benefits Request Form (Formulario de Solicitud de Beneficios de Asistencia con los Costos de Atenci\u00f3n M\u00e9dica) de Medicare o iniciando sesi\u00f3n&#8230;<\/p>\n","protected":false},"author":35,"featured_media":0,"parent":0,"menu_order":0,"comment_status":"closed","ping_status":"closed","template":"","meta":{"_acf_changed":false,"_et_pb_use_builder":"on","_et_pb_old_content":"","_et_gb_content_width":"","footnotes":"","_links_to":"","_links_to_target":""},"class_list":["post-285814","page","type-page","status-publish","hentry"],"acf":[],"yoast_head":"<!-- This site is optimized with the Yoast SEO plugin v27.3 - https:\/\/yoast.com\/product\/yoast-seo-wordpress\/ -->\n<title>Ejemplos de la documentaci\u00f3n para Medicare - Carewell SEIU 503<\/title>\n<meta name=\"robots\" content=\"index, follow, max-snippet:-1, max-image-preview:large, max-video-preview:-1\" \/>\n<link rel=\"canonical\" href=\"https:\/\/www.carewellseiu503.org\/es\/medicare-documentation-samples\/\" \/>\n<meta property=\"og:locale\" content=\"es_ES\" \/>\n<meta property=\"og:type\" content=\"article\" \/>\n<meta property=\"og:title\" content=\"Ejemplos de la documentaci\u00f3n para Medicare - Carewell SEIU 503\" \/>\n<meta property=\"og:description\" content=\"Ejemplos de la documentaci\u00f3n requerida para HCA de MedicareA continuaci\u00f3n encontrar\u00e1 ejemplos de la documentaci\u00f3n que necesita para enviarnos las pruebas de su (sus) plan(es) de Medicare. Puede cargarlos completando el Healthcare Cost Assistance Benefits Request Form (Formulario de Solicitud de Beneficios de Asistencia con los Costos de Atenci\u00f3n M\u00e9dica) de Medicare o iniciando sesi\u00f3n...\" \/>\n<meta property=\"og:site_name\" content=\"Carewell SEIU 503\" \/>\n<meta property=\"article:modified_time\" content=\"2025-04-09T22:18:01+00:00\" \/>\n<meta property=\"og:image\" content=\"https:\/\/www.carewellseiu503.org\/wp-content\/uploads\/FB-Alt-1.jpg\" \/>\n\t<meta property=\"og:image:width\" content=\"2398\" \/>\n\t<meta property=\"og:image:height\" content=\"1256\" \/>\n\t<meta property=\"og:image:type\" content=\"image\/jpeg\" \/>\n<meta name=\"twitter:card\" content=\"summary_large_image\" \/>\n<meta name=\"twitter:label1\" content=\"Tiempo de lectura\" \/>\n\t<meta name=\"twitter:data1\" content=\"3 minutos\" \/>\n<script type=\"application\/ld+json\" class=\"yoast-schema-graph\">{\"@context\":\"https:\\\/\\\/schema.org\",\"@graph\":[{\"@type\":\"WebPage\",\"@id\":\"https:\\\/\\\/www.carewellseiu503.org\\\/es\\\/medicare-documentation-samples\\\/\",\"url\":\"https:\\\/\\\/www.carewellseiu503.org\\\/es\\\/medicare-documentation-samples\\\/\",\"name\":\"Ejemplos de la documentaci\u00f3n para Medicare - Carewell SEIU 503\",\"isPartOf\":{\"@id\":\"https:\\\/\\\/www.carewellseiu503.org\\\/es\\\/#website\"},\"datePublished\":\"2025-04-02T20:00:50+00:00\",\"dateModified\":\"2025-04-09T22:18:01+00:00\",\"breadcrumb\":{\"@id\":\"https:\\\/\\\/www.carewellseiu503.org\\\/es\\\/medicare-documentation-samples\\\/#breadcrumb\"},\"inLanguage\":\"es\",\"potentialAction\":[{\"@type\":\"ReadAction\",\"target\":[\"https:\\\/\\\/www.carewellseiu503.org\\\/es\\\/medicare-documentation-samples\\\/\"]}]},{\"@type\":\"BreadcrumbList\",\"@id\":\"https:\\\/\\\/www.carewellseiu503.org\\\/es\\\/medicare-documentation-samples\\\/#breadcrumb\",\"itemListElement\":[{\"@type\":\"ListItem\",\"position\":1,\"name\":\"Home\",\"item\":\"https:\\\/\\\/www.carewellseiu503.org\\\/es\\\/\"},{\"@type\":\"ListItem\",\"position\":2,\"name\":\"Ejemplos de la documentaci\u00f3n para Medicare\"}]},{\"@type\":\"WebSite\",\"@id\":\"https:\\\/\\\/www.carewellseiu503.org\\\/es\\\/#website\",\"url\":\"https:\\\/\\\/www.carewellseiu503.org\\\/es\\\/\",\"name\":\"Carewell SEIU 503\",\"description\":\"Health. Support. Training.\",\"publisher\":{\"@id\":\"https:\\\/\\\/www.carewellseiu503.org\\\/es\\\/#organization\"},\"potentialAction\":[{\"@type\":\"SearchAction\",\"target\":{\"@type\":\"EntryPoint\",\"urlTemplate\":\"https:\\\/\\\/www.carewellseiu503.org\\\/es\\\/?s={search_term_string}\"},\"query-input\":{\"@type\":\"PropertyValueSpecification\",\"valueRequired\":true,\"valueName\":\"search_term_string\"}}],\"inLanguage\":\"es\"},{\"@type\":\"Organization\",\"@id\":\"https:\\\/\\\/www.carewellseiu503.org\\\/es\\\/#organization\",\"name\":\"Carewell SEIU 503\",\"url\":\"https:\\\/\\\/www.carewellseiu503.org\\\/es\\\/\",\"logo\":{\"@type\":\"ImageObject\",\"inLanguage\":\"es\",\"@id\":\"https:\\\/\\\/www.carewellseiu503.org\\\/es\\\/#\\\/schema\\\/logo\\\/image\\\/\",\"url\":\"https:\\\/\\\/www.carewellseiu503.org\\\/wp-content\\\/uploads\\\/FB-Alt-1.jpg\",\"contentUrl\":\"https:\\\/\\\/www.carewellseiu503.org\\\/wp-content\\\/uploads\\\/FB-Alt-1.jpg\",\"width\":2398,\"height\":1256,\"caption\":\"Carewell SEIU 503\"},\"image\":{\"@id\":\"https:\\\/\\\/www.carewellseiu503.org\\\/es\\\/#\\\/schema\\\/logo\\\/image\\\/\"}}]}<\/script>\n<!-- \/ Yoast SEO plugin. -->","yoast_head_json":{"title":"Ejemplos de la documentaci\u00f3n para Medicare - Carewell SEIU 503","robots":{"index":"index","follow":"follow","max-snippet":"max-snippet:-1","max-image-preview":"max-image-preview:large","max-video-preview":"max-video-preview:-1"},"canonical":"https:\/\/www.carewellseiu503.org\/es\/medicare-documentation-samples\/","og_locale":"es_ES","og_type":"article","og_title":"Ejemplos de la documentaci\u00f3n para Medicare - Carewell SEIU 503","og_description":"Ejemplos de la documentaci\u00f3n requerida para HCA de MedicareA continuaci\u00f3n encontrar\u00e1 ejemplos de la documentaci\u00f3n que necesita para enviarnos las pruebas de su (sus) plan(es) de Medicare. Puede cargarlos completando el Healthcare Cost Assistance Benefits Request Form (Formulario de Solicitud de Beneficios de Asistencia con los Costos de Atenci\u00f3n M\u00e9dica) de Medicare o iniciando sesi\u00f3n...","og_site_name":"Carewell SEIU 503","article_modified_time":"2025-04-09T22:18:01+00:00","og_image":[{"width":2398,"height":1256,"url":"https:\/\/www.carewellseiu503.org\/wp-content\/uploads\/FB-Alt-1.jpg","type":"image\/jpeg"}],"twitter_card":"summary_large_image","twitter_misc":{"Tiempo de lectura":"3 minutos"},"schema":{"@context":"https:\/\/schema.org","@graph":[{"@type":"WebPage","@id":"https:\/\/www.carewellseiu503.org\/es\/medicare-documentation-samples\/","url":"https:\/\/www.carewellseiu503.org\/es\/medicare-documentation-samples\/","name":"Ejemplos de la documentaci\u00f3n para Medicare - Carewell SEIU 503","isPartOf":{"@id":"https:\/\/www.carewellseiu503.org\/es\/#website"},"datePublished":"2025-04-02T20:00:50+00:00","dateModified":"2025-04-09T22:18:01+00:00","breadcrumb":{"@id":"https:\/\/www.carewellseiu503.org\/es\/medicare-documentation-samples\/#breadcrumb"},"inLanguage":"es","potentialAction":[{"@type":"ReadAction","target":["https:\/\/www.carewellseiu503.org\/es\/medicare-documentation-samples\/"]}]},{"@type":"BreadcrumbList","@id":"https:\/\/www.carewellseiu503.org\/es\/medicare-documentation-samples\/#breadcrumb","itemListElement":[{"@type":"ListItem","position":1,"name":"Home","item":"https:\/\/www.carewellseiu503.org\/es\/"},{"@type":"ListItem","position":2,"name":"Ejemplos de la documentaci\u00f3n para Medicare"}]},{"@type":"WebSite","@id":"https:\/\/www.carewellseiu503.org\/es\/#website","url":"https:\/\/www.carewellseiu503.org\/es\/","name":"Carewell SEIU 503","description":"Health. Support. Training.","publisher":{"@id":"https:\/\/www.carewellseiu503.org\/es\/#organization"},"potentialAction":[{"@type":"SearchAction","target":{"@type":"EntryPoint","urlTemplate":"https:\/\/www.carewellseiu503.org\/es\/?s={search_term_string}"},"query-input":{"@type":"PropertyValueSpecification","valueRequired":true,"valueName":"search_term_string"}}],"inLanguage":"es"},{"@type":"Organization","@id":"https:\/\/www.carewellseiu503.org\/es\/#organization","name":"Carewell SEIU 503","url":"https:\/\/www.carewellseiu503.org\/es\/","logo":{"@type":"ImageObject","inLanguage":"es","@id":"https:\/\/www.carewellseiu503.org\/es\/#\/schema\/logo\/image\/","url":"https:\/\/www.carewellseiu503.org\/wp-content\/uploads\/FB-Alt-1.jpg","contentUrl":"https:\/\/www.carewellseiu503.org\/wp-content\/uploads\/FB-Alt-1.jpg","width":2398,"height":1256,"caption":"Carewell SEIU 503"},"image":{"@id":"https:\/\/www.carewellseiu503.org\/es\/#\/schema\/logo\/image\/"}}]}},"_links":{"self":[{"href":"https:\/\/www.carewellseiu503.org\/es\/wp-json\/wp\/v2\/pages\/285814","targetHints":{"allow":["GET"]}}],"collection":[{"href":"https:\/\/www.carewellseiu503.org\/es\/wp-json\/wp\/v2\/pages"}],"about":[{"href":"https:\/\/www.carewellseiu503.org\/es\/wp-json\/wp\/v2\/types\/page"}],"author":[{"embeddable":true,"href":"https:\/\/www.carewellseiu503.org\/es\/wp-json\/wp\/v2\/users\/35"}],"replies":[{"embeddable":true,"href":"https:\/\/www.carewellseiu503.org\/es\/wp-json\/wp\/v2\/comments?post=285814"}],"version-history":[{"count":0,"href":"https:\/\/www.carewellseiu503.org\/es\/wp-json\/wp\/v2\/pages\/285814\/revisions"}],"wp:attachment":[{"href":"https:\/\/www.carewellseiu503.org\/es\/wp-json\/wp\/v2\/media?parent=285814"}],"curies":[{"name":"wp","href":"https:\/\/api.w.org\/{rel}","templated":true}]}}