{"id":221989,"date":"2021-04-06T12:35:40","date_gmt":"2021-04-06T19:35:40","guid":{"rendered":"http:\/\/www.carewellseiu503.org\/chuong-trnh-do-tao\/code-of-conduct\/"},"modified":"2025-10-03T09:53:05","modified_gmt":"2025-10-03T16:53:05","slug":"code-of-conduct","status":"publish","type":"page","link":"https:\/\/www.carewellseiu503.org\/vi\/training\/code-of-conduct\/","title":{"rendered":"B\u1ed9 Quy T\u1eafc \u1ee8ng X\u1eed C\u1ee7a Ch\u01b0\u01a1ng Tr\u00ecnh \u0110\u00e0o T\u1ea1o"},"content":{"rendered":"<p>[et_pb_section fb_built=&#8221;1&#8243; custom_padding_last_edited=&#8221;on|phone&#8221; _builder_version=&#8221;4.16&#8243; background_color=&#8221;#ffffff&#8221; background_enable_image=&#8221;off&#8221; background_position=&#8221;bottom_left&#8221; min_height=&#8221;350px&#8221; min_height_tablet=&#8221;100px&#8221; min_height_phone=&#8221;&#8221; min_height_last_edited=&#8221;on|phone&#8221; custom_margin=&#8221;||0px||false|false&#8221; custom_padding=&#8221;50px||0px||false|false&#8221; custom_padding_tablet=&#8221;&#8221; custom_padding_phone=&#8221;0px||||false|false&#8221; bottom_divider_flip=&#8221;vertical&#8221; background_last_edited=&#8221;on|phone&#8221; use_background_color_gradient_phone=&#8221;off&#8221; background_enable_image_phone=&#8221;off&#8221; border_color_bottom=&#8221;#ffa89f&#8221; locked=&#8221;off&#8221; global_colors_info=&#8221;{}&#8221;][et_pb_row custom_padding_last_edited=&#8221;on|phone&#8221; _builder_version=&#8221;4.16&#8243; custom_padding=&#8221;100px||3px||false|false&#8221; custom_padding_tablet=&#8221;&#8221; custom_padding_phone=&#8221;&#8221; global_colors_info=&#8221;{}&#8221;][et_pb_column type=&#8221;4_4&#8243; _builder_version=&#8221;4.16&#8243; global_colors_info=&#8221;{}&#8221;][et_pb_text module_class=&#8221;addLine&#8221; _builder_version=&#8221;4.16&#8243; text_text_color_tablet=&#8221;&#8221; text_text_color_phone=&#8221;&#8221; text_text_color_last_edited=&#8221;on|phone&#8221; header_text_color_tablet=&#8221;&#8221; header_text_color_phone=&#8221;&#8221; header_text_color_last_edited=&#8221;on|desktop&#8221; background_layout_tablet=&#8221;&#8221; background_layout_phone=&#8221;&#8221; background_layout_last_edited=&#8221;on|phone&#8221; locked=&#8221;off&#8221; global_colors_info=&#8221;{}&#8221;]<\/p>\n<h1>B\u1ed9 Quy T\u1eafc \u1ee8ng X\u1eed<\/h1>\n<p>[\/et_pb_text][\/et_pb_column][\/et_pb_row][\/et_pb_section][et_pb_section fb_built=&#8221;1&#8243; _builder_version=&#8221;4.16&#8243; background_color=&#8221;#ffffff&#8221; z_index=&#8221;4&#8243; custom_margin=&#8221;||0px||false|false&#8221; custom_padding=&#8221;1px||0px||false|false&#8221; border_color_bottom=&#8221;#f3f3f3&#8243; global_colors_info=&#8221;{}&#8221;][et_pb_row _builder_version=&#8221;4.16&#8243; background_color=&#8221;#ffffff&#8221; background_enable_image=&#8221;off&#8221; custom_padding=&#8221;3px||2px|||&#8221; global_colors_info=&#8221;{}&#8221;][et_pb_column type=&#8221;4_4&#8243; _builder_version=&#8221;4.16&#8243; global_colors_info=&#8221;{}&#8221;][et_pb_text _builder_version=&#8221;4.27.4&#8243; max_width=&#8221;900px&#8221; module_alignment=&#8221;center&#8221; custom_margin=&#8221;||0px|||&#8221; custom_padding=&#8221;||40px|||&#8221; hover_enabled=&#8221;0&#8243; global_colors_info=&#8221;{}&#8221; sticky_enabled=&#8221;0&#8243;]<\/p>\n<p><strong style=\"font-size: 19px;\">Chu\u1ea9n B\u1ecb Tham Gia L\u1edbp H\u1ecdc.<\/strong> <span style=\"font-size: 19px;\">Ch\u00fang t\u00f4i ch\u00e0o m\u1eebng v\u00e0 h\u1ed7 tr\u1ee3 b\u1ea1n c\u0169ng nh\u01b0 t\u1ea5t c\u1ea3 h\u1ecdc vi\u00ean tham gia, \u0111\u1ed3ng th\u1eddi y\u00eau c\u1ea7u b\u1ea1n \u0111\u1ebfn l\u1edbp v\u1edbi tinh th\u1ea7n th\u01b0 th\u00e1i v\u00e0 s\u1eb5n s\u00e0ng h\u1ecdc t\u1eadp. B\u1ea1n s\u1ebd c\u1ea7n m\u1ed9t thi\u1ebft b\u1ecb di \u0111\u1ed9ng \u0111\u1ec3 tham gia kh\u00f3a h\u1ecdc, ch\u1eb3ng h\u1ea1n nh\u01b0 \u0111i\u1ec7n tho\u1ea1i, m\u00e1y t\u00ednh b\u1ea3ng ho\u1eb7c m\u00e1y t\u00ednh x\u00e1ch tay. Vui l\u00f2ng mang theo thi\u1ebft b\u1ecb di \u0111\u1ed9ng v\u00e0 \u0111\u1eb7t \u1edf ch\u1ebf \u0111\u1ed9 im l\u1eb7ng khi b\u1ea1n \u0111\u1ebfn l\u1edbp. Carewell ch\u1ec9 c\u00f3 s\u1eb5n m\u1ed9t s\u1ed1 thi\u1ebft b\u1ecb gi\u1edbi h\u1ea1n \u0111\u1ec3 cho m\u01b0\u1ee3n n\u1ebfu b\u1ea1n kh\u00f4ng c\u00f3 thi\u1ebft b\u1ecb di \u0111\u1ed9ng. H\u1ecdc vi\u00ean s\u1ebd \u0111\u01b0\u1ee3c ngh\u1ec9 gi\u1ea3i lao theo k\u1ebf ho\u1ea1ch. Tuy nhi\u00ean, ch\u00fang t\u00f4i kh\u00f4ng cung c\u1ea5p b\u1eefa tr\u01b0a trong su\u1ed1t bu\u1ed5i \u0111\u00e0o t\u1ea1o.<\/span><\/p>\n<p class=\"p1\"><strong>V\u1ea5n \u0110\u1ec1 Chuy\u00ean C\u1ea7n V\u00e0 \u0110i Mu\u1ed9n.\u00a0<span style=\"font-weight: 400;\">Vui l\u00f2ng \u0111\u1ebfn l\u1edbp tr\u01b0\u1edbc 10 ph\u00fat. N\u1ebfu b\u1ea1n \u0111\u1ebfn mu\u1ed9n h\u01a1n m\u01b0\u1eddi ph\u00fat khi l\u1edbp \u0111\u00e3 b\u1eaft \u0111\u1ea7u h\u1ecdc, b\u1ea1n s\u1ebd kh\u00f4ng th\u1ec3 tham gia l\u1edbp v\u00e0 \u0111\u01b0\u1ee3c y\u00eau c\u1ea7u \u0111i\u1ec1u ch\u1ec9nh l\u1ea1i l\u1ecbch h\u1ecdc.<\/span><\/strong><\/p>\n<p class=\"p1\"><strong><span style=\"font-weight: 400;\"><strong>Nh\u1eefng Ng\u01b0\u1eddi \u0110\u01b0\u1ee3c Ph\u00e9p Tham D\u1ef1.<\/strong> Ch\u01b0\u01a1ng Tr\u00ecnh \u0110\u00e0o T\u1ea1o C\u1ee7a Carewell ch\u1ec9 c\u00f3 th\u1ec3 cung c\u1ea5p \u0111\u1ee7 ch\u1ed7 cho c\u00e1c nh\u00e0 cung c\u1ea5p d\u1ecbch v\u1ee5 ch\u0103m s\u00f3c s\u1ee9c kh\u1ecfe. B\u1ea1n kh\u00f4ng \u0111\u01b0\u1ee3c \u0111\u01b0a kh\u00e1ch \u0111i c\u00f9ng, k\u1ec3 c\u1ea3 ng\u01b0\u1eddi s\u1eed d\u1ee5ng lao \u0111\u1ed9ng, kh\u00e1ch h\u00e0ng, tr\u1ebb em ho\u1eb7c th\u00e0nh vi\u00ean gia \u0111\u00ecnh. <\/span><\/strong><\/p>\n<p class=\"p1\"><strong>H\u00e0nh Vi Trong L\u1edbp H\u1ecdc.\u00a0<\/strong><span style=\"font-size: 19px;\">\u0110\u1ec3 \u0111\u1ea3m b\u1ea3o m\u00f4i tr\u01b0\u1eddng h\u1ecdc t\u1eadp tho\u1ea3i m\u00e1i cho t\u1ea5t c\u1ea3 h\u1ecdc vi\u00ean, vui l\u00f2ng kh\u00f4ng s\u1eed d\u1ee5ng m\u00f9i h\u01b0\u01a1ng g\u00e2y m\u1ea5t t\u1eadp trung. Ngo\u00e0i ra, xin l\u01b0u \u00fd r\u1eb1ng c\u00e1ch v\u1ec7 sinh c\u00e1 nh\u00e2n c\u1ee7a b\u1ea1n c\u0169ng c\u00f3 th\u1ec3 \u1ea3nh h\u01b0\u1edfng \u0111\u1ebfn tr\u1ea3i nghi\u1ec7m c\u1ee7a h\u1ecdc vi\u00ean kh\u00e1c trong l\u1edbp h\u1ecdc. H\u00e3y l\u00e0 m\u1ed9t h\u1ecdc vi\u00ean t\u00edch c\u1ef1c trong l\u1edbp v\u00e0 t\u00f4n tr\u1ecdng ng\u01b0\u1eddi kh\u00e1c. Ch\u00fang t\u00f4i kh\u00f4ng cho ph\u00e9p h\u00fat thu\u1ed1c v\u00e0 s\u1eed d\u1ee5ng ma t\u00fay hay r\u01b0\u1ee3u bia b\u00ean trong ho\u1eb7c xung quanh \u0111\u1ecba \u0111i\u1ec3m l\u1edbp h\u1ecdc. Ch\u00fang t\u00f4i kh\u00f4ng ch\u1ea5p nh\u1eadn h\u00e0nh \u0111\u1ed9ng ph\u00e1 ph\u00e1ch, \u0103n c\u1eafp, ng\u01b0\u1ee3c \u0111\u00e3i b\u1eb1ng l\u1eddi n\u00f3i\/b\u1ea1o h\u00e0nh th\u1ec3 ch\u1ea5t c\u1ee7a nh\u00e2n vi\u00ean ho\u1eb7c h\u1ecdc vi\u00ean. Ch\u00fang t\u00f4i s\u1ebd m\u1eddi b\u1ea1n ra kh\u1ecfi l\u1edbp n\u1ebfu b\u1ea1n c\u00f3 h\u00e0nh vi g\u00e2y r\u1ed1i \u1ea3nh h\u01b0\u1edfng ti\u00eau c\u1ef1c \u0111\u1ebfn s\u1ef1 an to\u00e0n ho\u1eb7c kh\u1ea3 n\u0103ng h\u1ecdc t\u1eadp c\u1ee7a ng\u01b0\u1eddi kh\u00e1c.\u00a0<\/span><\/p>\n<p class=\"p1\"><strong>H\u00e0nh Vi Tr\u00ean M\u1ea1ng.<\/strong> <span style=\"font-weight: 400;\">\u0110\u1ed1i v\u1edbi<\/span><span style=\"font-weight: 400;\"> kh\u00f3a \u0111\u00e0o t\u1ea1o tr\u1ef1c tuy\u1ebfn, b\u1ea1n s\u1ebd t\u01b0\u01a1ng t\u00e1c v\u1edbi c\u00e1c h\u1ecdc vi\u00ean kh\u00e1c v\u00e0 gia\u0309ng vi\u00ean c\u1ee7a Carewell th\u00f4ng qua m\u1ed9t b\u1ea3ng th\u1ea3o lu\u1eadn tr\u1ef1c tuy\u1ebfn v\u00e0\/ho\u1eb7c cu\u1ed9c th\u1ea3o lu\u1eadn trong l\u1edbp h\u1ecdc \u1ea3o. Ch\u00fang t\u00f4i \u0111\u1ec1 ngh\u1ecb b\u1ea1n c\u00f3 th\u00e1i \u0111\u1ed9 t\u00edch c\u1ef1c v\u00e0 chuy\u00ean nghi\u1ec7p trong t\u1ea5t c\u1ea3 m\u00f4i tr\u01b0\u1eddng \u0111\u00e0o t\u1ea1o tr\u1ef1c tuy\u1ebfn \u0111\u1ec3 t\u1ea1o d\u1ef1ng m\u00f4i tr\u01b0\u1eddng h\u1ecdc t\u1eadp tho\u1ea3i m\u00e1i cho t\u1ea5t c\u1ea3 m\u1ecdi ng\u01b0\u1eddi. Ch\u00fang t\u00f4i s\u1ebd x\u00f3a m\u1ecdi n\u1ed9i dung nh\u1eadn x\u00e9t vi ph\u1ea1m B\u1ed9 Quy T\u1eafc \u1ee8ng X\u1eed n\u00e0y ho\u1eb7c ti\u1ebft l\u1ed9 th\u00f4ng tin m\u1eadt c\u1ee7a ng\u01b0\u1eddi s\u1eed d\u1ee5ng lao \u0111\u1ed9ng. Ch\u00fang t\u00f4i c\u00f3 th\u1ec3 g\u1ea1ch t\u00ean c\u00e1c h\u1ecdc vi\u00ean c\u00f3 th\u00e1i \u0111\u1ed9 khi\u00eau chi\u1ebfn, v\u00f4 t\u00e2m, \u0111e d\u1ecda, l\u00e0m phi\u1ec1n, s\u1eed d\u1ee5ng ng\u00f4n t\u1eeb x\u00fac ph\u1ea1m ho\u1eb7c g\u00e2y \u1ea3nh h\u01b0\u1edfng ti\u00eau c\u1ef1c \u0111\u1ebfn m\u00f4i tr\u01b0\u1eddng h\u1ecdc t\u1eadp. <\/span><\/p>\n<p class=\"p1\"><strong>S\u1ef1 \u0110a D\u1ea1ng, T\u00ednh C\u00f4ng B\u1eb1ng V\u00e0 S\u1ef1 H\u00f2a \u0110\u1ed3ng.<\/strong> <span style=\"font-weight: 400;\">Carewell SEIU 503 tin r\u1eb1ng m\u1ed9t m\u00f4i tr\u01b0\u1eddng \u0111a d\u1ea1ng, h\u00f2a \u0111\u1ed3ng v\u00e0 an to\u00e0n l\u00e0 n\u01a1i m\u00e0 t\u1ea5t c\u1ea3 c\u00e1c nh\u00e2n vi\u00ean v\u00e0 h\u1ecdc vi\u00ean \u0111\u1ec1u c\u1ea3m th\u1ea5y \u0111\u01b0\u1ee3c ch\u00e0o \u0111\u00f3n. Ch\u00fang t\u00f4i t\u00f4n tr\u1ecdng v\u00e0 coi tr\u1ecdng tr\u1ea3i nghi\u1ec7m s\u1ed1ng \u0111a d\u1ea1ng c\u0169ng nh\u01b0 mu\u1ed1n \u0111\u1ea3m b\u1ea3o r\u1eb1ng ti\u1ebfng n\u00f3i n\u00e0o c\u0169ng c\u00f3 gi\u00e1 tr\u1ecb. Ch\u00fang t\u00f4i s\u1ebd kh\u00f4ng ch\u1ea5p nh\u1eadn h\u00e0nh vi qu\u1ea5y r\u1ed1i ho\u1eb7c b\u1eaft n\u1ea1t c\u1ee7a nh\u00e2n vi\u00ean hay h\u1ecdc vi\u00ean. <\/span><\/p>\n<p class=\"p1\"><i><span style=\"font-weight: 400;\">SEIU Local 503 Training Partnership nh\u1eadn h\u1ecdc vi\u00ean thu\u1ed9c m\u1ecdi ch\u1ee7ng t\u1ed9c, m\u00e0u da, ngu\u1ed3n g\u1ed1c qu\u1ed1c gia, ngu\u1ed3n g\u1ed1c d\u00e2n t\u1ed9c v\u00e0 cho ph\u00e9p h\u1ecd h\u01b0\u1edfng t\u1ea5t c\u1ea3 c\u00e1c quy\u1ec1n, \u0111\u1eb7c quy\u1ec1n, tham gia c\u00e1c ch\u01b0\u01a1ng tr\u00ecnh c\u0169ng nh\u01b0 ho\u1ea1t \u0111\u1ed9ng m\u00e0 th\u00f4ng th\u01b0\u1eddng \u0111\u01b0\u1ee3c ch\u1ea5p nh\u1eadn ho\u1eb7c \u0111\u01b0\u1ee3c cung c\u1ea5p cho h\u1ecdc vi\u00ean tham gia c\u00e1c ch\u01b0\u01a1ng tr\u00ecnh \u0111\u00e0o t\u1ea1o c\u1ee7a Partnership. SEIU Local 503 Training Partnership kh\u00f4ng ph\u00e2n bi\u1ec7t \u0111\u1ed1i x\u1eed d\u1ef1a v\u00e0o ch\u1ee7ng t\u1ed9c, m\u00e0u da, ngu\u1ed3n g\u1ed1c qu\u1ed1c gia ho\u1eb7c ngu\u1ed3n g\u1ed1c d\u00e2n t\u1ed9c trong qu\u00e1 tr\u00ecnh qu\u1ea3n l\u00fd c\u00e1c ch\u00ednh s\u00e1ch gi\u00e1o d\u1ee5c, ch\u00ednh s\u00e1ch nh\u1eadn h\u1ecdc vi\u00ean v\u00e0 c\u00e1c ch\u01b0\u01a1ng tr\u00ecnh kh\u00e1c do nh\u00e0 tr\u01b0\u1eddng qu\u1ea3n l\u00fd.\u00a0<\/span><\/i><\/p>\n<p class=\"p1\"><i><span style=\"font-weight: 400;\">N\u1ebfu tham gia Carewell SEIU 503 Training, t\u1ee9c l\u00e0 b\u1ea1n \u0111\u1ed3ng \u00fd \u0111\u1ea3m b\u1ea3o s\u1ef1 c\u00f4ng b\u1eb1ng v\u00e0 an to\u00e0n cho t\u1ea5t c\u1ea3 nh\u1eefng ng\u01b0\u1eddi tham gia kh\u00e1c. B\u1ea1n \u0111\u1ed3ng \u00fd tu\u00e2n th\u1ee7 B\u1ed9 Quy T\u1eafc \u1ee8ng X\u1eed n\u00f3i tr\u00ean cho t\u1ea5t c\u1ea3 c\u00e1c kh\u00eda c\u1ea1nh trong Carewell SEIU 503 Training, c\u1ea3 tham gia tr\u1ef1c ti\u1ebfp l\u1eabn tr\u1ef1c tuy\u1ebfn. N\u1ebfu b\u1ea1n kh\u00f4ng tu\u00e2n th\u1ee7 nh\u1eefng y\u00eau c\u1ea7u h\u1ee3p l\u00fd n\u00eau tr\u00ean, nh\u00e2n vi\u00ean c\u1ee7a Carewell s\u1ebd c\u00f3 bi\u1ec7n ph\u00e1p c\u1ea7n thi\u1ebft \u0111\u1ec3 gi\u1ea3i quy\u1ebft m\u1ecdi tr\u01b0\u1eddng h\u1ee3p kh\u00f4ng tu\u00e2n th\u1ee7 B\u1ed9 Quy T\u1eafc \u1ee8ng X\u1eed n\u00e0y. N\u1ebfu b\u1ea1n c\u00f3 b\u1ea5t k\u1ef3 v\u1ea5n \u0111\u1ec1 ho\u1eb7c th\u1eafc m\u1eafc n\u00e0o v\u1ec1 B\u1ed9 Quy T\u1eafc \u1ee8ng X\u1eed n\u00e0y, h\u00e3y g\u1eedi email cho ch\u00fang t\u00f4i theo \u0111\u1ecba ch\u1ec9: <\/span><\/i><a href=\"mailto:carewellSEIU503Training@RISEpartnership.com\">carewellSEIU503Training@RISEpartnership.com<\/a><\/p>\n<p>[\/et_pb_text][\/et_pb_column][\/et_pb_row][\/et_pb_section]<\/p>\n","protected":false},"excerpt":{"rendered":"<p>B\u1ed9 Quy T\u1eafc \u1ee8ng X\u1eed c\u1ee7a Carewell SEIU 503 Training x\u00e1c \u0111\u1ecbnh c\u00e1ch t\u1ef1 \u1ee9ng x\u1eed c\u1ee7a ng\u01b0\u1eddi tham gia ch\u01b0\u01a1ng tr\u00ecnh \u0111\u00e0o t\u1ea1o, c\u1ea3 tr\u1ef1c ti\u1ebfp l\u1eabn tr\u1ef1c tuy\u1ebfn.<\/p>\n","protected":false},"author":9,"featured_media":0,"parent":221966,"menu_order":4,"comment_status":"closed","ping_status":"closed","template":"","meta":{"_acf_changed":false,"_et_pb_use_builder":"on","_et_pb_old_content":"","_et_gb_content_width":"","footnotes":"","_links_to":"","_links_to_target":""},"class_list":["post-221989","page","type-page","status-publish","hentry"],"acf":[],"yoast_head":"<!-- This site is optimized with the Yoast SEO plugin v27.5 - https:\/\/yoast.com\/product\/yoast-seo-wordpress\/ -->\n<title>B\u1ed9 Quy T\u1eafc \u1ee8ng X\u1eed C\u1ee7a Ch\u01b0\u01a1ng Tr\u00ecnh \u0110\u00e0o T\u1ea1o - Carewell SEIU 503<\/title>\n<meta name=\"description\" content=\"B\u1ed9 Quy T\u1eafc \u1ee8ng X\u1eed c\u1ee7a Carewell SEIU 503 Training x\u00e1c \u0111\u1ecbnh c\u00e1ch t\u1ef1 \u1ee9ng x\u1eed c\u1ee7a ng\u01b0\u1eddi tham gia ch\u01b0\u01a1ng tr\u00ecnh \u0111\u00e0o t\u1ea1o, c\u1ea3 tr\u1ef1c ti\u1ebfp l\u1eabn tr\u1ef1c tuy\u1ebfn.\" \/>\n<meta name=\"robots\" content=\"index, follow, max-snippet:-1, max-image-preview:large, max-video-preview:-1\" \/>\n<link rel=\"canonical\" href=\"https:\/\/www.carewellseiu503.org\/vi\/training\/code-of-conduct\/\" \/>\n<meta property=\"og:locale\" content=\"vi_VN\" \/>\n<meta property=\"og:type\" content=\"article\" \/>\n<meta property=\"og:title\" content=\"B\u1ed9 Quy T\u1eafc \u1ee8ng X\u1eed C\u1ee7a Ch\u01b0\u01a1ng Tr\u00ecnh \u0110\u00e0o T\u1ea1o - Carewell SEIU 503\" \/>\n<meta property=\"og:description\" content=\"B\u1ed9 Quy T\u1eafc \u1ee8ng X\u1eed c\u1ee7a Carewell SEIU 503 Training x\u00e1c \u0111\u1ecbnh c\u00e1ch t\u1ef1 \u1ee9ng x\u1eed c\u1ee7a ng\u01b0\u1eddi tham gia ch\u01b0\u01a1ng tr\u00ecnh \u0111\u00e0o t\u1ea1o, c\u1ea3 tr\u1ef1c ti\u1ebfp l\u1eabn tr\u1ef1c tuy\u1ebfn.\" \/>\n<meta property=\"og:site_name\" content=\"Carewell SEIU 503\" \/>\n<meta property=\"article:modified_time\" content=\"2025-10-03T16:53:05+00:00\" \/>\n<meta property=\"og:image\" content=\"https:\/\/www.carewellseiu503.org\/wp-content\/uploads\/FB-Alt-1.jpg\" \/>\n\t<meta property=\"og:image:width\" content=\"2398\" \/>\n\t<meta property=\"og:image:height\" content=\"1256\" \/>\n\t<meta property=\"og:image:type\" content=\"image\/jpeg\" \/>\n<meta name=\"twitter:card\" content=\"summary_large_image\" \/>\n<meta name=\"twitter:label1\" content=\"Est. reading time\" \/>\n\t<meta name=\"twitter:data1\" content=\"8 minutes\" \/>\n<script type=\"application\/ld+json\" class=\"yoast-schema-graph\">{\"@context\":\"https:\\\/\\\/schema.org\",\"@graph\":[{\"@type\":\"WebPage\",\"@id\":\"https:\\\/\\\/www.carewellseiu503.org\\\/vi\\\/training\\\/code-of-conduct\\\/\",\"url\":\"https:\\\/\\\/www.carewellseiu503.org\\\/vi\\\/training\\\/code-of-conduct\\\/\",\"name\":\"B\u1ed9 Quy T\u1eafc \u1ee8ng X\u1eed C\u1ee7a Ch\u01b0\u01a1ng Tr\u00ecnh \u0110\u00e0o T\u1ea1o - Carewell SEIU 503\",\"isPartOf\":{\"@id\":\"https:\\\/\\\/www.carewellseiu503.org\\\/vi\\\/#website\"},\"datePublished\":\"2021-04-06T19:35:40+00:00\",\"dateModified\":\"2025-10-03T16:53:05+00:00\",\"description\":\"B\u1ed9 Quy T\u1eafc \u1ee8ng X\u1eed c\u1ee7a Carewell SEIU 503 Training x\u00e1c \u0111\u1ecbnh c\u00e1ch t\u1ef1 \u1ee9ng x\u1eed c\u1ee7a ng\u01b0\u1eddi tham gia ch\u01b0\u01a1ng tr\u00ecnh \u0111\u00e0o t\u1ea1o, c\u1ea3 tr\u1ef1c ti\u1ebfp l\u1eabn tr\u1ef1c tuy\u1ebfn.\",\"breadcrumb\":{\"@id\":\"https:\\\/\\\/www.carewellseiu503.org\\\/vi\\\/training\\\/code-of-conduct\\\/#breadcrumb\"},\"inLanguage\":\"vi-VN\",\"potentialAction\":[{\"@type\":\"ReadAction\",\"target\":[\"https:\\\/\\\/www.carewellseiu503.org\\\/vi\\\/training\\\/code-of-conduct\\\/\"]}]},{\"@type\":\"BreadcrumbList\",\"@id\":\"https:\\\/\\\/www.carewellseiu503.org\\\/vi\\\/training\\\/code-of-conduct\\\/#breadcrumb\",\"itemListElement\":[{\"@type\":\"ListItem\",\"position\":1,\"name\":\"Home\",\"item\":\"https:\\\/\\\/www.carewellseiu503.org\\\/vi\\\/\"},{\"@type\":\"ListItem\",\"position\":2,\"name\":\"T\u1ed5ng Quan V\u1ec1 Ch\u01b0\u01a1ng Tri\u0300nh \u0110\u00e0o T\u1ea1o C\u1ee7a Carewell\",\"item\":\"https:\\\/\\\/www.carewellseiu503.org\\\/vi\\\/training\\\/\"},{\"@type\":\"ListItem\",\"position\":3,\"name\":\"B\u1ed9 Quy T\u1eafc \u1ee8ng X\u1eed C\u1ee7a Ch\u01b0\u01a1ng Tr\u00ecnh \u0110\u00e0o T\u1ea1o\"}]},{\"@type\":\"WebSite\",\"@id\":\"https:\\\/\\\/www.carewellseiu503.org\\\/vi\\\/#website\",\"url\":\"https:\\\/\\\/www.carewellseiu503.org\\\/vi\\\/\",\"name\":\"Carewell SEIU 503\",\"description\":\"Health. Support. Training.\",\"publisher\":{\"@id\":\"https:\\\/\\\/www.carewellseiu503.org\\\/vi\\\/#organization\"},\"potentialAction\":[{\"@type\":\"SearchAction\",\"target\":{\"@type\":\"EntryPoint\",\"urlTemplate\":\"https:\\\/\\\/www.carewellseiu503.org\\\/vi\\\/?s={search_term_string}\"},\"query-input\":{\"@type\":\"PropertyValueSpecification\",\"valueRequired\":true,\"valueName\":\"search_term_string\"}}],\"inLanguage\":\"vi-VN\"},{\"@type\":\"Organization\",\"@id\":\"https:\\\/\\\/www.carewellseiu503.org\\\/vi\\\/#organization\",\"name\":\"Carewell SEIU 503\",\"url\":\"https:\\\/\\\/www.carewellseiu503.org\\\/vi\\\/\",\"logo\":{\"@type\":\"ImageObject\",\"inLanguage\":\"vi-VN\",\"@id\":\"https:\\\/\\\/www.carewellseiu503.org\\\/vi\\\/#\\\/schema\\\/logo\\\/image\\\/\",\"url\":\"https:\\\/\\\/www.carewellseiu503.org\\\/wp-content\\\/uploads\\\/FB-Alt-1.jpg\",\"contentUrl\":\"https:\\\/\\\/www.carewellseiu503.org\\\/wp-content\\\/uploads\\\/FB-Alt-1.jpg\",\"width\":2398,\"height\":1256,\"caption\":\"Carewell SEIU 503\"},\"image\":{\"@id\":\"https:\\\/\\\/www.carewellseiu503.org\\\/vi\\\/#\\\/schema\\\/logo\\\/image\\\/\"}}]}<\/script>\n<!-- \/ Yoast SEO plugin. -->","yoast_head_json":{"title":"B\u1ed9 Quy T\u1eafc \u1ee8ng X\u1eed C\u1ee7a Ch\u01b0\u01a1ng Tr\u00ecnh \u0110\u00e0o T\u1ea1o - Carewell SEIU 503","description":"B\u1ed9 Quy T\u1eafc \u1ee8ng X\u1eed c\u1ee7a Carewell SEIU 503 Training x\u00e1c \u0111\u1ecbnh c\u00e1ch t\u1ef1 \u1ee9ng x\u1eed c\u1ee7a ng\u01b0\u1eddi tham gia ch\u01b0\u01a1ng tr\u00ecnh \u0111\u00e0o t\u1ea1o, c\u1ea3 tr\u1ef1c ti\u1ebfp l\u1eabn tr\u1ef1c tuy\u1ebfn.","robots":{"index":"index","follow":"follow","max-snippet":"max-snippet:-1","max-image-preview":"max-image-preview:large","max-video-preview":"max-video-preview:-1"},"canonical":"https:\/\/www.carewellseiu503.org\/vi\/training\/code-of-conduct\/","og_locale":"vi_VN","og_type":"article","og_title":"B\u1ed9 Quy T\u1eafc \u1ee8ng X\u1eed C\u1ee7a Ch\u01b0\u01a1ng Tr\u00ecnh \u0110\u00e0o T\u1ea1o - Carewell SEIU 503","og_description":"B\u1ed9 Quy T\u1eafc \u1ee8ng X\u1eed c\u1ee7a Carewell SEIU 503 Training x\u00e1c \u0111\u1ecbnh c\u00e1ch t\u1ef1 \u1ee9ng x\u1eed c\u1ee7a ng\u01b0\u1eddi tham gia ch\u01b0\u01a1ng tr\u00ecnh \u0111\u00e0o t\u1ea1o, c\u1ea3 tr\u1ef1c ti\u1ebfp l\u1eabn tr\u1ef1c tuy\u1ebfn.","og_site_name":"Carewell SEIU 503","article_modified_time":"2025-10-03T16:53:05+00:00","og_image":[{"width":2398,"height":1256,"url":"https:\/\/www.carewellseiu503.org\/wp-content\/uploads\/FB-Alt-1.jpg","type":"image\/jpeg"}],"twitter_card":"summary_large_image","twitter_misc":{"Est. reading time":"8 minutes"},"schema":{"@context":"https:\/\/schema.org","@graph":[{"@type":"WebPage","@id":"https:\/\/www.carewellseiu503.org\/vi\/training\/code-of-conduct\/","url":"https:\/\/www.carewellseiu503.org\/vi\/training\/code-of-conduct\/","name":"B\u1ed9 Quy T\u1eafc \u1ee8ng X\u1eed C\u1ee7a Ch\u01b0\u01a1ng Tr\u00ecnh \u0110\u00e0o T\u1ea1o - Carewell SEIU 503","isPartOf":{"@id":"https:\/\/www.carewellseiu503.org\/vi\/#website"},"datePublished":"2021-04-06T19:35:40+00:00","dateModified":"2025-10-03T16:53:05+00:00","description":"B\u1ed9 Quy T\u1eafc \u1ee8ng X\u1eed c\u1ee7a Carewell SEIU 503 Training x\u00e1c \u0111\u1ecbnh c\u00e1ch t\u1ef1 \u1ee9ng x\u1eed c\u1ee7a ng\u01b0\u1eddi tham gia ch\u01b0\u01a1ng tr\u00ecnh \u0111\u00e0o t\u1ea1o, c\u1ea3 tr\u1ef1c ti\u1ebfp l\u1eabn tr\u1ef1c tuy\u1ebfn.","breadcrumb":{"@id":"https:\/\/www.carewellseiu503.org\/vi\/training\/code-of-conduct\/#breadcrumb"},"inLanguage":"vi-VN","potentialAction":[{"@type":"ReadAction","target":["https:\/\/www.carewellseiu503.org\/vi\/training\/code-of-conduct\/"]}]},{"@type":"BreadcrumbList","@id":"https:\/\/www.carewellseiu503.org\/vi\/training\/code-of-conduct\/#breadcrumb","itemListElement":[{"@type":"ListItem","position":1,"name":"Home","item":"https:\/\/www.carewellseiu503.org\/vi\/"},{"@type":"ListItem","position":2,"name":"T\u1ed5ng Quan V\u1ec1 Ch\u01b0\u01a1ng Tri\u0300nh \u0110\u00e0o T\u1ea1o C\u1ee7a Carewell","item":"https:\/\/www.carewellseiu503.org\/vi\/training\/"},{"@type":"ListItem","position":3,"name":"B\u1ed9 Quy T\u1eafc \u1ee8ng X\u1eed C\u1ee7a Ch\u01b0\u01a1ng Tr\u00ecnh \u0110\u00e0o T\u1ea1o"}]},{"@type":"WebSite","@id":"https:\/\/www.carewellseiu503.org\/vi\/#website","url":"https:\/\/www.carewellseiu503.org\/vi\/","name":"Carewell SEIU 503","description":"Health. Support. Training.","publisher":{"@id":"https:\/\/www.carewellseiu503.org\/vi\/#organization"},"potentialAction":[{"@type":"SearchAction","target":{"@type":"EntryPoint","urlTemplate":"https:\/\/www.carewellseiu503.org\/vi\/?s={search_term_string}"},"query-input":{"@type":"PropertyValueSpecification","valueRequired":true,"valueName":"search_term_string"}}],"inLanguage":"vi-VN"},{"@type":"Organization","@id":"https:\/\/www.carewellseiu503.org\/vi\/#organization","name":"Carewell SEIU 503","url":"https:\/\/www.carewellseiu503.org\/vi\/","logo":{"@type":"ImageObject","inLanguage":"vi-VN","@id":"https:\/\/www.carewellseiu503.org\/vi\/#\/schema\/logo\/image\/","url":"https:\/\/www.carewellseiu503.org\/wp-content\/uploads\/FB-Alt-1.jpg","contentUrl":"https:\/\/www.carewellseiu503.org\/wp-content\/uploads\/FB-Alt-1.jpg","width":2398,"height":1256,"caption":"Carewell SEIU 503"},"image":{"@id":"https:\/\/www.carewellseiu503.org\/vi\/#\/schema\/logo\/image\/"}}]}},"_links":{"self":[{"href":"https:\/\/www.carewellseiu503.org\/vi\/wp-json\/wp\/v2\/pages\/221989","targetHints":{"allow":["GET"]}}],"collection":[{"href":"https:\/\/www.carewellseiu503.org\/vi\/wp-json\/wp\/v2\/pages"}],"about":[{"href":"https:\/\/www.carewellseiu503.org\/vi\/wp-json\/wp\/v2\/types\/page"}],"author":[{"embeddable":true,"href":"https:\/\/www.carewellseiu503.org\/vi\/wp-json\/wp\/v2\/users\/9"}],"replies":[{"embeddable":true,"href":"https:\/\/www.carewellseiu503.org\/vi\/wp-json\/wp\/v2\/comments?post=221989"}],"version-history":[{"count":0,"href":"https:\/\/www.carewellseiu503.org\/vi\/wp-json\/wp\/v2\/pages\/221989\/revisions"}],"up":[{"embeddable":true,"href":"https:\/\/www.carewellseiu503.org\/vi\/wp-json\/wp\/v2\/pages\/221966"}],"wp:attachment":[{"href":"https:\/\/www.carewellseiu503.org\/vi\/wp-json\/wp\/v2\/media?parent=221989"}],"curies":[{"name":"wp","href":"https:\/\/api.w.org\/{rel}","templated":true}]}}