{"id":222009,"date":"2021-04-06T12:36:00","date_gmt":"2021-04-06T19:36:00","guid":{"rendered":"http:\/\/www.carewellseiu503.org\/gioi-thieu\/cc-quy-uy-thc\/"},"modified":"2025-10-03T09:53:55","modified_gmt":"2025-10-03T16:53:55","slug":"trusts","status":"publish","type":"page","link":"https:\/\/www.carewellseiu503.org\/vi\/about-us\/trusts\/","title":{"rendered":"Gi\u1edbi Thi\u1ec7u v\u1ec1 c\u00e1c Qu\u1ef9 \u1ee6y Th\u00e1c"},"content":{"rendered":"<p>[et_pb_section fb_built=&#8221;1&#8243; custom_padding_last_edited=&#8221;on|phone&#8221; _builder_version=&#8221;4.4.3&#8243; background_color=&#8221;#ffffff&#8221; background_enable_image=&#8221;off&#8221; background_position=&#8221;bottom_left&#8221; min_height=&#8221;350px&#8221; min_height_tablet=&#8221;100px&#8221; min_height_phone=&#8221;&#8221; min_height_last_edited=&#8221;on|phone&#8221; custom_margin=&#8221;||0px||false|false&#8221; custom_padding=&#8221;50px||0px||false|false&#8221; custom_padding_tablet=&#8221;&#8221; custom_padding_phone=&#8221;0px||||false|false&#8221; bottom_divider_flip=&#8221;vertical&#8221; background_last_edited=&#8221;on|phone&#8221; use_background_color_gradient_phone=&#8221;off&#8221; background_enable_image_phone=&#8221;off&#8221; border_color_bottom=&#8221;#ffa89f&#8221; locked=&#8221;off&#8221;][et_pb_row custom_padding_last_edited=&#8221;on|phone&#8221; _builder_version=&#8221;4.4.3&#8243; custom_padding=&#8221;100px||2px||false|false&#8221; custom_padding_tablet=&#8221;&#8221; custom_padding_phone=&#8221;&#8221;][et_pb_column type=&#8221;4_4&#8243; _builder_version=&#8221;4.4.3&#8243;][et_pb_text module_class=&#8221;addLine&#8221; _builder_version=&#8221;4.4.3&#8243; text_text_color_tablet=&#8221;&#8221; text_text_color_phone=&#8221;&#8221; text_text_color_last_edited=&#8221;on|phone&#8221; header_text_color_tablet=&#8221;&#8221; header_text_color_phone=&#8221;&#8221; header_text_color_last_edited=&#8221;on|desktop&#8221; background_layout_tablet=&#8221;&#8221; background_layout_phone=&#8221;&#8221; background_layout_last_edited=&#8221;on|phone&#8221; locked=&#8221;off&#8221;]<\/p>\n<h1>Gi\u1edbi Thi\u1ec7u v\u1ec1 c\u00e1c Qu\u1ef9 \u1ee6y Th\u00e1c<\/h1>\n<p>[\/et_pb_text][\/et_pb_column][\/et_pb_row][\/et_pb_section][et_pb_section fb_built=&#8221;1&#8243; _builder_version=&#8221;4.4.3&#8243; background_color=&#8221;rgba(0,0,0,0)&#8221; z_index=&#8221;4&#8243; custom_margin=&#8221;||0px||false|false&#8221; custom_padding=&#8221;1px||0px||false|false&#8221; border_color_bottom=&#8221;#f3f3f3&#8243; locked=&#8221;off&#8221;][et_pb_row _builder_version=&#8221;4.4.3&#8243; background_color=&#8221;#ffffff&#8221; background_enable_image=&#8221;off&#8221; custom_padding=&#8221;3px||2px|||&#8221;][et_pb_column type=&#8221;4_4&#8243; _builder_version=&#8221;4.4.3&#8243;][et_pb_text _builder_version=&#8221;4.4.3&#8243; max_width=&#8221;900px&#8221; custom_margin=&#8221;||0px|||&#8221; custom_padding=&#8221;||40px|||&#8221;]<\/p>\n<p class=\"p1\">Carewell SEIU 503 l\u00e0 nh\u00f3m ch\u01b0\u01a1ng tr\u00ecnh \u0111\u00e0o t\u1ea1o v\u00e0 ph\u00fac l\u1ee3i d\u00e0nh cho c\u00e1c nh\u00e0 cung c\u1ea5p d\u1ecbch v\u1ee5 ch\u0103m s\u00f3c s\u1ee9c kh\u1ecfe t\u1ea1i nh\u00e0 v\u00e0 h\u1ed7 tr\u1ee3 c\u00e1 nh\u00e2n m\u00e0 SEIU 503 ph\u1ea3i r\u1ea5t kh\u00f3 kh\u0103n m\u1edbi gi\u00e0nh \u0111\u01b0\u1ee3c nh\u1eb1m c\u1ea3i thi\u1ec7n cu\u1ed9c s\u1ed1ng c\u1ee7a h\u1ecd. \u0110\u1ecdc th\u00eam v\u1ec1 l\u1ecbch s\u1eed c\u1ee7a Carewell v\u00e0 c\u00e1c Qu\u1ef9 \u1ee6y Th\u00e1c \u0111\u00e3 gi\u00fap hi\u1ec7n th\u1ef1c h\u00f3a m\u1ecdi m\u1ee5c ti\u00eau c\u1ee7a t\u1ed5 ch\u1ee9c n\u00e0y.<\/p>\n<p>[\/et_pb_text][\/et_pb_column][\/et_pb_row][\/et_pb_section][et_pb_section fb_built=&#8221;1&#8243; disabled_on=&#8221;on|on|on&#8221; _builder_version=&#8221;4.6.0&#8243; _module_preset=&#8221;default&#8221; background_color=&#8221;#a45cff&#8221; min_height=&#8221;30px&#8221; custom_margin=&#8221;0px||0px||true|false&#8221; custom_padding=&#8221;3px||3px||true|false&#8221; disabled=&#8221;on&#8221; locked=&#8221;off&#8221;][et_pb_row _builder_version=&#8221;4.6.0&#8243; _module_preset=&#8221;default&#8221; custom_margin=&#8221;0px||0px||true|false&#8221; custom_padding=&#8221;0px||0px||true|false&#8221;][et_pb_column type=&#8221;4_4&#8243; _builder_version=&#8221;4.6.0&#8243; _module_preset=&#8221;default&#8221;][et_pb_text _builder_version=&#8221;4.6.0&#8243; _module_preset=&#8221;default&#8221; text_text_color=&#8221;#ffffff&#8221; text_orientation=&#8221;center&#8221;]<\/p>\n<p><span>Phu\u0301c L\u01a1\u0323i va\u0300 Ch\u01b0\u01a1ng Tri\u0300nh \u0110a\u0300o Ta\u0323o Cu\u0309a Carewell SEIU 503<\/span><\/p>\n<p>[\/et_pb_text][\/et_pb_column][\/et_pb_row][\/et_pb_section][et_pb_section fb_built=&#8221;1&#8243; _builder_version=&#8221;4.4.3&#8243; background_color=&#8221;#f3f3f3&#8243; custom_padding=&#8221;50px||2px|||&#8221; border_color_top=&#8221;#ffa89f&#8221; locked=&#8221;off&#8221;][et_pb_row column_structure=&#8221;1_3,2_3&#8243; _builder_version=&#8221;4.4.3&#8243; custom_padding=&#8221;2px||50px|||&#8221;][et_pb_column type=&#8221;1_3&#8243; _builder_version=&#8221;4.4.3&#8243;][et_pb_text _builder_version=&#8221;4.4.3&#8243; custom_margin=&#8221;||0px|||&#8221;]<\/p>\n<h3>Carewell SEIU 503<\/h3>\n<h2>Ph\u00fac L\u1ee3i<\/h2>\n<p>[\/et_pb_text][\/et_pb_column][et_pb_column type=&#8221;2_3&#8243; _builder_version=&#8221;4.4.3&#8243;][et_pb_text _builder_version=&#8221;4.6.0&#8243; custom_margin=&#8221;||-2px|||&#8221; custom_padding=&#8221;||0px|||&#8221;]<\/p>\n<p>N\u0103m 2013, c\u1ee9 1 trong 4 nh\u00e2n vi\u00ean h\u1ed7 tr\u1ee3 c\u00e1 nh\u00e2n v\u00e0 ch\u0103m s\u00f3c t\u1ea1i nh\u00e0 \u1edf Ti\u1ec3u Bang Oregon kh\u00f4ng c\u00f3 b\u1ea3o hi\u1ec3m y t\u1ebf. \u0110\u00f3 l\u00e0 l\u00fd do t\u1ea1i sao c\u00e1c th\u00e0nh vi\u00ean c\u1ee7a SEIU 503 \u0111\u00e3 ph\u1ea3i \u0111\u1ea5u tranh r\u1ea5t v\u1ea5t v\u1ea3 \u0111\u1ec3 \u0111\u1ea1t \u0111\u01b0\u1ee3c h\u1ee3p \u0111\u1ed3ng ch\u0103m s\u00f3c t\u1ea1i nh\u00e0 giai \u0111o\u1ea1n 2013-2015 v\u1edbi Ti\u1ec3u Bang Oregon. H\u1ee3p \u0111\u1ed3ng n\u00e0y tri\u1ec3n khai m\u1ed9t m\u00f4 h\u00ecnh ch\u0103m s\u00f3c s\u1ee9c kh\u1ecfe m\u1edbi gi\u00fap c\u00e1c nh\u00e2n vi\u00ean h\u1ed7 tr\u1ee3 c\u00e1 nh\u00e2n v\u00e0 nh\u00e2n vi\u00ean ch\u0103m s\u00f3c t\u1ea1i nh\u00e0 \u1edf Oregon c\u00f3 th\u1ec3 \u0111\u01b0\u1ee3c h\u01b0\u1edfng b\u1ea3o hi\u1ec3m y t\u1ebf v\u1edbi m\u1ee9c ph\u00ed h\u1ee3p l\u00fd.<\/p>\n<p>Trong n\u0103m \u0111\u00f3, c\u00f4ng \u0111o\u00e0n \u0111\u00e3 thu\u00ea 2 qu\u1ef9 \u1ee7y th\u00e1c qu\u1ea3n l\u00fd ng\u01b0\u1eddi lao \u0111\u1ed9ng: Oregon Homecare Workers Supplemental Trust (cung c\u1ea5p ph\u00fac l\u1ee3i H\u1ed7 Tr\u1ee3 Chi Ph\u00ed Ch\u0103m S\u00f3c S\u1ee9c Kh\u1ecfe Carewell SEIU 503) v\u00e0 Oregon Homecare Workers Benefit Trust (cung c\u1ea5p ph\u00fac l\u1ee3i Ch\u01b0\u01a1ng Tr\u00ecnh H\u1ed7 Tr\u1ee3 Nh\u00e2n Vi\u00ean, Nha Khoa, Th\u1ecb L\u1ef1c, Th\u00ednh L\u1ef1c v\u00e0 Gi\u1edd Ngh\u1ec9 \u0110\u01b0\u1ee3c Tr\u1ea3 L\u01b0\u01a1ng).<\/p>\n<p>[\/et_pb_text][\/et_pb_column][\/et_pb_row][et_pb_row column_structure=&#8221;1_3,2_3&#8243; _builder_version=&#8221;4.4.3&#8243; custom_padding=&#8221;2px||50px|||&#8221;][et_pb_column type=&#8221;1_3&#8243; _builder_version=&#8221;4.4.3&#8243;][et_pb_text _builder_version=&#8221;4.4.3&#8243; custom_margin=&#8221;||0px|||&#8221;]<\/p>\n<h3>Carewell SEIU 503<\/h3>\n<h2>\u0110\u00e0o T\u1ea1o<\/h2>\n<p>[\/et_pb_text][\/et_pb_column][et_pb_column type=&#8221;2_3&#8243; _builder_version=&#8221;4.4.3&#8243;][et_pb_text _builder_version=&#8221;4.4.3&#8243; custom_margin=&#8221;||-2px|||&#8221; custom_padding=&#8221;||0px|||&#8221;]<\/p>\n<p>Trong nhi\u1ec1u n\u0103m, c\u00e1c nh\u00e0 cung c\u1ea5p d\u1ecbch v\u1ee5 ch\u0103m s\u00f3c s\u1ee9c kh\u1ecfe t\u1ea1i nh\u00e0 hi\u1ec3u r\u1eb1ng c\u00e1ch t\u1ed1t nh\u1ea5t \u0111\u1ec3 \u0111\u1ea3m b\u1ea3o d\u1ecbch v\u1ee5 ch\u0103m s\u00f3c an to\u00e0n, ch\u1ea5t l\u01b0\u1ee3ng cao cho m\u1ecdi kh\u00e1ch h\u00e0ng v\u00e0 m\u1ed9t l\u1ed9 tr\u00ecnh ngh\u1ec1 nghi\u1ec7p cho m\u1ecdi nh\u00e0 cung c\u1ea5p ch\u00ednh l\u00e0 trang b\u1ecb ki\u1ebfn th\u1ee9c cho c\u00e1c nh\u00e2n vi\u00ean h\u1ed7 tr\u1ee3 c\u00e1 nh\u00e2n v\u00e0 ch\u0103m s\u00f3c t\u1ea1i nh\u00e0 th\u00f4ng qua ch\u01b0\u01a1ng tr\u00ecnh \u0111\u00e0o t\u1ea1o chung.<\/p>\n<p>N\u0103m 2018, c\u00e1c nh\u00e2n vi\u00ean h\u1ed7 tr\u1ee3 c\u00e1 nh\u00e2n v\u00e0 ch\u0103m s\u00f3c t\u1ea1i nh\u00e0 \u1edf Oregon \u0111\u00e3 h\u1ee3p l\u1ef1c v\u1edbi c\u00e1c \u0111\u1ed1i t\u00e1c c\u1ed9ng \u0111\u1ed3ng \u0111\u1ec3 h\u1ed7 tr\u1ee3 vi\u1ec7c th\u00f4ng qua D\u1ef1 Lu\u1eadt Th\u01b0\u1ee3ng Vi\u1ec7n 1534. D\u1ef1 lu\u1eadt n\u00e0y \u0111\u1eb7t ra c\u00e1c ti\u00eau chu\u1ea9n d\u00e0nh cho m\u1ecdi nh\u00e2n vi\u00ean h\u1ed7 tr\u1ee3 c\u00e1 nh\u00e2n v\u00e0 ch\u0103m s\u00f3c t\u1ea1i nh\u00e0 \u1edf Oregon \u0111\u1ec3 \u0111\u1ea3m b\u1ea3o r\u1eb1ng h\u1ecd c\u00f3 k\u1ef9 n\u0103ng, ki\u1ebfn th\u1ee9c v\u00e0 kh\u1ea3 n\u0103ng h\u1ed7 tr\u1ee3 c\u0169ng nh\u01b0 cung c\u1ea5p d\u1ecbch v\u1ee5 ch\u0103m s\u00f3c c\u00f3 ch\u1ea5t l\u01b0\u1ee3ng. N\u0103m 2019, c\u00e1c nh\u00e2n vi\u00ean h\u1ed7 tr\u1ee3 c\u00e1 nh\u00e2n v\u00e0 ch\u0103m s\u00f3c t\u1ea1i nh\u00e0 ti\u1ebfp t\u1ee5c th\u00e0nh l\u1eadp SEIU 503 Training Partnership &ndash; m\u1ed9t qu\u1ef9 \u1ee7y th\u00e1c qu\u1ea3n l\u00fd ng\u01b0\u1eddi lao \u0111\u1ed9ng cung c\u1ea5p Ch\u01b0\u01a1ng Tr\u00ecnh \u0110\u00e0o T\u1ea1o c\u1ee7a Carewell.<\/p>\n<p>[\/et_pb_text][\/et_pb_column][\/et_pb_row][\/et_pb_section]<\/p>\n","protected":false},"excerpt":{"rendered":"<p>Ch\u01b0\u01a1ng Tri\u0300nh \u0110a\u0300o Ta\u0323o va\u0300 Phu\u0301c L\u01a1\u0323i cu\u0309a Carewell SEIU 503 \u0111\u01b0\u1ee3c nh\u00e2n vi\u00ean thi\u1ebft k\u1ebf th\u00f4ng qua Qu\u1ef9 \u1ee6y Th\u00e1c Qu\u1ea3n L\u00fd Ng\u01b0\u1eddi Lao \u0110\u1ed9ng c\u1ee7a h\u1ecd. T\u00ecm hi\u1ec3u th\u00eam v\u1ec1 c\u00e1c Qu\u1ef9 \u1ee6y Th\u00e1c n\u00e0y.<\/p>\n","protected":false},"author":9,"featured_media":0,"parent":221938,"menu_order":1,"comment_status":"closed","ping_status":"closed","template":"","meta":{"_acf_changed":false,"_et_pb_use_builder":"on","_et_pb_old_content":"","_et_gb_content_width":"","footnotes":"","_links_to":"","_links_to_target":""},"class_list":["post-222009","page","type-page","status-publish","hentry"],"acf":[],"yoast_head":"<!-- This site is optimized with the Yoast SEO plugin v27.3 - https:\/\/yoast.com\/product\/yoast-seo-wordpress\/ -->\n<title>Gi\u1edbi Thi\u1ec7u v\u1ec1 c\u00e1c Qu\u1ef9 \u1ee6y Th\u00e1c - Carewell SEIU 503<\/title>\n<meta name=\"description\" content=\"Ch\u01b0\u01a1ng Tri\u0300nh \u0110a\u0300o Ta\u0323o va\u0300 Phu\u0301c L\u01a1\u0323i cu\u0309a Carewell SEIU 503 \u0111\u01b0\u1ee3c nh\u00e2n vi\u00ean thi\u1ebft k\u1ebf th\u00f4ng qua Qu\u1ef9 \u1ee6y Th\u00e1c Qu\u1ea3n L\u00fd Ng\u01b0\u1eddi Lao \u0110\u1ed9ng c\u1ee7a h\u1ecd. T\u00ecm hi\u1ec3u th\u00eam v\u1ec1 c\u00e1c Qu\u1ef9 \u1ee6y Th\u00e1c n\u00e0y.\" \/>\n<meta name=\"robots\" content=\"index, follow, max-snippet:-1, max-image-preview:large, max-video-preview:-1\" \/>\n<link rel=\"canonical\" href=\"https:\/\/www.carewellseiu503.org\/vi\/about-us\/trusts\/\" \/>\n<meta property=\"og:locale\" content=\"vi_VN\" \/>\n<meta property=\"og:type\" content=\"article\" \/>\n<meta property=\"og:title\" content=\"Gi\u1edbi Thi\u1ec7u v\u1ec1 c\u00e1c Qu\u1ef9 \u1ee6y Th\u00e1c\" \/>\n<meta property=\"og:description\" content=\"Ch\u01b0\u01a1ng Tri\u0300nh \u0110a\u0300o Ta\u0323o va\u0300 Phu\u0301c L\u01a1\u0323i cu\u0309a Carewell SEIU 503 \u0111\u01b0\u1ee3c nh\u00e2n vi\u00ean thi\u1ebft k\u1ebf th\u00f4ng qua Qu\u1ef9 \u1ee6y Th\u00e1c Qu\u1ea3n L\u00fd Ng\u01b0\u1eddi Lao \u0110\u1ed9ng c\u1ee7a h\u1ecd. T\u00ecm hi\u1ec3u th\u00eam v\u1ec1 c\u00e1c Qu\u1ef9 \u1ee6y Th\u00e1c n\u00e0y.\" \/>\n<meta property=\"og:site_name\" content=\"Carewell SEIU 503\" \/>\n<meta property=\"article:modified_time\" content=\"2025-10-03T16:53:55+00:00\" \/>\n<meta property=\"og:image\" content=\"https:\/\/www.carewellseiu503.org\/wp-content\/uploads\/.\/Resources-and-more-1024x542.jpg\" \/>\n<meta name=\"twitter:card\" content=\"summary_large_image\" \/>\n<meta name=\"twitter:title\" content=\"Gi\u1edbi Thi\u1ec7u v\u1ec1 c\u00e1c Qu\u1ef9 \u1ee6y Th\u00e1c\" \/>\n<meta name=\"twitter:description\" content=\"Ch\u01b0\u01a1ng Tri\u0300nh \u0110a\u0300o Ta\u0323o va\u0300 Phu\u0301c L\u01a1\u0323i cu\u0309a Carewell SEIU 503 \u0111\u01b0\u1ee3c nh\u00e2n vi\u00ean thi\u1ebft k\u1ebf th\u00f4ng qua Qu\u1ef9 \u1ee6y Th\u00e1c Qu\u1ea3n L\u00fd Ng\u01b0\u1eddi Lao \u0110\u1ed9ng c\u1ee7a h\u1ecd. T\u00ecm hi\u1ec3u th\u00eam v\u1ec1 c\u00e1c Qu\u1ef9 \u1ee6y Th\u00e1c n\u00e0y.\" \/>\n<meta name=\"twitter:label1\" content=\"Est. reading time\" \/>\n\t<meta name=\"twitter:data1\" content=\"6 minutes\" \/>\n<script type=\"application\/ld+json\" class=\"yoast-schema-graph\">{\"@context\":\"https:\\\/\\\/schema.org\",\"@graph\":[{\"@type\":\"WebPage\",\"@id\":\"https:\\\/\\\/www.carewellseiu503.org\\\/vi\\\/about-us\\\/trusts\\\/\",\"url\":\"https:\\\/\\\/www.carewellseiu503.org\\\/vi\\\/about-us\\\/trusts\\\/\",\"name\":\"Gi\u1edbi Thi\u1ec7u v\u1ec1 c\u00e1c Qu\u1ef9 \u1ee6y Th\u00e1c - Carewell SEIU 503\",\"isPartOf\":{\"@id\":\"https:\\\/\\\/www.carewellseiu503.org\\\/vi\\\/#website\"},\"datePublished\":\"2021-04-06T19:36:00+00:00\",\"dateModified\":\"2025-10-03T16:53:55+00:00\",\"description\":\"Ch\u01b0\u01a1ng Tri\u0300nh \u0110a\u0300o Ta\u0323o va\u0300 Phu\u0301c L\u01a1\u0323i cu\u0309a Carewell SEIU 503 \u0111\u01b0\u1ee3c nh\u00e2n vi\u00ean thi\u1ebft k\u1ebf th\u00f4ng qua Qu\u1ef9 \u1ee6y Th\u00e1c Qu\u1ea3n L\u00fd Ng\u01b0\u1eddi Lao \u0110\u1ed9ng c\u1ee7a h\u1ecd. T\u00ecm hi\u1ec3u th\u00eam v\u1ec1 c\u00e1c Qu\u1ef9 \u1ee6y Th\u00e1c n\u00e0y.\",\"breadcrumb\":{\"@id\":\"https:\\\/\\\/www.carewellseiu503.org\\\/vi\\\/about-us\\\/trusts\\\/#breadcrumb\"},\"inLanguage\":\"vi-VN\",\"potentialAction\":[{\"@type\":\"ReadAction\",\"target\":[\"https:\\\/\\\/www.carewellseiu503.org\\\/vi\\\/about-us\\\/trusts\\\/\"]}]},{\"@type\":\"BreadcrumbList\",\"@id\":\"https:\\\/\\\/www.carewellseiu503.org\\\/vi\\\/about-us\\\/trusts\\\/#breadcrumb\",\"itemListElement\":[{\"@type\":\"ListItem\",\"position\":1,\"name\":\"Home\",\"item\":\"https:\\\/\\\/www.carewellseiu503.org\\\/vi\\\/\"},{\"@type\":\"ListItem\",\"position\":2,\"name\":\"Gi\u1edbi Thi\u1ec7u v\u1ec1 Carewell\",\"item\":\"https:\\\/\\\/www.carewellseiu503.org\\\/vi\\\/about\\\/\"},{\"@type\":\"ListItem\",\"position\":3,\"name\":\"Gi\u1edbi Thi\u1ec7u v\u1ec1 c\u00e1c Qu\u1ef9 \u1ee6y Th\u00e1c\"}]},{\"@type\":\"WebSite\",\"@id\":\"https:\\\/\\\/www.carewellseiu503.org\\\/vi\\\/#website\",\"url\":\"https:\\\/\\\/www.carewellseiu503.org\\\/vi\\\/\",\"name\":\"Carewell SEIU 503\",\"description\":\"Health. Support. Training.\",\"publisher\":{\"@id\":\"https:\\\/\\\/www.carewellseiu503.org\\\/vi\\\/#organization\"},\"potentialAction\":[{\"@type\":\"SearchAction\",\"target\":{\"@type\":\"EntryPoint\",\"urlTemplate\":\"https:\\\/\\\/www.carewellseiu503.org\\\/vi\\\/?s={search_term_string}\"},\"query-input\":{\"@type\":\"PropertyValueSpecification\",\"valueRequired\":true,\"valueName\":\"search_term_string\"}}],\"inLanguage\":\"vi-VN\"},{\"@type\":\"Organization\",\"@id\":\"https:\\\/\\\/www.carewellseiu503.org\\\/vi\\\/#organization\",\"name\":\"Carewell SEIU 503\",\"url\":\"https:\\\/\\\/www.carewellseiu503.org\\\/vi\\\/\",\"logo\":{\"@type\":\"ImageObject\",\"inLanguage\":\"vi-VN\",\"@id\":\"https:\\\/\\\/www.carewellseiu503.org\\\/vi\\\/#\\\/schema\\\/logo\\\/image\\\/\",\"url\":\"https:\\\/\\\/www.carewellseiu503.org\\\/wp-content\\\/uploads\\\/FB-Alt-1.jpg\",\"contentUrl\":\"https:\\\/\\\/www.carewellseiu503.org\\\/wp-content\\\/uploads\\\/FB-Alt-1.jpg\",\"width\":2398,\"height\":1256,\"caption\":\"Carewell SEIU 503\"},\"image\":{\"@id\":\"https:\\\/\\\/www.carewellseiu503.org\\\/vi\\\/#\\\/schema\\\/logo\\\/image\\\/\"}}]}<\/script>\n<!-- \/ Yoast SEO plugin. -->","yoast_head_json":{"title":"Gi\u1edbi Thi\u1ec7u v\u1ec1 c\u00e1c Qu\u1ef9 \u1ee6y Th\u00e1c - Carewell SEIU 503","description":"Ch\u01b0\u01a1ng Tri\u0300nh \u0110a\u0300o Ta\u0323o va\u0300 Phu\u0301c L\u01a1\u0323i cu\u0309a Carewell SEIU 503 \u0111\u01b0\u1ee3c nh\u00e2n vi\u00ean thi\u1ebft k\u1ebf th\u00f4ng qua Qu\u1ef9 \u1ee6y Th\u00e1c Qu\u1ea3n L\u00fd Ng\u01b0\u1eddi Lao \u0110\u1ed9ng c\u1ee7a h\u1ecd. T\u00ecm hi\u1ec3u th\u00eam v\u1ec1 c\u00e1c Qu\u1ef9 \u1ee6y Th\u00e1c n\u00e0y.","robots":{"index":"index","follow":"follow","max-snippet":"max-snippet:-1","max-image-preview":"max-image-preview:large","max-video-preview":"max-video-preview:-1"},"canonical":"https:\/\/www.carewellseiu503.org\/vi\/about-us\/trusts\/","og_locale":"vi_VN","og_type":"article","og_title":"Gi\u1edbi Thi\u1ec7u v\u1ec1 c\u00e1c Qu\u1ef9 \u1ee6y Th\u00e1c","og_description":"Ch\u01b0\u01a1ng Tri\u0300nh \u0110a\u0300o Ta\u0323o va\u0300 Phu\u0301c L\u01a1\u0323i cu\u0309a Carewell SEIU 503 \u0111\u01b0\u1ee3c nh\u00e2n vi\u00ean thi\u1ebft k\u1ebf th\u00f4ng qua Qu\u1ef9 \u1ee6y Th\u00e1c Qu\u1ea3n L\u00fd Ng\u01b0\u1eddi Lao \u0110\u1ed9ng c\u1ee7a h\u1ecd. T\u00ecm hi\u1ec3u th\u00eam v\u1ec1 c\u00e1c Qu\u1ef9 \u1ee6y Th\u00e1c n\u00e0y.","og_site_name":"Carewell SEIU 503","article_modified_time":"2025-10-03T16:53:55+00:00","og_image":[{"url":"https:\/\/www.carewellseiu503.org\/wp-content\/uploads\/.\/Resources-and-more-1024x542.jpg","type":"","width":"","height":""}],"twitter_card":"summary_large_image","twitter_title":"Gi\u1edbi Thi\u1ec7u v\u1ec1 c\u00e1c Qu\u1ef9 \u1ee6y Th\u00e1c","twitter_description":"Ch\u01b0\u01a1ng Tri\u0300nh \u0110a\u0300o Ta\u0323o va\u0300 Phu\u0301c L\u01a1\u0323i cu\u0309a Carewell SEIU 503 \u0111\u01b0\u1ee3c nh\u00e2n vi\u00ean thi\u1ebft k\u1ebf th\u00f4ng qua Qu\u1ef9 \u1ee6y Th\u00e1c Qu\u1ea3n L\u00fd Ng\u01b0\u1eddi Lao \u0110\u1ed9ng c\u1ee7a h\u1ecd. T\u00ecm hi\u1ec3u th\u00eam v\u1ec1 c\u00e1c Qu\u1ef9 \u1ee6y Th\u00e1c n\u00e0y.","twitter_misc":{"Est. reading time":"6 minutes"},"schema":{"@context":"https:\/\/schema.org","@graph":[{"@type":"WebPage","@id":"https:\/\/www.carewellseiu503.org\/vi\/about-us\/trusts\/","url":"https:\/\/www.carewellseiu503.org\/vi\/about-us\/trusts\/","name":"Gi\u1edbi Thi\u1ec7u v\u1ec1 c\u00e1c Qu\u1ef9 \u1ee6y Th\u00e1c - Carewell SEIU 503","isPartOf":{"@id":"https:\/\/www.carewellseiu503.org\/vi\/#website"},"datePublished":"2021-04-06T19:36:00+00:00","dateModified":"2025-10-03T16:53:55+00:00","description":"Ch\u01b0\u01a1ng Tri\u0300nh \u0110a\u0300o Ta\u0323o va\u0300 Phu\u0301c L\u01a1\u0323i cu\u0309a Carewell SEIU 503 \u0111\u01b0\u1ee3c nh\u00e2n vi\u00ean thi\u1ebft k\u1ebf th\u00f4ng qua Qu\u1ef9 \u1ee6y Th\u00e1c Qu\u1ea3n L\u00fd Ng\u01b0\u1eddi Lao \u0110\u1ed9ng c\u1ee7a h\u1ecd. T\u00ecm hi\u1ec3u th\u00eam v\u1ec1 c\u00e1c Qu\u1ef9 \u1ee6y Th\u00e1c n\u00e0y.","breadcrumb":{"@id":"https:\/\/www.carewellseiu503.org\/vi\/about-us\/trusts\/#breadcrumb"},"inLanguage":"vi-VN","potentialAction":[{"@type":"ReadAction","target":["https:\/\/www.carewellseiu503.org\/vi\/about-us\/trusts\/"]}]},{"@type":"BreadcrumbList","@id":"https:\/\/www.carewellseiu503.org\/vi\/about-us\/trusts\/#breadcrumb","itemListElement":[{"@type":"ListItem","position":1,"name":"Home","item":"https:\/\/www.carewellseiu503.org\/vi\/"},{"@type":"ListItem","position":2,"name":"Gi\u1edbi Thi\u1ec7u v\u1ec1 Carewell","item":"https:\/\/www.carewellseiu503.org\/vi\/about\/"},{"@type":"ListItem","position":3,"name":"Gi\u1edbi Thi\u1ec7u v\u1ec1 c\u00e1c Qu\u1ef9 \u1ee6y Th\u00e1c"}]},{"@type":"WebSite","@id":"https:\/\/www.carewellseiu503.org\/vi\/#website","url":"https:\/\/www.carewellseiu503.org\/vi\/","name":"Carewell SEIU 503","description":"Health. Support. Training.","publisher":{"@id":"https:\/\/www.carewellseiu503.org\/vi\/#organization"},"potentialAction":[{"@type":"SearchAction","target":{"@type":"EntryPoint","urlTemplate":"https:\/\/www.carewellseiu503.org\/vi\/?s={search_term_string}"},"query-input":{"@type":"PropertyValueSpecification","valueRequired":true,"valueName":"search_term_string"}}],"inLanguage":"vi-VN"},{"@type":"Organization","@id":"https:\/\/www.carewellseiu503.org\/vi\/#organization","name":"Carewell SEIU 503","url":"https:\/\/www.carewellseiu503.org\/vi\/","logo":{"@type":"ImageObject","inLanguage":"vi-VN","@id":"https:\/\/www.carewellseiu503.org\/vi\/#\/schema\/logo\/image\/","url":"https:\/\/www.carewellseiu503.org\/wp-content\/uploads\/FB-Alt-1.jpg","contentUrl":"https:\/\/www.carewellseiu503.org\/wp-content\/uploads\/FB-Alt-1.jpg","width":2398,"height":1256,"caption":"Carewell SEIU 503"},"image":{"@id":"https:\/\/www.carewellseiu503.org\/vi\/#\/schema\/logo\/image\/"}}]}},"_links":{"self":[{"href":"https:\/\/www.carewellseiu503.org\/vi\/wp-json\/wp\/v2\/pages\/222009","targetHints":{"allow":["GET"]}}],"collection":[{"href":"https:\/\/www.carewellseiu503.org\/vi\/wp-json\/wp\/v2\/pages"}],"about":[{"href":"https:\/\/www.carewellseiu503.org\/vi\/wp-json\/wp\/v2\/types\/page"}],"author":[{"embeddable":true,"href":"https:\/\/www.carewellseiu503.org\/vi\/wp-json\/wp\/v2\/users\/9"}],"replies":[{"embeddable":true,"href":"https:\/\/www.carewellseiu503.org\/vi\/wp-json\/wp\/v2\/comments?post=222009"}],"version-history":[{"count":0,"href":"https:\/\/www.carewellseiu503.org\/vi\/wp-json\/wp\/v2\/pages\/222009\/revisions"}],"up":[{"embeddable":true,"href":"https:\/\/www.carewellseiu503.org\/vi\/wp-json\/wp\/v2\/pages\/221938"}],"wp:attachment":[{"href":"https:\/\/www.carewellseiu503.org\/vi\/wp-json\/wp\/v2\/media?parent=222009"}],"curies":[{"name":"wp","href":"https:\/\/api.w.org\/{rel}","templated":true}]}}