{"id":222045,"date":"2021-04-06T12:36:31","date_gmt":"2021-04-06T19:36:31","guid":{"rendered":"http:\/\/www.carewellseiu503.org\/gioi-thieu\/job-openings\/"},"modified":"2025-10-03T09:53:58","modified_gmt":"2025-10-03T16:53:58","slug":"job-openings","status":"publish","type":"page","link":"https:\/\/www.carewellseiu503.org\/vi\/about-us\/job-openings\/","title":{"rendered":"Tuy\u1ec3n D\u1ee5ng"},"content":{"rendered":"<p>[et_pb_section fb_built=&#8221;1&#8243; custom_padding_last_edited=&#8221;on|phone&#8221; _builder_version=&#8221;4.16&#8243; background_color=&#8221;#ffffff&#8221; background_enable_image=&#8221;off&#8221; background_position=&#8221;bottom_left&#8221; min_height=&#8221;350px&#8221; min_height_tablet=&#8221;100px&#8221; min_height_phone=&#8221;&#8221; min_height_last_edited=&#8221;on|phone&#8221; custom_margin=&#8221;||0px||false|false&#8221; custom_padding=&#8221;50px||0px||false|false&#8221; custom_padding_tablet=&#8221;&#8221; custom_padding_phone=&#8221;0px||||false|false&#8221; bottom_divider_flip=&#8221;vertical&#8221; background_last_edited=&#8221;on|phone&#8221; use_background_color_gradient_phone=&#8221;off&#8221; background_enable_image_phone=&#8221;off&#8221; border_color_bottom=&#8221;#ffa89f&#8221; locked=&#8221;off&#8221; global_colors_info=&#8221;{}&#8221;][et_pb_row custom_padding_last_edited=&#8221;on|phone&#8221; _builder_version=&#8221;4.16&#8243; custom_padding=&#8221;100px||2px||false|false&#8221; custom_padding_tablet=&#8221;&#8221; custom_padding_phone=&#8221;&#8221; global_colors_info=&#8221;{}&#8221;][et_pb_column type=&#8221;4_4&#8243; _builder_version=&#8221;4.16&#8243; global_colors_info=&#8221;{}&#8221;][et_pb_text module_class=&#8221;addLine&#8221; _builder_version=&#8221;4.16&#8243; text_text_color_tablet=&#8221;&#8221; text_text_color_phone=&#8221;&#8221; text_text_color_last_edited=&#8221;on|phone&#8221; header_text_color_tablet=&#8221;&#8221; header_text_color_phone=&#8221;&#8221; header_text_color_last_edited=&#8221;on|desktop&#8221; background_layout_tablet=&#8221;&#8221; background_layout_phone=&#8221;&#8221; background_layout_last_edited=&#8221;on|phone&#8221; locked=&#8221;off&#8221; global_colors_info=&#8221;{}&#8221;]<\/p>\n<h1>Tuy\u1ec3n D\u1ee5ng<\/h1>\n<p>[\/et_pb_text][\/et_pb_column][\/et_pb_row][\/et_pb_section][et_pb_section fb_built=&#8221;1&#8243; custom_padding_last_edited=&#8221;on|desktop&#8221; _builder_version=&#8221;4.16&#8243; background_color=&#8221;rgba(0,0,0,0)&#8221; use_background_color_gradient=&#8221;on&#8221; background_color_gradient_direction=&#8221;123deg&#8221; background_color_gradient_stops=&#8221;#a45cff 0%|rgba(88,44,130,0.6) 84%&#8221; background_color_gradient_overlays_image=&#8221;on&#8221; background_color_gradient_start=&#8221;#a45cff&#8221; background_color_gradient_end=&#8221;rgba(88,44,130,0.6)&#8221; background_color_gradient_end_position=&#8221;84%&#8221; background_image=&#8221;https:\/\/www.carewellseiu503.org\/wp-content\/uploads\/R-836523892.jpg&#8221; z_index=&#8221;4&#8243; min_height=&#8221;50vh&#8221; custom_margin=&#8221;0px||0px||false|false&#8221; custom_padding=&#8221;100px||100px||true|false&#8221; custom_padding_tablet=&#8221;50px||50px||true|false&#8221; custom_padding_phone=&#8221;&#8221; background_last_edited=&#8221;on|phone&#8221; background_position_phone=&#8221;center_right&#8221; border_width_bottom=&#8221;6px&#8221; border_color_bottom=&#8221;#ffa89f&#8221; locked=&#8221;off&#8221; global_colors_info=&#8221;{}&#8221;][et_pb_row column_structure=&#8221;3_5,2_5&#8243; _builder_version=&#8221;4.16&#8243; background_enable_color=&#8221;off&#8221; background_enable_image=&#8221;off&#8221; custom_margin=&#8221;0px||0px||false|false&#8221; custom_padding=&#8221;25px||25px||true|false&#8221; global_colors_info=&#8221;{}&#8221;][et_pb_column type=&#8221;3_5&#8243; _builder_version=&#8221;4.16&#8243; global_colors_info=&#8221;{}&#8221;][et_pb_image src=&#8221;https:\/\/www.carewellseiu503.org\/wp-content\/uploads\/RISE-logo-KOcoral_long.png&#8221; alt=&#8221;Logo RISE Partnership&#8221; _builder_version=&#8221;4.16&#8243; global_colors_info=&#8221;{}&#8221;][\/et_pb_image][et_pb_text _builder_version=&#8221;4.16&#8243; background_layout=&#8221;dark&#8221; max_width=&#8221;900px&#8221; custom_margin=&#8221;||0px||false|false&#8221; custom_padding=&#8221;||||false|false&#8221; global_colors_info=&#8221;{}&#8221;]<\/p>\n<h2 class=\"p1\"><span color=\"#ffffff\" style=\"color: #ffffff;\">Carewell SEIU 503 do RISE Partnership cung c\u1ea5p&nbsp;<\/span><\/h2>\n<p>\u0110\u01b0\u1ee3c th\u00e0nh l\u1eadp b\u1edfi v\u00e0 c\u00f3 tr\u00e1ch nhi\u1ec7m gi\u1ea3i tr\u00ecnh v\u1edbi c\u00e1c qu\u1ef9 \u1ee7y th\u00e1c c\u1ee7a ch\u00fang t\u00f4i, RISE Partnership cung c\u1ea5p nhi\u1ec1u ph\u00fac l\u1ee3i \u0111\u1eb7c bi\u1ec7t thay m\u1eb7t cho c\u00e1c t\u1ed5 ch\u1ee9c phi l\u1ee3i nhu\u1eadn v\u00e0 c\u00e1c qu\u1ef9 \u1ee7y th\u00e1c Qu\u1ea3n L\u00fd Ng\u01b0\u1eddi Lao \u0110\u1ed9ng. Th\u00f4ng qua \u0111o\u00e0n k\u1ebft v\u00e0 h\u1ee3p t\u00e1c, ch\u00fang ta s\u1ebd mang l\u1ea1i cho nh\u00e2n vi\u00ean c\u00e1c ngu\u1ed3n tr\u1ee3 gi\u00fap v\u00e0 s\u1ef1 t\u1ef1 tin \u0111\u1ec3 h\u1ecd c\u00f3 th\u1ec3 t\u1eadn d\u1ee5ng t\u1ed1i \u0111a nh\u1eefng ph\u00fac l\u1ee3i m\u00e0 c\u00f4ng \u0111o\u00e0n th\u01b0\u01a1ng l\u01b0\u1ee3ng \u0111\u01b0\u1ee3c.<\/p>\n<p>[\/et_pb_text][\/et_pb_column][et_pb_column type=&#8221;2_5&#8243; _builder_version=&#8221;4.16&#8243; global_colors_info=&#8221;{}&#8221;][\/et_pb_column][\/et_pb_row][\/et_pb_section][et_pb_section fb_built=&#8221;1&#8243; _builder_version=&#8221;4.16&#8243; background_color=&#8221;#f3f3f3&#8243; custom_padding=&#8221;50px||2px|||&#8221; border_color_top=&#8221;#ffa89f&#8221; locked=&#8221;off&#8221; global_colors_info=&#8221;{}&#8221;][et_pb_row _builder_version=&#8221;4.16&#8243; width=&#8221;100%&#8221; max_width=&#8221;900px&#8221; custom_padding=&#8221;||50px|||&#8221; global_colors_info=&#8221;{}&#8221;][et_pb_column type=&#8221;4_4&#8243; _builder_version=&#8221;4.16&#8243; global_colors_info=&#8221;{}&#8221;][et_pb_text _builder_version=&#8221;4.16&#8243; text_orientation=&#8221;center&#8221; width=&#8221;80%&#8221; module_alignment=&#8221;center&#8221; global_colors_info=&#8221;{}&#8221;]<\/p>\n<h2>B\u1ea1n c\u00f3 mu\u1ed1n tham gia \u0111\u1ed9i ng\u0169 c\u1ed1ng hi\u1ebfn v\u00ec s\u1ee9 m\u1ec7nh kh\u00f4ng?<\/h2>\n<p>T\u1ea1i RISE Partnership, m\u1ee5c ti\u00eau c\u1ee7a ch\u00fang t\u00f4i l\u00e0 n\u00e2ng cao \u0111\u1eddi s\u1ed1ng v\u00e0 k\u1ef9 n\u0103ng cho nh\u00e2n vi\u00ean h\u1ed7 tr\u1ee3 c\u00e1 nh\u00e2n v\u00e0 ch\u0103m s\u00f3c t\u1ea1i nh\u00e0 b\u1eb1ng c\u00e1ch mang l\u1ea1i c\u00e1c ph\u00fac l\u1ee3i v\u00e0 ch\u01b0\u01a1ng tr\u00ecnh \u0111\u00e0o t\u1ea1o l\u1ed3ng gh\u00e9p, \u0111\u1eb7c bi\u1ec7t.<\/p>\n<p>Ch\u00fang t\u00f4i \u0111ang t\u00ecm ki\u1ebfm nh\u1eefng nh\u00e2n vi\u00ean h\u1ed7 tr\u1ee3 c\u00f3 ph\u1ea9m ch\u1ea5t li\u00eam ch\u00ednh, t\u1eadn t\u00e2m, c\u00f4ng b\u1eb1ng v\u00e0 bi\u1ebft t\u00f4n tr\u1ecdng ng\u01b0\u1eddi kh\u00e1c. N\u1ebfu b\u1ea1n c\u00f3 nh\u1eefng ph\u1ea9m ch\u1ea5t n\u00e0y, h\u00e3y c\u00e2n nh\u1eafc n\u1ed9p \u0111\u01a1n \u1ee9ng tuy\u1ec3n v\u00e0o m\u1ed9t trong c\u00e1c v\u1ecb tr\u00ed c\u00f2n tr\u1ed1ng c\u1ee7a ch\u00fang t\u00f4i<\/p>\n<p>[\/et_pb_text][\/et_pb_column][\/et_pb_row][\/et_pb_section][et_pb_section fb_built=&#8221;1&#8243; _builder_version=&#8221;4.16&#8243; background_color=&#8221;#ffffff&#8221; custom_padding=&#8221;50px||2px|||&#8221; border_color_top=&#8221;#ffa89f&#8221; locked=&#8221;off&#8221; global_colors_info=&#8221;{}&#8221;][et_pb_row column_structure=&#8221;1_3,2_3&#8243; _builder_version=&#8221;4.16&#8243; custom_padding=&#8221;2px||50px|||&#8221; global_colors_info=&#8221;{}&#8221;][et_pb_column type=&#8221;1_3&#8243; _builder_version=&#8221;4.16&#8243; global_colors_info=&#8221;{}&#8221;][et_pb_text _builder_version=&#8221;4.16&#8243; custom_margin=&#8221;||0px|||&#8221; global_colors_info=&#8221;{}&#8221;]<\/p>\n<h2>C\u00e1c V\u1ecb Tr\u00ed Hi\u1ec7n \u0110ang Tuy\u1ec3n D\u1ee5ng<\/h2>\n<p>[\/et_pb_text][\/et_pb_column][et_pb_column type=&#8221;2_3&#8243; _builder_version=&#8221;4.16&#8243; global_colors_info=&#8221;{}&#8221;][et_pb_text _builder_version=&#8221;4.16&#8243; custom_margin=&#8221;||0px||false|false&#8221; custom_padding=&#8221;12px||25px||false|false&#8221; global_colors_info=&#8221;{}&#8221;]<\/p>\n<p>&nbsp;<\/p>\n<p><a href=\"https:\/\/www.risepartnership.com\/about-us\/jobs\/\" target=\"_blank\" rel=\"noopener noreferrer\"><span style=\"font-weight: 400;\">Click here to see all job openings with RISE Partnership.<\/span><\/a><\/p>\n<p>[\/et_pb_text][et_pb_blurb title=&#8221;Ch\u1ee9c V\u1ee5&#8221; use_icon=&#8221;on&#8221; font_icon=&#8221;&#x24;||divi||400&#8243; icon_placement=&#8221;left&#8221; content_max_width=&#8221;100%&#8221; disabled_on=&#8221;on|on|on&#8221; module_class=&#8221;shadowHover&#8221; _builder_version=&#8221;4.16&#8243; background_color=&#8221;#ffffff&#8221; custom_margin=&#8221;15px||||false|false&#8221; custom_padding=&#8221;25px|25px|25px|25px|true|false&#8221; link_option_url=&#8221;#&#8221; border_width_top=&#8221;3px&#8221; border_color_top=&#8221;#a45cff&#8221; border_width_right=&#8221;1px&#8221; border_color_right=&#8221;rgba(0,0,0,0.2)&#8221; border_width_bottom=&#8221;1px&#8221; border_color_bottom=&#8221;rgba(0,0,0,0.2)&#8221; border_width_left=&#8221;1px&#8221; border_color_left=&#8221;rgba(0,0,0,0.2)&#8221; disabled=&#8221;on&#8221; global_colors_info=&#8221;{}&#8221;]<\/p>\n<p>Xem to\u00e0n b\u1ed9 th\u00f4ng tin m\u00f4 t\u1ea3 c\u00f4ng vi\u1ec7c t\u1ea1i RISE Partnership<\/p>\n<p>[\/et_pb_blurb][\/et_pb_column][\/et_pb_row][\/et_pb_section]<\/p>\n","protected":false},"excerpt":{"rendered":"<p>B\u1ea1n mu\u1ed1n gia nh\u1eadp \u0111\u1ed9i ng\u0169 chuy\u00ean cung c\u00e2\u0301p ca\u0301c Ch\u01b0\u01a1ng Tri\u0300nh \u0110a\u0300o Ta\u0323o va\u0300 Phu\u0301c L\u01a1\u0323i cu\u0309a Carewell SEIU 503? H\u00e3y t\u00ecm hi\u1ec3u c\u00e1c v\u1ecb tr\u00ed \u0111ang tuy\u1ec3n d\u1ee5ng c\u1ee7a ch\u00fang t\u00f4i.<\/p>\n","protected":false},"author":9,"featured_media":0,"parent":221938,"menu_order":3,"comment_status":"closed","ping_status":"closed","template":"","meta":{"_acf_changed":false,"_et_pb_use_builder":"on","_et_pb_old_content":"","_et_gb_content_width":"","footnotes":"","_links_to":"","_links_to_target":""},"class_list":["post-222045","page","type-page","status-publish","hentry"],"acf":[],"yoast_head":"<!-- This site is optimized with the Yoast SEO plugin v27.3 - https:\/\/yoast.com\/product\/yoast-seo-wordpress\/ -->\n<title>Tuy\u1ec3n D\u1ee5ng - Carewell SEIU 503<\/title>\n<meta name=\"description\" content=\"B\u1ea1n mu\u1ed1n gia nh\u1eadp \u0111\u1ed9i ng\u0169 chuy\u00ean cung c\u00e2\u0301p ca\u0301c Ch\u01b0\u01a1ng Tri\u0300nh \u0110a\u0300o Ta\u0323o va\u0300 Phu\u0301c L\u01a1\u0323i cu\u0309a Carewell SEIU 503? H\u00e3y t\u00ecm hi\u1ec3u c\u00e1c v\u1ecb tr\u00ed \u0111ang tuy\u1ec3n d\u1ee5ng c\u1ee7a ch\u00fang t\u00f4i.\" \/>\n<meta name=\"robots\" content=\"index, follow, max-snippet:-1, max-image-preview:large, max-video-preview:-1\" \/>\n<link rel=\"canonical\" href=\"https:\/\/www.carewellseiu503.org\/vi\/about-us\/job-openings\/\" \/>\n<meta property=\"og:locale\" content=\"vi_VN\" \/>\n<meta property=\"og:type\" content=\"article\" \/>\n<meta property=\"og:title\" content=\"Tuy\u1ec3n D\u1ee5ng - Carewell SEIU 503\" \/>\n<meta property=\"og:description\" content=\"B\u1ea1n mu\u1ed1n gia nh\u1eadp \u0111\u1ed9i ng\u0169 chuy\u00ean cung c\u00e2\u0301p ca\u0301c Ch\u01b0\u01a1ng Tri\u0300nh \u0110a\u0300o Ta\u0323o va\u0300 Phu\u0301c L\u01a1\u0323i cu\u0309a Carewell SEIU 503? H\u00e3y t\u00ecm hi\u1ec3u c\u00e1c v\u1ecb tr\u00ed \u0111ang tuy\u1ec3n d\u1ee5ng c\u1ee7a ch\u00fang t\u00f4i.\" \/>\n<meta property=\"og:site_name\" content=\"Carewell SEIU 503\" \/>\n<meta property=\"article:modified_time\" content=\"2025-10-03T16:53:58+00:00\" \/>\n<meta property=\"og:image\" content=\"https:\/\/www.carewellseiu503.org\/wp-content\/uploads\/FB-Alt-1.jpg\" \/>\n\t<meta property=\"og:image:width\" content=\"2398\" \/>\n\t<meta property=\"og:image:height\" content=\"1256\" \/>\n\t<meta property=\"og:image:type\" content=\"image\/jpeg\" \/>\n<meta name=\"twitter:card\" content=\"summary_large_image\" \/>\n<meta name=\"twitter:label1\" content=\"Est. reading time\" \/>\n\t<meta name=\"twitter:data1\" content=\"5 minutes\" \/>\n<script type=\"application\/ld+json\" class=\"yoast-schema-graph\">{\"@context\":\"https:\\\/\\\/schema.org\",\"@graph\":[{\"@type\":\"WebPage\",\"@id\":\"https:\\\/\\\/www.carewellseiu503.org\\\/vi\\\/about-us\\\/job-openings\\\/\",\"url\":\"https:\\\/\\\/www.carewellseiu503.org\\\/vi\\\/about-us\\\/job-openings\\\/\",\"name\":\"Tuy\u1ec3n D\u1ee5ng - Carewell SEIU 503\",\"isPartOf\":{\"@id\":\"https:\\\/\\\/www.carewellseiu503.org\\\/vi\\\/#website\"},\"datePublished\":\"2021-04-06T19:36:31+00:00\",\"dateModified\":\"2025-10-03T16:53:58+00:00\",\"description\":\"B\u1ea1n mu\u1ed1n gia nh\u1eadp \u0111\u1ed9i ng\u0169 chuy\u00ean cung c\u00e2\u0301p ca\u0301c Ch\u01b0\u01a1ng Tri\u0300nh \u0110a\u0300o Ta\u0323o va\u0300 Phu\u0301c L\u01a1\u0323i cu\u0309a Carewell SEIU 503? H\u00e3y t\u00ecm hi\u1ec3u c\u00e1c v\u1ecb tr\u00ed \u0111ang tuy\u1ec3n d\u1ee5ng c\u1ee7a ch\u00fang t\u00f4i.\",\"breadcrumb\":{\"@id\":\"https:\\\/\\\/www.carewellseiu503.org\\\/vi\\\/about-us\\\/job-openings\\\/#breadcrumb\"},\"inLanguage\":\"vi-VN\",\"potentialAction\":[{\"@type\":\"ReadAction\",\"target\":[\"https:\\\/\\\/www.carewellseiu503.org\\\/vi\\\/about-us\\\/job-openings\\\/\"]}]},{\"@type\":\"BreadcrumbList\",\"@id\":\"https:\\\/\\\/www.carewellseiu503.org\\\/vi\\\/about-us\\\/job-openings\\\/#breadcrumb\",\"itemListElement\":[{\"@type\":\"ListItem\",\"position\":1,\"name\":\"Home\",\"item\":\"https:\\\/\\\/www.carewellseiu503.org\\\/vi\\\/\"},{\"@type\":\"ListItem\",\"position\":2,\"name\":\"Gi\u1edbi Thi\u1ec7u v\u1ec1 Carewell\",\"item\":\"https:\\\/\\\/www.carewellseiu503.org\\\/vi\\\/about\\\/\"},{\"@type\":\"ListItem\",\"position\":3,\"name\":\"Tuy\u1ec3n D\u1ee5ng\"}]},{\"@type\":\"WebSite\",\"@id\":\"https:\\\/\\\/www.carewellseiu503.org\\\/vi\\\/#website\",\"url\":\"https:\\\/\\\/www.carewellseiu503.org\\\/vi\\\/\",\"name\":\"Carewell SEIU 503\",\"description\":\"Health. Support. Training.\",\"publisher\":{\"@id\":\"https:\\\/\\\/www.carewellseiu503.org\\\/vi\\\/#organization\"},\"potentialAction\":[{\"@type\":\"SearchAction\",\"target\":{\"@type\":\"EntryPoint\",\"urlTemplate\":\"https:\\\/\\\/www.carewellseiu503.org\\\/vi\\\/?s={search_term_string}\"},\"query-input\":{\"@type\":\"PropertyValueSpecification\",\"valueRequired\":true,\"valueName\":\"search_term_string\"}}],\"inLanguage\":\"vi-VN\"},{\"@type\":\"Organization\",\"@id\":\"https:\\\/\\\/www.carewellseiu503.org\\\/vi\\\/#organization\",\"name\":\"Carewell SEIU 503\",\"url\":\"https:\\\/\\\/www.carewellseiu503.org\\\/vi\\\/\",\"logo\":{\"@type\":\"ImageObject\",\"inLanguage\":\"vi-VN\",\"@id\":\"https:\\\/\\\/www.carewellseiu503.org\\\/vi\\\/#\\\/schema\\\/logo\\\/image\\\/\",\"url\":\"https:\\\/\\\/www.carewellseiu503.org\\\/wp-content\\\/uploads\\\/FB-Alt-1.jpg\",\"contentUrl\":\"https:\\\/\\\/www.carewellseiu503.org\\\/wp-content\\\/uploads\\\/FB-Alt-1.jpg\",\"width\":2398,\"height\":1256,\"caption\":\"Carewell SEIU 503\"},\"image\":{\"@id\":\"https:\\\/\\\/www.carewellseiu503.org\\\/vi\\\/#\\\/schema\\\/logo\\\/image\\\/\"}}]}<\/script>\n<!-- \/ Yoast SEO plugin. -->","yoast_head_json":{"title":"Tuy\u1ec3n D\u1ee5ng - Carewell SEIU 503","description":"B\u1ea1n mu\u1ed1n gia nh\u1eadp \u0111\u1ed9i ng\u0169 chuy\u00ean cung c\u00e2\u0301p ca\u0301c Ch\u01b0\u01a1ng Tri\u0300nh \u0110a\u0300o Ta\u0323o va\u0300 Phu\u0301c L\u01a1\u0323i cu\u0309a Carewell SEIU 503? H\u00e3y t\u00ecm hi\u1ec3u c\u00e1c v\u1ecb tr\u00ed \u0111ang tuy\u1ec3n d\u1ee5ng c\u1ee7a ch\u00fang t\u00f4i.","robots":{"index":"index","follow":"follow","max-snippet":"max-snippet:-1","max-image-preview":"max-image-preview:large","max-video-preview":"max-video-preview:-1"},"canonical":"https:\/\/www.carewellseiu503.org\/vi\/about-us\/job-openings\/","og_locale":"vi_VN","og_type":"article","og_title":"Tuy\u1ec3n D\u1ee5ng - Carewell SEIU 503","og_description":"B\u1ea1n mu\u1ed1n gia nh\u1eadp \u0111\u1ed9i ng\u0169 chuy\u00ean cung c\u00e2\u0301p ca\u0301c Ch\u01b0\u01a1ng Tri\u0300nh \u0110a\u0300o Ta\u0323o va\u0300 Phu\u0301c L\u01a1\u0323i cu\u0309a Carewell SEIU 503? H\u00e3y t\u00ecm hi\u1ec3u c\u00e1c v\u1ecb tr\u00ed \u0111ang tuy\u1ec3n d\u1ee5ng c\u1ee7a ch\u00fang t\u00f4i.","og_site_name":"Carewell SEIU 503","article_modified_time":"2025-10-03T16:53:58+00:00","og_image":[{"width":2398,"height":1256,"url":"https:\/\/www.carewellseiu503.org\/wp-content\/uploads\/FB-Alt-1.jpg","type":"image\/jpeg"}],"twitter_card":"summary_large_image","twitter_misc":{"Est. reading time":"5 minutes"},"schema":{"@context":"https:\/\/schema.org","@graph":[{"@type":"WebPage","@id":"https:\/\/www.carewellseiu503.org\/vi\/about-us\/job-openings\/","url":"https:\/\/www.carewellseiu503.org\/vi\/about-us\/job-openings\/","name":"Tuy\u1ec3n D\u1ee5ng - Carewell SEIU 503","isPartOf":{"@id":"https:\/\/www.carewellseiu503.org\/vi\/#website"},"datePublished":"2021-04-06T19:36:31+00:00","dateModified":"2025-10-03T16:53:58+00:00","description":"B\u1ea1n mu\u1ed1n gia nh\u1eadp \u0111\u1ed9i ng\u0169 chuy\u00ean cung c\u00e2\u0301p ca\u0301c Ch\u01b0\u01a1ng Tri\u0300nh \u0110a\u0300o Ta\u0323o va\u0300 Phu\u0301c L\u01a1\u0323i cu\u0309a Carewell SEIU 503? H\u00e3y t\u00ecm hi\u1ec3u c\u00e1c v\u1ecb tr\u00ed \u0111ang tuy\u1ec3n d\u1ee5ng c\u1ee7a ch\u00fang t\u00f4i.","breadcrumb":{"@id":"https:\/\/www.carewellseiu503.org\/vi\/about-us\/job-openings\/#breadcrumb"},"inLanguage":"vi-VN","potentialAction":[{"@type":"ReadAction","target":["https:\/\/www.carewellseiu503.org\/vi\/about-us\/job-openings\/"]}]},{"@type":"BreadcrumbList","@id":"https:\/\/www.carewellseiu503.org\/vi\/about-us\/job-openings\/#breadcrumb","itemListElement":[{"@type":"ListItem","position":1,"name":"Home","item":"https:\/\/www.carewellseiu503.org\/vi\/"},{"@type":"ListItem","position":2,"name":"Gi\u1edbi Thi\u1ec7u v\u1ec1 Carewell","item":"https:\/\/www.carewellseiu503.org\/vi\/about\/"},{"@type":"ListItem","position":3,"name":"Tuy\u1ec3n D\u1ee5ng"}]},{"@type":"WebSite","@id":"https:\/\/www.carewellseiu503.org\/vi\/#website","url":"https:\/\/www.carewellseiu503.org\/vi\/","name":"Carewell SEIU 503","description":"Health. Support. Training.","publisher":{"@id":"https:\/\/www.carewellseiu503.org\/vi\/#organization"},"potentialAction":[{"@type":"SearchAction","target":{"@type":"EntryPoint","urlTemplate":"https:\/\/www.carewellseiu503.org\/vi\/?s={search_term_string}"},"query-input":{"@type":"PropertyValueSpecification","valueRequired":true,"valueName":"search_term_string"}}],"inLanguage":"vi-VN"},{"@type":"Organization","@id":"https:\/\/www.carewellseiu503.org\/vi\/#organization","name":"Carewell SEIU 503","url":"https:\/\/www.carewellseiu503.org\/vi\/","logo":{"@type":"ImageObject","inLanguage":"vi-VN","@id":"https:\/\/www.carewellseiu503.org\/vi\/#\/schema\/logo\/image\/","url":"https:\/\/www.carewellseiu503.org\/wp-content\/uploads\/FB-Alt-1.jpg","contentUrl":"https:\/\/www.carewellseiu503.org\/wp-content\/uploads\/FB-Alt-1.jpg","width":2398,"height":1256,"caption":"Carewell SEIU 503"},"image":{"@id":"https:\/\/www.carewellseiu503.org\/vi\/#\/schema\/logo\/image\/"}}]}},"_links":{"self":[{"href":"https:\/\/www.carewellseiu503.org\/vi\/wp-json\/wp\/v2\/pages\/222045","targetHints":{"allow":["GET"]}}],"collection":[{"href":"https:\/\/www.carewellseiu503.org\/vi\/wp-json\/wp\/v2\/pages"}],"about":[{"href":"https:\/\/www.carewellseiu503.org\/vi\/wp-json\/wp\/v2\/types\/page"}],"author":[{"embeddable":true,"href":"https:\/\/www.carewellseiu503.org\/vi\/wp-json\/wp\/v2\/users\/9"}],"replies":[{"embeddable":true,"href":"https:\/\/www.carewellseiu503.org\/vi\/wp-json\/wp\/v2\/comments?post=222045"}],"version-history":[{"count":0,"href":"https:\/\/www.carewellseiu503.org\/vi\/wp-json\/wp\/v2\/pages\/222045\/revisions"}],"up":[{"embeddable":true,"href":"https:\/\/www.carewellseiu503.org\/vi\/wp-json\/wp\/v2\/pages\/221938"}],"wp:attachment":[{"href":"https:\/\/www.carewellseiu503.org\/vi\/wp-json\/wp\/v2\/media?parent=222045"}],"curies":[{"name":"wp","href":"https:\/\/api.w.org\/{rel}","templated":true}]}}