{"id":230113,"date":"2021-09-13T06:48:09","date_gmt":"2021-09-13T13:48:09","guid":{"rendered":"https:\/\/www.carewellseiu503.org\/carewell-kp-dental-relay\/"},"modified":"2025-10-03T10:00:49","modified_gmt":"2025-10-03T17:00:49","slug":"kp-dental-relay","status":"publish","type":"page","link":"https:\/\/www.carewellseiu503.org\/vi\/kp-dental-relay\/","title":{"rendered":"Carewell KP Dental Relay"},"content":{"rendered":"<p>[et_pb_section fb_built=&#8221;1&#8243; _builder_version=&#8221;4.16&#8243; _module_preset=&#8221;default&#8221; global_colors_info=&#8221;{}&#8221;][et_pb_row _builder_version=&#8221;4.16&#8243; _module_preset=&#8221;default&#8221; global_colors_info=&#8221;{}&#8221;][et_pb_column type=&#8221;4_4&#8243; _builder_version=&#8221;4.16&#8243; _module_preset=&#8221;default&#8221; global_colors_info=&#8221;{}&#8221;][et_pb_text _builder_version=&#8221;4.16&#8243; _module_preset=&#8221;default&#8221; global_colors_info=&#8221;{}&#8221;]<\/p>\n<h3><b>Carewell SEIU 503 Kaiser Permanente Dental &#8211; C\u00f4ng C\u1ee5 Giao Ti\u1ebfp K\u1ef9 Thu\u1eadt S\u1ed1<\/b><\/h3>\n<p>[\/et_pb_text][\/et_pb_column][\/et_pb_row][et_pb_row column_structure=&#8221;1_2,1_2&#8243; _builder_version=&#8221;4.16&#8243; _module_preset=&#8221;default&#8221; global_colors_info=&#8221;{}&#8221;][et_pb_column type=&#8221;1_2&#8243; _builder_version=&#8221;4.16&#8243; _module_preset=&#8221;default&#8221; global_colors_info=&#8221;{}&#8221;][et_pb_text _builder_version=&#8221;4.16&#8243; _module_preset=&#8221;default&#8221; global_colors_info=&#8221;{}&#8221;]<\/p>\n<p><span style=\"font-weight: 400;\">B\u1ea1n c\u00f3 th\u1ec3 nh\u1eadn \u0111\u01b0\u1ee3c m\u1ed9t tin nh\u1eafn v\u0103n b\u1ea3n tr\u00ean thi\u1ebft b\u1ecb di \u0111\u1ed9ng t\u1eeb Carewell Kaiser Permanente Dental. Tin nh\u1eafn n\u00e0y c\u00f3 n\u1ed9i dung nh\u01b0 sau:<\/span><\/p>\n<p><span style=\"font-weight: 400;\">\u0110\u00e2y kh\u00f4ng ph\u1ea3i l\u00e0 tin nh\u1eafn l\u1eeba \u0111\u1ea3o! Ch\u00fang t\u00f4i mu\u1ed1n \u0111\u1ea3m b\u1ea3o t\u1ea5t c\u1ea3 m\u1ecdi ng\u01b0\u1eddi \u0111\u1ec1u bi\u1ebft v\u1ec1 ph\u00fac l\u1ee3i nha khoa d\u00e0nh cho h\u1ecd. V\u00ec v\u1eady, ch\u00fang t\u00f4i th\u00ed \u0111i\u1ec3m c\u00e1ch giao ti\u1ebfp m\u1edbi b\u1eb1ng tin nh\u1eafn v\u0103n b\u1ea3n \u0111\u1ec3 cung c\u1ea5p m\u1ecdi th\u00f4ng tin v\u1ec1 ch\u01b0\u01a1ng tr\u00ecnh Carewell Kaiser Permanente Dental t\u1eadn tay b\u1ea1n!<\/span><\/p>\n<p>[\/et_pb_text][\/et_pb_column][et_pb_column type=&#8221;1_2&#8243; _builder_version=&#8221;4.16&#8243; _module_preset=&#8221;default&#8221; global_colors_info=&#8221;{}&#8221;][et_pb_image src=&#8221;https:\/\/www.carewellseiu503.org\/wp-content\/uploads\/text-notification-example_vi-1.png&#8221; title_text=&#8221;v\u00ed d\u1ee5 v\u1ec1 th\u00f4ng b\u00e1o b\u1eb1ng v\u0103n b\u1ea3n&#8221; url=&#8221;https:\/\/www.carewellseiu503.org\/wp-content\/uploads\/text-notification-example_vi.png&#8221; align=&#8221;center&#8221; _builder_version=&#8221;4.16&#8243; _module_preset=&#8221;default&#8221; width=&#8221;60%&#8221; global_colors_info=&#8221;{}&#8221;][\/et_pb_image][\/et_pb_column][\/et_pb_row][et_pb_row column_structure=&#8221;1_2,1_2&#8243; _builder_version=&#8221;4.16&#8243; _module_preset=&#8221;default&#8221; min_height=&#8221;388.2px&#8221; global_colors_info=&#8221;{}&#8221;][et_pb_column type=&#8221;1_2&#8243; _builder_version=&#8221;4.16&#8243; _module_preset=&#8221;default&#8221; global_colors_info=&#8221;{}&#8221;][et_pb_text _builder_version=&#8221;4.16&#8243; _module_preset=&#8221;default&#8221; global_colors_info=&#8221;{}&#8221;]<\/p>\n<h4>\u0110\u00f3 l\u00e0 th\u00f4ng b\u00e1o g\u00ec?<\/h4>\n<p>Th\u00f4ng b\u00e1o n\u00e0y cung c\u1ea5p cho b\u1ea1n t\u00f9y ch\u1ecdn nh\u1eadn tin nh\u1eafn v\u0103n b\u1ea3n th\u01b0\u1eddng xuy\u00ean c\u00f3 th\u00f4ng tin v\u1ec1 ph\u00fac l\u1ee3i c\u1ee5 th\u1ec3 li\u00ean quan \u0111\u1ebfn b\u1ea1n.<\/p>\n<p>Khi nh\u1eadn \u0111\u01b0\u1ee3c tin nh\u1eafn n\u00e0y, b\u1ea1n c\u00f3 th\u1ec3 nh\u1ea5p v\u00e0o li\u00ean k\u1ebft \u0111\u1ec3 m\u1edf ngu\u1ed3n c\u1ea5p d\u1eef li\u1ec7u li\u00ean quan \u0111\u1ebfn b\u1ea1n. Ngu\u1ed3n c\u1ea5p d\u1eef li\u1ec7u n\u00e0y c\u00f3:<\/p>\n<ul>\n<li style=\"font-weight: 400;\" aria-level=\"1\"><span style=\"font-weight: 400;\">Th\u00f4ng tin c\u1eadp nh\u1eadt v\u00e0 l\u1eddi nh\u1eafc v\u1ec1 ch\u01b0\u01a1ng tr\u00ecnh nha khoa c\u1ee7a b\u1ea1n;&nbsp;<\/span><\/li>\n<li style=\"font-weight: 400;\" aria-level=\"1\"><span style=\"font-weight: 400;\">Th\u00f4ng tin v\u1ec1 c\u00e1ch t\u00ecm c\u00e1c nh\u00e0 cung c\u1ea5p c\u1ee7a Kaiser Permanente Dental \u1edf trong v\u00e0 ngo\u00e0i khu v\u1ef1c D\u1ecbch V\u1ee5 Kaiser;&nbsp;<\/span><\/li>\n<li style=\"font-weight: 400;\" aria-level=\"1\"><span style=\"font-weight: 400;\">Th\u00f4ng tin v\u1ec1 c\u00e1ch \u0111\u1eb7t l\u1ecbch h\u1eb9n;<\/span><\/li>\n<li style=\"font-weight: 400;\" aria-level=\"1\"><span style=\"font-weight: 400;\">Th\u00f4ng tin v\u1ec1 c\u00e1ch nh\u1eadn kho\u1ea3n ho\u00e0n tr\u1ea3;<\/span><\/li>\n<li style=\"font-weight: 400;\" aria-level=\"1\"><span style=\"font-weight: 400;\">Th\u00f4ng tin h\u01b0\u1edbng d\u1eabn ng\u1eafn g\u1ecdn v\u1ec1 ch\u0103m s\u00f3c nha khoa.<\/span><\/li>\n<\/ul>\n<p><span style=\"font-weight: 400;\">V\u00ec kh\u00f4ng c\u1ea7n t\u1ea3i \u1ee9ng d\u1ee5ng xu\u1ed1ng n\u00ean b\u1ea1n c\u00f3 th\u1ec3 t\u00ecm hi\u1ec3u m\u1ecdi \u0111i\u1ec1u v\u1ec1 ph\u00fac l\u1ee3i nha khoa d\u00e0nh cho m\u00ecnh v\u00f4 c\u00f9ng d\u1ec5 d\u00e0ng!<\/span><\/p>\n<p>[\/et_pb_text][\/et_pb_column][et_pb_column type=&#8221;1_2&#8243; _builder_version=&#8221;4.16&#8243; _module_preset=&#8221;default&#8221; global_colors_info=&#8221;{}&#8221;][et_pb_image src=&#8221;https:\/\/www.carewellseiu503.org\/wp-content\/uploads\/relay-feed_vi.png&#8221; title_text=&#8221;ngu\u1ed3n c\u1ea5p d\u1eef li\u1ec7u v\u1ec1 relay&#8221; align=&#8221;center&#8221; _builder_version=&#8221;4.16&#8243; _module_preset=&#8221;default&#8221; width=&#8221;70%&#8221; global_colors_info=&#8221;{}&#8221;][\/et_pb_image][\/et_pb_column][\/et_pb_row][et_pb_row _builder_version=&#8221;4.16&#8243; _module_preset=&#8221;default&#8221; global_colors_info=&#8221;{}&#8221;][et_pb_column type=&#8221;4_4&#8243; _builder_version=&#8221;4.16&#8243; _module_preset=&#8221;default&#8221; global_colors_info=&#8221;{}&#8221;][et_pb_text _builder_version=&#8221;4.16&#8243; _module_preset=&#8221;default&#8221; global_colors_info=&#8221;{}&#8221;]<\/p>\n<h4>B\u1ea1n c\u00f3 th\u1ec3 l\u01b0u \u00fd nh\u1eefng \u0111i\u1ec1u g\u00ec?<\/h4>\n<p><span style=\"font-weight: 400;\">T\u1ea1i th\u1eddi \u0111i\u1ec3m n\u00e0y, ch\u00fang t\u00f4i ch\u1ec9 g\u1eedi tin t\u1ee9c v\u00e0 th\u00f4ng tin c\u1eadp nh\u1eadt v\u1ec1 ph\u00fac l\u1ee3i Carewell SEIU 503 Kaiser Permanente Dental d\u00e0nh cho b\u1ea1n. \u0110\u1ed3ng th\u1eddi, ch\u00fang t\u00f4i s\u1ebd kh\u00f4ng d\u00f9ng k\u00eanh n\u00e0y \u0111\u1ec3 \u0111\u0103ng th\u00f4ng tin v\u1ec1 c\u00e1c ph\u00fac l\u1ee3i kh\u00e1c c\u1ee7a Carewell SEIU 503, ch\u1eb3ng h\u1ea1n nh\u01b0 PTO ho\u1eb7c H\u1ed7 Tr\u1ee3 Chi Ph\u00ed Ch\u0103m S\u00f3c S\u1ee9c Kh\u1ecfe. \u0110\u1ec3 xem th\u00f4ng tin v\u1ec1 t\u1ea5t c\u1ea3 c\u00e1c ph\u00fac l\u1ee3i c\u1ee7a Carewell, h\u00e3y truy c\u1eadp v\u00e0o trang web c\u1ee7a ch\u00fang t\u00f4i t\u1ea1i <\/span><a href=\"https:\/\/www.carewellseiu503.org\/vi\/\"><span style=\"font-weight: 400;\">CarewellSEIU503.org<\/span><\/a><span style=\"font-weight: 400;\">.<\/span> <span style=\"font-weight: 400;\">Ch\u00fang t\u00f4i cam k\u1ebft s\u1ebd kh\u00f4ng g\u1eedi qu\u00e1 nhi\u1ec1u tin nh\u1eafn cho b\u1ea1n! B\u1ea1n s\u1ebd nh\u1eadn \u0111\u01b0\u1ee3c 2-3 tin nh\u1eafn m\u1ed7i th\u00e1ng. Ngo\u00e0i ra, ch\u00fang t\u00f4i s\u1ebd kh\u00f4ng bao gi\u1edd y\u00eau c\u1ea7u b\u1ea1n cung c\u1ea5p th\u00f4ng tin c\u00e1 nh\u00e2n (ch\u1eb3ng h\u1ea1n nh\u01b0 s\u1ed1 An Sinh X\u00e3 H\u1ed9i) qua k\u00eanh n\u00e0y.&nbsp;<\/span><\/p>\n<h4>C\u00e1c tin nh\u1eafn c\u00f3 \u0111\u01b0\u1ee3c b\u1ea3o m\u1eadt kh\u00f4ng v\u00e0 sau n\u00e0y, b\u1ea1n c\u00f3 th\u1ec3 h\u1ee7y \u0111\u0103ng k\u00fd nh\u1eadn tin nh\u1eafn kh\u00f4ng?<\/h4>\n<p><span style=\"font-weight: 400;\">C\u00f3, c\u00f4ng c\u1ee5 giao ti\u1ebfp k\u1ef9 thu\u1eadt s\u1ed1 n\u00e0y r\u1ea5t b\u1ea3o m\u1eadt v\u00e0 d\u1ec5 s\u1eed d\u1ee5ng. B\u1ea1n kh\u00f4ng c\u1ea7n ph\u1ea3i t\u1ea3i xu\u1ed1ng hay c\u00e0i \u0111\u1eb7t b\u1ea5t k\u1ef3 \u1ee9ng d\u1ee5ng n\u00e0o v\u00e0 b\u1ea1n c\u00f3 th\u1ec3 h\u1ee7y \u0111\u0103ng k\u00fd nh\u1eadn tin nh\u1eafn b\u1ea5t c\u1ee9 l\u00fac n\u00e0o. Nh\u1eb1m \u0111\u1ea3m b\u1ea3o th\u00f4ng tin c\u1ee7a b\u1ea1n lu\u00f4n an to\u00e0n, b\u1ea1n s\u1ebd ph\u1ea3i t\u1ea1o v\u00e0 nh\u1eadp m\u1eadt kh\u1ea9u \u0111\u1ec3 m\u1edf nh\u1eefng tin nh\u1eafn thu th\u1eadp th\u00f4ng tin li\u00ean quan \u0111\u1ebfn ph\u00fac l\u1ee3i c\u1ee5 th\u1ec3.&nbsp;<\/span><\/p>\n<h4><span style=\"font-weight: 400;\">\u200b\u200b<\/span><b>B\u1ea1n c\u00f3 c\u00e2u h\u1ecfi?<\/b><\/h4>\n<p><span style=\"font-weight: 400;\">N\u1ebfu b\u1ea1n c\u00f3 b\u1ea5t k\u1ef3 c\u00e2u h\u1ecfi n\u00e0o v\u1ec1 c\u00f4ng c\u1ee5 giao ti\u1ebfp k\u1ef9 thu\u1eadt s\u1ed1 m\u1edbi, vui l\u00f2ng li\u00ean h\u1ec7 v\u1edbi ch\u00fang t\u00f4i theo s\u1ed1 1-844-503-7348.<\/span><br \/>\n[\/et_pb_text][\/et_pb_column][\/et_pb_row][et_pb_row _builder_version=&#8221;4.16&#8243; _module_preset=&#8221;default&#8221; global_colors_info=&#8221;{}&#8221;][et_pb_column type=&#8221;4_4&#8243; _builder_version=&#8221;4.16&#8243; _module_preset=&#8221;default&#8221; global_colors_info=&#8221;{}&#8221;][et_pb_button button_url=&#8221;https:\/\/www.carewellseiu503.org\/vi\/benefits\/dental\/&#8221; button_text=&#8221;Nh\u1ea5p V\u00e0o \u0110\u00e2y \u0111\u1ec3 T\u00ecm Hi\u1ec3u Th\u00eam v\u1ec1 c\u00e1c ph\u00fac l\u1ee3i nha khoa c\u1ee7a Carewell&#8221; button_alignment=&#8221;center&#8221; _builder_version=&#8221;4.16&#8243; _module_preset=&#8221;default&#8221; global_colors_info=&#8221;{}&#8221;][\/et_pb_button][\/et_pb_column][\/et_pb_row][\/et_pb_section]<\/p>\n","protected":false},"excerpt":{"rendered":"<p>Carewell SEIU 503 Kaiser Permanente Dental &#8211; C\u00f4ng C\u1ee5 Giao Ti\u1ebfp K\u1ef9 Thu\u1eadt S\u1ed1 B\u1ea1n c\u00f3 th\u1ec3 nh\u1eadn \u0111\u01b0\u1ee3c m\u1ed9t tin nh\u1eafn v\u0103n b\u1ea3n tr\u00ean thi\u1ebft b\u1ecb di \u0111\u1ed9ng t\u1eeb Carewell Kaiser Permanente Dental. Tin nh\u1eafn n\u00e0y c\u00f3 n\u1ed9i dung nh\u01b0 sau: \u0110\u00e2y kh\u00f4ng ph\u1ea3i l\u00e0 tin nh\u1eafn l\u1eeba \u0111\u1ea3o! Ch\u00fang t\u00f4i mu\u1ed1n \u0111\u1ea3m b\u1ea3o&#8230;<\/p>\n","protected":false},"author":30,"featured_media":0,"parent":0,"menu_order":0,"comment_status":"closed","ping_status":"closed","template":"","meta":{"_acf_changed":false,"_et_pb_use_builder":"on","_et_pb_old_content":"","_et_gb_content_width":"","footnotes":"","_links_to":"","_links_to_target":""},"class_list":["post-230113","page","type-page","status-publish","hentry"],"acf":[],"yoast_head":"<!-- This site is optimized with the Yoast SEO plugin v27.3 - https:\/\/yoast.com\/product\/yoast-seo-wordpress\/ -->\n<title>Carewell SEIU 503 | KP Dental Relay<\/title>\n<meta name=\"description\" content=\"Ch\u00fang t\u00f4i mu\u1ed1n \u0111\u1ea3m b\u1ea3o t\u1ea5t c\u1ea3 m\u1ecdi ng\u01b0\u1eddi \u0111\u1ec1u bi\u1ebft v\u1ec1 ph\u00fac l\u1ee3i nha khoa d\u00e0nh cho h\u1ecd. V\u00ec v\u1eady, ch\u00fang t\u00f4i th\u00ed \u0111i\u1ec3m c\u00e1ch giao ti\u1ebfp m\u1edbi b\u1eb1ng tin nh\u1eafn v\u0103n b\u1ea3n \u0111\u1ec3 cung c\u1ea5p m\u1ecdi th\u00f4ng tin v\u1ec1 ch\u01b0\u01a1ng tr\u00ecnh Carewell Kaiser Permanente Dental t\u1eadn tay b\u1ea1n!\" \/>\n<meta name=\"robots\" content=\"index, follow, max-snippet:-1, max-image-preview:large, max-video-preview:-1\" \/>\n<link rel=\"canonical\" href=\"https:\/\/www.carewellseiu503.org\/vi\/kp-dental-relay\/\" \/>\n<meta property=\"og:locale\" content=\"vi_VN\" \/>\n<meta property=\"og:type\" content=\"article\" \/>\n<meta property=\"og:title\" content=\"Carewell SEIU 503 | KP Dental Relay\" \/>\n<meta property=\"og:description\" content=\"Ch\u00fang t\u00f4i mu\u1ed1n \u0111\u1ea3m b\u1ea3o t\u1ea5t c\u1ea3 m\u1ecdi ng\u01b0\u1eddi \u0111\u1ec1u bi\u1ebft v\u1ec1 ph\u00fac l\u1ee3i nha khoa d\u00e0nh cho h\u1ecd. V\u00ec v\u1eady, ch\u00fang t\u00f4i th\u00ed \u0111i\u1ec3m c\u00e1ch giao ti\u1ebfp m\u1edbi b\u1eb1ng tin nh\u1eafn v\u0103n b\u1ea3n \u0111\u1ec3 cung c\u1ea5p m\u1ecdi th\u00f4ng tin v\u1ec1 ch\u01b0\u01a1ng tr\u00ecnh Carewell Kaiser Permanente Dental t\u1eadn tay b\u1ea1n!\" \/>\n<meta property=\"og:site_name\" content=\"Carewell SEIU 503\" \/>\n<meta property=\"article:modified_time\" content=\"2025-10-03T17:00:49+00:00\" \/>\n<meta property=\"og:image\" content=\"https:\/\/www.carewellseiu503.org\/wp-content\/uploads\/relay-photo-copy.png\" \/>\n<meta name=\"twitter:card\" content=\"summary_large_image\" \/>\n<meta name=\"twitter:label1\" content=\"Est. reading time\" \/>\n\t<meta name=\"twitter:data1\" content=\"6 minutes\" \/>\n<script type=\"application\/ld+json\" class=\"yoast-schema-graph\">{\"@context\":\"https:\\\/\\\/schema.org\",\"@graph\":[{\"@type\":\"WebPage\",\"@id\":\"https:\\\/\\\/www.carewellseiu503.org\\\/vi\\\/kp-dental-relay\\\/\",\"url\":\"https:\\\/\\\/www.carewellseiu503.org\\\/vi\\\/kp-dental-relay\\\/\",\"name\":\"Carewell SEIU 503 | KP Dental Relay\",\"isPartOf\":{\"@id\":\"https:\\\/\\\/www.carewellseiu503.org\\\/vi\\\/#website\"},\"datePublished\":\"2021-09-13T13:48:09+00:00\",\"dateModified\":\"2025-10-03T17:00:49+00:00\",\"description\":\"Ch\u00fang t\u00f4i mu\u1ed1n \u0111\u1ea3m b\u1ea3o t\u1ea5t c\u1ea3 m\u1ecdi ng\u01b0\u1eddi \u0111\u1ec1u bi\u1ebft v\u1ec1 ph\u00fac l\u1ee3i nha khoa d\u00e0nh cho h\u1ecd. V\u00ec v\u1eady, ch\u00fang t\u00f4i th\u00ed \u0111i\u1ec3m c\u00e1ch giao ti\u1ebfp m\u1edbi b\u1eb1ng tin nh\u1eafn v\u0103n b\u1ea3n \u0111\u1ec3 cung c\u1ea5p m\u1ecdi th\u00f4ng tin v\u1ec1 ch\u01b0\u01a1ng tr\u00ecnh Carewell Kaiser Permanente Dental t\u1eadn tay b\u1ea1n!\",\"breadcrumb\":{\"@id\":\"https:\\\/\\\/www.carewellseiu503.org\\\/vi\\\/kp-dental-relay\\\/#breadcrumb\"},\"inLanguage\":\"vi-VN\",\"potentialAction\":[{\"@type\":\"ReadAction\",\"target\":[\"https:\\\/\\\/www.carewellseiu503.org\\\/vi\\\/kp-dental-relay\\\/\"]}]},{\"@type\":\"BreadcrumbList\",\"@id\":\"https:\\\/\\\/www.carewellseiu503.org\\\/vi\\\/kp-dental-relay\\\/#breadcrumb\",\"itemListElement\":[{\"@type\":\"ListItem\",\"position\":1,\"name\":\"Home\",\"item\":\"https:\\\/\\\/www.carewellseiu503.org\\\/vi\\\/\"},{\"@type\":\"ListItem\",\"position\":2,\"name\":\"Carewell KP Dental Relay\"}]},{\"@type\":\"WebSite\",\"@id\":\"https:\\\/\\\/www.carewellseiu503.org\\\/vi\\\/#website\",\"url\":\"https:\\\/\\\/www.carewellseiu503.org\\\/vi\\\/\",\"name\":\"Carewell SEIU 503\",\"description\":\"Health. Support. Training.\",\"publisher\":{\"@id\":\"https:\\\/\\\/www.carewellseiu503.org\\\/vi\\\/#organization\"},\"potentialAction\":[{\"@type\":\"SearchAction\",\"target\":{\"@type\":\"EntryPoint\",\"urlTemplate\":\"https:\\\/\\\/www.carewellseiu503.org\\\/vi\\\/?s={search_term_string}\"},\"query-input\":{\"@type\":\"PropertyValueSpecification\",\"valueRequired\":true,\"valueName\":\"search_term_string\"}}],\"inLanguage\":\"vi-VN\"},{\"@type\":\"Organization\",\"@id\":\"https:\\\/\\\/www.carewellseiu503.org\\\/vi\\\/#organization\",\"name\":\"Carewell SEIU 503\",\"url\":\"https:\\\/\\\/www.carewellseiu503.org\\\/vi\\\/\",\"logo\":{\"@type\":\"ImageObject\",\"inLanguage\":\"vi-VN\",\"@id\":\"https:\\\/\\\/www.carewellseiu503.org\\\/vi\\\/#\\\/schema\\\/logo\\\/image\\\/\",\"url\":\"https:\\\/\\\/www.carewellseiu503.org\\\/wp-content\\\/uploads\\\/FB-Alt-1.jpg\",\"contentUrl\":\"https:\\\/\\\/www.carewellseiu503.org\\\/wp-content\\\/uploads\\\/FB-Alt-1.jpg\",\"width\":2398,\"height\":1256,\"caption\":\"Carewell SEIU 503\"},\"image\":{\"@id\":\"https:\\\/\\\/www.carewellseiu503.org\\\/vi\\\/#\\\/schema\\\/logo\\\/image\\\/\"}}]}<\/script>\n<!-- \/ Yoast SEO plugin. -->","yoast_head_json":{"title":"Carewell SEIU 503 | KP Dental Relay","description":"Ch\u00fang t\u00f4i mu\u1ed1n \u0111\u1ea3m b\u1ea3o t\u1ea5t c\u1ea3 m\u1ecdi ng\u01b0\u1eddi \u0111\u1ec1u bi\u1ebft v\u1ec1 ph\u00fac l\u1ee3i nha khoa d\u00e0nh cho h\u1ecd. V\u00ec v\u1eady, ch\u00fang t\u00f4i th\u00ed \u0111i\u1ec3m c\u00e1ch giao ti\u1ebfp m\u1edbi b\u1eb1ng tin nh\u1eafn v\u0103n b\u1ea3n \u0111\u1ec3 cung c\u1ea5p m\u1ecdi th\u00f4ng tin v\u1ec1 ch\u01b0\u01a1ng tr\u00ecnh Carewell Kaiser Permanente Dental t\u1eadn tay b\u1ea1n!","robots":{"index":"index","follow":"follow","max-snippet":"max-snippet:-1","max-image-preview":"max-image-preview:large","max-video-preview":"max-video-preview:-1"},"canonical":"https:\/\/www.carewellseiu503.org\/vi\/kp-dental-relay\/","og_locale":"vi_VN","og_type":"article","og_title":"Carewell SEIU 503 | KP Dental Relay","og_description":"Ch\u00fang t\u00f4i mu\u1ed1n \u0111\u1ea3m b\u1ea3o t\u1ea5t c\u1ea3 m\u1ecdi ng\u01b0\u1eddi \u0111\u1ec1u bi\u1ebft v\u1ec1 ph\u00fac l\u1ee3i nha khoa d\u00e0nh cho h\u1ecd. V\u00ec v\u1eady, ch\u00fang t\u00f4i th\u00ed \u0111i\u1ec3m c\u00e1ch giao ti\u1ebfp m\u1edbi b\u1eb1ng tin nh\u1eafn v\u0103n b\u1ea3n \u0111\u1ec3 cung c\u1ea5p m\u1ecdi th\u00f4ng tin v\u1ec1 ch\u01b0\u01a1ng tr\u00ecnh Carewell Kaiser Permanente Dental t\u1eadn tay b\u1ea1n!","og_site_name":"Carewell SEIU 503","article_modified_time":"2025-10-03T17:00:49+00:00","og_image":[{"url":"https:\/\/www.carewellseiu503.org\/wp-content\/uploads\/relay-photo-copy.png","type":"","width":"","height":""}],"twitter_card":"summary_large_image","twitter_misc":{"Est. reading time":"6 minutes"},"schema":{"@context":"https:\/\/schema.org","@graph":[{"@type":"WebPage","@id":"https:\/\/www.carewellseiu503.org\/vi\/kp-dental-relay\/","url":"https:\/\/www.carewellseiu503.org\/vi\/kp-dental-relay\/","name":"Carewell SEIU 503 | KP Dental Relay","isPartOf":{"@id":"https:\/\/www.carewellseiu503.org\/vi\/#website"},"datePublished":"2021-09-13T13:48:09+00:00","dateModified":"2025-10-03T17:00:49+00:00","description":"Ch\u00fang t\u00f4i mu\u1ed1n \u0111\u1ea3m b\u1ea3o t\u1ea5t c\u1ea3 m\u1ecdi ng\u01b0\u1eddi \u0111\u1ec1u bi\u1ebft v\u1ec1 ph\u00fac l\u1ee3i nha khoa d\u00e0nh cho h\u1ecd. V\u00ec v\u1eady, ch\u00fang t\u00f4i th\u00ed \u0111i\u1ec3m c\u00e1ch giao ti\u1ebfp m\u1edbi b\u1eb1ng tin nh\u1eafn v\u0103n b\u1ea3n \u0111\u1ec3 cung c\u1ea5p m\u1ecdi th\u00f4ng tin v\u1ec1 ch\u01b0\u01a1ng tr\u00ecnh Carewell Kaiser Permanente Dental t\u1eadn tay b\u1ea1n!","breadcrumb":{"@id":"https:\/\/www.carewellseiu503.org\/vi\/kp-dental-relay\/#breadcrumb"},"inLanguage":"vi-VN","potentialAction":[{"@type":"ReadAction","target":["https:\/\/www.carewellseiu503.org\/vi\/kp-dental-relay\/"]}]},{"@type":"BreadcrumbList","@id":"https:\/\/www.carewellseiu503.org\/vi\/kp-dental-relay\/#breadcrumb","itemListElement":[{"@type":"ListItem","position":1,"name":"Home","item":"https:\/\/www.carewellseiu503.org\/vi\/"},{"@type":"ListItem","position":2,"name":"Carewell KP Dental Relay"}]},{"@type":"WebSite","@id":"https:\/\/www.carewellseiu503.org\/vi\/#website","url":"https:\/\/www.carewellseiu503.org\/vi\/","name":"Carewell SEIU 503","description":"Health. Support. Training.","publisher":{"@id":"https:\/\/www.carewellseiu503.org\/vi\/#organization"},"potentialAction":[{"@type":"SearchAction","target":{"@type":"EntryPoint","urlTemplate":"https:\/\/www.carewellseiu503.org\/vi\/?s={search_term_string}"},"query-input":{"@type":"PropertyValueSpecification","valueRequired":true,"valueName":"search_term_string"}}],"inLanguage":"vi-VN"},{"@type":"Organization","@id":"https:\/\/www.carewellseiu503.org\/vi\/#organization","name":"Carewell SEIU 503","url":"https:\/\/www.carewellseiu503.org\/vi\/","logo":{"@type":"ImageObject","inLanguage":"vi-VN","@id":"https:\/\/www.carewellseiu503.org\/vi\/#\/schema\/logo\/image\/","url":"https:\/\/www.carewellseiu503.org\/wp-content\/uploads\/FB-Alt-1.jpg","contentUrl":"https:\/\/www.carewellseiu503.org\/wp-content\/uploads\/FB-Alt-1.jpg","width":2398,"height":1256,"caption":"Carewell SEIU 503"},"image":{"@id":"https:\/\/www.carewellseiu503.org\/vi\/#\/schema\/logo\/image\/"}}]}},"_links":{"self":[{"href":"https:\/\/www.carewellseiu503.org\/vi\/wp-json\/wp\/v2\/pages\/230113","targetHints":{"allow":["GET"]}}],"collection":[{"href":"https:\/\/www.carewellseiu503.org\/vi\/wp-json\/wp\/v2\/pages"}],"about":[{"href":"https:\/\/www.carewellseiu503.org\/vi\/wp-json\/wp\/v2\/types\/page"}],"author":[{"embeddable":true,"href":"https:\/\/www.carewellseiu503.org\/vi\/wp-json\/wp\/v2\/users\/30"}],"replies":[{"embeddable":true,"href":"https:\/\/www.carewellseiu503.org\/vi\/wp-json\/wp\/v2\/comments?post=230113"}],"version-history":[{"count":0,"href":"https:\/\/www.carewellseiu503.org\/vi\/wp-json\/wp\/v2\/pages\/230113\/revisions"}],"wp:attachment":[{"href":"https:\/\/www.carewellseiu503.org\/vi\/wp-json\/wp\/v2\/media?parent=230113"}],"curies":[{"name":"wp","href":"https:\/\/api.w.org\/{rel}","templated":true}]}}