{"id":237085,"date":"2022-01-13T10:19:20","date_gmt":"2022-01-13T18:19:20","guid":{"rendered":"https:\/\/www.carewellseiu503.org\/?page_id=237085"},"modified":"2023-03-27T11:38:56","modified_gmt":"2023-03-27T18:38:56","slug":"about","status":"publish","type":"page","link":"https:\/\/www.carewellseiu503.org\/vi\/about\/","title":{"rendered":"Gi\u1edbi Thi\u1ec7u v\u1ec1 Carewell"},"content":{"rendered":"<p>[et_pb_section fb_built=&#8221;1&#8243; custom_padding_last_edited=&#8221;on|phone&#8221; module_class=&#8221;darkHeader&#8221; _builder_version=&#8221;4.16&#8243; background_color=&#8221;#a45cff&#8221; background_enable_image=&#8221;off&#8221; background_position=&#8221;bottom_left&#8221; min_height=&#8221;350px&#8221; min_height_tablet=&#8221;100px&#8221; min_height_phone=&#8221;&#8221; min_height_last_edited=&#8221;on|desktop&#8221; custom_margin=&#8221;||0px||false|false&#8221; custom_padding=&#8221;50px||0px||false|false&#8221; custom_padding_tablet=&#8221;&#8221; custom_padding_phone=&#8221;0px||||false|false&#8221; bottom_divider_flip=&#8221;vertical&#8221; background_last_edited=&#8221;on|phone&#8221; use_background_color_gradient_phone=&#8221;off&#8221; background_enable_image_phone=&#8221;off&#8221; border_color_bottom=&#8221;#ffa89f&#8221; global_colors_info=&#8221;{}&#8221;][et_pb_row custom_padding_last_edited=&#8221;on|phone&#8221; _builder_version=&#8221;4.16&#8243; custom_padding=&#8221;100px||0px||false|false&#8221; custom_padding_tablet=&#8221;&#8221; custom_padding_phone=&#8221;&#8221; global_colors_info=&#8221;{}&#8221;][et_pb_column type=&#8221;4_4&#8243; _builder_version=&#8221;4.16&#8243; global_colors_info=&#8221;{}&#8221;][et_pb_text module_class=&#8221;addLine&#8221; _builder_version=&#8221;4.18.1&#8243; background_layout=&#8221;dark&#8221; hover_enabled=&#8221;0&#8243; header_text_color_tablet=&#8221;&#8221; header_text_color_phone=&#8221;#ffffff&#8221; header_text_color_last_edited=&#8221;on|desktop&#8221; background_layout_tablet=&#8221;&#8221; background_layout_phone=&#8221;dark&#8221; background_layout_last_edited=&#8221;on|phone&#8221; locked=&#8221;off&#8221; global_colors_info=&#8221;{}&#8221; sticky_enabled=&#8221;0&#8243;]<\/p>\n<h1>Gi\u1edbi Thi\u1ec7u V\u1ec1 Carewell SEIU 503<\/h1>\n<p>[\/et_pb_text][\/et_pb_column][\/et_pb_row][\/et_pb_section][et_pb_section fb_built=&#8221;1&#8243; _builder_version=&#8221;4.16&#8243; background_color=&#8221;#ffffff&#8221; custom_padding=&#8221;0px||0px||false|false&#8221; border_width_top=&#8221;6px&#8221; border_color_top=&#8221;#ffa89f&#8221; global_colors_info=&#8221;{}&#8221;][et_pb_row column_structure=&#8221;1_2,1_2&#8243; _builder_version=&#8221;4.16&#8243; width=&#8221;100%&#8221; max_width=&#8221;2560px&#8221; height=&#8221;100%&#8221; custom_margin=&#8221;0px||0px||false|false&#8221; custom_padding=&#8221;0px||0px||false|false&#8221; global_colors_info=&#8221;{}&#8221;][et_pb_column type=&#8221;1_2&#8243; _builder_version=&#8221;4.16&#8243; global_colors_info=&#8221;{}&#8221;][et_pb_image src=&#8221;https:\/\/www.carewellseiu503.org\/wp-content\/uploads\/24065818860_887d6301d4_o-1.jpg&#8221; alt=&#8221;Nh\u00f3m th\u01b0\u01a1ng l\u01b0\u1ee3ng c\u1ee7a nh\u00e2n vi\u00ean h\u1ed7 tr\u1ee3 c\u00e1 nh\u00e2n v\u00e0 ch\u0103m s\u00f3c t\u1ea1i nh\u00e0 \u0111ang \u0103n m\u1eebng chi\u1ebfn th\u1eafng ph\u1ea3i r\u1ea5t kh\u00f3 kh\u0103n m\u1edbi gi\u00e0nh \u0111\u01b0\u1ee3c.&#8221; _builder_version=&#8221;4.16&#8243; global_colors_info=&#8221;{}&#8221;][\/et_pb_image][\/et_pb_column][et_pb_column type=&#8221;1_2&#8243; _builder_version=&#8221;4.16&#8243; global_colors_info=&#8221;{}&#8221;][et_pb_text quote_border_weight=&#8221;6px&#8221; quote_border_color=&#8221;#ffa89f&#8221; _builder_version=&#8221;4.18.1&#8243; quote_font=&#8221;||on||on|||#a45cff|solid&#8221; quote_text_color=&#8221;#582c82&#8243; quote_font_size=&#8221;31px&#8221; custom_margin=&#8221;50px|50px|||false|false&#8221; custom_margin_tablet=&#8221;|50px||50px|false|true&#8221; custom_margin_phone=&#8221;&#8221; custom_margin_last_edited=&#8221;on|phone&#8221; custom_padding=&#8221;||50px||false|false&#8221; hover_enabled=&#8221;0&#8243; global_colors_info=&#8221;{}&#8221; sticky_enabled=&#8221;0&#8243;]<\/p>\n<h2>Gi\u1edbi Thi\u1ec7u Carewell SEIU 503<\/h2>\n<p>Carewell SEIU 503 l\u00e0 nh\u00f3m ch\u01b0\u01a1ng tr\u00ecnh \u0111\u00e0o t\u1ea1o v\u00e0 ph\u00fac l\u1ee3i m\u00e0 c\u00e1c nh\u00e0 cung c\u1ea5p d\u1ecbch v\u1ee5 ch\u0103m s\u00f3c t\u1ea1i nh\u00e0 v\u00e0 h\u1ed7 tr\u1ee3 c\u00e1 nh\u00e2n c\u1ee7a SEIU 503 ph\u1ea3i r\u1ea5t kh\u00f3 kh\u0103n m\u1edbi gi\u00e0nh \u0111\u01b0\u1ee3c nh\u1eb1m c\u1ea3i thi\u1ec7n cu\u1ed9c s\u1ed1ng c\u1ee7a h\u1ecd.<\/p>\n<p>\u0110\u01b0\u1ee3c cung c\u1ea5p b\u1edfi <a href=\"https:\/\/www.risepartnership.com\/\">RISE Partnership<\/a>, m\u1ed9t <span>t\u1ed5 ch\u1ee9c phi l\u1ee3i nhu\u1eadn chuy\u00ean h\u1ed7 tr\u1ee3\u00a0<\/span><span>c\u00e1c nh\u00e0 cung c\u1ea5p d\u1ecbch v\u1ee5 ch\u0103m s\u00f3c s\u1ee9c kh\u1ecfe c\u0169ng nh\u01b0 ng\u01b0\u1eddi lao \u0111\u1ed9ng trong l\u0129nh v\u1ef1c c\u00f4ng c\u1ee7a Oregon th\u00f4ng qua\u00a0<\/span><span>ch\u01b0\u01a1ng tr\u00ecnh \u0111\u00e0o t\u1ea1o, gi\u00e1o d\u1ee5c v\u00e0 ph\u00fac l\u1ee3i v\u01b0\u1ee3t tr\u1ed9i.<\/span><\/p>\n<p>[\/et_pb_text][\/et_pb_column][\/et_pb_row][\/et_pb_section][et_pb_section fb_built=&#8221;1&#8243; _builder_version=&#8221;4.16&#8243; background_color=&#8221;#f3f3f3&#8243; custom_margin=&#8221;||0px||false|false&#8221; custom_padding=&#8221;||6px|||&#8221; locked=&#8221;off&#8221; global_colors_info=&#8221;{}&#8221;][et_pb_row _builder_version=&#8221;4.16&#8243; global_colors_info=&#8221;{}&#8221;][et_pb_column type=&#8221;4_4&#8243; _builder_version=&#8221;4.16&#8243; global_colors_info=&#8221;{}&#8221;][et_pb_text _builder_version=&#8221;4.16&#8243; global_colors_info=&#8221;{}&#8221;]<\/p>\n<h2 style=\"text-align: center;\">T\u00ecm Hi\u1ec3u Th\u00eam Th\u00f4ng Tin<\/h2>\n<p>[\/et_pb_text][\/et_pb_column][\/et_pb_row][et_pb_row column_structure=&#8221;1_2,1_2&#8243; use_custom_gutter=&#8221;on&#8221; gutter_width=&#8221;2&#8243; make_equal=&#8221;on&#8221; _builder_version=&#8221;4.16&#8243; custom_margin=&#8221;||||false|true&#8221; custom_padding=&#8221;0px||||false|false&#8221; global_colors_info=&#8221;{}&#8221;][et_pb_column type=&#8221;1_2&#8243; _builder_version=&#8221;4.16&#8243; global_colors_info=&#8221;{}&#8221;][et_pb_blurb title=&#8221;Gi\u1edbi Thi\u1ec7u v\u1ec1 c\u00e1c Qu\u1ef9 \u1ee6y Th\u00e1c&#8221; url=&#8221;\/vi\/about\/trusts&#8221; use_icon=&#8221;on&#8221; font_icon=&#8221;&#x75;||divi||400&#8243; icon_placement=&#8221;left&#8221; module_class=&#8221;shadowHover&#8221; _builder_version=&#8221;4.18.1&#8243; background_color=&#8221;#ffffff&#8221; height=&#8221;100%&#8221; custom_padding=&#8221;15px|15px|15px|15px|true|true&#8221; link_option_url=&#8221;\/vi\/about\/trusts&#8221; border_width_top=&#8221;3px&#8221; border_color_top=&#8221;#a45cff&#8221; global_colors_info=&#8221;{}&#8221;]<\/p>\n<p>T\u00ecm hi\u1ec3u th\u00eam v\u1ec1 c\u00e1ch thi\u1ebft k\u1ebf Ch\u01b0\u01a1ng Tr\u00ecnh \u0110\u00e0o T\u1ea1o v\u00e0 Ph\u00fac L\u1ee3i c\u1ee7a Carewell do nh\u00e2n vi\u00ean th\u1ef1c hi\u1ec7n th\u00f4ng qua Qu\u1ef9 \u1ee6y Th\u00e1c Qu\u1ea3n L\u00fd Ng\u01b0\u1eddi Lao \u0110\u1ed9ng c\u1ee7a h\u1ecd.<\/p>\n<p>[\/et_pb_blurb][\/et_pb_column][et_pb_column type=&#8221;1_2&#8243; _builder_version=&#8221;4.16&#8243; global_colors_info=&#8221;{}&#8221;][et_pb_blurb title=&#8221;Tin T\u1ee9c &#038; Th\u00f4ng Tin M\u1edbi Nh\u1ea5t&#8221; url=&#8221;@ET-DC@eyJkeW5hbWljIjp0cnVlLCJjb250ZW50IjoicG9zdF9saW5rX3VybF9wYWdlIiwic2V0dGluZ3MiOnsicG9zdF9pZCI6IjIxMTY4MyJ9fQ==@&#8221; use_icon=&#8221;on&#8221; font_icon=&#8221;&#x69;||divi||400&#8243; icon_placement=&#8221;left&#8221; module_class=&#8221;shadowHover&#8221; _builder_version=&#8221;4.16&#8243; _dynamic_attributes=&#8221;link_option_url,url&#8221; background_color=&#8221;#ffffff&#8221; height=&#8221;100%&#8221; custom_padding=&#8221;15px|15px|15px|15px|true|true&#8221; link_option_url=&#8221;@ET-DC@eyJkeW5hbWljIjp0cnVlLCJjb250ZW50IjoicG9zdF9saW5rX3VybF9wYWdlIiwic2V0dGluZ3MiOnsicG9zdF9pZCI6IjIxMTY4MyJ9fQ==@&#8221; border_width_top=&#8221;3px&#8221; border_color_top=&#8221;#a45cff&#8221; global_colors_info=&#8221;{}&#8221;]<\/p>\n<p>Xem tin t\u1ee9c m\u1edbi nh\u1ea5t v\u1ec1 Ch\u01b0\u01a1ng Tr\u00ecnh \u0110\u00e0o T\u1ea1o v\u00e0 Ph\u00fac L\u1ee3i c\u1ee7a Carewell.<\/p>\n<p>[\/et_pb_blurb][et_pb_blurb title=&#8221;Tuy\u1ec3n D\u1ee5ng&#8221; url=&#8221;@ET-DC@eyJkeW5hbWljIjp0cnVlLCJjb250ZW50IjoicG9zdF9saW5rX3VybF9wYWdlIiwic2V0dGluZ3MiOnsicG9zdF9pZCI6IjIxMzk5MiJ9fQ==@&#8221; use_icon=&#8221;on&#8221; font_icon=&#8221;&#xe021;||divi||400&#8243; icon_placement=&#8221;left&#8221; disabled_on=&#8221;on|on|on&#8221; module_class=&#8221;shadowHover&#8221; _builder_version=&#8221;4.16&#8243; _dynamic_attributes=&#8221;url,link_option_url&#8221; background_color=&#8221;#ffffff&#8221; height=&#8221;100%&#8221; custom_padding=&#8221;15px|15px|15px|15px|true|true&#8221; link_option_url=&#8221;@ET-DC@eyJkeW5hbWljIjp0cnVlLCJjb250ZW50IjoicG9zdF9saW5rX3VybF9wYWdlIiwic2V0dGluZ3MiOnsicG9zdF9pZCI6IjIxMzk5MiJ9fQ==@&#8221; border_width_top=&#8221;3px&#8221; border_color_top=&#8221;#a45cff&#8221; disabled=&#8221;on&#8221; global_colors_info=&#8221;{}&#8221;]<\/p>\n<p>B\u1ea1n c\u00f3 ph\u1ea3i l\u00e0 m\u1ed9t chuy\u00ean gia c\u1ed1ng hi\u1ebfn v\u00ec s\u1ee9 m\u1ec7nh cao c\u1ea3 v\u00e0 s\u1eb5n s\u00e0ng gia nh\u1eadp \u0111\u1ed9i ng\u0169 c\u1ee7a ch\u00fang t\u00f4i kh\u00f4ng?\u00a0<\/p>\n<p>[\/et_pb_blurb][\/et_pb_column][\/et_pb_row][\/et_pb_section]<\/p>\n","protected":false},"excerpt":{"rendered":"<p>Carewell SEIU 503 l\u00e0 nh\u00f3m Ch\u01b0\u01a1ng Tr\u00ecnh \u0110\u00e0o T\u1ea1o v\u00e0 Ph\u00fac L\u1ee3i d\u00e0nh cho c\u00e1c nh\u00e0 cung c\u1ea5p d\u1ecbch v\u1ee5 ch\u0103m s\u00f3c s\u1ee9c kh\u1ecfe t\u1ea1i nh\u00e0 v\u00e0 h\u1ed7 tr\u1ee3 c\u00e1 nh\u00e2n m\u00e0 SEIU 503 ph\u1ea3i r\u1ea5t kh\u00f3 kh\u0103n m\u1edbi gi\u00e0nh \u0111\u01b0\u1ee3c nh\u1eb1m c\u1ea3i thi\u1ec7n cu\u1ed9c s\u1ed1ng c\u1ee7a h\u1ecd. T\u00ecm hi\u1ec3u th\u00eam.<\/p>\n","protected":false},"author":12,"featured_media":0,"parent":0,"menu_order":0,"comment_status":"closed","ping_status":"closed","template":"","meta":{"_acf_changed":false,"_et_pb_use_builder":"on","_et_pb_old_content":"","_et_gb_content_width":"","footnotes":"","_links_to":"","_links_to_target":""},"class_list":["post-237085","page","type-page","status-publish","hentry"],"acf":[],"yoast_head":"<!-- This site is optimized with the Yoast SEO plugin v27.3 - https:\/\/yoast.com\/product\/yoast-seo-wordpress\/ -->\n<title>Gi\u1edbi Thi\u1ec7u v\u1ec1 Carewell - Carewell SEIU 503<\/title>\n<meta name=\"description\" content=\"Carewell SEIU 503 l\u00e0 nh\u00f3m Ch\u01b0\u01a1ng Tr\u00ecnh \u0110\u00e0o T\u1ea1o v\u00e0 Ph\u00fac L\u1ee3i d\u00e0nh cho c\u00e1c nh\u00e0 cung c\u1ea5p d\u1ecbch v\u1ee5 ch\u0103m s\u00f3c s\u1ee9c kh\u1ecfe t\u1ea1i nh\u00e0 v\u00e0 h\u1ed7 tr\u1ee3 c\u00e1 nh\u00e2n m\u00e0 SEIU 503 ph\u1ea3i r\u1ea5t kh\u00f3 kh\u0103n m\u1edbi gi\u00e0nh \u0111\u01b0\u1ee3c nh\u1eb1m c\u1ea3i thi\u1ec7n cu\u1ed9c s\u1ed1ng c\u1ee7a h\u1ecd. T\u00ecm hi\u1ec3u th\u00eam.\" \/>\n<meta name=\"robots\" content=\"index, follow, max-snippet:-1, max-image-preview:large, max-video-preview:-1\" \/>\n<link rel=\"canonical\" href=\"https:\/\/www.carewellseiu503.org\/vi\/about\/\" \/>\n<meta property=\"og:locale\" content=\"vi_VN\" \/>\n<meta property=\"og:type\" content=\"article\" \/>\n<meta property=\"og:title\" content=\"Gi\u1edbi Thi\u1ec7u v\u1ec1 Carewell\" \/>\n<meta property=\"og:description\" content=\"Carewell SEIU 503 l\u00e0 nh\u00f3m Ch\u01b0\u01a1ng Tr\u00ecnh \u0110\u00e0o T\u1ea1o v\u00e0 Ph\u00fac L\u1ee3i d\u00e0nh cho c\u00e1c nh\u00e0 cung c\u1ea5p d\u1ecbch v\u1ee5 ch\u0103m s\u00f3c s\u1ee9c kh\u1ecfe t\u1ea1i nh\u00e0 v\u00e0 h\u1ed7 tr\u1ee3 c\u00e1 nh\u00e2n m\u00e0 SEIU 503 ph\u1ea3i r\u1ea5t kh\u00f3 kh\u0103n m\u1edbi gi\u00e0nh \u0111\u01b0\u1ee3c nh\u1eb1m c\u1ea3i thi\u1ec7n cu\u1ed9c s\u1ed1ng c\u1ee7a h\u1ecd. T\u00ecm hi\u1ec3u th\u00eam.\" \/>\n<meta property=\"og:site_name\" content=\"Carewell SEIU 503\" \/>\n<meta property=\"article:modified_time\" content=\"2023-03-27T18:38:56+00:00\" \/>\n<meta property=\"og:image\" content=\"https:\/\/www.carewellseiu503.org\/wp-content\/uploads\/FB-Alt-1.jpg\" \/>\n\t<meta property=\"og:image:width\" content=\"2398\" \/>\n\t<meta property=\"og:image:height\" content=\"1256\" \/>\n\t<meta property=\"og:image:type\" content=\"image\/jpeg\" \/>\n<meta name=\"twitter:card\" content=\"summary_large_image\" \/>\n<meta name=\"twitter:title\" content=\"Gi\u1edbi Thi\u1ec7u v\u1ec1 Carewell\" \/>\n<meta name=\"twitter:description\" content=\"Carewell SEIU 503 l\u00e0 nh\u00f3m Ch\u01b0\u01a1ng Tr\u00ecnh \u0110\u00e0o T\u1ea1o v\u00e0 Ph\u00fac L\u1ee3i d\u00e0nh cho c\u00e1c nh\u00e0 cung c\u1ea5p d\u1ecbch v\u1ee5 ch\u0103m s\u00f3c s\u1ee9c kh\u1ecfe t\u1ea1i nh\u00e0 v\u00e0 h\u1ed7 tr\u1ee3 c\u00e1 nh\u00e2n m\u00e0 SEIU 503 ph\u1ea3i r\u1ea5t kh\u00f3 kh\u0103n m\u1edbi gi\u00e0nh \u0111\u01b0\u1ee3c nh\u1eb1m c\u1ea3i thi\u1ec7n cu\u1ed9c s\u1ed1ng c\u1ee7a h\u1ecd. T\u00ecm hi\u1ec3u th\u00eam.\" \/>\n<meta name=\"twitter:label1\" content=\"Est. reading time\" \/>\n\t<meta name=\"twitter:data1\" content=\"2 minutes\" \/>\n<script type=\"application\/ld+json\" class=\"yoast-schema-graph\">{\"@context\":\"https:\\\/\\\/schema.org\",\"@graph\":[{\"@type\":\"WebPage\",\"@id\":\"https:\\\/\\\/www.carewellseiu503.org\\\/vi\\\/about\\\/\",\"url\":\"https:\\\/\\\/www.carewellseiu503.org\\\/vi\\\/about\\\/\",\"name\":\"Gi\u1edbi Thi\u1ec7u v\u1ec1 Carewell - Carewell SEIU 503\",\"isPartOf\":{\"@id\":\"https:\\\/\\\/www.carewellseiu503.org\\\/vi\\\/#website\"},\"datePublished\":\"2022-01-13T18:19:20+00:00\",\"dateModified\":\"2023-03-27T18:38:56+00:00\",\"description\":\"Carewell SEIU 503 l\u00e0 nh\u00f3m Ch\u01b0\u01a1ng Tr\u00ecnh \u0110\u00e0o T\u1ea1o v\u00e0 Ph\u00fac L\u1ee3i d\u00e0nh cho c\u00e1c nh\u00e0 cung c\u1ea5p d\u1ecbch v\u1ee5 ch\u0103m s\u00f3c s\u1ee9c kh\u1ecfe t\u1ea1i nh\u00e0 v\u00e0 h\u1ed7 tr\u1ee3 c\u00e1 nh\u00e2n m\u00e0 SEIU 503 ph\u1ea3i r\u1ea5t kh\u00f3 kh\u0103n m\u1edbi gi\u00e0nh \u0111\u01b0\u1ee3c nh\u1eb1m c\u1ea3i thi\u1ec7n cu\u1ed9c s\u1ed1ng c\u1ee7a h\u1ecd. T\u00ecm hi\u1ec3u th\u00eam.\",\"breadcrumb\":{\"@id\":\"https:\\\/\\\/www.carewellseiu503.org\\\/vi\\\/about\\\/#breadcrumb\"},\"inLanguage\":\"vi-VN\",\"potentialAction\":[{\"@type\":\"ReadAction\",\"target\":[\"https:\\\/\\\/www.carewellseiu503.org\\\/vi\\\/about\\\/\"]}]},{\"@type\":\"BreadcrumbList\",\"@id\":\"https:\\\/\\\/www.carewellseiu503.org\\\/vi\\\/about\\\/#breadcrumb\",\"itemListElement\":[{\"@type\":\"ListItem\",\"position\":1,\"name\":\"Home\",\"item\":\"https:\\\/\\\/www.carewellseiu503.org\\\/vi\\\/\"},{\"@type\":\"ListItem\",\"position\":2,\"name\":\"Gi\u1edbi Thi\u1ec7u v\u1ec1 Carewell\"}]},{\"@type\":\"WebSite\",\"@id\":\"https:\\\/\\\/www.carewellseiu503.org\\\/vi\\\/#website\",\"url\":\"https:\\\/\\\/www.carewellseiu503.org\\\/vi\\\/\",\"name\":\"Carewell SEIU 503\",\"description\":\"Health. Support. Training.\",\"publisher\":{\"@id\":\"https:\\\/\\\/www.carewellseiu503.org\\\/vi\\\/#organization\"},\"potentialAction\":[{\"@type\":\"SearchAction\",\"target\":{\"@type\":\"EntryPoint\",\"urlTemplate\":\"https:\\\/\\\/www.carewellseiu503.org\\\/vi\\\/?s={search_term_string}\"},\"query-input\":{\"@type\":\"PropertyValueSpecification\",\"valueRequired\":true,\"valueName\":\"search_term_string\"}}],\"inLanguage\":\"vi-VN\"},{\"@type\":\"Organization\",\"@id\":\"https:\\\/\\\/www.carewellseiu503.org\\\/vi\\\/#organization\",\"name\":\"Carewell SEIU 503\",\"url\":\"https:\\\/\\\/www.carewellseiu503.org\\\/vi\\\/\",\"logo\":{\"@type\":\"ImageObject\",\"inLanguage\":\"vi-VN\",\"@id\":\"https:\\\/\\\/www.carewellseiu503.org\\\/vi\\\/#\\\/schema\\\/logo\\\/image\\\/\",\"url\":\"https:\\\/\\\/www.carewellseiu503.org\\\/wp-content\\\/uploads\\\/FB-Alt-1.jpg\",\"contentUrl\":\"https:\\\/\\\/www.carewellseiu503.org\\\/wp-content\\\/uploads\\\/FB-Alt-1.jpg\",\"width\":2398,\"height\":1256,\"caption\":\"Carewell SEIU 503\"},\"image\":{\"@id\":\"https:\\\/\\\/www.carewellseiu503.org\\\/vi\\\/#\\\/schema\\\/logo\\\/image\\\/\"}}]}<\/script>\n<!-- \/ Yoast SEO plugin. -->","yoast_head_json":{"title":"Gi\u1edbi Thi\u1ec7u v\u1ec1 Carewell - Carewell SEIU 503","description":"Carewell SEIU 503 l\u00e0 nh\u00f3m Ch\u01b0\u01a1ng Tr\u00ecnh \u0110\u00e0o T\u1ea1o v\u00e0 Ph\u00fac L\u1ee3i d\u00e0nh cho c\u00e1c nh\u00e0 cung c\u1ea5p d\u1ecbch v\u1ee5 ch\u0103m s\u00f3c s\u1ee9c kh\u1ecfe t\u1ea1i nh\u00e0 v\u00e0 h\u1ed7 tr\u1ee3 c\u00e1 nh\u00e2n m\u00e0 SEIU 503 ph\u1ea3i r\u1ea5t kh\u00f3 kh\u0103n m\u1edbi gi\u00e0nh \u0111\u01b0\u1ee3c nh\u1eb1m c\u1ea3i thi\u1ec7n cu\u1ed9c s\u1ed1ng c\u1ee7a h\u1ecd. T\u00ecm hi\u1ec3u th\u00eam.","robots":{"index":"index","follow":"follow","max-snippet":"max-snippet:-1","max-image-preview":"max-image-preview:large","max-video-preview":"max-video-preview:-1"},"canonical":"https:\/\/www.carewellseiu503.org\/vi\/about\/","og_locale":"vi_VN","og_type":"article","og_title":"Gi\u1edbi Thi\u1ec7u v\u1ec1 Carewell","og_description":"Carewell SEIU 503 l\u00e0 nh\u00f3m Ch\u01b0\u01a1ng Tr\u00ecnh \u0110\u00e0o T\u1ea1o v\u00e0 Ph\u00fac L\u1ee3i d\u00e0nh cho c\u00e1c nh\u00e0 cung c\u1ea5p d\u1ecbch v\u1ee5 ch\u0103m s\u00f3c s\u1ee9c kh\u1ecfe t\u1ea1i nh\u00e0 v\u00e0 h\u1ed7 tr\u1ee3 c\u00e1 nh\u00e2n m\u00e0 SEIU 503 ph\u1ea3i r\u1ea5t kh\u00f3 kh\u0103n m\u1edbi gi\u00e0nh \u0111\u01b0\u1ee3c nh\u1eb1m c\u1ea3i thi\u1ec7n cu\u1ed9c s\u1ed1ng c\u1ee7a h\u1ecd. T\u00ecm hi\u1ec3u th\u00eam.","og_site_name":"Carewell SEIU 503","article_modified_time":"2023-03-27T18:38:56+00:00","og_image":[{"width":2398,"height":1256,"url":"https:\/\/www.carewellseiu503.org\/wp-content\/uploads\/FB-Alt-1.jpg","type":"image\/jpeg"}],"twitter_card":"summary_large_image","twitter_title":"Gi\u1edbi Thi\u1ec7u v\u1ec1 Carewell","twitter_description":"Carewell SEIU 503 l\u00e0 nh\u00f3m Ch\u01b0\u01a1ng Tr\u00ecnh \u0110\u00e0o T\u1ea1o v\u00e0 Ph\u00fac L\u1ee3i d\u00e0nh cho c\u00e1c nh\u00e0 cung c\u1ea5p d\u1ecbch v\u1ee5 ch\u0103m s\u00f3c s\u1ee9c kh\u1ecfe t\u1ea1i nh\u00e0 v\u00e0 h\u1ed7 tr\u1ee3 c\u00e1 nh\u00e2n m\u00e0 SEIU 503 ph\u1ea3i r\u1ea5t kh\u00f3 kh\u0103n m\u1edbi gi\u00e0nh \u0111\u01b0\u1ee3c nh\u1eb1m c\u1ea3i thi\u1ec7n cu\u1ed9c s\u1ed1ng c\u1ee7a h\u1ecd. T\u00ecm hi\u1ec3u th\u00eam.","twitter_misc":{"Est. reading time":"2 minutes"},"schema":{"@context":"https:\/\/schema.org","@graph":[{"@type":"WebPage","@id":"https:\/\/www.carewellseiu503.org\/vi\/about\/","url":"https:\/\/www.carewellseiu503.org\/vi\/about\/","name":"Gi\u1edbi Thi\u1ec7u v\u1ec1 Carewell - Carewell SEIU 503","isPartOf":{"@id":"https:\/\/www.carewellseiu503.org\/vi\/#website"},"datePublished":"2022-01-13T18:19:20+00:00","dateModified":"2023-03-27T18:38:56+00:00","description":"Carewell SEIU 503 l\u00e0 nh\u00f3m Ch\u01b0\u01a1ng Tr\u00ecnh \u0110\u00e0o T\u1ea1o v\u00e0 Ph\u00fac L\u1ee3i d\u00e0nh cho c\u00e1c nh\u00e0 cung c\u1ea5p d\u1ecbch v\u1ee5 ch\u0103m s\u00f3c s\u1ee9c kh\u1ecfe t\u1ea1i nh\u00e0 v\u00e0 h\u1ed7 tr\u1ee3 c\u00e1 nh\u00e2n m\u00e0 SEIU 503 ph\u1ea3i r\u1ea5t kh\u00f3 kh\u0103n m\u1edbi gi\u00e0nh \u0111\u01b0\u1ee3c nh\u1eb1m c\u1ea3i thi\u1ec7n cu\u1ed9c s\u1ed1ng c\u1ee7a h\u1ecd. T\u00ecm hi\u1ec3u th\u00eam.","breadcrumb":{"@id":"https:\/\/www.carewellseiu503.org\/vi\/about\/#breadcrumb"},"inLanguage":"vi-VN","potentialAction":[{"@type":"ReadAction","target":["https:\/\/www.carewellseiu503.org\/vi\/about\/"]}]},{"@type":"BreadcrumbList","@id":"https:\/\/www.carewellseiu503.org\/vi\/about\/#breadcrumb","itemListElement":[{"@type":"ListItem","position":1,"name":"Home","item":"https:\/\/www.carewellseiu503.org\/vi\/"},{"@type":"ListItem","position":2,"name":"Gi\u1edbi Thi\u1ec7u v\u1ec1 Carewell"}]},{"@type":"WebSite","@id":"https:\/\/www.carewellseiu503.org\/vi\/#website","url":"https:\/\/www.carewellseiu503.org\/vi\/","name":"Carewell SEIU 503","description":"Health. Support. Training.","publisher":{"@id":"https:\/\/www.carewellseiu503.org\/vi\/#organization"},"potentialAction":[{"@type":"SearchAction","target":{"@type":"EntryPoint","urlTemplate":"https:\/\/www.carewellseiu503.org\/vi\/?s={search_term_string}"},"query-input":{"@type":"PropertyValueSpecification","valueRequired":true,"valueName":"search_term_string"}}],"inLanguage":"vi-VN"},{"@type":"Organization","@id":"https:\/\/www.carewellseiu503.org\/vi\/#organization","name":"Carewell SEIU 503","url":"https:\/\/www.carewellseiu503.org\/vi\/","logo":{"@type":"ImageObject","inLanguage":"vi-VN","@id":"https:\/\/www.carewellseiu503.org\/vi\/#\/schema\/logo\/image\/","url":"https:\/\/www.carewellseiu503.org\/wp-content\/uploads\/FB-Alt-1.jpg","contentUrl":"https:\/\/www.carewellseiu503.org\/wp-content\/uploads\/FB-Alt-1.jpg","width":2398,"height":1256,"caption":"Carewell SEIU 503"},"image":{"@id":"https:\/\/www.carewellseiu503.org\/vi\/#\/schema\/logo\/image\/"}}]}},"_links":{"self":[{"href":"https:\/\/www.carewellseiu503.org\/vi\/wp-json\/wp\/v2\/pages\/237085","targetHints":{"allow":["GET"]}}],"collection":[{"href":"https:\/\/www.carewellseiu503.org\/vi\/wp-json\/wp\/v2\/pages"}],"about":[{"href":"https:\/\/www.carewellseiu503.org\/vi\/wp-json\/wp\/v2\/types\/page"}],"author":[{"embeddable":true,"href":"https:\/\/www.carewellseiu503.org\/vi\/wp-json\/wp\/v2\/users\/12"}],"replies":[{"embeddable":true,"href":"https:\/\/www.carewellseiu503.org\/vi\/wp-json\/wp\/v2\/comments?post=237085"}],"version-history":[{"count":0,"href":"https:\/\/www.carewellseiu503.org\/vi\/wp-json\/wp\/v2\/pages\/237085\/revisions"}],"wp:attachment":[{"href":"https:\/\/www.carewellseiu503.org\/vi\/wp-json\/wp\/v2\/media?parent=237085"}],"curies":[{"name":"wp","href":"https:\/\/api.w.org\/{rel}","templated":true}]}}