{"id":273447,"date":"2024-05-07T06:55:17","date_gmt":"2024-05-07T13:55:17","guid":{"rendered":"https:\/\/www.carewellseiu503.org\/ket-qua-kiem-tra-dieu-kien-huong-phuc-loi-ho-tro-chi-phi-cham-soc-suc-khoe-hca-can-them-thong-tin-khong-chac-chan-ve-so-gio-tren-bang-cham-cong\/"},"modified":"2025-10-01T10:44:12","modified_gmt":"2025-10-01T17:44:12","slug":"hca-results-need-more-info-unsure-hours-timesheets","status":"publish","type":"page","link":"https:\/\/www.carewellseiu503.org\/vi\/hca-results-need-more-info-unsure-hours-timesheets\/","title":{"rendered":"K\u1ebft Qu\u1ea3 Ki\u1ec3m Tra \u0110i\u1ec1u Ki\u1ec7n H\u01b0\u1edfng Ph\u00fac L\u1ee3i H\u1ed7 Tr\u1ee3 Chi Ph\u00ed Ch\u0103m S\u00f3c S\u1ee9c Kh\u1ecfe (HCA): C\u1ea7n th\u00eam th\u00f4ng tin \u2013 kh\u00f4ng ch\u1eafc ch\u1eafn v\u1ec1 s\u1ed1 gi\u1edd tr\u00ean b\u1ea3ng ch\u1ea5m c\u00f4ng"},"content":{"rendered":"<p>[et_pb_section fb_built=&#8221;1&#8243; custom_padding_last_edited=&#8221;on|phone&#8221; _builder_version=&#8221;4.16&#8243; background_color=&#8221;#f3f3f3&#8243; background_enable_image=&#8221;off&#8221; background_position=&#8221;bottom_left&#8221; min_height_tablet=&#8221;100px&#8221; min_height_phone=&#8221;&#8221; min_height_last_edited=&#8221;on|phone&#8221; custom_margin=&#8221;||0px||false|false&#8221; custom_padding=&#8221;50px||0px||false|false&#8221; custom_padding_tablet=&#8221;&#8221; custom_padding_phone=&#8221;0px||||false|false&#8221; bottom_divider_flip=&#8221;vertical&#8221; background_last_edited=&#8221;on|phone&#8221; use_background_color_gradient_phone=&#8221;off&#8221; background_enable_image_phone=&#8221;off&#8221; border_color_bottom=&#8221;#ffa89f&#8221; locked=&#8221;off&#8221; global_colors_info=&#8221;{}&#8221;][et_pb_row custom_padding_last_edited=&#8221;on|phone&#8221; _builder_version=&#8221;4.16&#8243; custom_padding=&#8221;100px||50px||false|false&#8221; custom_padding_tablet=&#8221;&#8221; custom_padding_phone=&#8221;&#8221; global_colors_info=&#8221;{}&#8221;][et_pb_column type=&#8221;4_4&#8243; _builder_version=&#8221;4.16&#8243; global_colors_info=&#8221;{}&#8221;][et_pb_text module_class=&#8221;addLine&#8221; _builder_version=&#8221;4.18.1&#8243; text_text_color_tablet=&#8221;&#8221; text_text_color_phone=&#8221;&#8221; text_text_color_last_edited=&#8221;on|phone&#8221; header_text_color_tablet=&#8221;&#8221; header_text_color_phone=&#8221;&#8221; header_text_color_last_edited=&#8221;on|desktop&#8221; background_layout_tablet=&#8221;&#8221; background_layout_phone=&#8221;&#8221; background_layout_last_edited=&#8221;on|phone&#8221; locked=&#8221;off&#8221; global_colors_info=&#8221;{}&#8221;]<\/p>\n<h3>K\u1ebft Qu\u1ea3 Ki\u1ec3m Tra \u0110i\u1ec1u Ki\u1ec7n<\/h3>\n<p>[\/et_pb_text][\/et_pb_column][\/et_pb_row][\/et_pb_section][et_pb_section fb_built=&#8221;1&#8243; _builder_version=&#8221;4.16&#8243; custom_margin=&#8221;50px||||false|false&#8221; custom_padding=&#8221;0px||||false|false&#8221; locked=&#8221;off&#8221; global_colors_info=&#8221;{}&#8221;][et_pb_row _builder_version=&#8221;4.16&#8243; custom_margin=&#8221;0px||0px||false|false&#8221; custom_padding=&#8221;0px||0px||false|false&#8221; global_colors_info=&#8221;{}&#8221;][et_pb_column type=&#8221;4_4&#8243; _builder_version=&#8221;4.16&#8243; global_colors_info=&#8221;{}&#8221;][et_pb_blurb title=&#8221;Ch\u00fang t\u00f4i c\u1ea7n th\u00eam th\u00f4ng tin.&#8221; use_icon=&#8221;on&#8221; font_icon=&#8221;&#x74;||divi||400&#8243; image_icon_width=&#8221;50px&#8221; content_max_width=&#8221;100%&#8221; _builder_version=&#8221;4.23.1&#8243; text_orientation=&#8221;center&#8221; custom_padding=&#8221;||50px|||&#8221; icon_font_size=&#8221;50px&#8221; global_colors_info=&#8221;{}&#8221;]<\/p>\n<p>C\u0103n c\u1ee9 v\u00e0o c\u00e1c c\u00e2u tr\u1ea3 l\u1eddi c\u1ee7a b\u1ea1n, ch\u00fang t\u00f4i c\u1ea7n th\u00eam th\u00f4ng tin \u0111\u1ec3 x\u00e1c \u0111\u1ecbnh xem b\u1ea1n c\u00f3 th\u1ec3 \u0111\u1ee7 \u0111i\u1ec1u ki\u1ec7n h\u01b0\u1edfng ph\u00fac l\u1ee3i H\u1ed7 Tr\u1ee3 Chi Ph\u00ed Ch\u0103m S\u00f3c S\u1ee9c Kh\u1ecfe hay kh\u00f4ng.<\/p>\n<p>[\/et_pb_blurb][\/et_pb_column][\/et_pb_row][et_pb_row column_structure=&#8221;1_3,2_3&#8243; _builder_version=&#8221;4.16&#8243; custom_margin=&#8221;25px||25px||true|false&#8221; custom_padding=&#8221;25px||0px||false|false&#8221; border_width_top=&#8221;1px&#8221; border_color_top=&#8221;rgba(128,130,133,0.38)&#8221; global_colors_info=&#8221;{}&#8221;][et_pb_column type=&#8221;1_3&#8243; _builder_version=&#8221;4.16&#8243; global_colors_info=&#8221;{}&#8221;][et_pb_text _builder_version=&#8221;4.23.1&#8243; global_colors_info=&#8221;{}&#8221;]<\/p>\n<h2>D\u01b0\u1edbi \u0111\u00e2y l\u00e0 b\u01b0\u1edbc ti\u1ebfp theo b\u1ea1n c\u1ea7n th\u1ef1c hi\u1ec7n<\/h2>\n<p>[\/et_pb_text][\/et_pb_column][et_pb_column type=&#8221;2_3&#8243; _builder_version=&#8221;4.16&#8243; global_colors_info=&#8221;{}&#8221;][et_pb_text _builder_version=&#8221;4.23.1&#8243; global_colors_info=&#8221;{}&#8221;]<\/p>\n<p>N\u1ebfu b\u1ea1n kh\u00f4ng ch\u1eafc ch\u1eafn v\u1ec1 s\u1ed1 gi\u1edd m\u00ecnh \u0111\u00e3 l\u00e0m vi\u1ec7c ho\u1eb7c li\u1ec7u m\u00ecnh \u0111\u00e3 n\u1ed9p b\u1ea3ng ch\u1ea5m c\u00f4ng\/phi\u1ebfu thanh to\u00e1n ti\u1ec1n l\u01b0\u01a1ng hay ch\u01b0a:<\/p>\n<p>H\u00e3y g\u1ecdi \u0111i\u1ec7n cho Carewell SEIU 503 theo s\u1ed1 1-844-503-7348, 8:00 s\u00e1ng \u2013 6:00 chi\u1ec1u (theo gi\u1edd PST) \u0111\u1ec3 \u0111\u01b0\u1ee3c gi\u1ea3i \u0111\u00e1p v\u1ec1 t\u00ecnh tr\u1ea1ng b\u1ea3o hi\u1ec3m y t\u1ebf c\u1ee7a b\u1ea1n c\u0169ng nh\u01b0 kh\u1ea3 n\u0103ng b\u1ea1n \u0111\u1ee7 \u0111i\u1ec1u ki\u1ec7n h\u01b0\u1edfng ph\u00fac l\u1ee3i n\u00e0y.<\/p>\n<p>[\/et_pb_text][\/et_pb_column][\/et_pb_row][et_pb_row column_structure=&#8221;1_3,2_3&#8243; _builder_version=&#8221;4.16&#8243; custom_margin=&#8221;25px||25px||true|false&#8221; custom_padding=&#8221;25px||0px||false|false&#8221; border_width_top=&#8221;1px&#8221; border_color_top=&#8221;rgba(128,130,133,0.38)&#8221; global_colors_info=&#8221;{}&#8221;][et_pb_column type=&#8221;1_3&#8243; _builder_version=&#8221;4.16&#8243; global_colors_info=&#8221;{}&#8221;][et_pb_text _builder_version=&#8221;4.18.1&#8243; global_colors_info=&#8221;{}&#8221;]<\/p>\n<h2>L\u01b0u \u00fd<\/h2>\n<p>[\/et_pb_text][\/et_pb_column][et_pb_column type=&#8221;2_3&#8243; _builder_version=&#8221;4.16&#8243; global_colors_info=&#8221;{}&#8221;][et_pb_text disabled_on=&#8221;off|off|off&#8221; _builder_version=&#8221;4.27.4&#8243; hover_enabled=&#8221;0&#8243; global_colors_info=&#8221;{}&#8221; sticky_enabled=&#8221;0&#8243;]<\/p>\n<ul>\n<li>N\u1ebfu \u0111\u00e3 l\u00e0m vi\u1ec7c 40 gi\u1edd \u0111\u01b0\u1ee3c bao tr\u1ea3 tr\u1edf l\u00ean trong 2 th\u00e1ng li\u00ean ti\u1ebfp, b\u1ea1n s\u1ebd ph\u1ea3i ch\u1edd th\u00eam 1 th\u00e1ng sau khi n\u1ed9p b\u1ea3ng ch\u1ea5m c\u00f4ng v\u00e0\/ho\u1eb7c phi\u1ebfu thanh to\u00e1n ti\u1ec1n l\u01b0\u01a1ng trong th\u1eddi gian Ti\u1ec3u Bang b\u00e1o c\u00e1o s\u1ed1 gi\u1edd c\u1ee7a b\u1ea1n cho Carewell SEIU 503.<\/li>\n<li>B\u1ea1n s\u1ebd kh\u00f4ng c\u00f2n \u0111\u1ee7 \u0111i\u1ec1u ki\u1ec7n h\u01b0\u1edfng ph\u00fac l\u1ee3i n\u1ebfu b\u00e1o c\u00e1o s\u1ed1 gi\u1edd l\u00e0m vi\u1ec7c d\u01b0\u1edbi 40 trong 2 th\u00e1ng li\u00ean ti\u1ebfp.<\/li>\n<li>\u0110\u1ec3 \u0111\u1ee7 \u0111i\u1ec1u ki\u1ec7n h\u01b0\u1edfng c\u00e1c ph\u00fac l\u1ee3i n\u00e0y, b\u1ea1n ph\u1ea3i g\u1eedi cho Carewell SEIU 503 nh\u1eefng th\u00f4ng tin nh\u01b0 t\u00ean, gi\u1edbi t\u00ednh, S\u1ed1 An Sinh X\u00e3 H\u1ed9i, ng\u00e0y sinh v\u00e0 \u0111\u1ecba ch\u1ec9 hi\u1ec7n t\u1ea1i c\u1ee7a b\u1ea1n \u0111\u1ec3 l\u01b0u h\u1ed3 s\u01a1.<\/li>\n<\/ul>\n<p>[\/et_pb_text][et_pb_text disabled_on=&#8221;off|off|off&#8221; _builder_version=&#8221;4.23.1&#8243; global_colors_info=&#8221;{}&#8221;]<\/p>\n<p>H\u00e3y lu\u00f4n c\u1eadp nh\u1eadt th\u00f4ng tin c\u1ee7a b\u1ea1n.<br \/><span>[et_pb_section global_module=\"274042\"][\/et_pb_section]<\/span><\/p>\n<p>[\/et_pb_text][\/et_pb_column][\/et_pb_row][\/et_pb_section][et_pb_section fb_built=&#8221;1&#8243; _builder_version=&#8221;4.16&#8243; background_color=&#8221;#f3f3f3&#8243; global_colors_info=&#8221;{}&#8221;][et_pb_row column_structure=&#8221;1_2,1_2&#8243; make_equal=&#8221;on&#8221; disabled_on=&#8221;off|off|off&#8221; _builder_version=&#8221;4.23.1&#8243; _module_preset=&#8221;default&#8221; background_color=&#8221;RGBA(255,255,255,0)&#8221; locked=&#8221;off&#8221; global_colors_info=&#8221;{}&#8221;][et_pb_column type=&#8221;1_2&#8243; _builder_version=&#8221;4.18.1&#8243; _module_preset=&#8221;default&#8221; global_colors_info=&#8221;{}&#8221;][et_pb_cta title=&#8221;B\u1ea1n c\u00f3 \u0111\u1ee7 \u0111i\u1ec1u ki\u1ec7n h\u01b0\u1edfng ph\u00fac l\u1ee3i H\u1ed7 Tr\u1ee3 Chi Ph\u00ed Ch\u0103m S\u00f3c S\u1ee9c kh\u00f4ng?&#8221; button_url=&#8221;https:\/\/risepartnership.jotform.com\/240637019410044?language=vi&#8221; url_new_window=&#8221;on&#8221; button_text=&#8221;Chuy\u1ec3n \u0111\u1ebfn B\u1ea3ng C\u00e2u H\u1ecfi&#8221; _builder_version=&#8221;4.23.1&#8243; _module_preset=&#8221;default&#8221; header_text_color=&#8221;#FFFFFF&#8221; background_color=&#8221;#582C82&#8243; background_image=&#8221;https:\/\/www.carewellseiu503.org\/wp-content\/uploads\/HCA-CTA-Button.png&#8221; background_size=&#8221;contain&#8221; background_position=&#8221;bottom_left&#8221; background_horizontal_offset=&#8221;-5%&#8221; background_vertical_offset=&#8221;-15%&#8221; height=&#8221;100%&#8221; custom_margin=&#8221;||||false|false&#8221; custom_padding=&#8221;||||false|false&#8221; link_option_url_new_window=&#8221;on&#8221; global_colors_info=&#8221;{}&#8221;][\/et_pb_cta][\/et_pb_column][et_pb_column type=&#8221;1_2&#8243; _builder_version=&#8221;4.23.1&#8243; _module_preset=&#8221;default&#8221; global_colors_info=&#8221;{}&#8221;][et_pb_cta title=&#8221;B\u1ea1n c\u00f3 \u0111\u1ee7 \u0111i\u1ec1u ki\u1ec7n h\u01b0\u1edfng c\u00e1c ph\u00fac l\u1ee3i Nha Khoa, Th\u1ecb L\u1ef1c + Th\u00ednh L\u1ef1c va\u0300 Ch\u01b0\u01a1ng Tr\u00ecnh H\u1ed7 Tr\u1ee3 Nh\u00e2n Vi\u00ean (EAP) kh\u00f4ng?&#8221; button_url=&#8221;https:\/\/risepartnership.jotform.com\/240597872612060?language=vi&#8221; url_new_window=&#8221;on&#8221; button_text=&#8221;Chuy\u1ec3n \u0110\u1ebfn B\u1ea3ng C\u00e2u H\u1ecfi&#8221; _builder_version=&#8221;4.23.1&#8243; _module_preset=&#8221;default&#8221; header_text_color=&#8221;#FFFFFF&#8221; background_color=&#8221;#582C82&#8243; background_image=&#8221;https:\/\/www.carewellseiu503.org\/wp-content\/uploads\/Dental-CTA-Button-3.png&#8221; background_size=&#8221;contain&#8221; background_position=&#8221;bottom_left&#8221; background_horizontal_offset=&#8221;-5%&#8221; background_vertical_offset=&#8221;-15%&#8221; height=&#8221;100%&#8221; custom_margin=&#8221;||||false|false&#8221; custom_padding=&#8221;||||false|false&#8221; link_option_url_new_window=&#8221;on&#8221; global_colors_info=&#8221;{}&#8221;][\/et_pb_cta][\/et_pb_column][\/et_pb_row][\/et_pb_section]<\/p>\n","protected":false},"excerpt":{"rendered":"<p>K\u1ebft Qu\u1ea3 Ki\u1ec3m Tra \u0110i\u1ec1u Ki\u1ec7nC\u0103n c\u1ee9 v\u00e0o c\u00e1c c\u00e2u tr\u1ea3 l\u1eddi c\u1ee7a b\u1ea1n, ch\u00fang t\u00f4i c\u1ea7n th\u00eam th\u00f4ng tin \u0111\u1ec3 x\u00e1c \u0111\u1ecbnh xem b\u1ea1n c\u00f3 th\u1ec3 \u0111\u1ee7 \u0111i\u1ec1u ki\u1ec7n h\u01b0\u1edfng ph\u00fac l\u1ee3i H\u1ed7 Tr\u1ee3 Chi Ph\u00ed Ch\u0103m S\u00f3c S\u1ee9c Kh\u1ecfe hay kh\u00f4ng.D\u01b0\u1edbi \u0111\u00e2y l\u00e0 b\u01b0\u1edbc ti\u1ebfp theo b\u1ea1n c\u1ea7n th\u1ef1c hi\u1ec7nN\u1ebfu b\u1ea1n kh\u00f4ng ch\u1eafc&#8230;<\/p>\n","protected":false},"author":35,"featured_media":0,"parent":0,"menu_order":0,"comment_status":"closed","ping_status":"closed","template":"","meta":{"_acf_changed":false,"_et_pb_use_builder":"on","_et_pb_old_content":"","_et_gb_content_width":"","footnotes":"","_links_to":"","_links_to_target":""},"class_list":["post-273447","page","type-page","status-publish","hentry"],"acf":[],"yoast_head":"<!-- This site is optimized with the Yoast SEO plugin v27.3 - https:\/\/yoast.com\/product\/yoast-seo-wordpress\/ -->\n<title>K\u1ebft Qu\u1ea3 Ki\u1ec3m Tra \u0110i\u1ec1u Ki\u1ec7n H\u01b0\u1edfng Ph\u00fac L\u1ee3i H\u1ed7 Tr\u1ee3 Chi Ph\u00ed Ch\u0103m S\u00f3c S\u1ee9c Kh\u1ecfe (HCA): C\u1ea7n th\u00eam th\u00f4ng tin \u2013 kh\u00f4ng ch\u1eafc ch\u1eafn v\u1ec1 s\u1ed1 gi\u1edd tr\u00ean b\u1ea3ng ch\u1ea5m c\u00f4ng - Carewell SEIU 503<\/title>\n<meta name=\"robots\" content=\"index, follow, max-snippet:-1, max-image-preview:large, max-video-preview:-1\" \/>\n<link rel=\"canonical\" href=\"https:\/\/www.carewellseiu503.org\/vi\/hca-results-need-more-info-unsure-hours-timesheets\/\" \/>\n<meta property=\"og:locale\" content=\"vi_VN\" \/>\n<meta property=\"og:type\" content=\"article\" \/>\n<meta property=\"og:title\" content=\"K\u1ebft Qu\u1ea3 Ki\u1ec3m Tra \u0110i\u1ec1u Ki\u1ec7n H\u01b0\u1edfng Ph\u00fac L\u1ee3i H\u1ed7 Tr\u1ee3 Chi Ph\u00ed Ch\u0103m S\u00f3c S\u1ee9c Kh\u1ecfe (HCA): C\u1ea7n th\u00eam th\u00f4ng tin \u2013 kh\u00f4ng ch\u1eafc ch\u1eafn v\u1ec1 s\u1ed1 gi\u1edd tr\u00ean b\u1ea3ng ch\u1ea5m c\u00f4ng - Carewell SEIU 503\" \/>\n<meta property=\"og:description\" content=\"K\u1ebft Qu\u1ea3 Ki\u1ec3m Tra \u0110i\u1ec1u Ki\u1ec7nC\u0103n c\u1ee9 v\u00e0o c\u00e1c c\u00e2u tr\u1ea3 l\u1eddi c\u1ee7a b\u1ea1n, ch\u00fang t\u00f4i c\u1ea7n th\u00eam th\u00f4ng tin \u0111\u1ec3 x\u00e1c \u0111\u1ecbnh xem b\u1ea1n c\u00f3 th\u1ec3 \u0111\u1ee7 \u0111i\u1ec1u ki\u1ec7n h\u01b0\u1edfng ph\u00fac l\u1ee3i H\u1ed7 Tr\u1ee3 Chi Ph\u00ed Ch\u0103m S\u00f3c S\u1ee9c Kh\u1ecfe hay kh\u00f4ng.D\u01b0\u1edbi \u0111\u00e2y l\u00e0 b\u01b0\u1edbc ti\u1ebfp theo b\u1ea1n c\u1ea7n th\u1ef1c hi\u1ec7nN\u1ebfu b\u1ea1n kh\u00f4ng ch\u1eafc...\" \/>\n<meta property=\"og:site_name\" content=\"Carewell SEIU 503\" \/>\n<meta property=\"article:modified_time\" content=\"2025-10-01T17:44:12+00:00\" \/>\n<meta property=\"og:image\" content=\"https:\/\/www.carewellseiu503.org\/wp-content\/uploads\/FB-Alt-1.jpg\" \/>\n\t<meta property=\"og:image:width\" content=\"2398\" \/>\n\t<meta property=\"og:image:height\" content=\"1256\" \/>\n\t<meta property=\"og:image:type\" content=\"image\/jpeg\" \/>\n<meta name=\"twitter:card\" content=\"summary_large_image\" \/>\n<meta name=\"twitter:label1\" content=\"Est. reading time\" \/>\n\t<meta name=\"twitter:data1\" content=\"2 minutes\" \/>\n<script type=\"application\/ld+json\" class=\"yoast-schema-graph\">{\"@context\":\"https:\\\/\\\/schema.org\",\"@graph\":[{\"@type\":\"WebPage\",\"@id\":\"https:\\\/\\\/www.carewellseiu503.org\\\/vi\\\/hca-results-need-more-info-unsure-hours-timesheets\\\/\",\"url\":\"https:\\\/\\\/www.carewellseiu503.org\\\/vi\\\/hca-results-need-more-info-unsure-hours-timesheets\\\/\",\"name\":\"K\u1ebft Qu\u1ea3 Ki\u1ec3m Tra \u0110i\u1ec1u Ki\u1ec7n H\u01b0\u1edfng Ph\u00fac L\u1ee3i H\u1ed7 Tr\u1ee3 Chi Ph\u00ed Ch\u0103m S\u00f3c S\u1ee9c Kh\u1ecfe (HCA): C\u1ea7n th\u00eam th\u00f4ng tin \u2013 kh\u00f4ng ch\u1eafc ch\u1eafn v\u1ec1 s\u1ed1 gi\u1edd tr\u00ean b\u1ea3ng ch\u1ea5m c\u00f4ng - Carewell SEIU 503\",\"isPartOf\":{\"@id\":\"https:\\\/\\\/www.carewellseiu503.org\\\/vi\\\/#website\"},\"datePublished\":\"2024-05-07T13:55:17+00:00\",\"dateModified\":\"2025-10-01T17:44:12+00:00\",\"breadcrumb\":{\"@id\":\"https:\\\/\\\/www.carewellseiu503.org\\\/vi\\\/hca-results-need-more-info-unsure-hours-timesheets\\\/#breadcrumb\"},\"inLanguage\":\"vi-VN\",\"potentialAction\":[{\"@type\":\"ReadAction\",\"target\":[\"https:\\\/\\\/www.carewellseiu503.org\\\/vi\\\/hca-results-need-more-info-unsure-hours-timesheets\\\/\"]}]},{\"@type\":\"BreadcrumbList\",\"@id\":\"https:\\\/\\\/www.carewellseiu503.org\\\/vi\\\/hca-results-need-more-info-unsure-hours-timesheets\\\/#breadcrumb\",\"itemListElement\":[{\"@type\":\"ListItem\",\"position\":1,\"name\":\"Home\",\"item\":\"https:\\\/\\\/www.carewellseiu503.org\\\/vi\\\/\"},{\"@type\":\"ListItem\",\"position\":2,\"name\":\"K\u1ebft Qu\u1ea3 Ki\u1ec3m Tra \u0110i\u1ec1u Ki\u1ec7n H\u01b0\u1edfng Ph\u00fac L\u1ee3i H\u1ed7 Tr\u1ee3 Chi Ph\u00ed Ch\u0103m S\u00f3c S\u1ee9c Kh\u1ecfe (HCA): C\u1ea7n th\u00eam th\u00f4ng tin \u2013 kh\u00f4ng ch\u1eafc ch\u1eafn v\u1ec1 s\u1ed1 gi\u1edd tr\u00ean b\u1ea3ng ch\u1ea5m c\u00f4ng\"}]},{\"@type\":\"WebSite\",\"@id\":\"https:\\\/\\\/www.carewellseiu503.org\\\/vi\\\/#website\",\"url\":\"https:\\\/\\\/www.carewellseiu503.org\\\/vi\\\/\",\"name\":\"Carewell SEIU 503\",\"description\":\"Health. Support. Training.\",\"publisher\":{\"@id\":\"https:\\\/\\\/www.carewellseiu503.org\\\/vi\\\/#organization\"},\"potentialAction\":[{\"@type\":\"SearchAction\",\"target\":{\"@type\":\"EntryPoint\",\"urlTemplate\":\"https:\\\/\\\/www.carewellseiu503.org\\\/vi\\\/?s={search_term_string}\"},\"query-input\":{\"@type\":\"PropertyValueSpecification\",\"valueRequired\":true,\"valueName\":\"search_term_string\"}}],\"inLanguage\":\"vi-VN\"},{\"@type\":\"Organization\",\"@id\":\"https:\\\/\\\/www.carewellseiu503.org\\\/vi\\\/#organization\",\"name\":\"Carewell SEIU 503\",\"url\":\"https:\\\/\\\/www.carewellseiu503.org\\\/vi\\\/\",\"logo\":{\"@type\":\"ImageObject\",\"inLanguage\":\"vi-VN\",\"@id\":\"https:\\\/\\\/www.carewellseiu503.org\\\/vi\\\/#\\\/schema\\\/logo\\\/image\\\/\",\"url\":\"https:\\\/\\\/www.carewellseiu503.org\\\/wp-content\\\/uploads\\\/FB-Alt-1.jpg\",\"contentUrl\":\"https:\\\/\\\/www.carewellseiu503.org\\\/wp-content\\\/uploads\\\/FB-Alt-1.jpg\",\"width\":2398,\"height\":1256,\"caption\":\"Carewell SEIU 503\"},\"image\":{\"@id\":\"https:\\\/\\\/www.carewellseiu503.org\\\/vi\\\/#\\\/schema\\\/logo\\\/image\\\/\"}}]}<\/script>\n<!-- \/ Yoast SEO plugin. -->","yoast_head_json":{"title":"K\u1ebft Qu\u1ea3 Ki\u1ec3m Tra \u0110i\u1ec1u Ki\u1ec7n H\u01b0\u1edfng Ph\u00fac L\u1ee3i H\u1ed7 Tr\u1ee3 Chi Ph\u00ed Ch\u0103m S\u00f3c S\u1ee9c Kh\u1ecfe (HCA): C\u1ea7n th\u00eam th\u00f4ng tin \u2013 kh\u00f4ng ch\u1eafc ch\u1eafn v\u1ec1 s\u1ed1 gi\u1edd tr\u00ean b\u1ea3ng ch\u1ea5m c\u00f4ng - Carewell SEIU 503","robots":{"index":"index","follow":"follow","max-snippet":"max-snippet:-1","max-image-preview":"max-image-preview:large","max-video-preview":"max-video-preview:-1"},"canonical":"https:\/\/www.carewellseiu503.org\/vi\/hca-results-need-more-info-unsure-hours-timesheets\/","og_locale":"vi_VN","og_type":"article","og_title":"K\u1ebft Qu\u1ea3 Ki\u1ec3m Tra \u0110i\u1ec1u Ki\u1ec7n H\u01b0\u1edfng Ph\u00fac L\u1ee3i H\u1ed7 Tr\u1ee3 Chi Ph\u00ed Ch\u0103m S\u00f3c S\u1ee9c Kh\u1ecfe (HCA): C\u1ea7n th\u00eam th\u00f4ng tin \u2013 kh\u00f4ng ch\u1eafc ch\u1eafn v\u1ec1 s\u1ed1 gi\u1edd tr\u00ean b\u1ea3ng ch\u1ea5m c\u00f4ng - Carewell SEIU 503","og_description":"K\u1ebft Qu\u1ea3 Ki\u1ec3m Tra \u0110i\u1ec1u Ki\u1ec7nC\u0103n c\u1ee9 v\u00e0o c\u00e1c c\u00e2u tr\u1ea3 l\u1eddi c\u1ee7a b\u1ea1n, ch\u00fang t\u00f4i c\u1ea7n th\u00eam th\u00f4ng tin \u0111\u1ec3 x\u00e1c \u0111\u1ecbnh xem b\u1ea1n c\u00f3 th\u1ec3 \u0111\u1ee7 \u0111i\u1ec1u ki\u1ec7n h\u01b0\u1edfng ph\u00fac l\u1ee3i H\u1ed7 Tr\u1ee3 Chi Ph\u00ed Ch\u0103m S\u00f3c S\u1ee9c Kh\u1ecfe hay kh\u00f4ng.D\u01b0\u1edbi \u0111\u00e2y l\u00e0 b\u01b0\u1edbc ti\u1ebfp theo b\u1ea1n c\u1ea7n th\u1ef1c hi\u1ec7nN\u1ebfu b\u1ea1n kh\u00f4ng ch\u1eafc...","og_site_name":"Carewell SEIU 503","article_modified_time":"2025-10-01T17:44:12+00:00","og_image":[{"width":2398,"height":1256,"url":"https:\/\/www.carewellseiu503.org\/wp-content\/uploads\/FB-Alt-1.jpg","type":"image\/jpeg"}],"twitter_card":"summary_large_image","twitter_misc":{"Est. reading time":"2 minutes"},"schema":{"@context":"https:\/\/schema.org","@graph":[{"@type":"WebPage","@id":"https:\/\/www.carewellseiu503.org\/vi\/hca-results-need-more-info-unsure-hours-timesheets\/","url":"https:\/\/www.carewellseiu503.org\/vi\/hca-results-need-more-info-unsure-hours-timesheets\/","name":"K\u1ebft Qu\u1ea3 Ki\u1ec3m Tra \u0110i\u1ec1u Ki\u1ec7n H\u01b0\u1edfng Ph\u00fac L\u1ee3i H\u1ed7 Tr\u1ee3 Chi Ph\u00ed Ch\u0103m S\u00f3c S\u1ee9c Kh\u1ecfe (HCA): C\u1ea7n th\u00eam th\u00f4ng tin \u2013 kh\u00f4ng ch\u1eafc ch\u1eafn v\u1ec1 s\u1ed1 gi\u1edd tr\u00ean b\u1ea3ng ch\u1ea5m c\u00f4ng - Carewell SEIU 503","isPartOf":{"@id":"https:\/\/www.carewellseiu503.org\/vi\/#website"},"datePublished":"2024-05-07T13:55:17+00:00","dateModified":"2025-10-01T17:44:12+00:00","breadcrumb":{"@id":"https:\/\/www.carewellseiu503.org\/vi\/hca-results-need-more-info-unsure-hours-timesheets\/#breadcrumb"},"inLanguage":"vi-VN","potentialAction":[{"@type":"ReadAction","target":["https:\/\/www.carewellseiu503.org\/vi\/hca-results-need-more-info-unsure-hours-timesheets\/"]}]},{"@type":"BreadcrumbList","@id":"https:\/\/www.carewellseiu503.org\/vi\/hca-results-need-more-info-unsure-hours-timesheets\/#breadcrumb","itemListElement":[{"@type":"ListItem","position":1,"name":"Home","item":"https:\/\/www.carewellseiu503.org\/vi\/"},{"@type":"ListItem","position":2,"name":"K\u1ebft Qu\u1ea3 Ki\u1ec3m Tra \u0110i\u1ec1u Ki\u1ec7n H\u01b0\u1edfng Ph\u00fac L\u1ee3i H\u1ed7 Tr\u1ee3 Chi Ph\u00ed Ch\u0103m S\u00f3c S\u1ee9c Kh\u1ecfe (HCA): C\u1ea7n th\u00eam th\u00f4ng tin \u2013 kh\u00f4ng ch\u1eafc ch\u1eafn v\u1ec1 s\u1ed1 gi\u1edd tr\u00ean b\u1ea3ng ch\u1ea5m c\u00f4ng"}]},{"@type":"WebSite","@id":"https:\/\/www.carewellseiu503.org\/vi\/#website","url":"https:\/\/www.carewellseiu503.org\/vi\/","name":"Carewell SEIU 503","description":"Health. Support. Training.","publisher":{"@id":"https:\/\/www.carewellseiu503.org\/vi\/#organization"},"potentialAction":[{"@type":"SearchAction","target":{"@type":"EntryPoint","urlTemplate":"https:\/\/www.carewellseiu503.org\/vi\/?s={search_term_string}"},"query-input":{"@type":"PropertyValueSpecification","valueRequired":true,"valueName":"search_term_string"}}],"inLanguage":"vi-VN"},{"@type":"Organization","@id":"https:\/\/www.carewellseiu503.org\/vi\/#organization","name":"Carewell SEIU 503","url":"https:\/\/www.carewellseiu503.org\/vi\/","logo":{"@type":"ImageObject","inLanguage":"vi-VN","@id":"https:\/\/www.carewellseiu503.org\/vi\/#\/schema\/logo\/image\/","url":"https:\/\/www.carewellseiu503.org\/wp-content\/uploads\/FB-Alt-1.jpg","contentUrl":"https:\/\/www.carewellseiu503.org\/wp-content\/uploads\/FB-Alt-1.jpg","width":2398,"height":1256,"caption":"Carewell SEIU 503"},"image":{"@id":"https:\/\/www.carewellseiu503.org\/vi\/#\/schema\/logo\/image\/"}}]}},"_links":{"self":[{"href":"https:\/\/www.carewellseiu503.org\/vi\/wp-json\/wp\/v2\/pages\/273447","targetHints":{"allow":["GET"]}}],"collection":[{"href":"https:\/\/www.carewellseiu503.org\/vi\/wp-json\/wp\/v2\/pages"}],"about":[{"href":"https:\/\/www.carewellseiu503.org\/vi\/wp-json\/wp\/v2\/types\/page"}],"author":[{"embeddable":true,"href":"https:\/\/www.carewellseiu503.org\/vi\/wp-json\/wp\/v2\/users\/35"}],"replies":[{"embeddable":true,"href":"https:\/\/www.carewellseiu503.org\/vi\/wp-json\/wp\/v2\/comments?post=273447"}],"version-history":[{"count":0,"href":"https:\/\/www.carewellseiu503.org\/vi\/wp-json\/wp\/v2\/pages\/273447\/revisions"}],"wp:attachment":[{"href":"https:\/\/www.carewellseiu503.org\/vi\/wp-json\/wp\/v2\/media?parent=273447"}],"curies":[{"name":"wp","href":"https:\/\/api.w.org\/{rel}","templated":true}]}}