{"id":285815,"date":"2025-04-02T13:00:59","date_gmt":"2025-04-02T20:00:59","guid":{"rendered":"https:\/\/www.carewellseiu503.org\/cac-mau-tai-lieu-cua-medicare\/"},"modified":"2025-04-09T15:20:41","modified_gmt":"2025-04-09T22:20:41","slug":"medicare-documentation-samples","status":"publish","type":"page","link":"https:\/\/www.carewellseiu503.org\/vi\/medicare-documentation-samples\/","title":{"rendered":"C\u00e1c M\u1eabu T\u00e0i Li\u1ec7u C\u1ee7a Medicare"},"content":{"rendered":"<p>[et_pb_section fb_built=&#8221;1&#8243; custom_padding_last_edited=&#8221;on|phone&#8221; _builder_version=&#8221;4.16&#8243; background_color=&#8221;#f3f3f3&#8243; background_enable_image=&#8221;off&#8221; background_position=&#8221;bottom_left&#8221; min_height_tablet=&#8221;100px&#8221; min_height_phone=&#8221;&#8221; min_height_last_edited=&#8221;on|phone&#8221; custom_margin=&#8221;||0px||false|false&#8221; custom_padding=&#8221;50px||0px||false|false&#8221; custom_padding_tablet=&#8221;&#8221; custom_padding_phone=&#8221;0px||||false|false&#8221; bottom_divider_flip=&#8221;vertical&#8221; background_last_edited=&#8221;on|phone&#8221; use_background_color_gradient_phone=&#8221;off&#8221; background_enable_image_phone=&#8221;off&#8221; border_color_bottom=&#8221;#ffa89f&#8221; locked=&#8221;off&#8221; global_colors_info=&#8221;{}&#8221;][et_pb_row custom_padding_last_edited=&#8221;on|phone&#8221; _builder_version=&#8221;4.16&#8243; custom_padding=&#8221;100px||50px||false|false&#8221; custom_padding_tablet=&#8221;&#8221; custom_padding_phone=&#8221;&#8221; global_colors_info=&#8221;{}&#8221;][et_pb_column type=&#8221;4_4&#8243; _builder_version=&#8221;4.16&#8243; global_colors_info=&#8221;{}&#8221;][et_pb_text module_class=&#8221;addLine&#8221; _builder_version=&#8221;4.23.1&#8243; text_text_color_tablet=&#8221;&#8221; text_text_color_phone=&#8221;&#8221; text_text_color_last_edited=&#8221;on|phone&#8221; header_text_color_tablet=&#8221;&#8221; header_text_color_phone=&#8221;&#8221; header_text_color_last_edited=&#8221;on|desktop&#8221; background_layout_tablet=&#8221;&#8221; background_layout_phone=&#8221;&#8221; background_layout_last_edited=&#8221;on|phone&#8221; locked=&#8221;off&#8221; global_colors_info=&#8221;{}&#8221;]<\/p>\n<h1>C\u00e1c M\u1eabu T\u00e0i Li\u1ec7u B\u1eaft Bu\u1ed9c C\u1ee7a HCA Medicare<\/h1>\n<p>[\/et_pb_text][\/et_pb_column][\/et_pb_row][\/et_pb_section][et_pb_section fb_built=&#8221;1&#8243; _builder_version=&#8221;4.16&#8243; custom_margin=&#8221;50px||||false|false&#8221; custom_padding=&#8221;0px||||false|false&#8221; locked=&#8221;off&#8221; global_colors_info=&#8221;{}&#8221;][et_pb_row _builder_version=&#8221;4.16&#8243; custom_margin=&#8221;0px||0px||false|false&#8221; custom_padding=&#8221;0px||0px||false|false&#8221; locked=&#8221;off&#8221; global_colors_info=&#8221;{}&#8221;][et_pb_column type=&#8221;4_4&#8243; _builder_version=&#8221;4.23.1&#8243; _module_preset=&#8221;default&#8221; global_colors_info=&#8221;{}&#8221;][et_pb_blurb image_icon_width=&#8221;50px&#8221; content_max_width=&#8221;100%&#8221; _builder_version=&#8221;4.27.4&#8243; text_orientation=&#8221;center&#8221; custom_padding=&#8221;||50px|||&#8221; hover_enabled=&#8221;0&#8243; icon_font_size=&#8221;50px&#8221; global_colors_info=&#8221;{}&#8221; sticky_enabled=&#8221;0&#8243;]<\/p>\n<p><span data-teams=\"true\">D\u01b0\u1edbi \u0111\u00e2y l\u00e0 danh s\u00e1ch c\u00e1c m\u1eabu t\u00e0i li\u1ec7u m\u00e0 b\u1ea1n c\u1ea7n g\u1eedi cho ch\u00fang t\u00f4i l\u00e0m b\u1eb1ng ch\u1ee9ng v\u1ec1 ch\u01b0\u01a1ng tr\u00ecnh Medicare m\u00e0 b\u1ea1n tham gia. B\u1ea1n c\u00f3 th\u1ec3 t\u1ea3i c\u00e1c t\u00e0i li\u1ec7u l\u00ean b\u1eb1ng c\u00e1ch \u0111i\u1ec1n v\u00e0o <a href=\"https:\/\/risepartnership.jotform.com\/212294892979071?language=vi\" target=\"_blank\" rel=\"noopener\">M\u1eabu \u0110\u01a1n Y\u00eau C\u1ea7u Ph\u00fac L\u1ee3i H\u1ed7 Tr\u1ee3 Chi Ph\u00ed Ch\u0103m S\u00f3c S\u1ee9c Kh\u1ecfe Medicare<\/a> ho\u1eb7c b\u1eb1ng c\u00e1ch \u0111\u0103ng nh\u1eadp v\u00e0o <a href=\"http:\/\/carewellseiu503.org\/vi\/MyCarewell503\" target=\"_blank\" rel=\"noopener\">MyCarewell503.org<\/a>* (hi\u1ec7n c\u00f3 b\u1eb1ng ti\u1ebfng Anh).<\/span><\/p>\n<p>[\/et_pb_blurb][\/et_pb_column][\/et_pb_row][et_pb_row column_structure=&#8221;1_4,1_4,1_4,1_4&#8243; _builder_version=&#8221;4.16&#8243; custom_margin=&#8221;25px||25px||true|false&#8221; custom_padding=&#8221;25px||0px||false|false&#8221; border_width_top=&#8221;1px&#8221; border_color_top=&#8221;rgba(128,130,133,0.38)&#8221; global_colors_info=&#8221;{}&#8221;][et_pb_column type=&#8221;1_4&#8243; _builder_version=&#8221;4.16&#8243; global_colors_info=&#8221;{}&#8221;][et_pb_text _builder_version=&#8221;4.27.4&#8243; header_3_font=&#8221;|600|||||||&#8221; header_3_font_size=&#8221;30px&#8221; global_colors_info=&#8221;{}&#8221;]<\/p>\n<h2>M\u1eabu H\u00f3a \u0110\u01a1n Ph\u00ed B\u1ea3o Hi\u1ec3m C\u1ee7a Medicare<\/h2>\n<p>[\/et_pb_text][et_pb_text _builder_version=&#8221;4.21.0&#8243; _module_preset=&#8221;default&#8221; global_colors_info=&#8221;{}&#8221;][\/et_pb_text][\/et_pb_column][et_pb_column type=&#8221;1_4&#8243; _builder_version=&#8221;4.16&#8243; global_colors_info=&#8221;{}&#8221;][et_pb_blurb title=&#8221;M\u1eabu H\u00f3a \u0110\u01a1n Ph\u00ed B\u1ea3o Hi\u1ec3m C\u1ee7a CMS Medicare&#8221; url=&#8221;https:\/\/www.carewellseiu503.org\/wp-content\/uploads\/securepdfs\/CMS-Medicare-Premium-Bill-Sample.pdf&#8221; url_new_window=&#8221;on&#8221; image=&#8221;https:\/\/www.carewellseiu503.org\/wp-content\/uploads\/CMS-Medicare-Premium-Bill-Sample.png&#8221; image_icon_width=&#8221;150px&#8221; module_class=&#8221;shadowHover&#8221; _builder_version=&#8221;4.27.4&#8243; body_text_align=&#8221;center&#8221; background_color=&#8221;#ffffff&#8221; text_orientation=&#8221;center&#8221; custom_margin=&#8221;0px||0px||false|false&#8221; custom_padding=&#8221;15px|15px|15px|15px|true|true&#8221; link_option_url=&#8221;https:\/\/www.carewellseiu503.org\/wp-content\/uploads\/securepdfs\/CMS-Medicare-Premium-Bill-Sample.pdf&#8221; link_option_url_new_window=&#8221;on&#8221; border_width_top=&#8221;3px&#8221; border_color_top=&#8221;#a45cff&#8221; border_width_right=&#8221;1px&#8221; border_color_right=&#8221;#f3f3f3&#8243; border_width_bottom=&#8221;1px&#8221; border_color_bottom=&#8221;#f3f3f3&#8243; border_width_left=&#8221;1px&#8221; border_color_left=&#8221;#f3f3f3&#8243; border_width_all_image=&#8221;1px&#8221; icon_font_size=&#8221;30px&#8221; locked=&#8221;off&#8221; global_colors_info=&#8221;{}&#8221;][\/et_pb_blurb][et_pb_blurb title=&#8221;M\u1eabu Th\u01b0 \u0110i\u1ec1u Ch\u1ec9nh Chi Ph\u00ed Sinh Ho\u1ea1t (COLA) SSA&#8221; url=&#8221;https:\/\/www.carewellseiu503.org\/wp-content\/uploads\/securepdfs\/SSA-Cost-of-Living-Adjustment-Letter.pdf&#8221; url_new_window=&#8221;on&#8221; image=&#8221;https:\/\/www.carewellseiu503.org\/wp-content\/uploads\/SSA-Cost-of-Living-Adjustment-Letter-Sample.png&#8221; image_icon_width=&#8221;150px&#8221; disabled_on=&#8221;off|off|off&#8221; module_class=&#8221;shadowHover&#8221; _builder_version=&#8221;4.27.4&#8243; body_text_align=&#8221;center&#8221; background_color=&#8221;#ffffff&#8221; text_orientation=&#8221;center&#8221; custom_margin=&#8221;94px||0px||false|false&#8221; custom_padding=&#8221;15px|15px|15px|15px|true|true&#8221; link_option_url=&#8221;https:\/\/www.carewellseiu503.org\/wp-content\/uploads\/securepdfs\/SSA-Cost-of-Living-Adjustment-Letter.pdf&#8221; link_option_url_new_window=&#8221;on&#8221; border_width_top=&#8221;3px&#8221; border_color_top=&#8221;#a45cff&#8221; border_width_right=&#8221;1px&#8221; border_color_right=&#8221;#f3f3f3&#8243; border_width_bottom=&#8221;1px&#8221; border_color_bottom=&#8221;#f3f3f3&#8243; border_width_left=&#8221;1px&#8221; border_color_left=&#8221;#f3f3f3&#8243; border_width_all_image=&#8221;1px&#8221; icon_font_size=&#8221;30px&#8221; locked=&#8221;off&#8221; global_colors_info=&#8221;{}&#8221;][\/et_pb_blurb][\/et_pb_column][et_pb_column type=&#8221;1_4&#8243; _builder_version=&#8221;4.21.0&#8243; _module_preset=&#8221;default&#8221; global_colors_info=&#8221;{}&#8221;][et_pb_blurb title=&#8221;M\u1eabu Th\u01b0 X\u00e1c Minh Ph\u00fac L\u1ee3i SSA&#8221; url=&#8221;https:\/\/www.carewellseiu503.org\/wp-content\/uploads\/securepdfs\/SSA-Benefit-Verification-Letter.pdf&#8221; url_new_window=&#8221;on&#8221; image=&#8221;https:\/\/www.carewellseiu503.org\/wp-content\/uploads\/SSA-Benefit-Verification-Letter.png&#8221; image_icon_width=&#8221;150px&#8221; module_class=&#8221;shadowHover&#8221; _builder_version=&#8221;4.27.4&#8243; body_text_align=&#8221;center&#8221; background_color=&#8221;#ffffff&#8221; text_orientation=&#8221;center&#8221; custom_padding=&#8221;15px|15px|0px|15px|false|true&#8221; link_option_url=&#8221;https:\/\/www.carewellseiu503.org\/wp-content\/uploads\/securepdfs\/SSA-Benefit-Verification-Letter.pdf&#8221; link_option_url_new_window=&#8221;on&#8221; border_width_top=&#8221;3px&#8221; border_color_top=&#8221;#a45cff&#8221; border_width_right=&#8221;1px&#8221; border_color_right=&#8221;#f3f3f3&#8243; border_width_bottom=&#8221;1px&#8221; border_color_bottom=&#8221;#f3f3f3&#8243; border_width_left=&#8221;1px&#8221; border_color_left=&#8221;#f3f3f3&#8243; border_width_all_image=&#8221;1px&#8221; icon_font_size=&#8221;30px&#8221; locked=&#8221;off&#8221; global_colors_info=&#8221;{}&#8221;][\/et_pb_blurb][et_pb_blurb title=&#8221;M\u1eabu Medicare Supplement Ch\u01b0\u01a1ng Tr\u00ecnh G&#8221; url=&#8221;https:\/\/www.carewellseiu503.org\/wp-content\/uploads\/securepdfs\/Medicare-Supplement-Plan-G.pdf&#8221; url_new_window=&#8221;on&#8221; image=&#8221;https:\/\/www.carewellseiu503.org\/wp-content\/uploads\/Medicare-Supplement-Plan-G.png&#8221; image_icon_width=&#8221;150px&#8221; module_class=&#8221;shadowHover&#8221; _builder_version=&#8221;4.27.4&#8243; body_text_align=&#8221;center&#8221; background_color=&#8221;#ffffff&#8221; text_orientation=&#8221;center&#8221; custom_margin=&#8221;92px||||false|false&#8221; custom_padding=&#8221;15px|15px|15px|15px|true|true&#8221; link_option_url=&#8221;https:\/\/www.carewellseiu503.org\/wp-content\/uploads\/securepdfs\/Medicare-Supplement-Plan-G.pdf&#8221; link_option_url_new_window=&#8221;on&#8221; border_width_top=&#8221;3px&#8221; border_color_top=&#8221;#a45cff&#8221; border_width_right=&#8221;1px&#8221; border_color_right=&#8221;#f3f3f3&#8243; border_width_bottom=&#8221;1px&#8221; border_color_bottom=&#8221;#f3f3f3&#8243; border_width_left=&#8221;1px&#8221; border_color_left=&#8221;#f3f3f3&#8243; border_width_all_image=&#8221;1px&#8221; icon_font_size=&#8221;30px&#8221; locked=&#8221;off&#8221; global_colors_info=&#8221;{}&#8221;][\/et_pb_blurb][\/et_pb_column][et_pb_column type=&#8221;1_4&#8243; _builder_version=&#8221;4.21.0&#8243; _module_preset=&#8221;default&#8221; global_colors_info=&#8221;{}&#8221;][et_pb_blurb title=&#8221;M\u1eabu Medicare SSA Part B&#8221; url=&#8221;https:\/\/www.carewellseiu503.org\/wp-content\/uploads\/securepdfs\/SSA-B.pdf&#8221; url_new_window=&#8221;on&#8221; image=&#8221;https:\/\/www.carewellseiu503.org\/wp-content\/uploads\/SSA-B-sample.png&#8221; image_icon_width=&#8221;150px&#8221; module_class=&#8221;shadowHover&#8221; _builder_version=&#8221;4.27.4&#8243; body_text_align=&#8221;center&#8221; background_color=&#8221;#ffffff&#8221; text_orientation=&#8221;center&#8221; custom_padding=&#8221;15px|15px|15px|15px|true|true&#8221; link_option_url=&#8221;https:\/\/www.carewellseiu503.org\/wp-content\/uploads\/securepdfs\/SSA-B.pdf&#8221; link_option_url_new_window=&#8221;on&#8221; border_width_top=&#8221;3px&#8221; border_color_top=&#8221;#a45cff&#8221; border_width_right=&#8221;1px&#8221; border_color_right=&#8221;#f3f3f3&#8243; border_width_bottom=&#8221;1px&#8221; border_color_bottom=&#8221;#f3f3f3&#8243; border_width_left=&#8221;1px&#8221; border_color_left=&#8221;#f3f3f3&#8243; border_width_all_image=&#8221;1px&#8221; icon_font_size=&#8221;30px&#8221; locked=&#8221;off&#8221; global_colors_info=&#8221;{}&#8221;][\/et_pb_blurb][et_pb_blurb title=&#8221;M\u1eabu H\u00f3a \u0110\u01a1n Ph\u00ed B\u1ea3o Hi\u1ec3m Medicare Advantage&#8221; url=&#8221;https:\/\/www.carewellseiu503.org\/wp-content\/uploads\/securepdfs\/Medicare-Advantage-Premium-Bill.pdf&#8221; url_new_window=&#8221;on&#8221; image=&#8221;https:\/\/www.carewellseiu503.org\/wp-content\/uploads\/Medicare-Advantage-Premium-Bill.png&#8221; image_icon_width=&#8221;150px&#8221; disabled_on=&#8221;off|off|off&#8221; module_class=&#8221;shadowHover&#8221; _builder_version=&#8221;4.27.4&#8243; body_text_align=&#8221;center&#8221; background_color=&#8221;#ffffff&#8221; text_orientation=&#8221;center&#8221; custom_margin=&#8221;72px||72px||true|false&#8221; custom_padding=&#8221;15px|15px|15px|15px|true|true&#8221; link_option_url=&#8221;https:\/\/www.carewellseiu503.org\/wp-content\/uploads\/securepdfs\/Medicare-Advantage-Premium-Bill.pdf&#8221; link_option_url_new_window=&#8221;on&#8221; border_width_top=&#8221;3px&#8221; border_color_top=&#8221;#a45cff&#8221; border_width_right=&#8221;1px&#8221; border_color_right=&#8221;#f3f3f3&#8243; border_width_bottom=&#8221;1px&#8221; border_color_bottom=&#8221;#f3f3f3&#8243; border_width_left=&#8221;1px&#8221; border_color_left=&#8221;#f3f3f3&#8243; border_width_all_image=&#8221;1px&#8221; icon_font_size=&#8221;30px&#8221; locked=&#8221;off&#8221; global_colors_info=&#8221;{}&#8221;][\/et_pb_blurb][\/et_pb_column][\/et_pb_row][et_pb_row make_equal=&#8221;on&#8221; _builder_version=&#8221;4.16&#8243; global_colors_info=&#8221;{}&#8221;][et_pb_column type=&#8221;4_4&#8243; _builder_version=&#8221;4.16&#8243; global_colors_info=&#8221;{}&#8221;][et_pb_text disabled_on=&#8221;off|off|off&#8221; _builder_version=&#8221;4.27.4&#8243; min_height=&#8221;100%&#8221; custom_padding=&#8221;25px|25px|25px|25px|true|true&#8221; border_width_all=&#8221;1px&#8221; border_color_all=&#8221;RGBA(255,255,255,0)&#8221; global_colors_info=&#8221;{}&#8221;]<\/p>\n<h3>\u0110\u1ec3 bi\u1ebft th\u00eam th\u00f4ng tin<\/h3>\n<p>H\u00e3y truy c\u1eadp v\u00e0o c\u00e1c trang n\u00e0y \u0111\u1ec3 t\u00ecm hi\u1ec3u th\u00eam v\u00e0 bi\u1ebft c\u00e1ch s\u1eed d\u1ee5ng c\u00e1c ph\u00fac l\u1ee3i d\u00e0nh cho b\u1ea1n n\u1ebfu b\u1ea1n \u0111\u1ee7 \u0111i\u1ec1u ki\u1ec7n:<br \/><i class=\"fas fa-arrow-right\"><\/i>*<a href=\"https:\/\/www.carewellseiu503.org\/vi\/updatingmedicare\/\" target=\"_blank\" rel=\"noopener\">C\u00e1ch c\u1eadp nh\u1eadt b\u1ea3o hi\u1ec3m Medicare tr\u00ean MyCarewell503<\/a><br \/><i class=\"fas fa-arrow-right\"><\/i> <a href=\"https:\/\/www.carewellseiu503.org\/vi\/resources\/forms\/#hcaanchor\" target=\"_blank\" rel=\"noopener\">Trang Web V\u1ec1 M\u1eabu \u0110\u01a1n<\/a><br \/><i class=\"fas fa-arrow-right\"><\/i> <a href=\"https:\/\/www.carewellseiu503.org\/vi\/benefits\/healthcare-cost-assistance\/medicare\/\" target=\"_blank\" rel=\"noopener\">Trang Web V\u1ec1 Ph\u00fac L\u1ee3i H\u1ed7 Tr\u1ee3 Chi Ph\u00ed Ch\u0103m S\u00f3c S\u1ee9c Kh\u1ecfe Medicare<\/a><br \/><i class=\"fas fa-arrow-right\"><\/i> <a href=\"https:\/\/www.carewellseiu503.org\/vi\/resources\/faqs\/#hcaanchor\" target=\"_blank\" rel=\"noopener\">Trang Web C\u00e2u H\u1ecfi Th\u01b0\u1eddng G\u1eb7p<\/a><br \/><i class=\"fas fa-arrow-right\"><\/i> <a href=\"https:\/\/www.carewellseiu503.org\/vi\/mycarewell503\/\" target=\"_blank\" rel=\"noopener\">MyCarewell503<\/a><\/p>\n<p>[\/et_pb_text][\/et_pb_column][\/et_pb_row][\/et_pb_section]<\/p>\n","protected":false},"excerpt":{"rendered":"<p>C\u00e1c M\u1eabu T\u00e0i Li\u1ec7u B\u1eaft Bu\u1ed9c C\u1ee7a HCA MedicareD\u01b0\u1edbi \u0111\u00e2y l\u00e0 danh s\u00e1ch c\u00e1c m\u1eabu t\u00e0i li\u1ec7u m\u00e0 b\u1ea1n c\u1ea7n g\u1eedi cho ch\u00fang t\u00f4i l\u00e0m b\u1eb1ng ch\u1ee9ng v\u1ec1 ch\u01b0\u01a1ng tr\u00ecnh Medicare m\u00e0 b\u1ea1n tham gia. B\u1ea1n c\u00f3 th\u1ec3 t\u1ea3i c\u00e1c t\u00e0i li\u1ec7u l\u00ean b\u1eb1ng c\u00e1ch \u0111i\u1ec1n v\u00e0o M\u1eabu \u0110\u01a1n Y\u00eau C\u1ea7u Ph\u00fac L\u1ee3i H\u1ed7 Tr\u1ee3&#8230;<\/p>\n","protected":false},"author":35,"featured_media":0,"parent":0,"menu_order":0,"comment_status":"closed","ping_status":"closed","template":"","meta":{"_acf_changed":false,"_et_pb_use_builder":"on","_et_pb_old_content":"","_et_gb_content_width":"","footnotes":"","_links_to":"","_links_to_target":""},"class_list":["post-285815","page","type-page","status-publish","hentry"],"acf":[],"yoast_head":"<!-- This site is optimized with the Yoast SEO plugin v27.4 - https:\/\/yoast.com\/product\/yoast-seo-wordpress\/ -->\n<title>C\u00e1c M\u1eabu T\u00e0i Li\u1ec7u C\u1ee7a Medicare - Carewell SEIU 503<\/title>\n<meta name=\"robots\" content=\"index, follow, max-snippet:-1, max-image-preview:large, max-video-preview:-1\" \/>\n<link rel=\"canonical\" href=\"https:\/\/www.carewellseiu503.org\/vi\/medicare-documentation-samples\/\" \/>\n<meta property=\"og:locale\" content=\"vi_VN\" \/>\n<meta property=\"og:type\" content=\"article\" \/>\n<meta property=\"og:title\" content=\"C\u00e1c M\u1eabu T\u00e0i Li\u1ec7u C\u1ee7a Medicare - Carewell SEIU 503\" \/>\n<meta property=\"og:description\" content=\"C\u00e1c M\u1eabu T\u00e0i Li\u1ec7u B\u1eaft Bu\u1ed9c C\u1ee7a HCA MedicareD\u01b0\u1edbi \u0111\u00e2y l\u00e0 danh s\u00e1ch c\u00e1c m\u1eabu t\u00e0i li\u1ec7u m\u00e0 b\u1ea1n c\u1ea7n g\u1eedi cho ch\u00fang t\u00f4i l\u00e0m b\u1eb1ng ch\u1ee9ng v\u1ec1 ch\u01b0\u01a1ng tr\u00ecnh Medicare m\u00e0 b\u1ea1n tham gia. B\u1ea1n c\u00f3 th\u1ec3 t\u1ea3i c\u00e1c t\u00e0i li\u1ec7u l\u00ean b\u1eb1ng c\u00e1ch \u0111i\u1ec1n v\u00e0o M\u1eabu \u0110\u01a1n Y\u00eau C\u1ea7u Ph\u00fac L\u1ee3i H\u1ed7 Tr\u1ee3...\" \/>\n<meta property=\"og:site_name\" content=\"Carewell SEIU 503\" \/>\n<meta property=\"article:modified_time\" content=\"2025-04-09T22:20:41+00:00\" \/>\n<meta property=\"og:image\" content=\"https:\/\/www.carewellseiu503.org\/wp-content\/uploads\/FB-Alt-1.jpg\" \/>\n\t<meta property=\"og:image:width\" content=\"2398\" \/>\n\t<meta property=\"og:image:height\" content=\"1256\" \/>\n\t<meta property=\"og:image:type\" content=\"image\/jpeg\" \/>\n<meta name=\"twitter:card\" content=\"summary_large_image\" \/>\n<meta name=\"twitter:label1\" content=\"Est. reading time\" \/>\n\t<meta name=\"twitter:data1\" content=\"3 minutes\" \/>\n<script type=\"application\/ld+json\" class=\"yoast-schema-graph\">{\"@context\":\"https:\\\/\\\/schema.org\",\"@graph\":[{\"@type\":\"WebPage\",\"@id\":\"https:\\\/\\\/www.carewellseiu503.org\\\/vi\\\/medicare-documentation-samples\\\/\",\"url\":\"https:\\\/\\\/www.carewellseiu503.org\\\/vi\\\/medicare-documentation-samples\\\/\",\"name\":\"C\u00e1c M\u1eabu T\u00e0i Li\u1ec7u C\u1ee7a Medicare - Carewell SEIU 503\",\"isPartOf\":{\"@id\":\"https:\\\/\\\/www.carewellseiu503.org\\\/vi\\\/#website\"},\"datePublished\":\"2025-04-02T20:00:59+00:00\",\"dateModified\":\"2025-04-09T22:20:41+00:00\",\"breadcrumb\":{\"@id\":\"https:\\\/\\\/www.carewellseiu503.org\\\/vi\\\/medicare-documentation-samples\\\/#breadcrumb\"},\"inLanguage\":\"vi-VN\",\"potentialAction\":[{\"@type\":\"ReadAction\",\"target\":[\"https:\\\/\\\/www.carewellseiu503.org\\\/vi\\\/medicare-documentation-samples\\\/\"]}]},{\"@type\":\"BreadcrumbList\",\"@id\":\"https:\\\/\\\/www.carewellseiu503.org\\\/vi\\\/medicare-documentation-samples\\\/#breadcrumb\",\"itemListElement\":[{\"@type\":\"ListItem\",\"position\":1,\"name\":\"Home\",\"item\":\"https:\\\/\\\/www.carewellseiu503.org\\\/vi\\\/\"},{\"@type\":\"ListItem\",\"position\":2,\"name\":\"C\u00e1c M\u1eabu T\u00e0i Li\u1ec7u C\u1ee7a Medicare\"}]},{\"@type\":\"WebSite\",\"@id\":\"https:\\\/\\\/www.carewellseiu503.org\\\/vi\\\/#website\",\"url\":\"https:\\\/\\\/www.carewellseiu503.org\\\/vi\\\/\",\"name\":\"Carewell SEIU 503\",\"description\":\"Health. Support. Training.\",\"publisher\":{\"@id\":\"https:\\\/\\\/www.carewellseiu503.org\\\/vi\\\/#organization\"},\"potentialAction\":[{\"@type\":\"SearchAction\",\"target\":{\"@type\":\"EntryPoint\",\"urlTemplate\":\"https:\\\/\\\/www.carewellseiu503.org\\\/vi\\\/?s={search_term_string}\"},\"query-input\":{\"@type\":\"PropertyValueSpecification\",\"valueRequired\":true,\"valueName\":\"search_term_string\"}}],\"inLanguage\":\"vi-VN\"},{\"@type\":\"Organization\",\"@id\":\"https:\\\/\\\/www.carewellseiu503.org\\\/vi\\\/#organization\",\"name\":\"Carewell SEIU 503\",\"url\":\"https:\\\/\\\/www.carewellseiu503.org\\\/vi\\\/\",\"logo\":{\"@type\":\"ImageObject\",\"inLanguage\":\"vi-VN\",\"@id\":\"https:\\\/\\\/www.carewellseiu503.org\\\/vi\\\/#\\\/schema\\\/logo\\\/image\\\/\",\"url\":\"https:\\\/\\\/www.carewellseiu503.org\\\/wp-content\\\/uploads\\\/FB-Alt-1.jpg\",\"contentUrl\":\"https:\\\/\\\/www.carewellseiu503.org\\\/wp-content\\\/uploads\\\/FB-Alt-1.jpg\",\"width\":2398,\"height\":1256,\"caption\":\"Carewell SEIU 503\"},\"image\":{\"@id\":\"https:\\\/\\\/www.carewellseiu503.org\\\/vi\\\/#\\\/schema\\\/logo\\\/image\\\/\"}}]}<\/script>\n<!-- \/ Yoast SEO plugin. -->","yoast_head_json":{"title":"C\u00e1c M\u1eabu T\u00e0i Li\u1ec7u C\u1ee7a Medicare - Carewell SEIU 503","robots":{"index":"index","follow":"follow","max-snippet":"max-snippet:-1","max-image-preview":"max-image-preview:large","max-video-preview":"max-video-preview:-1"},"canonical":"https:\/\/www.carewellseiu503.org\/vi\/medicare-documentation-samples\/","og_locale":"vi_VN","og_type":"article","og_title":"C\u00e1c M\u1eabu T\u00e0i Li\u1ec7u C\u1ee7a Medicare - Carewell SEIU 503","og_description":"C\u00e1c M\u1eabu T\u00e0i Li\u1ec7u B\u1eaft Bu\u1ed9c C\u1ee7a HCA MedicareD\u01b0\u1edbi \u0111\u00e2y l\u00e0 danh s\u00e1ch c\u00e1c m\u1eabu t\u00e0i li\u1ec7u m\u00e0 b\u1ea1n c\u1ea7n g\u1eedi cho ch\u00fang t\u00f4i l\u00e0m b\u1eb1ng ch\u1ee9ng v\u1ec1 ch\u01b0\u01a1ng tr\u00ecnh Medicare m\u00e0 b\u1ea1n tham gia. B\u1ea1n c\u00f3 th\u1ec3 t\u1ea3i c\u00e1c t\u00e0i li\u1ec7u l\u00ean b\u1eb1ng c\u00e1ch \u0111i\u1ec1n v\u00e0o M\u1eabu \u0110\u01a1n Y\u00eau C\u1ea7u Ph\u00fac L\u1ee3i H\u1ed7 Tr\u1ee3...","og_site_name":"Carewell SEIU 503","article_modified_time":"2025-04-09T22:20:41+00:00","og_image":[{"width":2398,"height":1256,"url":"https:\/\/www.carewellseiu503.org\/wp-content\/uploads\/FB-Alt-1.jpg","type":"image\/jpeg"}],"twitter_card":"summary_large_image","twitter_misc":{"Est. reading time":"3 minutes"},"schema":{"@context":"https:\/\/schema.org","@graph":[{"@type":"WebPage","@id":"https:\/\/www.carewellseiu503.org\/vi\/medicare-documentation-samples\/","url":"https:\/\/www.carewellseiu503.org\/vi\/medicare-documentation-samples\/","name":"C\u00e1c M\u1eabu T\u00e0i Li\u1ec7u C\u1ee7a Medicare - Carewell SEIU 503","isPartOf":{"@id":"https:\/\/www.carewellseiu503.org\/vi\/#website"},"datePublished":"2025-04-02T20:00:59+00:00","dateModified":"2025-04-09T22:20:41+00:00","breadcrumb":{"@id":"https:\/\/www.carewellseiu503.org\/vi\/medicare-documentation-samples\/#breadcrumb"},"inLanguage":"vi-VN","potentialAction":[{"@type":"ReadAction","target":["https:\/\/www.carewellseiu503.org\/vi\/medicare-documentation-samples\/"]}]},{"@type":"BreadcrumbList","@id":"https:\/\/www.carewellseiu503.org\/vi\/medicare-documentation-samples\/#breadcrumb","itemListElement":[{"@type":"ListItem","position":1,"name":"Home","item":"https:\/\/www.carewellseiu503.org\/vi\/"},{"@type":"ListItem","position":2,"name":"C\u00e1c M\u1eabu T\u00e0i Li\u1ec7u C\u1ee7a Medicare"}]},{"@type":"WebSite","@id":"https:\/\/www.carewellseiu503.org\/vi\/#website","url":"https:\/\/www.carewellseiu503.org\/vi\/","name":"Carewell SEIU 503","description":"Health. Support. Training.","publisher":{"@id":"https:\/\/www.carewellseiu503.org\/vi\/#organization"},"potentialAction":[{"@type":"SearchAction","target":{"@type":"EntryPoint","urlTemplate":"https:\/\/www.carewellseiu503.org\/vi\/?s={search_term_string}"},"query-input":{"@type":"PropertyValueSpecification","valueRequired":true,"valueName":"search_term_string"}}],"inLanguage":"vi-VN"},{"@type":"Organization","@id":"https:\/\/www.carewellseiu503.org\/vi\/#organization","name":"Carewell SEIU 503","url":"https:\/\/www.carewellseiu503.org\/vi\/","logo":{"@type":"ImageObject","inLanguage":"vi-VN","@id":"https:\/\/www.carewellseiu503.org\/vi\/#\/schema\/logo\/image\/","url":"https:\/\/www.carewellseiu503.org\/wp-content\/uploads\/FB-Alt-1.jpg","contentUrl":"https:\/\/www.carewellseiu503.org\/wp-content\/uploads\/FB-Alt-1.jpg","width":2398,"height":1256,"caption":"Carewell SEIU 503"},"image":{"@id":"https:\/\/www.carewellseiu503.org\/vi\/#\/schema\/logo\/image\/"}}]}},"_links":{"self":[{"href":"https:\/\/www.carewellseiu503.org\/vi\/wp-json\/wp\/v2\/pages\/285815","targetHints":{"allow":["GET"]}}],"collection":[{"href":"https:\/\/www.carewellseiu503.org\/vi\/wp-json\/wp\/v2\/pages"}],"about":[{"href":"https:\/\/www.carewellseiu503.org\/vi\/wp-json\/wp\/v2\/types\/page"}],"author":[{"embeddable":true,"href":"https:\/\/www.carewellseiu503.org\/vi\/wp-json\/wp\/v2\/users\/35"}],"replies":[{"embeddable":true,"href":"https:\/\/www.carewellseiu503.org\/vi\/wp-json\/wp\/v2\/comments?post=285815"}],"version-history":[{"count":0,"href":"https:\/\/www.carewellseiu503.org\/vi\/wp-json\/wp\/v2\/pages\/285815\/revisions"}],"wp:attachment":[{"href":"https:\/\/www.carewellseiu503.org\/vi\/wp-json\/wp\/v2\/media?parent=285815"}],"curies":[{"name":"wp","href":"https:\/\/api.w.org\/{rel}","templated":true}]}}